{"id":102,"date":"2021-09-09T16:10:37","date_gmt":"2021-09-09T14:10:37","guid":{"rendered":"https:\/\/new.menshen.com\/?page_id=102"},"modified":"2025-09-23T09:24:08","modified_gmt":"2025-09-23T07:24:08","slug":"schwammauftraeger","status":"publish","type":"page","link":"https:\/\/menshen.com\/de\/portfolio\/schwammauftraeger\/","title":{"rendered":"Schwammauftr\u00e4ger"},"content":{"rendered":"\r\n<div id=\"men-block-block_2fac45143150ed70fcaef092c098964c\" class=\"container px-0 men-block men-header\">\r\n    <div class=\"row\">\r\n        <div class=\"col\">\r\n            <div class=\"cover\">\r\n                                    <img loading=\"lazy\" decoding=\"async\" width=\"2560\" height=\"1008\" src=\"https:\/\/menshen.com\/wp-content\/uploads\/2021\/09\/Header_zugeschnitten-1-scaled.jpg\" class=\"attachment-full size-full\" alt=\"\" srcset=\"https:\/\/menshen.com\/wp-content\/uploads\/2021\/09\/Header_zugeschnitten-1-scaled.jpg 2560w, https:\/\/menshen.com\/wp-content\/uploads\/2021\/09\/Header_zugeschnitten-1-300x118.jpg 300w, https:\/\/menshen.com\/wp-content\/uploads\/2021\/09\/Header_zugeschnitten-1-scaled-600x236.jpg 600w, https:\/\/menshen.com\/wp-content\/uploads\/2021\/09\/Header_zugeschnitten-1-1024x403.jpg 1024w, https:\/\/menshen.com\/wp-content\/uploads\/2021\/09\/Header_zugeschnitten-1-768x302.jpg 768w, https:\/\/menshen.com\/wp-content\/uploads\/2021\/09\/Header_zugeschnitten-1-1536x605.jpg 1536w, https:\/\/menshen.com\/wp-content\/uploads\/2021\/09\/Header_zugeschnitten-1-2048x806.jpg 2048w\" sizes=\"auto, (max-width: 2560px) 100vw, 2560px\" \/>                \r\n                <div class=\"layer\" style=\"background-image: url('https:\/\/menshen.com\/wp-content\/themes\/menshen\/assets\/header-layer\/Verlauf_01.svg')\">\r\n                                    <\/div>\r\n            <\/div>\r\n\r\n            <div class=\"text\">\r\n                <h1>\r\n                    <strong>Schwammauftr\u00e4ger<\/strong><br>\r\n                    Allrounder f\u00fcr vielf\u00e4ltige Anwendungen                <\/h1>\r\n            <\/div>\r\n        <\/div>\r\n    <\/div>\r\n<\/div>\r\n\n\n\n<div style=\"height:80px\" aria-hidden=\"true\" class=\"wp-block-spacer\"><\/div>\n\n\n\n<p>Schwammauftr\u00e4ger sind sehr beliebt, wenn es um Schuhreinigung und -pflege geht. Sie erleichtern das Aufbringen des Pflegemittels und erm\u00f6glichen ein bequemes und gleichm\u00e4\u00dfiges Verteilen auf der Oberfl\u00e4che. Au\u00dferdem wird ein direkter Kontakt und damit eine Verschmutzung der H\u00e4nde vermieden. Schwammauftr\u00e4ger eignen sich aber auch hervorragend f\u00fcr weitere Anwendungsgebiete. Als praktischer Begleiter und Ersatz f\u00fcr das Brillenputztuch oder als Reinigungsschwamm f\u00fcr optische Gl\u00e4ser und Touchscreens an Kameras, Handys oder Tablets. \u00dcbrigens ein n\u00fctzlicher Beitrag zur Nachhaltigkeit und Umweltschutz, denn Einmal-T\u00fccher mit Einzelverpackungen werden durch eine handliche kleine und wiederbef\u00fcllbare Flasche ersetzt.<\/p>\n\n\n\n<div style=\"height:80px\" aria-hidden=\"true\" class=\"wp-block-spacer\"><\/div>\n\n\n\n<h2 class=\"wp-block-heading\">Fl\u00fcssige F\u00fcllg\u00fcter \u2013 Hier sind Schwammauftr\u00e4ger mit Ventil die beste Wahl<\/h2>\n\n\n\n<p>Viele Reinigungs- und Pflegeprodukte werden in fl\u00fcssiger Form angeboten. Dabei kommt es dann auf hohe Dichtigkeit und Zuverl\u00e4ssigkeit des Schwammauftr\u00e4gers an, damit das F\u00fcllgut wirklich nur dann austritt, wenn es tats\u00e4chlich auch ben\u00f6tigt wird. Das stellt hohe Anforderungen an Ma\u00dfgenauigkeit und Pr\u00e4zision des Verschlussses. MENSHEN-Schwammauftr\u00e4ger erf\u00fcllen diese Voraussetzungen. Ein ausgekl\u00fcgeltes System verhindert ein ungewolltes Austreten der Fl\u00fcssigkeit und stellt sicher, dass das F\u00fcllgut nur bei einem gezielten Druck auf ein speziell integriertes Ventil entnommen werden kann. Neben einer sehr sauberen auch eine sehr pr\u00e4zise und sparsame L\u00f6sung, da dieses System eine exakte Dosierung Ihres Produktes erm\u00f6glicht.<\/p>\n\n\n\n<div style=\"height:80px\" aria-hidden=\"true\" class=\"wp-block-spacer\"><\/div>\n\n\n\n<h2 class=\"wp-block-heading\">MENSHEN-Schwammauftr\u00e4ger f\u00fcr past\u00f6se F\u00fcllg\u00fcter in Tuben<\/h2>\n\n\n\n<p>Schuh- und Lederpflegeprodukte werden traditionell meist in past\u00f6ser Form angeboten, da eine Creme die f\u00fcr die Pflege h\u00e4ufig eingesetzten Fette optimal binden und halten kann. Dabei gibt es bei der Viskosit\u00e4t der jeweiligen Produkte wiederum Unterschiede, auf die der eingesetzte Schwammauftr\u00e4ger optimal abgestimmt sein muss. MENSHEN bietet eine gro\u00dfe Auswahl an unterschiedlichen Schwammtypen, Austritts\u00f6ffnungen und Beflockungen. Dadurch wird eine saubere und exakte Entnahme und ein einfaches Auftragen Ihres Produktes erm\u00f6glicht. Bitte sprechen Sie uns an. Wir beraten Sie gerne und sagen Ihnen, welcher Schwammauftr\u00e4ger f\u00fcr Ihr Produkt der optimale ist.<\/p>\n\n\n\n<div style=\"height:80px\" aria-hidden=\"true\" class=\"wp-block-spacer\"><\/div>\n\n\n\n<div class=\"inherit-container-width wp-block-group has-background is-layout-constrained wp-block-group-is-layout-constrained\" style=\"background-color:#f8f8f8\"><div class=\"wp-block-group__inner-container\">\n<div class=\"wp-block-columns is-layout-flex wp-container-core-columns-is-layout-28f84493 wp-block-columns-is-layout-flex\">\n<div class=\"wp-block-column px-3 is-layout-flow wp-block-column-is-layout-flow\" style=\"flex-basis:50%\">\n<h3 class=\"wp-block-heading\">Ihre Vorteile im \u00dcberblick<\/h3>\n\n\n\n<div class=\"accordion accordion-flush\" id=\"accordionFlushExample\">\n    <div class=\"accordion-item\">\n        <h2 class=\"accordion-header\" id=\"flush-heading-1\">\n            <button class=\"accordion-button collapsed\" type=\"button\" data-bs-toggle=\"collapse\" data-bs-target=\"#flush-collapse-1\" aria-expanded=\"false\" aria-controls=\"flush-collapse-1\">\n                Schwammtypen\n            <\/button>\n        <\/h2>\n        <div id=\"flush-collapse-1\" class=\"accordion-collapse collapse\" aria-labelledby=\"flush-heading-1\" data-bs-parent=\"#accordionFlushExample\">\n            <div class=\"accordion-body\">\n                Gro\u00dfe Auswahl an unterschiedlichen Schwammarten und -materialien\n            <\/div>\n        <\/div>\n    <\/div>\n    <div class=\"accordion-item\">\n        <h2 class=\"accordion-header\" id=\"flush-heading-2\">\n            <button class=\"accordion-button collapsed\" type=\"button\" data-bs-toggle=\"collapse\" data-bs-target=\"#flush-collapse-2\" aria-expanded=\"false\" aria-controls=\"flush-collapse-2\">\n                Schwammformen und -gr\u00f6\u00dfen\n            <\/button>\n        <\/h2>\n        <div id=\"flush-collapse-2\" class=\"accordion-collapse collapse\" aria-labelledby=\"flush-heading-2\" data-bs-parent=\"#accordionFlushExample\">\n            <div class=\"accordion-body\">\n                Runde, ovale und eckige Formen und in unterschiedlichen Gr\u00f6\u00dfen erh\u00e4ltlich\n            <\/div>\n        <\/div>\n    <\/div>\n    <div class=\"accordion-item\">\n        <h2 class=\"accordion-header\" id=\"flush-heading-3\">\n            <button class=\"accordion-button collapsed\" type=\"button\" data-bs-toggle=\"collapse\" data-bs-target=\"#flush-collapse-3\" aria-expanded=\"false\" aria-controls=\"flush-collapse-3\">\n                Unterschiedliche Beflockungen\n            <\/button>\n        <\/h2>\n        <div id=\"flush-collapse-3\" class=\"accordion-collapse collapse\" aria-labelledby=\"flush-heading-3\" data-bs-parent=\"#accordionFlushExample\">\n            <div class=\"accordion-body\">\n                Je nach Anwendung bietet sich eine geeignete Beflockung des Schwammes an. Wir beraten Sie gerne\n            <\/div>\n        <\/div>\n    <\/div>\n    <div class=\"accordion-item\">\n        <h2 class=\"accordion-header\" id=\"flush-heading-4\">\n            <button class=\"accordion-button collapsed\" type=\"button\" data-bs-toggle=\"collapse\" data-bs-target=\"#flush-collapse-4\" aria-expanded=\"false\" aria-controls=\"flush-collapse-4\">\n                F\u00fcr Flasche und Tube\n            <\/button>\n        <\/h2>\n        <div id=\"flush-collapse-4\" class=\"accordion-collapse collapse\" aria-labelledby=\"flush-heading-4\" data-bs-parent=\"#accordionFlushExample\">\n            <div class=\"accordion-body\">\n                Gro\u00dfes Sortiment f\u00fcr unterschiedliche Flaschen- und Tubengr\u00f6\u00dfen\n            <\/div>\n        <\/div>\n    <\/div>\n    <div class=\"accordion-item\">\n        <h2 class=\"accordion-header\" id=\"flush-heading-5\">\n            <button class=\"accordion-button collapsed\" type=\"button\" data-bs-toggle=\"collapse\" data-bs-target=\"#flush-collapse-5\" aria-expanded=\"false\" aria-controls=\"flush-collapse-5\">\n                Fl\u00fcssig oder past\u00f6s\n            <\/button>\n        <\/h2>\n        <div id=\"flush-collapse-5\" class=\"accordion-collapse collapse\" aria-labelledby=\"flush-heading-5\" data-bs-parent=\"#accordionFlushExample\">\n            <div class=\"accordion-body\">\n                Wir bieten Ihnen eine gro\u00dfe Auswahl unterschiedlicher Schwammauftr\u00e4ger f\u00fcr past\u00f6se und fl\u00fcssige F\u00fcllg\u00fcter\n            <\/div>\n        <\/div>\n    <\/div>\n    <div class=\"accordion-item\">\n        <h2 class=\"accordion-header\" id=\"flush-heading-6\">\n            <button class=\"accordion-button collapsed\" type=\"button\" data-bs-toggle=\"collapse\" data-bs-target=\"#flush-collapse-6\" aria-expanded=\"false\" aria-controls=\"flush-collapse-6\">\n                Austritts\u00f6ffnungen\n            <\/button>\n        <\/h2>\n        <div id=\"flush-collapse-6\" class=\"accordion-collapse collapse\" aria-labelledby=\"flush-heading-6\" data-bs-parent=\"#accordionFlushExample\">\n            <div class=\"accordion-body\">\n                Bei MENSHEN bekommen Sie Schwammauftr\u00e4ger mit oder ohne mittiges Loch oder Kreuzschlitzung\n            <\/div>\n        <\/div>\n    <\/div>\n    <div class=\"accordion-item\">\n        <h2 class=\"accordion-header\" id=\"flush-heading-7\">\n            <button class=\"accordion-button collapsed\" type=\"button\" data-bs-toggle=\"collapse\" data-bs-target=\"#flush-collapse-7\" aria-expanded=\"false\" aria-controls=\"flush-collapse-7\">\n                Anbringungsart\n            <\/button>\n        <\/h2>\n        <div id=\"flush-collapse-7\" class=\"accordion-collapse collapse\" aria-labelledby=\"flush-heading-7\" data-bs-parent=\"#accordionFlushExample\">\n            <div class=\"accordion-body\">\n                Je nach eingesetzter Flasche oder Tube erhalten Sie bei uns Schwammauftr\u00e4ger zum Drehen oder Aufprellen\n            <\/div>\n        <\/div>\n    <\/div>\n<\/div>\n<\/div>\n\n\n\n<div class=\"wp-block-column is-layout-flow wp-block-column-is-layout-flow\" style=\"flex-basis:5%\"><\/div>\n\n\n\n<div class=\"wp-block-column is-layout-flow wp-block-column-is-layout-flow\" style=\"flex-basis:45%\">\n<h3 class=\"wp-block-heading\">Ihr pers\u00f6nlicher Ansprechpartner<\/h3>\n\n\n\n<p><strong>Patricia Duran<\/strong><\/p>\n\n\n\n<p><a href=\"mailto:commercial@menshen.es\">commercial@menshen.es<\/a><br><a href=\"Tel.: +34 93 6803065\">Tel.: +34 93 6803065<\/a><\/p>\n\n\n\n<h3 class=\"wp-block-heading\">Links und Downloads<\/h3>\n\n\n\n<p><a href=\"https:\/\/new.menshen.com\/de\/produkte\/\"><strong>Produktfinder<\/strong><\/a><\/p>\n\n\n\n<p><strong><a href=\"https:\/\/new.menshen.com\/wp-content\/uploads\/2025\/09\/250430_MENSHEN_Katalog_2025_v02-1.pdf\">Produktkatalog PDF<\/a><\/strong><\/p>\n<\/div>\n<\/div>\n\n\n\n<p><\/p>\n<\/div><\/div>\n\n\n\n<div style=\"height:100px\" aria-hidden=\"true\" class=\"wp-block-spacer\"><\/div>\n\n\n\n<div class=\"wp-block-columns is-layout-flex wp-container-core-columns-is-layout-28f84493 wp-block-columns-is-layout-flex\">\n<div class=\"wp-block-column is-layout-flow wp-block-column-is-layout-flow\" style=\"flex-basis:100%\">\n\t\t\t<div class=\"wp-block-uagb-post-grid uagb-post-grid  uagb-post__image-position-top uagb-post__image-enabled uagb-block-1c723387     uagb-post__items uagb-post__columns-3 is-grid uagb-post__columns-tablet-2 uagb-post__columns-mobile-1 uagb-post__equal-height\" data-total=\"16\" style=\"\">\n\n\t\t\t\t\t\t\t\t\t\t\t\t<article class=\"uagb-post__inner-wrap\">\t\t\t\t\t\t\t\t<div class='uagb-post__image'>\n\t\t\t\t\t\t\t\t\t<a href=\"https:\/\/menshen.com\/de\/corporate-social-responsibility\/spende-kinderhospiz-balthasar\/\" target=\"_self\" rel=\"bookmark noopener noreferrer\" class='uagb-image-ratio-inherit'><img loading=\"lazy\" decoding=\"async\" width=\"1024\" height=\"645\" src=\"https:\/\/menshen.com\/wp-content\/uploads\/2026\/03\/Kinderhospiz-Balthasar-Spende-1024x645.jpg\" class=\"attachment-large size-large\" alt=\"\" srcset=\"https:\/\/menshen.com\/wp-content\/uploads\/2026\/03\/Kinderhospiz-Balthasar-Spende-1024x645.jpg 1024w, https:\/\/menshen.com\/wp-content\/uploads\/2026\/03\/Kinderhospiz-Balthasar-Spende-300x189.jpg 300w, https:\/\/menshen.com\/wp-content\/uploads\/2026\/03\/Kinderhospiz-Balthasar-Spende-768x484.jpg 768w, https:\/\/menshen.com\/wp-content\/uploads\/2026\/03\/Kinderhospiz-Balthasar-Spende-600x378.jpg 600w, https:\/\/menshen.com\/wp-content\/uploads\/2026\/03\/Kinderhospiz-Balthasar-Spende.jpg 1501w\" sizes=\"auto, (max-width: 1024px) 100vw, 1024px\" \/>\t\t\t\t\t<\/a>\n\t\t\t\t\t\t\t<\/div>\n\t\t\t\t\t\t<h4 class=\"uagb-post__title uagb-post__text\">\n\t\t\t\t<a href=\"https:\/\/menshen.com\/de\/corporate-social-responsibility\/spende-kinderhospiz-balthasar\/\" target=\"_self\" rel=\"bookmark noopener noreferrer\">Honig f\u00fcr den guten Zweck: Spende ans Kinderhospiz Balthasar<\/a>\n\t\t\t<\/h4>\n\t\t\t\t\t\t<div class='uagb-post__text uagb-post-grid-byline'>\n\t\t\t\t\t\t\t<\/div>\n\t\t\t\t\t\t\t<div class='uagb-post__text uagb-post__excerpt'>\n\t\t\t\t\t<p>Honig f\u00fcr den guten Zweck: Spende ans Kinderhospiz Balthasar Am 27. Februar 2026 haben wir&#8230;\t\t\t\t<\/div>\n\t\t\t\t\t\t<div class=\"uagb-post__text uagb-post__cta wp-block-button\">\n\t\t\t\t<a class=\"wp-block-button__link uagb-text-link\" style=\"\" href=\"https:\/\/menshen.com\/de\/corporate-social-responsibility\/spende-kinderhospiz-balthasar\/\" target=\"_self\" rel=\"bookmark noopener noreferrer\">Weiterlesen<\/a>\n\t\t\t<\/div>\n\t\t\t\n\t\t\t\t\t\t\t\t\t<\/article>\n\t\t\t\t\t\t\t\t\t\t\t\t\t\t\t\t<article class=\"uagb-post__inner-wrap\">\t\t\t\t\t\t\t\t<div class='uagb-post__image'>\n\t\t\t\t\t\t\t\t\t<a href=\"https:\/\/menshen.com\/de\/sustainability\/investitionen-in-nachhaltiges-wachstum\/\" target=\"_self\" rel=\"bookmark noopener noreferrer\" class='uagb-image-ratio-inherit'><img loading=\"lazy\" decoding=\"async\" width=\"1024\" height=\"576\" src=\"https:\/\/menshen.com\/wp-content\/uploads\/2025\/11\/dp-menshen-investments-2025-11-featured-1024x576.jpg\" class=\"attachment-large size-large\" alt=\"\" srcset=\"https:\/\/menshen.com\/wp-content\/uploads\/2025\/11\/dp-menshen-investments-2025-11-featured-1024x576.jpg 1024w, https:\/\/menshen.com\/wp-content\/uploads\/2025\/11\/dp-menshen-investments-2025-11-featured-300x169.jpg 300w, https:\/\/menshen.com\/wp-content\/uploads\/2025\/11\/dp-menshen-investments-2025-11-featured-768x432.jpg 768w, https:\/\/menshen.com\/wp-content\/uploads\/2025\/11\/dp-menshen-investments-2025-11-featured-1536x864.jpg 1536w, https:\/\/menshen.com\/wp-content\/uploads\/2025\/11\/dp-menshen-investments-2025-11-featured-600x338.jpg 600w, https:\/\/menshen.com\/wp-content\/uploads\/2025\/11\/dp-menshen-investments-2025-11-featured.jpg 1920w\" sizes=\"auto, (max-width: 1024px) 100vw, 1024px\" \/>\t\t\t\t\t<\/a>\n\t\t\t\t\t\t\t<\/div>\n\t\t\t\t\t\t<h4 class=\"uagb-post__title uagb-post__text\">\n\t\t\t\t<a href=\"https:\/\/menshen.com\/de\/sustainability\/investitionen-in-nachhaltiges-wachstum\/\" target=\"_self\" rel=\"bookmark noopener noreferrer\">Investitionen in nachhaltiges Wachstum<\/a>\n\t\t\t<\/h4>\n\t\t\t\t\t\t<div class='uagb-post__text uagb-post-grid-byline'>\n\t\t\t\t\t\t\t<\/div>\n\t\t\t\t\t\t\t<div class='uagb-post__text uagb-post__excerpt'>\n\t\t\t\t\t<p>Wir investieren weiter in nachhaltiges Wachstum am Standort Deutschland Insgesamt drei neue Maschinen wurden k\u00fcrzlich&#8230;\t\t\t\t<\/div>\n\t\t\t\t\t\t<div class=\"uagb-post__text uagb-post__cta wp-block-button\">\n\t\t\t\t<a class=\"wp-block-button__link uagb-text-link\" style=\"\" href=\"https:\/\/menshen.com\/de\/sustainability\/investitionen-in-nachhaltiges-wachstum\/\" target=\"_self\" rel=\"bookmark noopener noreferrer\">Weiterlesen<\/a>\n\t\t\t<\/div>\n\t\t\t\n\t\t\t\t\t\t\t\t\t<\/article>\n\t\t\t\t\t\t\t\t\t\t\t\t\t\t\t\t<article class=\"uagb-post__inner-wrap\">\t\t\t\t\t\t\t\t<div class='uagb-post__image'>\n\t\t\t\t\t\t\t\t\t<a href=\"https:\/\/menshen.com\/de\/menschen\/neues-fuehrungskraefteteam-deutschland\/\" target=\"_self\" rel=\"bookmark noopener noreferrer\" class='uagb-image-ratio-inherit'><img loading=\"lazy\" decoding=\"async\" width=\"1024\" height=\"576\" src=\"https:\/\/menshen.com\/wp-content\/uploads\/2025\/09\/dp-menshen-post-featured-gerlt-2025-09-1024x576.jpg\" class=\"attachment-large size-large\" alt=\"\" srcset=\"https:\/\/menshen.com\/wp-content\/uploads\/2025\/09\/dp-menshen-post-featured-gerlt-2025-09-1024x576.jpg 1024w, https:\/\/menshen.com\/wp-content\/uploads\/2025\/09\/dp-menshen-post-featured-gerlt-2025-09-300x169.jpg 300w, https:\/\/menshen.com\/wp-content\/uploads\/2025\/09\/dp-menshen-post-featured-gerlt-2025-09-768x432.jpg 768w, https:\/\/menshen.com\/wp-content\/uploads\/2025\/09\/dp-menshen-post-featured-gerlt-2025-09-1536x864.jpg 1536w, https:\/\/menshen.com\/wp-content\/uploads\/2025\/09\/dp-menshen-post-featured-gerlt-2025-09-600x338.jpg 600w, https:\/\/menshen.com\/wp-content\/uploads\/2025\/09\/dp-menshen-post-featured-gerlt-2025-09.jpg 1920w\" sizes=\"auto, (max-width: 1024px) 100vw, 1024px\" \/>\t\t\t\t\t<\/a>\n\t\t\t\t\t\t\t<\/div>\n\t\t\t\t\t\t<h4 class=\"uagb-post__title uagb-post__text\">\n\t\t\t\t<a href=\"https:\/\/menshen.com\/de\/menschen\/neues-fuehrungskraefteteam-deutschland\/\" target=\"_self\" rel=\"bookmark noopener noreferrer\">Neues F\u00fchrungskr\u00e4fteteam Deutschland<\/a>\n\t\t\t<\/h4>\n\t\t\t\t\t\t<div class='uagb-post__text uagb-post-grid-byline'>\n\t\t\t\t\t\t\t<\/div>\n\t\t\t\t\t\t\t<div class='uagb-post__text uagb-post__excerpt'>\n\t\t\t\t\t<p>In einem 2-t\u00e4gigen F\u00fchrungsseminar hat das neue Team die Weichen gestellt, um auf die vielen&#8230;\t\t\t\t<\/div>\n\t\t\t\t\t\t<div class=\"uagb-post__text uagb-post__cta wp-block-button\">\n\t\t\t\t<a class=\"wp-block-button__link uagb-text-link\" style=\"\" href=\"https:\/\/menshen.com\/de\/menschen\/neues-fuehrungskraefteteam-deutschland\/\" target=\"_self\" rel=\"bookmark noopener noreferrer\">Weiterlesen<\/a>\n\t\t\t<\/div>\n\t\t\t\n\t\t\t\t\t\t\t\t\t<\/article>\n\t\t\t\t\t\t\t\t\t\t\t<\/div>\n\t\t\t<\/div>\n<\/div>\n","protected":false},"excerpt":{"rendered":"<p>Schwammauftr\u00e4ger sind sehr beliebt, wenn es um Schuhreinigung und -pflege geht. Sie erleichtern das Aufbringen des Pflegemittels und erm\u00f6glichen ein bequemes und gleichm\u00e4\u00dfiges Verteilen auf der Oberfl\u00e4che. Au\u00dferdem wird ein direkter Kontakt und damit eine Verschmutzung der H\u00e4nde vermieden. Schwammauftr\u00e4ger eignen sich aber auch hervorragend f\u00fcr weitere Anwendungsgebiete. Als praktischer Begleiter und Ersatz f\u00fcr das [&hellip;]<\/p>\n","protected":false},"author":5,"featured_media":775,"parent":19,"menu_order":70,"comment_status":"closed","ping_status":"closed","template":"","meta":{"_acf_changed":false,"inline_featured_image":false,"_uag_custom_page_level_css":"","site-sidebar-layout":"default","site-content-layout":"default","ast-site-content-layout":"default","site-content-style":"default","site-sidebar-style":"default","ast-global-header-display":"","ast-banner-title-visibility":"","ast-main-header-display":"","ast-hfb-above-header-display":"","ast-hfb-below-header-display":"","ast-hfb-mobile-header-display":"","site-post-title":"disabled","ast-breadcrumbs-content":"","ast-featured-img":"disabled","footer-sml-layout":"","ast-disable-related-posts":"","theme-transparent-header-meta":"default","adv-header-id-meta":"","stick-header-meta":"","header-above-stick-meta":"","header-main-stick-meta":"","header-below-stick-meta":"","astra-migrate-meta-layouts":"set","ast-page-background-enabled":"default","ast-page-background-meta":{"desktop":{"background-color":"var(--ast-global-color-4)","background-image":"","background-repeat":"repeat","background-position":"center center","background-size":"auto","background-attachment":"scroll","background-type":"","background-media":"","overlay-type":"","overlay-color":"","overlay-opacity":"","overlay-gradient":""},"tablet":{"background-color":"","background-image":"","background-repeat":"repeat","background-position":"center center","background-size":"auto","background-attachment":"scroll","background-type":"","background-media":"","overlay-type":"","overlay-color":"","overlay-opacity":"","overlay-gradient":""},"mobile":{"background-color":"","background-image":"","background-repeat":"repeat","background-position":"center center","background-size":"auto","background-attachment":"scroll","background-type":"","background-media":"","overlay-type":"","overlay-color":"","overlay-opacity":"","overlay-gradient":""}},"ast-content-background-meta":{"desktop":{"background-color":"var(--ast-global-color-5)","background-image":"","background-repeat":"repeat","background-position":"center center","background-size":"auto","background-attachment":"scroll","background-type":"","background-media":"","overlay-type":"","overlay-color":"","overlay-opacity":"","overlay-gradient":""},"tablet":{"background-color":"var(--ast-global-color-5)","background-image":"","background-repeat":"repeat","background-position":"center center","background-size":"auto","background-attachment":"scroll","background-type":"","background-media":"","overlay-type":"","overlay-color":"","overlay-opacity":"","overlay-gradient":""},"mobile":{"background-color":"var(--ast-global-color-5)","background-image":"","background-repeat":"repeat","background-position":"center center","background-size":"auto","background-attachment":"scroll","background-type":"","background-media":"","overlay-type":"","overlay-color":"","overlay-opacity":"","overlay-gradient":""}},"footnotes":""},"class_list":["post-102","page","type-page","status-publish","has-post-thumbnail","hentry"],"acf":[],"uagb_featured_image_src":{"full":["https:\/\/menshen.com\/wp-content\/uploads\/2021\/09\/Schwammauftraeger.jpg",960,540,false],"thumbnail":["https:\/\/menshen.com\/wp-content\/uploads\/2021\/09\/Schwammauftraeger-150x150.jpg",150,150,true],"medium":["https:\/\/menshen.com\/wp-content\/uploads\/2021\/09\/Schwammauftraeger-300x169.jpg",300,169,true],"medium_large":["https:\/\/menshen.com\/wp-content\/uploads\/2021\/09\/Schwammauftraeger-768x432.jpg",768,432,true],"large":["https:\/\/menshen.com\/wp-content\/uploads\/2021\/09\/Schwammauftraeger.jpg",960,540,false],"1536x1536":["https:\/\/menshen.com\/wp-content\/uploads\/2021\/09\/Schwammauftraeger.jpg",960,540,false],"2048x2048":["https:\/\/menshen.com\/wp-content\/uploads\/2021\/09\/Schwammauftraeger.jpg",960,540,false],"woocommerce_thumbnail":["https:\/\/menshen.com\/wp-content\/uploads\/2021\/09\/Schwammauftraeger-300x169.jpg",300,169,true],"woocommerce_single":["https:\/\/menshen.com\/wp-content\/uploads\/2021\/09\/Schwammauftraeger-600x338.jpg",600,338,true],"woocommerce_gallery_thumbnail":["https:\/\/menshen.com\/wp-content\/uploads\/2021\/09\/Schwammauftraeger-100x100.jpg",100,100,true]},"uagb_author_info":{"display_name":"Menshen","author_link":"https:\/\/menshen.com\/de\/author\/cnoeh\/"},"uagb_comment_info":0,"uagb_excerpt":"Schwammauftr\u00e4ger sind sehr beliebt, wenn es um Schuhreinigung und -pflege geht. Sie erleichtern das Aufbringen des Pflegemittels und erm\u00f6glichen ein bequemes und gleichm\u00e4\u00dfiges Verteilen auf der Oberfl\u00e4che. Au\u00dferdem wird ein direkter Kontakt und damit eine Verschmutzung der H\u00e4nde vermieden. Schwammauftr\u00e4ger eignen sich aber auch hervorragend f\u00fcr weitere Anwendungsgebiete. Als praktischer Begleiter und Ersatz f\u00fcr das&hellip;","_links":{"self":[{"href":"https:\/\/menshen.com\/de\/wp-json\/wp\/v2\/pages\/102","targetHints":{"allow":["GET"]}}],"collection":[{"href":"https:\/\/menshen.com\/de\/wp-json\/wp\/v2\/pages"}],"about":[{"href":"https:\/\/menshen.com\/de\/wp-json\/wp\/v2\/types\/page"}],"author":[{"embeddable":true,"href":"https:\/\/menshen.com\/de\/wp-json\/wp\/v2\/users\/5"}],"replies":[{"embeddable":true,"href":"https:\/\/menshen.com\/de\/wp-json\/wp\/v2\/comments?post=102"}],"version-history":[{"count":5,"href":"https:\/\/menshen.com\/de\/wp-json\/wp\/v2\/pages\/102\/revisions"}],"predecessor-version":[{"id":13797,"href":"https:\/\/menshen.com\/de\/wp-json\/wp\/v2\/pages\/102\/revisions\/13797"}],"up":[{"embeddable":true,"href":"https:\/\/menshen.com\/de\/wp-json\/wp\/v2\/pages\/19"}],"wp:featuredmedia":[{"embeddable":true,"href":"https:\/\/menshen.com\/de\/wp-json\/wp\/v2\/media\/775"}],"wp:attachment":[{"href":"https:\/\/menshen.com\/de\/wp-json\/wp\/v2\/media?parent=102"}],"curies":[{"name":"wp","href":"https:\/\/api.w.org\/{rel}","templated":true}]}}