{"id":104,"date":"2021-09-09T16:13:08","date_gmt":"2021-09-09T14:13:08","guid":{"rendered":"https:\/\/new.menshen.com\/?page_id=104"},"modified":"2025-09-23T09:22:44","modified_gmt":"2025-09-23T07:22:44","slug":"systemverpackungen","status":"publish","type":"page","link":"https:\/\/menshen.com\/de\/portfolio\/systemverpackungen\/","title":{"rendered":"Systemverpackungen"},"content":{"rendered":"\r\n<div id=\"men-block-block_c68e3ab78845ca2731ce34e01b3b4818\" class=\"container px-0 men-block men-header\">\r\n    <div class=\"row\">\r\n        <div class=\"col\">\r\n            <div class=\"cover\">\r\n                                    <img loading=\"lazy\" decoding=\"async\" width=\"1600\" height=\"639\" src=\"https:\/\/menshen.com\/wp-content\/uploads\/2021\/09\/Systemverpackungen.jpg\" class=\"attachment-full size-full\" alt=\"\" srcset=\"https:\/\/menshen.com\/wp-content\/uploads\/2021\/09\/Systemverpackungen.jpg 1600w, https:\/\/menshen.com\/wp-content\/uploads\/2021\/09\/Systemverpackungen-300x120.jpg 300w, https:\/\/menshen.com\/wp-content\/uploads\/2021\/09\/Systemverpackungen-600x240.jpg 600w, https:\/\/menshen.com\/wp-content\/uploads\/2021\/09\/Systemverpackungen-1024x409.jpg 1024w, https:\/\/menshen.com\/wp-content\/uploads\/2021\/09\/Systemverpackungen-768x307.jpg 768w, https:\/\/menshen.com\/wp-content\/uploads\/2021\/09\/Systemverpackungen-1536x613.jpg 1536w\" sizes=\"auto, (max-width: 1600px) 100vw, 1600px\" \/>                \r\n                <div class=\"layer\" style=\"background-image: url('https:\/\/menshen.com\/wp-content\/themes\/menshen\/assets\/header-layer\/Verlauf_16.svg')\">\r\n                                    <\/div>\r\n            <\/div>\r\n\r\n            <div class=\"text\">\r\n                <h1>\r\n                    <strong>Verpackungen mit System<\/strong><br>\r\n                                    <\/h1>\r\n            <\/div>\r\n        <\/div>\r\n    <\/div>\r\n<\/div>\r\n\n\n\n<div style=\"height:80px\" aria-hidden=\"true\" class=\"wp-block-spacer\"><\/div>\n\n\n\n<h2 class=\"wp-block-heading\">Systemverpackungen von MENSHEN<\/h2>\n\n\n\n<p>Besondere Produkte und individuelle Anspr\u00fcche brauchen innovative und abgestimmte Verpackungen. Und MENSHEN bietet Ihnen genau das: Au\u00dfergew\u00f6hnliche Gesamtverpackungen, die die Individualit\u00e4t und Einmaligkeit Ihres Produktes unterstreichen und sich damit von den Wettbewerbsprodukten abhebt.<\/p>\n\n\n\n<p>Wenn es besonders schnell gehen soll, bieten wir Ihnen sehr zeitnah verf\u00fcgbare Verpackungsl\u00f6sungen an, die dennoch einen hohen Wiedererkennungswert haben. Gerne entwickeln wir aber auch ganz individuell auf Ihr Produkt und Ihre W\u00fcnsche zugeschnittene Gesamtverpackungen. Sprechen Sie uns an!<\/p>\n\n\n\n<div style=\"height:80px\" aria-hidden=\"true\" class=\"wp-block-spacer\"><\/div>\n\n\n\n<h2 class=\"wp-block-heading\">Komplettl\u00f6sungen von MENSHEN \u2013 Gesamtverpackungen aus einer Hand<\/h2>\n\n\n\n<p>Eine komplette Verpackungsl\u00f6sung f\u00fcr ein Produkt zu finden, ist nicht immer ganz einfach. Denn oft hat man bereits eine Flasche oder einen Tiegel gefunden, aber der Verschluss, der gef\u00e4llt, passt nicht, weil die Austritts\u00f6ffnung oder das Gewinde zu gro\u00df oder zu klein ist. Oder die gesamten Proportionen stimmen einfach nicht. Daher bietet Ihnen MENSHEN ein umfangreiches Sortiment an Gesamtverpackungen. Die aufw\u00e4ndige und schwierige Suche nach passenden Verpackungskomponenten bestehend aus Flasche, Tiegel oder Tube und dem dazu passenden Verschluss entf\u00e4llt. Denn unsere Systemverpackungen sind optimal aufeinander abgestimmt. Damit setzen Sie Ihr Produkt optisch in Szene und k\u00f6nnen sich auf die Dichtigkeit und Sicherheit Ihrer Verpackung verlassen. So sparen Sie Nerven, Zeit und Geld!<\/p>\n\n\n\n<div style=\"height:80px\" aria-hidden=\"true\" class=\"wp-block-spacer\"><\/div>\n\n\n\n<h2 class=\"wp-block-heading\">One-Stop-Shop-L\u00f6sungen \u2013 Eine individuelle Gesamtverpackung f\u00fcr Ihr einzigartiges Produkt<\/h2>\n\n\n\n<p>Die Einzigartigkeit und Besonderheit Ihres Produktes wird durch eine ansprechende Komplettverpackung mit hohem Wiedererkennungswert und einer individuellen Note hervorgehoben. Mit MENSHEN haben Sie einen Partner, der diesen Anspruch genau kennt und wei\u00df, worauf es ankommt, damit Ihr Produkt \u2013 unterst\u00fctzt durch die Verpackung \u2013 zu einem Erfolg wird. Wir entwickeln \u2013 auch gerne gemeinsam mit Ihnen \u2013 eine Gesamtverpackung, die in Aussehen und Zuverl\u00e4ssigkeit einmalig ist. Als One-Stop-Shop-L\u00f6sung bekommen Sie dabei Alles aus MENSHEN-Hand: Von der Entwicklung \u00fcber die Produktion, Montage und des Labellings der Verpackungskomponenten bis hin zur Qualit\u00e4tssicherung und der After Sales-Betreuung. Wir k\u00fcmmern uns darum \u2013 und Sie profitieren von dem Ergebnis!<\/p>\n\n\n\n<div style=\"height:80px\" aria-hidden=\"true\" class=\"wp-block-spacer\"><\/div>\n\n\n\n<p><\/p>\n\n\n\n<h3 class=\"wp-block-heading\">Ihr pers\u00f6nlicher Ansprechpartner<\/h3>\n\n\n\n<figure class=\"wp-block-image size-full is-resized men-max-w\"><img loading=\"lazy\" decoding=\"async\" width=\"900\" height=\"900\" src=\"https:\/\/new.menshen.com\/wp-content\/uploads\/2022\/03\/Khayrullin_Ruslan_quadratisch_900x900.jpg\" alt=\"\" class=\"wp-image-4139\" style=\"width:209px;height:209px\" srcset=\"https:\/\/menshen.com\/wp-content\/uploads\/2022\/03\/Khayrullin_Ruslan_quadratisch_900x900.jpg 900w, https:\/\/menshen.com\/wp-content\/uploads\/2022\/03\/Khayrullin_Ruslan_quadratisch_900x900-300x300.jpg 300w, https:\/\/menshen.com\/wp-content\/uploads\/2022\/03\/Khayrullin_Ruslan_quadratisch_900x900-150x150.jpg 150w, https:\/\/menshen.com\/wp-content\/uploads\/2022\/03\/Khayrullin_Ruslan_quadratisch_900x900-768x768.jpg 768w, https:\/\/menshen.com\/wp-content\/uploads\/2022\/03\/Khayrullin_Ruslan_quadratisch_900x900-600x600.jpg 600w, https:\/\/menshen.com\/wp-content\/uploads\/2022\/03\/Khayrullin_Ruslan_quadratisch_900x900-100x100.jpg 100w\" sizes=\"auto, (max-width: 900px) 100vw, 900px\" \/><\/figure>\n\n\n\n<p><strong>Ruslan Khayrullin<\/strong><br>Business Development Officer Caps &amp; Closures<\/p>\n\n\n\n<p>Tel: <a href=\"tel:+4915162909396\">+4915162909396<\/a><br><a href=\"mailto:ruslan.khayrullin@menshen.com\">ruslan.khayrullin@menshen.com<\/a><\/p>\n\n\n\n<p><strong><a href=\"https:\/\/new.menshen.com\/wp-content\/uploads\/2025\/09\/250430_MENSHEN_Katalog_2025_v02-1.pdf\">Produktkatalog<\/a><\/strong><\/p>\n\n\n\n<div style=\"height:80px\" aria-hidden=\"true\" class=\"wp-block-spacer\"><\/div>\n\n\n\n<div class=\"wp-block-columns is-layout-flex wp-container-core-columns-is-layout-28f84493 wp-block-columns-is-layout-flex\">\n<div class=\"wp-block-column is-layout-flow wp-block-column-is-layout-flow\" style=\"flex-basis:100%\">\n\t\t\t<div class=\"wp-block-uagb-post-grid uagb-post-grid  uagb-post__image-position-top uagb-post__image-enabled uagb-block-1c723387     uagb-post__items uagb-post__columns-3 is-grid uagb-post__columns-tablet-2 uagb-post__columns-mobile-1 uagb-post__equal-height\" data-total=\"16\" style=\"\">\n\n\t\t\t\t\t\t\t\t\t\t\t\t<article class=\"uagb-post__inner-wrap\">\t\t\t\t\t\t\t\t<div class='uagb-post__image'>\n\t\t\t\t\t\t\t\t\t<a href=\"https:\/\/menshen.com\/de\/corporate-social-responsibility\/spende-kinderhospiz-balthasar\/\" target=\"_self\" rel=\"bookmark noopener noreferrer\" class='uagb-image-ratio-inherit'><img loading=\"lazy\" decoding=\"async\" width=\"1024\" height=\"645\" src=\"https:\/\/menshen.com\/wp-content\/uploads\/2026\/03\/Kinderhospiz-Balthasar-Spende-1024x645.jpg\" class=\"attachment-large size-large\" alt=\"\" srcset=\"https:\/\/menshen.com\/wp-content\/uploads\/2026\/03\/Kinderhospiz-Balthasar-Spende-1024x645.jpg 1024w, https:\/\/menshen.com\/wp-content\/uploads\/2026\/03\/Kinderhospiz-Balthasar-Spende-300x189.jpg 300w, https:\/\/menshen.com\/wp-content\/uploads\/2026\/03\/Kinderhospiz-Balthasar-Spende-768x484.jpg 768w, https:\/\/menshen.com\/wp-content\/uploads\/2026\/03\/Kinderhospiz-Balthasar-Spende-600x378.jpg 600w, https:\/\/menshen.com\/wp-content\/uploads\/2026\/03\/Kinderhospiz-Balthasar-Spende.jpg 1501w\" sizes=\"auto, (max-width: 1024px) 100vw, 1024px\" \/>\t\t\t\t\t<\/a>\n\t\t\t\t\t\t\t<\/div>\n\t\t\t\t\t\t<h4 class=\"uagb-post__title uagb-post__text\">\n\t\t\t\t<a href=\"https:\/\/menshen.com\/de\/corporate-social-responsibility\/spende-kinderhospiz-balthasar\/\" target=\"_self\" rel=\"bookmark noopener noreferrer\">Honig f\u00fcr den guten Zweck: Spende ans Kinderhospiz Balthasar<\/a>\n\t\t\t<\/h4>\n\t\t\t\t\t\t<div class='uagb-post__text uagb-post-grid-byline'>\n\t\t\t\t\t\t\t<\/div>\n\t\t\t\t\t\t\t<div class='uagb-post__text uagb-post__excerpt'>\n\t\t\t\t\t<p>Honig f\u00fcr den guten Zweck: Spende ans Kinderhospiz Balthasar Am 27. Februar 2026 haben wir&#8230;\t\t\t\t<\/div>\n\t\t\t\t\t\t<div class=\"uagb-post__text uagb-post__cta wp-block-button\">\n\t\t\t\t<a class=\"wp-block-button__link uagb-text-link\" style=\"\" href=\"https:\/\/menshen.com\/de\/corporate-social-responsibility\/spende-kinderhospiz-balthasar\/\" target=\"_self\" rel=\"bookmark noopener noreferrer\">Weiterlesen<\/a>\n\t\t\t<\/div>\n\t\t\t\n\t\t\t\t\t\t\t\t\t<\/article>\n\t\t\t\t\t\t\t\t\t\t\t\t\t\t\t\t<article class=\"uagb-post__inner-wrap\">\t\t\t\t\t\t\t\t<div class='uagb-post__image'>\n\t\t\t\t\t\t\t\t\t<a href=\"https:\/\/menshen.com\/de\/sustainability\/investitionen-in-nachhaltiges-wachstum\/\" target=\"_self\" rel=\"bookmark noopener noreferrer\" class='uagb-image-ratio-inherit'><img loading=\"lazy\" decoding=\"async\" width=\"1024\" height=\"576\" src=\"https:\/\/menshen.com\/wp-content\/uploads\/2025\/11\/dp-menshen-investments-2025-11-featured-1024x576.jpg\" class=\"attachment-large size-large\" alt=\"\" srcset=\"https:\/\/menshen.com\/wp-content\/uploads\/2025\/11\/dp-menshen-investments-2025-11-featured-1024x576.jpg 1024w, https:\/\/menshen.com\/wp-content\/uploads\/2025\/11\/dp-menshen-investments-2025-11-featured-300x169.jpg 300w, https:\/\/menshen.com\/wp-content\/uploads\/2025\/11\/dp-menshen-investments-2025-11-featured-768x432.jpg 768w, https:\/\/menshen.com\/wp-content\/uploads\/2025\/11\/dp-menshen-investments-2025-11-featured-1536x864.jpg 1536w, https:\/\/menshen.com\/wp-content\/uploads\/2025\/11\/dp-menshen-investments-2025-11-featured-600x338.jpg 600w, https:\/\/menshen.com\/wp-content\/uploads\/2025\/11\/dp-menshen-investments-2025-11-featured.jpg 1920w\" sizes=\"auto, (max-width: 1024px) 100vw, 1024px\" \/>\t\t\t\t\t<\/a>\n\t\t\t\t\t\t\t<\/div>\n\t\t\t\t\t\t<h4 class=\"uagb-post__title uagb-post__text\">\n\t\t\t\t<a href=\"https:\/\/menshen.com\/de\/sustainability\/investitionen-in-nachhaltiges-wachstum\/\" target=\"_self\" rel=\"bookmark noopener noreferrer\">Investitionen in nachhaltiges Wachstum<\/a>\n\t\t\t<\/h4>\n\t\t\t\t\t\t<div class='uagb-post__text uagb-post-grid-byline'>\n\t\t\t\t\t\t\t<\/div>\n\t\t\t\t\t\t\t<div class='uagb-post__text uagb-post__excerpt'>\n\t\t\t\t\t<p>Wir investieren weiter in nachhaltiges Wachstum am Standort Deutschland Insgesamt drei neue Maschinen wurden k\u00fcrzlich&#8230;\t\t\t\t<\/div>\n\t\t\t\t\t\t<div class=\"uagb-post__text uagb-post__cta wp-block-button\">\n\t\t\t\t<a class=\"wp-block-button__link uagb-text-link\" style=\"\" href=\"https:\/\/menshen.com\/de\/sustainability\/investitionen-in-nachhaltiges-wachstum\/\" target=\"_self\" rel=\"bookmark noopener noreferrer\">Weiterlesen<\/a>\n\t\t\t<\/div>\n\t\t\t\n\t\t\t\t\t\t\t\t\t<\/article>\n\t\t\t\t\t\t\t\t\t\t\t\t\t\t\t\t<article class=\"uagb-post__inner-wrap\">\t\t\t\t\t\t\t\t<div class='uagb-post__image'>\n\t\t\t\t\t\t\t\t\t<a href=\"https:\/\/menshen.com\/de\/menschen\/neues-fuehrungskraefteteam-deutschland\/\" target=\"_self\" rel=\"bookmark noopener noreferrer\" class='uagb-image-ratio-inherit'><img loading=\"lazy\" decoding=\"async\" width=\"1024\" height=\"576\" src=\"https:\/\/menshen.com\/wp-content\/uploads\/2025\/09\/dp-menshen-post-featured-gerlt-2025-09-1024x576.jpg\" class=\"attachment-large size-large\" alt=\"\" srcset=\"https:\/\/menshen.com\/wp-content\/uploads\/2025\/09\/dp-menshen-post-featured-gerlt-2025-09-1024x576.jpg 1024w, https:\/\/menshen.com\/wp-content\/uploads\/2025\/09\/dp-menshen-post-featured-gerlt-2025-09-300x169.jpg 300w, https:\/\/menshen.com\/wp-content\/uploads\/2025\/09\/dp-menshen-post-featured-gerlt-2025-09-768x432.jpg 768w, https:\/\/menshen.com\/wp-content\/uploads\/2025\/09\/dp-menshen-post-featured-gerlt-2025-09-1536x864.jpg 1536w, https:\/\/menshen.com\/wp-content\/uploads\/2025\/09\/dp-menshen-post-featured-gerlt-2025-09-600x338.jpg 600w, https:\/\/menshen.com\/wp-content\/uploads\/2025\/09\/dp-menshen-post-featured-gerlt-2025-09.jpg 1920w\" sizes=\"auto, (max-width: 1024px) 100vw, 1024px\" \/>\t\t\t\t\t<\/a>\n\t\t\t\t\t\t\t<\/div>\n\t\t\t\t\t\t<h4 class=\"uagb-post__title uagb-post__text\">\n\t\t\t\t<a href=\"https:\/\/menshen.com\/de\/menschen\/neues-fuehrungskraefteteam-deutschland\/\" target=\"_self\" rel=\"bookmark noopener noreferrer\">Neues F\u00fchrungskr\u00e4fteteam Deutschland<\/a>\n\t\t\t<\/h4>\n\t\t\t\t\t\t<div class='uagb-post__text uagb-post-grid-byline'>\n\t\t\t\t\t\t\t<\/div>\n\t\t\t\t\t\t\t<div class='uagb-post__text uagb-post__excerpt'>\n\t\t\t\t\t<p>In einem 2-t\u00e4gigen F\u00fchrungsseminar hat das neue Team die Weichen gestellt, um auf die vielen&#8230;\t\t\t\t<\/div>\n\t\t\t\t\t\t<div class=\"uagb-post__text uagb-post__cta wp-block-button\">\n\t\t\t\t<a class=\"wp-block-button__link uagb-text-link\" style=\"\" href=\"https:\/\/menshen.com\/de\/menschen\/neues-fuehrungskraefteteam-deutschland\/\" target=\"_self\" rel=\"bookmark noopener noreferrer\">Weiterlesen<\/a>\n\t\t\t<\/div>\n\t\t\t\n\t\t\t\t\t\t\t\t\t<\/article>\n\t\t\t\t\t\t\t\t\t\t\t<\/div>\n\t\t\t<\/div>\n<\/div>\n","protected":false},"excerpt":{"rendered":"<p>Systemverpackungen von MENSHEN Besondere Produkte und individuelle Anspr\u00fcche brauchen innovative und abgestimmte Verpackungen. Und MENSHEN bietet Ihnen genau das: Au\u00dfergew\u00f6hnliche Gesamtverpackungen, die die Individualit\u00e4t und Einmaligkeit Ihres Produktes unterstreichen und sich damit von den Wettbewerbsprodukten abhebt. Wenn es besonders schnell gehen soll, bieten wir Ihnen sehr zeitnah verf\u00fcgbare Verpackungsl\u00f6sungen an, die dennoch einen hohen Wiedererkennungswert [&hellip;]<\/p>\n","protected":false},"author":5,"featured_media":0,"parent":19,"menu_order":50,"comment_status":"closed","ping_status":"closed","template":"","meta":{"_acf_changed":false,"inline_featured_image":false,"_uag_custom_page_level_css":"","site-sidebar-layout":"default","site-content-layout":"default","ast-site-content-layout":"default","site-content-style":"default","site-sidebar-style":"default","ast-global-header-display":"","ast-banner-title-visibility":"","ast-main-header-display":"","ast-hfb-above-header-display":"","ast-hfb-below-header-display":"","ast-hfb-mobile-header-display":"","site-post-title":"disabled","ast-breadcrumbs-content":"","ast-featured-img":"","footer-sml-layout":"","ast-disable-related-posts":"","theme-transparent-header-meta":"default","adv-header-id-meta":"","stick-header-meta":"","header-above-stick-meta":"","header-main-stick-meta":"","header-below-stick-meta":"","astra-migrate-meta-layouts":"set","ast-page-background-enabled":"default","ast-page-background-meta":{"desktop":{"background-color":"var(--ast-global-color-4)","background-image":"","background-repeat":"repeat","background-position":"center center","background-size":"auto","background-attachment":"scroll","background-type":"","background-media":"","overlay-type":"","overlay-color":"","overlay-opacity":"","overlay-gradient":""},"tablet":{"background-color":"","background-image":"","background-repeat":"repeat","background-position":"center center","background-size":"auto","background-attachment":"scroll","background-type":"","background-media":"","overlay-type":"","overlay-color":"","overlay-opacity":"","overlay-gradient":""},"mobile":{"background-color":"","background-image":"","background-repeat":"repeat","background-position":"center center","background-size":"auto","background-attachment":"scroll","background-type":"","background-media":"","overlay-type":"","overlay-color":"","overlay-opacity":"","overlay-gradient":""}},"ast-content-background-meta":{"desktop":{"background-color":"var(--ast-global-color-5)","background-image":"","background-repeat":"repeat","background-position":"center center","background-size":"auto","background-attachment":"scroll","background-type":"","background-media":"","overlay-type":"","overlay-color":"","overlay-opacity":"","overlay-gradient":""},"tablet":{"background-color":"var(--ast-global-color-5)","background-image":"","background-repeat":"repeat","background-position":"center center","background-size":"auto","background-attachment":"scroll","background-type":"","background-media":"","overlay-type":"","overlay-color":"","overlay-opacity":"","overlay-gradient":""},"mobile":{"background-color":"var(--ast-global-color-5)","background-image":"","background-repeat":"repeat","background-position":"center center","background-size":"auto","background-attachment":"scroll","background-type":"","background-media":"","overlay-type":"","overlay-color":"","overlay-opacity":"","overlay-gradient":""}},"footnotes":""},"class_list":["post-104","page","type-page","status-publish","hentry"],"acf":[],"uagb_featured_image_src":{"full":false,"thumbnail":false,"medium":false,"medium_large":false,"large":false,"1536x1536":false,"2048x2048":false,"woocommerce_thumbnail":false,"woocommerce_single":false,"woocommerce_gallery_thumbnail":false},"uagb_author_info":{"display_name":"Menshen","author_link":"https:\/\/menshen.com\/de\/author\/cnoeh\/"},"uagb_comment_info":0,"uagb_excerpt":"Systemverpackungen von MENSHEN Besondere Produkte und individuelle Anspr\u00fcche brauchen innovative und abgestimmte Verpackungen. Und MENSHEN bietet Ihnen genau das: Au\u00dfergew\u00f6hnliche Gesamtverpackungen, die die Individualit\u00e4t und Einmaligkeit Ihres Produktes unterstreichen und sich damit von den Wettbewerbsprodukten abhebt. Wenn es besonders schnell gehen soll, bieten wir Ihnen sehr zeitnah verf\u00fcgbare Verpackungsl\u00f6sungen an, die dennoch einen hohen Wiedererkennungswert&hellip;","_links":{"self":[{"href":"https:\/\/menshen.com\/de\/wp-json\/wp\/v2\/pages\/104","targetHints":{"allow":["GET"]}}],"collection":[{"href":"https:\/\/menshen.com\/de\/wp-json\/wp\/v2\/pages"}],"about":[{"href":"https:\/\/menshen.com\/de\/wp-json\/wp\/v2\/types\/page"}],"author":[{"embeddable":true,"href":"https:\/\/menshen.com\/de\/wp-json\/wp\/v2\/users\/5"}],"replies":[{"embeddable":true,"href":"https:\/\/menshen.com\/de\/wp-json\/wp\/v2\/comments?post=104"}],"version-history":[{"count":5,"href":"https:\/\/menshen.com\/de\/wp-json\/wp\/v2\/pages\/104\/revisions"}],"predecessor-version":[{"id":13793,"href":"https:\/\/menshen.com\/de\/wp-json\/wp\/v2\/pages\/104\/revisions\/13793"}],"up":[{"embeddable":true,"href":"https:\/\/menshen.com\/de\/wp-json\/wp\/v2\/pages\/19"}],"wp:attachment":[{"href":"https:\/\/menshen.com\/de\/wp-json\/wp\/v2\/media?parent=104"}],"curies":[{"name":"wp","href":"https:\/\/api.w.org\/{rel}","templated":true}]}}