{"id":169,"date":"2021-09-11T10:01:31","date_gmt":"2021-09-11T08:01:31","guid":{"rendered":"https:\/\/new.menshen.com\/?page_id=169"},"modified":"2026-04-08T09:24:43","modified_gmt":"2026-04-08T07:24:43","slug":"impressum","status":"publish","type":"page","link":"https:\/\/menshen.com\/de\/impressum\/","title":{"rendered":"Impressum"},"content":{"rendered":"\n<div class=\"wp-block-columns is-layout-flex wp-container-core-columns-is-layout-28f84493 wp-block-columns-is-layout-flex\">\n<div class=\"wp-block-column is-layout-flow wp-block-column-is-layout-flow\" style=\"flex-basis:66.66%\">\n<h3 class=\"wp-block-heading\">Angaben gem\u00e4\u00df \u00a7 5 DDG<\/h3>\n\n\n\n<p>Georg MENSHEN GmbH &amp; Co. KG<br>Industriestra\u00dfe 26<br>57413 Finnentrop, Deutschland<br>Tel.: +49 (0) 27 21 \u2013 51 8 \u2013 0<br>Fax: +49 (0) 27 21 \u2013 51 8 \u2013 19 8<br>E-Mail: <a href=\"mailto:contact@menshen.com\">contact@menshen.com<br><\/a>Website: <a href=\"http:\/\/www.menshen.com\">www.menshen.com<\/a><\/p>\n\n\n\n<p><strong>Registereintrag<br><\/strong>Registergericht: Amtsgericht Siegen<br>Registernummer: HRA 6895<\/p>\n\n\n\n<p><strong>Vertretungsverh\u00e4ltnisse<br><\/strong>Pers\u00f6nlich haftende Gesellschafterin:<br>Dorle Menshen GmbH (Amtsgericht Siegen, HRB 5995)<br>Gesch\u00e4ftsf\u00fchrer der Dorle Menshen GmbH:<br>Lutz Menshen, J\u00f6rg Deutz, Jan Giessler<\/p>\n\n\n\n<p>Umsatzsteuer-Identifikationsnummer gem\u00e4\u00df \u00a7 27 a Umsatzsteuergesetz:<br>DE126181222<\/p>\n\n\n\n<p><strong>Verantwortlich f\u00fcr den Inhalt nach \u00a7 18 Abs. 2 MStV<br><\/strong>Eric Dauer <br>c\/o Georg MENSHEN GmbH &amp; Co. KG<br>Industriestra\u00dfe 26<br>57413 Finnentrop<\/p>\n\n\n\n<p><strong>Umsetzung<\/strong><br>Die Produktion GmbH<\/p>\n\n\n\n<h4 class=\"wp-block-heading\">Verbraucherstreitbeilegung\/Universalschlichtungsstelle<\/h4>\n\n\n\n<p>Wir sind nicht bereit oder verpflichtet, an Streitbeilegungsverfahren vor einer Verbraucherschlichtungsstelle teilzunehmen.<\/p>\n\n\n\n<h4 class=\"wp-block-heading\">Haftung f\u00fcr Inhalte<\/h4>\n\n\n\n<p>Als Diensteanbieter sind wir gem\u00e4\u00df \u00a7 7 Abs.1 DDG f\u00fcr eigene Inhalte auf diesen Seiten nach den allgemeinen Gesetzen verantwortlich. Nach \u00a7\u00a7 8 bis 10 DDG sind wir jedoch nicht verpflichtet, \u00fcbermittelte oder gespeicherte fremde Informationen zu \u00fcberwachen oder nach Umst\u00e4nden zu forschen, die auf eine rechtswidrige T\u00e4tigkeit hinweisen.<\/p>\n\n\n\n<h4 class=\"wp-block-heading\">Urheberrecht<\/h4>\n\n\n\n<p>Die durch die Seitenbetreiber erstellten Inhalte und Werke auf diesen Seiten unterliegen dem deutschen Urheberrecht. Die Vervielf\u00e4ltigung, Bearbeitung, Verbreitung und jede Art der Verwertung au\u00dferhalb der Grenzen des Urheberrechtes bed\u00fcrfen der schriftlichen Zustimmung des jeweiligen Autors bzw. Erstellers.<\/p>\n<\/div>\n<\/div>\n","protected":false},"excerpt":{"rendered":"<p>Angaben gem\u00e4\u00df \u00a7 5 DDG Georg MENSHEN GmbH &amp; Co. KGIndustriestra\u00dfe 2657413 Finnentrop, DeutschlandTel.: +49 (0) 27 21 \u2013 51 8 \u2013 0Fax: +49 (0) 27 21 \u2013 51 8 \u2013 19 8E-Mail: contact@menshen.comWebsite: www.menshen.com RegistereintragRegistergericht: Amtsgericht SiegenRegisternummer: HRA 6895 Vertretungsverh\u00e4ltnissePers\u00f6nlich haftende Gesellschafterin:Dorle Menshen GmbH (Amtsgericht Siegen, HRB 5995)Gesch\u00e4ftsf\u00fchrer der Dorle Menshen GmbH:Lutz Menshen, J\u00f6rg [&hellip;]<\/p>\n","protected":false},"author":5,"featured_media":0,"parent":0,"menu_order":90,"comment_status":"closed","ping_status":"closed","template":"","meta":{"_acf_changed":false,"inline_featured_image":false,"_uag_custom_page_level_css":"","site-sidebar-layout":"default","site-content-layout":"default","ast-site-content-layout":"default","site-content-style":"default","site-sidebar-style":"default","ast-global-header-display":"","ast-banner-title-visibility":"","ast-main-header-display":"","ast-hfb-above-header-display":"","ast-hfb-below-header-display":"","ast-hfb-mobile-header-display":"","site-post-title":"","ast-breadcrumbs-content":"","ast-featured-img":"","footer-sml-layout":"","ast-disable-related-posts":"","theme-transparent-header-meta":"default","adv-header-id-meta":"","stick-header-meta":"","header-above-stick-meta":"","header-main-stick-meta":"","header-below-stick-meta":"","astra-migrate-meta-layouts":"set","ast-page-background-enabled":"default","ast-page-background-meta":{"desktop":{"background-color":"var(--ast-global-color-4)","background-image":"","background-repeat":"repeat","background-position":"center center","background-size":"auto","background-attachment":"scroll","background-type":"","background-media":"","overlay-type":"","overlay-color":"","overlay-opacity":"","overlay-gradient":""},"tablet":{"background-color":"","background-image":"","background-repeat":"repeat","background-position":"center center","background-size":"auto","background-attachment":"scroll","background-type":"","background-media":"","overlay-type":"","overlay-color":"","overlay-opacity":"","overlay-gradient":""},"mobile":{"background-color":"","background-image":"","background-repeat":"repeat","background-position":"center center","background-size":"auto","background-attachment":"scroll","background-type":"","background-media":"","overlay-type":"","overlay-color":"","overlay-opacity":"","overlay-gradient":""}},"ast-content-background-meta":{"desktop":{"background-color":"var(--ast-global-color-5)","background-image":"","background-repeat":"repeat","background-position":"center center","background-size":"auto","background-attachment":"scroll","background-type":"","background-media":"","overlay-type":"","overlay-color":"","overlay-opacity":"","overlay-gradient":""},"tablet":{"background-color":"var(--ast-global-color-5)","background-image":"","background-repeat":"repeat","background-position":"center center","background-size":"auto","background-attachment":"scroll","background-type":"","background-media":"","overlay-type":"","overlay-color":"","overlay-opacity":"","overlay-gradient":""},"mobile":{"background-color":"var(--ast-global-color-5)","background-image":"","background-repeat":"repeat","background-position":"center center","background-size":"auto","background-attachment":"scroll","background-type":"","background-media":"","overlay-type":"","overlay-color":"","overlay-opacity":"","overlay-gradient":""}},"footnotes":""},"class_list":["post-169","page","type-page","status-publish","hentry"],"acf":[],"uagb_featured_image_src":{"full":false,"thumbnail":false,"medium":false,"medium_large":false,"large":false,"1536x1536":false,"2048x2048":false,"woocommerce_thumbnail":false,"woocommerce_single":false,"woocommerce_gallery_thumbnail":false},"uagb_author_info":{"display_name":"Menshen","author_link":"https:\/\/menshen.com\/de\/author\/cnoeh\/"},"uagb_comment_info":0,"uagb_excerpt":"Angaben gem\u00e4\u00df \u00a7 5 DDG Georg MENSHEN GmbH &amp; Co. KGIndustriestra\u00dfe 2657413 Finnentrop, DeutschlandTel.: +49 (0) 27 21 \u2013 51 8 \u2013 0Fax: +49 (0) 27 21 \u2013 51 8 \u2013 19 8E-Mail: contact@menshen.comWebsite: www.menshen.com RegistereintragRegistergericht: Amtsgericht SiegenRegisternummer: HRA 6895 Vertretungsverh\u00e4ltnissePers\u00f6nlich haftende Gesellschafterin:Dorle Menshen GmbH (Amtsgericht Siegen, HRB 5995)Gesch\u00e4ftsf\u00fchrer der Dorle Menshen GmbH:Lutz Menshen, J\u00f6rg&hellip;","_links":{"self":[{"href":"https:\/\/menshen.com\/de\/wp-json\/wp\/v2\/pages\/169","targetHints":{"allow":["GET"]}}],"collection":[{"href":"https:\/\/menshen.com\/de\/wp-json\/wp\/v2\/pages"}],"about":[{"href":"https:\/\/menshen.com\/de\/wp-json\/wp\/v2\/types\/page"}],"author":[{"embeddable":true,"href":"https:\/\/menshen.com\/de\/wp-json\/wp\/v2\/users\/5"}],"replies":[{"embeddable":true,"href":"https:\/\/menshen.com\/de\/wp-json\/wp\/v2\/comments?post=169"}],"version-history":[{"count":5,"href":"https:\/\/menshen.com\/de\/wp-json\/wp\/v2\/pages\/169\/revisions"}],"predecessor-version":[{"id":14154,"href":"https:\/\/menshen.com\/de\/wp-json\/wp\/v2\/pages\/169\/revisions\/14154"}],"wp:attachment":[{"href":"https:\/\/menshen.com\/de\/wp-json\/wp\/v2\/media?parent=169"}],"curies":[{"name":"wp","href":"https:\/\/api.w.org\/{rel}","templated":true}]}}