{"id":3016,"date":"2021-12-15T09:38:47","date_gmt":"2021-12-15T08:38:47","guid":{"rendered":"https:\/\/new.menshen.com\/?page_id=3016"},"modified":"2025-11-26T16:47:19","modified_gmt":"2025-11-26T15:47:19","slug":"compliance","status":"publish","type":"page","link":"https:\/\/menshen.com\/de\/unternehmen\/compliance\/","title":{"rendered":"Compliance"},"content":{"rendered":"\r\n<div id=\"men-block-block_d0413037b8b1e0ed43126a75583faa1e\" class=\"container px-0 men-block men-header\">\r\n    <div class=\"row\">\r\n        <div class=\"col\">\r\n            <div class=\"cover\">\r\n                                    <img loading=\"lazy\" decoding=\"async\" width=\"2560\" height=\"1008\" src=\"https:\/\/menshen.com\/wp-content\/uploads\/2021\/09\/20210914_Menshen_Header_Geschichte_V2-scaled.jpg\" class=\"attachment-full size-full\" alt=\"\" srcset=\"https:\/\/menshen.com\/wp-content\/uploads\/2021\/09\/20210914_Menshen_Header_Geschichte_V2-scaled.jpg 2560w, https:\/\/menshen.com\/wp-content\/uploads\/2021\/09\/20210914_Menshen_Header_Geschichte_V2-300x118.jpg 300w, https:\/\/menshen.com\/wp-content\/uploads\/2021\/09\/20210914_Menshen_Header_Geschichte_V2-scaled-600x236.jpg 600w, https:\/\/menshen.com\/wp-content\/uploads\/2021\/09\/20210914_Menshen_Header_Geschichte_V2-1024x403.jpg 1024w, https:\/\/menshen.com\/wp-content\/uploads\/2021\/09\/20210914_Menshen_Header_Geschichte_V2-768x302.jpg 768w, https:\/\/menshen.com\/wp-content\/uploads\/2021\/09\/20210914_Menshen_Header_Geschichte_V2-1536x605.jpg 1536w, https:\/\/menshen.com\/wp-content\/uploads\/2021\/09\/20210914_Menshen_Header_Geschichte_V2-2048x806.jpg 2048w\" sizes=\"auto, (max-width: 2560px) 100vw, 2560px\" \/>                \r\n                <div class=\"layer\" style=\"background-image: url('https:\/\/menshen.com\/wp-content\/themes\/menshen\/assets\/header-layer\/Verlauf_05.svg')\">\r\n                                    <\/div>\r\n            <\/div>\r\n\r\n            <div class=\"text\">\r\n                <h1>\r\n                    <strong>Compliance<\/strong><br>\r\n                                    <\/h1>\r\n            <\/div>\r\n        <\/div>\r\n    <\/div>\r\n<\/div>\r\n\n\n\n<div style=\"height:100px\" aria-hidden=\"true\" class=\"wp-block-spacer\"><\/div>\n\n\n\n<h1 class=\"wp-block-heading\">Compliance und Code of Conduct<\/h1>\n\n\n\n<p><\/p>\n\n\n\n<p>Unternehmerische Verantwortung und Integrit\u00e4t sind unumst\u00f6\u00dfliche Bausteine unserer Unternehmensphilosophie. Dar\u00fcber hinaus sind wir uns unserer sozialen und ethischen Verantwortung, die mit unserem unternehmerischen Handeln verbunden ist, bewusst. Auf dieser Grundlage und unter Einhaltung von Gesetzen, Verordnungen und international geltenden Bestimmungen sowie unseren internen Handlungsvorgaben, ist es unser Anspruch, intern und extern eine Vertrauenskultur aufzubauen und zu leben. F\u00fcr die Inhaberfamilie und allen Mitarbeitern der MENSHEN-Group hat daher Compliance einen hohen Stellenwert. Dabei sind wir auf die Unterst\u00fctzung unserer Kunden*, Lieferanten, Gesch\u00e4ftspartner* und anderen interessierten Parteien angewiesen, denn nur miteinander k\u00f6nnen wir eine umfassende Compliance gew\u00e4hrleisten.<\/p>\n\n\n\n<h2 class=\"wp-block-heading\">Code of Conduct: Verbindlichkeit &#8211; Langfristigkeit &#8211; Sicherheit<\/h2>\n\n\n\n<p>Unsere 2021 komplett \u00fcberarbeitete Verhaltensrichtlinie (Code of Conduct) dient dem Anspruch an uns selbst und unserer Erwartung an Dritte, mit denen wir zusammenarbeiten; denn gegenseitiger Respekt und Vertrauen bestimmen das Verh\u00e4ltnis zwischen uns und unseren Gesch\u00e4ftspartnern. Damit stehen wir f\u00fcr Verbindlichkeit, Langfristigkeit und Sicherheit. Wir dulden keine Gesetzesverst\u00f6\u00dfe und tolerieren weder Bel\u00e4stigung noch Diskriminierung. Die Menschenrechte werden von uns geachtet, egal in welchem Land wir t\u00e4tig sind. Jeder Mitarbeiter* ist daf\u00fcr verantwortlich, die jeweils geltenden Gesetze einzuhalten. Unsere Verhaltensrichtlinie tr\u00e4gt dazu bei, dass wir durch die Erf\u00fcllung h\u00f6chster Standards h\u00f6chste Anspr\u00fcche gew\u00e4hrleisten. Diese Richtlinie und die dort beschriebenen Werte sind in Zusammenarbeit mit unseren Mitarbeitern* aus den verschiedenen Standorten und Unternehmensbereichen entstanden und in enger Zusammenarbeit mit unseren Compliance-Beauftragten aufgestellt und formuliert worden. Sie spiegelt unser Engagement und die Werte unseres Unternehmens wider: Verantwortung, Integrit\u00e4t, Wandlungsf\u00e4higkeit, Leistung, aber vor allem Wertsch\u00e4tzung und Respekt gegen\u00fcber der Welt, in der wir leben, und jedem Einzelnen!<\/p>\n\n\n\n<h2 class=\"wp-block-heading\">Compliance-Beauftragte als Ansprechpartner<\/h2>\n\n\n\n<p>Wir haben Compliance-Beauftragte ernannt, bei denen sich Mitarbeiter* und Personen anderer interessierter Parteien beraten lassen oder einen Versto\u00df gegen diese Verhaltensrichtlinie melden k\u00f6nnen. Jeder ist dazu angehalten, im Bedarfsfall umgehend Hilfe zu suchen und jeden identifizierten Versto\u00df im eigenen Interesse zu melden. Intern kann der Vorgesetzte* oder eine F\u00fchrungskraft den Mitarbeiter* beraten oder an die entsprechende Stelle verweisen \u2013 es gibt immer eine Person, die helfen kann. Externe wenden sich bitte an die untenstehende Kontaktperson. Wir sichern jedem zu, dass jede Meldung vertraulich behandelt wird.<\/p>\n\n\n\n<p>Die Kontaktaufnahme kann vor Ort, \u00fcber andere Kan\u00e4le oder anonym erfolgen. Hinweise, Meldungen zu Auff\u00e4lligkeiten und Anregungen zur Verbesserung bzw. bei Verdacht auf einen Versto\u00df gegen Gesetze, Verordnungen und unsere internen Handlungsvorgaben, sowie Feedback zur Optimierung der Regularien\/Richtlinien, k\u00f6nnen gerne per E-Mail an die folgende Adresse \u00fcbermittelt werden: <a href=\"mailto:compliance@menshen.com\">compliance@menshen.com<\/a><\/p>\n\n\n\n<h2 class=\"wp-block-heading\">Nachfolgend bieten wir Ihnen die verschiedenen (Sprach)-Versionen unseres Code of Conduct zum Download an:<\/h2>\n\n\n\n<div class=\"wp-block-media-text alignwide is-stacked-on-mobile men-max-w\" style=\"grid-template-columns:22% auto\"><figure class=\"wp-block-media-text__media\"><img loading=\"lazy\" decoding=\"async\" width=\"212\" height=\"300\" src=\"https:\/\/new.menshen.com\/wp-content\/uploads\/2022\/02\/Code-of-Conduct_DE_klein.jpg\" alt=\"\" class=\"wp-image-4104 size-full\"\/><\/figure><div class=\"wp-block-media-text__content\">\n<ul class=\"wp-block-list\">\n<li><a href=\"https:\/\/new.menshen.com\/wp-content\/uploads\/2025\/04\/Menshen-Code-of-Conduct-2025-DE.pdf\">Code of Conduct als PDF, DE<\/a><\/li>\n\n\n\n<li><a href=\"https:\/\/new.menshen.com\/wp-content\/uploads\/2025\/04\/Menshen-Code-of-Conduct-2025-UK.pdf\">Code of Conduct als PDF, UK<\/a><\/li>\n\n\n\n<li><a href=\"https:\/\/new.menshen.com\/wp-content\/uploads\/2025\/05\/Menshen_CoC_2025_01_01_FR.pdf\">Code of Conduct als PDF, FR<\/a><\/li>\n\n\n\n<li><a href=\"https:\/\/new.menshen.com\/wp-content\/uploads\/2025\/05\/Menshen_CoC_2025_01_01_IT.pdf\">Code of Conduct als PDF, IT<\/a><\/li>\n\n\n\n<li><a href=\"https:\/\/new.menshen.com\/wp-content\/uploads\/2025\/05\/Menshen_CoC_2025_01_01_CN.pdf\">Code of Conduct als PDF, CN<\/a><\/li>\n\n\n\n<li><a href=\"https:\/\/new.menshen.com\/wp-content\/uploads\/2025\/05\/Menshen_CoC_2025_01_01_RS.pdf\">Code of Conduct als PDF, RS<\/a><\/li>\n\n\n\n<li><a href=\"https:\/\/new.menshen.com\/wp-content\/uploads\/2025\/05\/Menshen_CoC_2025_01_01_RU.pdf\">Code of Conduct als PDF, RU<\/a><\/li>\n\n\n\n<li><a href=\"https:\/\/new.menshen.com\/wp-content\/uploads\/2025\/07\/Menshen_CoC_2025_01_01_CO.pdf\">Code of Conduct als PDF, CO<\/a><\/li>\n\n\n\n<li><a href=\"https:\/\/new.menshen.com\/wp-content\/uploads\/2025\/07\/Menshen_CoC_2025_01_01_ES.pdf\">Code of Conduct als PDF, ES<\/a><\/li>\n\n\n\n<li><a href=\"https:\/\/new.menshen.com\/wp-content\/uploads\/2025\/07\/Menshen_CoC_2025_01_01_MX.pdf\">Code of Conduct als PDF, MX<\/a><\/li>\n<\/ul>\n<\/div><\/div>\n\n\n\n<p><\/p>\n\n\n\n<h2 class=\"wp-block-heading\"><a href=\"https:\/\/compliance.lukadgroup.com\/\" target=\"_blank\" rel=\"noreferrer noopener nofollow\">Compliance Fall melden<\/a><\/h2>\n\n\n\n<p><strong>Information f\u00fcr Informanten als PDF<\/strong><\/p>\n\n\n\n<ul class=\"wp-block-list\">\n<li><a href=\"https:\/\/new.menshen.com\/wp-content\/uploads\/2025\/11\/M01_PI_03_AP_01_Information_Informants_INT_EN-2025-11.pdf\">Information f\u00fcr Informants als PDF EN<\/a><\/li>\n\n\n\n<li><a href=\"https:\/\/new.menshen.com\/wp-content\/uploads\/2025\/11\/M01_PI_03_AP_23_Information_Informants_Menshen_Iber_EN-2025-11.pdf\">Information f\u00fcr Informants Menshen Iber ES EN<\/a><\/li>\n\n\n\n<li><a href=\"https:\/\/new.menshen.com\/wp-content\/uploads\/2025\/11\/M01_PI_03_AP_23_Informacion_Informantes_Menshen_Iber_ES-2025-11.pdf\">Information f\u00fcr Informants Menshen Iber ES ES<\/a><\/li>\n\n\n\n<li><a href=\"https:\/\/new.menshen.com\/wp-content\/uploads\/2025\/11\/M01_PI_03_AP_01_Informationen_Hinweisgeber_INT_DE-2025-11.pdf\">Information f\u00fcr Informants als PDF DE<\/a><\/li>\n\n\n\n<li><a href=\"https:\/\/new.menshen.com\/wp-content\/uploads\/2025\/11\/M01_PI_03_AP_01_Informacion_Informantes_INT_ES-2025-11.pdf\">Information f\u00fcr Informants als PDF ES<\/a><\/li>\n\n\n\n<li><a href=\"https:\/\/new.menshen.com\/wp-content\/uploads\/2024\/05\/M01_PI_03_AP_01_Information_Informants_INT_CN.pdf\">Information f\u00fcr Informants als PDF CN<\/a><\/li>\n\n\n\n<li><a href=\"https:\/\/new.menshen.com\/wp-content\/uploads\/2025\/11\/M01_PI_03_AP_01_Information_Informants_INT_RU-2025-11.pdf\">Information f\u00fcr Informants als PDF RU<\/a><\/li>\n\n\n\n<li><a href=\"https:\/\/new.menshen.com\/wp-content\/uploads\/2024\/05\/M01_PI_03_AP_01_Information_Informants_INT_RS.pdf\">Information f\u00fcr Informants als PDF RS<\/a><\/li>\n<\/ul>\n\n\n\n<p><\/p>\n\n\n\n<div style=\"height:100px\" aria-hidden=\"true\" class=\"wp-block-spacer\"><\/div>\n\n\n\n<div class=\"wp-block-group has-ast-global-color-4-background-color has-background is-layout-constrained wp-container-core-group-is-layout-52009084 wp-block-group-is-layout-constrained\" style=\"padding-top:var(--wp--preset--spacing--40);padding-right:var(--wp--preset--spacing--40);padding-bottom:var(--wp--preset--spacing--40);padding-left:var(--wp--preset--spacing--40)\"><div class=\"wp-block-group__inner-container\">\n<div class=\"wp-block-columns men-mex-w is-layout-flex wp-container-core-columns-is-layout-28f84493 wp-block-columns-is-layout-flex\">\n<div class=\"wp-block-column men-max-w has-ast-global-color-4-background-color has-background is-layout-flow wp-block-column-is-layout-flow\">\n<h3 class=\"wp-block-heading men-max-w\">Ihr pers\u00f6nlicher Ansprechpartner<\/h3>\n\n\n\n<figure class=\"wp-block-image size-full is-resized\"><img loading=\"lazy\" decoding=\"async\" width=\"900\" height=\"900\" src=\"https:\/\/new.menshen.com\/wp-content\/uploads\/2022\/03\/Kaldeberg_Hans-Peter_quadratisch_900x900-1.jpg\" alt=\"\" class=\"wp-image-4306\" style=\"width:209px;height:209px\" srcset=\"https:\/\/menshen.com\/wp-content\/uploads\/2022\/03\/Kaldeberg_Hans-Peter_quadratisch_900x900-1.jpg 900w, https:\/\/menshen.com\/wp-content\/uploads\/2022\/03\/Kaldeberg_Hans-Peter_quadratisch_900x900-1-300x300.jpg 300w, https:\/\/menshen.com\/wp-content\/uploads\/2022\/03\/Kaldeberg_Hans-Peter_quadratisch_900x900-1-150x150.jpg 150w, https:\/\/menshen.com\/wp-content\/uploads\/2022\/03\/Kaldeberg_Hans-Peter_quadratisch_900x900-1-768x768.jpg 768w, https:\/\/menshen.com\/wp-content\/uploads\/2022\/03\/Kaldeberg_Hans-Peter_quadratisch_900x900-1-600x600.jpg 600w, https:\/\/menshen.com\/wp-content\/uploads\/2022\/03\/Kaldeberg_Hans-Peter_quadratisch_900x900-1-100x100.jpg 100w\" sizes=\"auto, (max-width: 900px) 100vw, 900px\" \/><\/figure>\n\n\n\n<p><strong>Hans-Peter Kaldeberg<\/strong><br>CIMO MENSHEN Group<\/p>\n\n\n\n<p>Tel: +49 2721 518 250<br>Hans-Peter.Kaldeberg@menshen.com<\/p>\n<\/div>\n<\/div>\n<\/div><\/div>\n\n\n\n<div style=\"height:100px\" aria-hidden=\"true\" class=\"wp-block-spacer\"><\/div>\n","protected":false},"excerpt":{"rendered":"<p>Compliance und Code of Conduct Unternehmerische Verantwortung und Integrit\u00e4t sind unumst\u00f6\u00dfliche Bausteine unserer Unternehmensphilosophie. Dar\u00fcber hinaus sind wir uns unserer sozialen und ethischen Verantwortung, die mit unserem unternehmerischen Handeln verbunden ist, bewusst. Auf dieser Grundlage und unter Einhaltung von Gesetzen, Verordnungen und international geltenden Bestimmungen sowie unseren internen Handlungsvorgaben, ist es unser Anspruch, intern und [&hellip;]<\/p>\n","protected":false},"author":5,"featured_media":711,"parent":2,"menu_order":25,"comment_status":"closed","ping_status":"closed","template":"","meta":{"_acf_changed":false,"inline_featured_image":false,"_uag_custom_page_level_css":"","site-sidebar-layout":"default","site-content-layout":"default","ast-site-content-layout":"default","site-content-style":"default","site-sidebar-style":"default","ast-global-header-display":"","ast-banner-title-visibility":"","ast-main-header-display":"","ast-hfb-above-header-display":"","ast-hfb-below-header-display":"","ast-hfb-mobile-header-display":"","site-post-title":"disabled","ast-breadcrumbs-content":"","ast-featured-img":"disabled","footer-sml-layout":"","ast-disable-related-posts":"","theme-transparent-header-meta":"default","adv-header-id-meta":"","stick-header-meta":"","header-above-stick-meta":"","header-main-stick-meta":"","header-below-stick-meta":"","astra-migrate-meta-layouts":"set","ast-page-background-enabled":"default","ast-page-background-meta":{"desktop":{"background-color":"var(--ast-global-color-4)","background-image":"","background-repeat":"repeat","background-position":"center center","background-size":"auto","background-attachment":"scroll","background-type":"","background-media":"","overlay-type":"","overlay-color":"","overlay-opacity":"","overlay-gradient":""},"tablet":{"background-color":"","background-image":"","background-repeat":"repeat","background-position":"center center","background-size":"auto","background-attachment":"scroll","background-type":"","background-media":"","overlay-type":"","overlay-color":"","overlay-opacity":"","overlay-gradient":""},"mobile":{"background-color":"","background-image":"","background-repeat":"repeat","background-position":"center center","background-size":"auto","background-attachment":"scroll","background-type":"","background-media":"","overlay-type":"","overlay-color":"","overlay-opacity":"","overlay-gradient":""}},"ast-content-background-meta":{"desktop":{"background-color":"var(--ast-global-color-5)","background-image":"","background-repeat":"repeat","background-position":"center center","background-size":"auto","background-attachment":"scroll","background-type":"","background-media":"","overlay-type":"","overlay-color":"","overlay-opacity":"","overlay-gradient":""},"tablet":{"background-color":"var(--ast-global-color-5)","background-image":"","background-repeat":"repeat","background-position":"center center","background-size":"auto","background-attachment":"scroll","background-type":"","background-media":"","overlay-type":"","overlay-color":"","overlay-opacity":"","overlay-gradient":""},"mobile":{"background-color":"var(--ast-global-color-5)","background-image":"","background-repeat":"repeat","background-position":"center center","background-size":"auto","background-attachment":"scroll","background-type":"","background-media":"","overlay-type":"","overlay-color":"","overlay-opacity":"","overlay-gradient":""}},"footnotes":""},"class_list":["post-3016","page","type-page","status-publish","has-post-thumbnail","hentry"],"acf":[],"uagb_featured_image_src":{"full":["https:\/\/menshen.com\/wp-content\/uploads\/2021\/09\/Historie.jpg",960,540,false],"thumbnail":["https:\/\/menshen.com\/wp-content\/uploads\/2021\/09\/Historie-150x150.jpg",150,150,true],"medium":["https:\/\/menshen.com\/wp-content\/uploads\/2021\/09\/Historie-300x169.jpg",300,169,true],"medium_large":["https:\/\/menshen.com\/wp-content\/uploads\/2021\/09\/Historie-768x432.jpg",768,432,true],"large":["https:\/\/menshen.com\/wp-content\/uploads\/2021\/09\/Historie.jpg",960,540,false],"1536x1536":["https:\/\/menshen.com\/wp-content\/uploads\/2021\/09\/Historie.jpg",960,540,false],"2048x2048":["https:\/\/menshen.com\/wp-content\/uploads\/2021\/09\/Historie.jpg",960,540,false],"woocommerce_thumbnail":["https:\/\/menshen.com\/wp-content\/uploads\/2021\/09\/Historie-300x169.jpg",300,169,true],"woocommerce_single":["https:\/\/menshen.com\/wp-content\/uploads\/2021\/09\/Historie-600x338.jpg",600,338,true],"woocommerce_gallery_thumbnail":["https:\/\/menshen.com\/wp-content\/uploads\/2021\/09\/Historie-100x100.jpg",100,100,true]},"uagb_author_info":{"display_name":"Menshen","author_link":"https:\/\/menshen.com\/de\/author\/cnoeh\/"},"uagb_comment_info":0,"uagb_excerpt":"Compliance und Code of Conduct Unternehmerische Verantwortung und Integrit\u00e4t sind unumst\u00f6\u00dfliche Bausteine unserer Unternehmensphilosophie. Dar\u00fcber hinaus sind wir uns unserer sozialen und ethischen Verantwortung, die mit unserem unternehmerischen Handeln verbunden ist, bewusst. Auf dieser Grundlage und unter Einhaltung von Gesetzen, Verordnungen und international geltenden Bestimmungen sowie unseren internen Handlungsvorgaben, ist es unser Anspruch, intern und&hellip;","_links":{"self":[{"href":"https:\/\/menshen.com\/de\/wp-json\/wp\/v2\/pages\/3016","targetHints":{"allow":["GET"]}}],"collection":[{"href":"https:\/\/menshen.com\/de\/wp-json\/wp\/v2\/pages"}],"about":[{"href":"https:\/\/menshen.com\/de\/wp-json\/wp\/v2\/types\/page"}],"author":[{"embeddable":true,"href":"https:\/\/menshen.com\/de\/wp-json\/wp\/v2\/users\/5"}],"replies":[{"embeddable":true,"href":"https:\/\/menshen.com\/de\/wp-json\/wp\/v2\/comments?post=3016"}],"version-history":[{"count":5,"href":"https:\/\/menshen.com\/de\/wp-json\/wp\/v2\/pages\/3016\/revisions"}],"predecessor-version":[{"id":14008,"href":"https:\/\/menshen.com\/de\/wp-json\/wp\/v2\/pages\/3016\/revisions\/14008"}],"up":[{"embeddable":true,"href":"https:\/\/menshen.com\/de\/wp-json\/wp\/v2\/pages\/2"}],"wp:featuredmedia":[{"embeddable":true,"href":"https:\/\/menshen.com\/de\/wp-json\/wp\/v2\/media\/711"}],"wp:attachment":[{"href":"https:\/\/menshen.com\/de\/wp-json\/wp\/v2\/media?parent=3016"}],"curies":[{"name":"wp","href":"https:\/\/api.w.org\/{rel}","templated":true}]}}