{"id":806,"date":"2021-09-15T17:03:04","date_gmt":"2021-09-15T15:03:04","guid":{"rendered":"https:\/\/new.menshen.com\/?page_id=806"},"modified":"2025-07-24T10:07:41","modified_gmt":"2025-07-24T08:07:41","slug":"deutschland","status":"publish","type":"page","link":"https:\/\/menshen.com\/de\/deutschland\/","title":{"rendered":"Deutschland"},"content":{"rendered":"\r\n<div id=\"men-block-block_64d337df0a287b46a365725c4e8791eb\" class=\"container px-0 men-block men-header\">\r\n    <div class=\"row\">\r\n        <div class=\"col\">\r\n            <div class=\"cover\">\r\n                                    <img loading=\"lazy\" decoding=\"async\" width=\"2560\" height=\"1008\" src=\"https:\/\/menshen.com\/wp-content\/uploads\/2024\/01\/menshen-header-world-map-locations-2024-01-1.jpg\" class=\"attachment-full size-full\" alt=\"\" srcset=\"https:\/\/menshen.com\/wp-content\/uploads\/2024\/01\/menshen-header-world-map-locations-2024-01-1.jpg 2560w, https:\/\/menshen.com\/wp-content\/uploads\/2024\/01\/menshen-header-world-map-locations-2024-01-1-300x118.jpg 300w, https:\/\/menshen.com\/wp-content\/uploads\/2024\/01\/menshen-header-world-map-locations-2024-01-1-1024x403.jpg 1024w, https:\/\/menshen.com\/wp-content\/uploads\/2024\/01\/menshen-header-world-map-locations-2024-01-1-768x302.jpg 768w, https:\/\/menshen.com\/wp-content\/uploads\/2024\/01\/menshen-header-world-map-locations-2024-01-1-1536x605.jpg 1536w, https:\/\/menshen.com\/wp-content\/uploads\/2024\/01\/menshen-header-world-map-locations-2024-01-1-2048x806.jpg 2048w, https:\/\/menshen.com\/wp-content\/uploads\/2024\/01\/menshen-header-world-map-locations-2024-01-1-600x236.jpg 600w\" sizes=\"auto, (max-width: 2560px) 100vw, 2560px\" \/>                \r\n                <div class=\"layer\" style=\"background-image: url('https:\/\/menshen.com\/wp-content\/themes\/menshen\/assets\/header-layer\/Verlauf_14.svg')\">\r\n                                    <\/div>\r\n            <\/div>\r\n\r\n            <div class=\"text\">\r\n                <h1>\r\n                    <strong>Deutschland<\/strong><br>\r\n                                    <\/h1>\r\n            <\/div>\r\n        <\/div>\r\n    <\/div>\r\n<\/div>\r\n\n\n\n<div style=\"height:80px\" aria-hidden=\"true\" class=\"wp-block-spacer\"><\/div>\n\n\n\n<h2 class=\"wp-block-heading\">Finnentrop<\/h2>\n\n\n\n<div class=\"inherit-container-width wp-block-group p-4 men-max-w has-background is-layout-constrained wp-block-group-is-layout-constrained\" style=\"background-color:#f8f8f8\"><div class=\"wp-block-group__inner-container\">\n<p><strong>Georg MENSHEN GmbH &amp; Co. KG<br><\/strong>Industriestra\u00dfe 26<br>57413 Finnentrop<br>Fon +49 2721 518-0<br>Fax +49 2721 518-198<br><a href=\"mailto:contact@menshen.com\">contact(at)menshen.com<\/a><br><a href=\"https:\/\/new.menshen.com\/\">www.menshen.com<\/a><\/p>\n<\/div><\/div>\n\n\n\n<div style=\"height:60px\" aria-hidden=\"true\" class=\"wp-block-spacer\"><\/div>\n\n\n\n<p><strong>Stammsitz<\/strong><\/p>\n\n\n\n<p><strong>Folgende Produkte werden gefertigt:<\/strong><\/p>\n\n\n\n<p>Kunststoff-Spritzgie\u00dfteile, vorwiegend Verschl\u00fcsse f\u00fcr folgende Branchen: Kosmetik, Detergenzien\/Reinigungs- und Waschmittel, Chemie, Food &amp; Beverages, Pharmazie<\/p>\n\n\n\n<ul class=\"wp-block-list\">\n<li>Verschl\u00fcsse f\u00fcr Flaschen und Tuben (Schraubverschl\u00fcsse, Dosierverschl\u00fcsse, Push-Pull-Verschl\u00fcsse, Klappscharnierverschl\u00fcsse, Kipphebelverschl\u00fcsse, Tubenverschl\u00fcsse)<\/li>\n\n\n\n<li>Weldspouts\/Einschwei\u00dfteile f\u00fcr flexible Verpackungen<\/li>\n\n\n\n<li>Chemieverschl\u00fcsse<\/li>\n<\/ul>\n\n\n\n<p><strong>Spezifikationen\/besondere Bereiche:<\/strong><\/p>\n\n\n\n<p>Eigene Entwicklungsabteilung, Werkzeugbau (Reparatur, Wartung\/ Inspektion, Reinigung, Prototypen-Werkzeugbau), Qualit\u00e4tssicherung in allen Stufen der Entwicklung und Produktion, leistungsstarke Logistik, Kompetenzzentrum Montage<\/p>\n\n\n\n<div style=\"height:100px\" aria-hidden=\"true\" class=\"wp-block-spacer\"><\/div>\n\n\n\n<h2 class=\"wp-block-heading\">Sundern\/Hagen<\/h2>\n\n\n\n<div class=\"inherit-container-width wp-block-group p-4 men-max-w has-background is-layout-constrained wp-block-group-is-layout-constrained\" style=\"background-color:#f8f8f8\"><div class=\"wp-block-group__inner-container\">\n<p><strong>Georg MENSHEN GmbH &amp; Co. KG<\/strong><br>Selbecke 11<br>59846 Sundern-Hagen<br>Fon +49 2721 518-0<br>Fax +49 2721 518-390<br><a href=\"mailto:contact@menshen.com\">contact(at)menshen.com<\/a><br><a href=\"https:\/\/new.menshen.com\/\">www.menshen.com<\/a><\/p>\n<\/div><\/div>\n\n\n\n<div style=\"height:60px\" aria-hidden=\"true\" class=\"wp-block-spacer\"><\/div>\n\n\n\n<p><strong>Folgende Produkte werden gefertigt:<\/strong><\/p>\n\n\n\n<p>Kunststoff-Spritzgie\u00dfteile, vorwiegend Verschl\u00fcsse f\u00fcr folgende Branchen: Kosmetik, Detergenzien\/Reinigungs- und Waschmittel, Chemie, Food &amp; Beverages, Pharmazie<\/p>\n\n\n\n<ul class=\"wp-block-list\">\n<li>Verschl\u00fcsse f\u00fcr Flaschen und Tuben (Schraubverschl\u00fcsse, Dosierverschl\u00fcsse, Push-Pull-Verschl\u00fcsse, Klappscharnierverschl\u00fcsse, Kipphebelverschl\u00fcsse, Tubenverschl\u00fcsse)<\/li>\n\n\n\n<li>Weldspouts\/Einschwei\u00dfteile f\u00fcr flexible Verpackungen<\/li>\n\n\n\n<li>Chemieverschl\u00fcsse<\/li>\n<\/ul>\n\n\n\n<p><strong>Spezifikationen\/Besondere Bereiche:<\/strong><\/p>\n\n\n\n<p>Reinraum-Produktion nach Klasse 10.000 (10.000 Staub- und Schwebeteilchen pro m3 Luft, \u201enormal\u201c sind 6-8 Millionen). Qualit\u00e4tssicherung in allen Stufen der Entwicklung und Produktion, leistungsstarke Logistik<\/p>\n","protected":false},"excerpt":{"rendered":"<p>Finnentrop Georg MENSHEN GmbH &amp; Co. KGIndustriestra\u00dfe 2657413 FinnentropFon +49 2721 518-0Fax +49 2721 518-198contact(at)menshen.comwww.menshen.com Stammsitz Folgende Produkte werden gefertigt: Kunststoff-Spritzgie\u00dfteile, vorwiegend Verschl\u00fcsse f\u00fcr folgende Branchen: Kosmetik, Detergenzien\/Reinigungs- und Waschmittel, Chemie, Food &amp; Beverages, Pharmazie Spezifikationen\/besondere Bereiche: Eigene Entwicklungsabteilung, Werkzeugbau (Reparatur, Wartung\/ Inspektion, Reinigung, Prototypen-Werkzeugbau), Qualit\u00e4tssicherung in allen Stufen der Entwicklung und Produktion, leistungsstarke Logistik, [&hellip;]<\/p>\n","protected":false},"author":5,"featured_media":0,"parent":0,"menu_order":80,"comment_status":"closed","ping_status":"closed","template":"","meta":{"_acf_changed":false,"inline_featured_image":false,"_uag_custom_page_level_css":"","site-sidebar-layout":"default","site-content-layout":"default","ast-site-content-layout":"default","site-content-style":"default","site-sidebar-style":"default","ast-global-header-display":"","ast-banner-title-visibility":"","ast-main-header-display":"","ast-hfb-above-header-display":"","ast-hfb-below-header-display":"","ast-hfb-mobile-header-display":"","site-post-title":"disabled","ast-breadcrumbs-content":"","ast-featured-img":"disabled","footer-sml-layout":"","ast-disable-related-posts":"","theme-transparent-header-meta":"default","adv-header-id-meta":"","stick-header-meta":"","header-above-stick-meta":"","header-main-stick-meta":"","header-below-stick-meta":"","astra-migrate-meta-layouts":"set","ast-page-background-enabled":"default","ast-page-background-meta":{"desktop":{"background-color":"var(--ast-global-color-4)","background-image":"","background-repeat":"repeat","background-position":"center center","background-size":"auto","background-attachment":"scroll","background-type":"","background-media":"","overlay-type":"","overlay-color":"","overlay-opacity":"","overlay-gradient":""},"tablet":{"background-color":"","background-image":"","background-repeat":"repeat","background-position":"center center","background-size":"auto","background-attachment":"scroll","background-type":"","background-media":"","overlay-type":"","overlay-color":"","overlay-opacity":"","overlay-gradient":""},"mobile":{"background-color":"","background-image":"","background-repeat":"repeat","background-position":"center center","background-size":"auto","background-attachment":"scroll","background-type":"","background-media":"","overlay-type":"","overlay-color":"","overlay-opacity":"","overlay-gradient":""}},"ast-content-background-meta":{"desktop":{"background-color":"var(--ast-global-color-5)","background-image":"","background-repeat":"repeat","background-position":"center center","background-size":"auto","background-attachment":"scroll","background-type":"","background-media":"","overlay-type":"","overlay-color":"","overlay-opacity":"","overlay-gradient":""},"tablet":{"background-color":"var(--ast-global-color-5)","background-image":"","background-repeat":"repeat","background-position":"center center","background-size":"auto","background-attachment":"scroll","background-type":"","background-media":"","overlay-type":"","overlay-color":"","overlay-opacity":"","overlay-gradient":""},"mobile":{"background-color":"var(--ast-global-color-5)","background-image":"","background-repeat":"repeat","background-position":"center center","background-size":"auto","background-attachment":"scroll","background-type":"","background-media":"","overlay-type":"","overlay-color":"","overlay-opacity":"","overlay-gradient":""}},"footnotes":""},"class_list":["post-806","page","type-page","status-publish","hentry"],"acf":[],"uagb_featured_image_src":{"full":false,"thumbnail":false,"medium":false,"medium_large":false,"large":false,"1536x1536":false,"2048x2048":false,"woocommerce_thumbnail":false,"woocommerce_single":false,"woocommerce_gallery_thumbnail":false},"uagb_author_info":{"display_name":"Menshen","author_link":"https:\/\/menshen.com\/de\/author\/cnoeh\/"},"uagb_comment_info":0,"uagb_excerpt":"Finnentrop Georg MENSHEN GmbH &amp; Co. KGIndustriestra\u00dfe 2657413 FinnentropFon +49 2721 518-0Fax +49 2721 518-198contact(at)menshen.comwww.menshen.com Stammsitz Folgende Produkte werden gefertigt: Kunststoff-Spritzgie\u00dfteile, vorwiegend Verschl\u00fcsse f\u00fcr folgende Branchen: Kosmetik, Detergenzien\/Reinigungs- und Waschmittel, Chemie, Food &amp; Beverages, Pharmazie Spezifikationen\/besondere Bereiche: Eigene Entwicklungsabteilung, Werkzeugbau (Reparatur, Wartung\/ Inspektion, Reinigung, Prototypen-Werkzeugbau), Qualit\u00e4tssicherung in allen Stufen der Entwicklung und Produktion, leistungsstarke Logistik,&hellip;","_links":{"self":[{"href":"https:\/\/menshen.com\/de\/wp-json\/wp\/v2\/pages\/806","targetHints":{"allow":["GET"]}}],"collection":[{"href":"https:\/\/menshen.com\/de\/wp-json\/wp\/v2\/pages"}],"about":[{"href":"https:\/\/menshen.com\/de\/wp-json\/wp\/v2\/types\/page"}],"author":[{"embeddable":true,"href":"https:\/\/menshen.com\/de\/wp-json\/wp\/v2\/users\/5"}],"replies":[{"embeddable":true,"href":"https:\/\/menshen.com\/de\/wp-json\/wp\/v2\/comments?post=806"}],"version-history":[{"count":5,"href":"https:\/\/menshen.com\/de\/wp-json\/wp\/v2\/pages\/806\/revisions"}],"predecessor-version":[{"id":13486,"href":"https:\/\/menshen.com\/de\/wp-json\/wp\/v2\/pages\/806\/revisions\/13486"}],"wp:attachment":[{"href":"https:\/\/menshen.com\/de\/wp-json\/wp\/v2\/media?parent=806"}],"curies":[{"name":"wp","href":"https:\/\/api.w.org\/{rel}","templated":true}]}}