{"id":827,"date":"2021-09-15T17:37:47","date_gmt":"2021-09-15T15:37:47","guid":{"rendered":"https:\/\/new.menshen.com\/?page_id=827"},"modified":"2024-01-16T12:50:37","modified_gmt":"2024-01-16T11:50:37","slug":"mexiko","status":"publish","type":"page","link":"https:\/\/menshen.com\/de\/mexiko\/","title":{"rendered":"Mexiko"},"content":{"rendered":"\r\n<div id=\"men-block-block_5963c2bed2197459136d0bdfd678ae7f\" class=\"container px-0 men-block men-header\">\r\n    <div class=\"row\">\r\n        <div class=\"col\">\r\n            <div class=\"cover\">\r\n                                    <img loading=\"lazy\" decoding=\"async\" width=\"2560\" height=\"1008\" src=\"https:\/\/menshen.com\/wp-content\/uploads\/2024\/01\/menshen-header-world-map-locations-2024-01-1.jpg\" class=\"attachment-full size-full\" alt=\"\" srcset=\"https:\/\/menshen.com\/wp-content\/uploads\/2024\/01\/menshen-header-world-map-locations-2024-01-1.jpg 2560w, https:\/\/menshen.com\/wp-content\/uploads\/2024\/01\/menshen-header-world-map-locations-2024-01-1-300x118.jpg 300w, https:\/\/menshen.com\/wp-content\/uploads\/2024\/01\/menshen-header-world-map-locations-2024-01-1-1024x403.jpg 1024w, https:\/\/menshen.com\/wp-content\/uploads\/2024\/01\/menshen-header-world-map-locations-2024-01-1-768x302.jpg 768w, https:\/\/menshen.com\/wp-content\/uploads\/2024\/01\/menshen-header-world-map-locations-2024-01-1-1536x605.jpg 1536w, https:\/\/menshen.com\/wp-content\/uploads\/2024\/01\/menshen-header-world-map-locations-2024-01-1-2048x806.jpg 2048w, https:\/\/menshen.com\/wp-content\/uploads\/2024\/01\/menshen-header-world-map-locations-2024-01-1-600x236.jpg 600w\" sizes=\"auto, (max-width: 2560px) 100vw, 2560px\" \/>                \r\n                <div class=\"layer\" style=\"background-image: url('https:\/\/menshen.com\/wp-content\/themes\/menshen\/assets\/header-layer\/Verlauf_14.svg')\">\r\n                                    <\/div>\r\n            <\/div>\r\n\r\n            <div class=\"text\">\r\n                <h1>\r\n                    <strong>Mexiko<\/strong><br>\r\n                                    <\/h1>\r\n            <\/div>\r\n        <\/div>\r\n    <\/div>\r\n<\/div>\r\n\n\n\n<div style=\"height:80px\" aria-hidden=\"true\" class=\"wp-block-spacer\"><\/div>\n\n\n\n<h2 class=\"wp-block-heading\">Toluca<\/h2>\n\n\n\n<div class=\"wp-block-group p-4 men-max-w has-background is-layout-flow wp-block-group-is-layout-flow\" style=\"background-color:#f8f8f8\"><div class=\"wp-block-group__inner-container\">\n<div class=\"wp-block-columns is-layout-flex wp-container-core-columns-is-layout-28f84493 wp-block-columns-is-layout-flex\">\n<div class=\"wp-block-column is-layout-flow wp-block-column-is-layout-flow\">\n<p><strong>Location M\u00e9xico\/LATAM<\/strong><\/p>\n\n\n\n<p>MENSHEN Mexicana, S. de C.V. de R.L.<br>Parque Industrial Exportec<br>Circuito Ernesto Monroy C\u00e1rdenas, 109<br>Municipio de Toluca, Estado de M\u00e9xico<br>Fon +52 722 2734782<br>Fax +52 722 2734783<br>contact(at)menshenmex.com<br>www.menshen.com<\/p>\n<\/div>\n<\/div>\n<\/div><\/div>\n\n\n\n<div style=\"height:60px\" aria-hidden=\"true\" class=\"wp-block-spacer\"><\/div>\n\n\n\n<figure class=\"wp-block-video\"><video controls poster=\"https:\/\/new.menshen.com\/wp-content\/uploads\/2021\/09\/Standorte_Mexiko.jpg\" src=\"https:\/\/cdn.menshen-virtual-open-campus.com\/video\/Menshen_Selfies_Mexico_v02.mp4\"><\/video><\/figure>\n\n\n\n<p><strong>Gr\u00fcndungsjahr:<\/strong><br>1998<\/p>\n\n\n\n<p><strong>Produzierte Teile:<\/strong><br>Menshen LATAM ist immer auf der Suche nach Innovationen auf allen M\u00e4rkten und ist an der Entwicklung von Spritzgussteilen aus Kunststoff und der Montage beteiligt.<br>Wir stellen Verschl\u00fcsse f\u00fcr folgende Produkte her: Kosmetik, Reinigungs- und Waschmittel, Lebensmittel und Getr\u00e4nke sowie Arzneien.<\/p>\n\n\n\n<p>\u2022 Verschl\u00fcsse (Schraubverschl\u00fcsse, Dosierkappen, Push-pull-Verschl\u00fcsse, Klappscharnierverschl\u00fcsse)<br>\u2022 Schwammauftr\u00e4ger<br>\u2022 Wir sind Vorreiter bei der Herstellung von Weldspouts auf dem Kosmetikmarkt (NaturaSou Brazil)<br>\u2022 Weldspout-Ausgie\u00dfer f\u00fcr Vorder- und Oberseite f\u00fcr alle Branchen<br>\u2022 Verschlucksichere Verschl\u00fcsse und Ausgie\u00dfer f\u00fcr flexible Verpackungen<\/p>\n\n\n\n<p>Wir verkaufen keine Verschl\u00fcsse, wir bieten vielf\u00e4ltige Optionen, mit denen Sie das Markenbewusstsein Ihrer Kunden f\u00f6rdern k\u00f6nnen.<\/p>\n\n\n\n<p><strong>Aktuelle Exporte:<\/strong><br>Zentralamerika\/Pakistan\/Indien\/S\u00fcdamerika\/USA\/Karibik<\/p>\n\n\n\n<p>Spezifikation\/Spezialbereiche:<br>\u2022 Reinraum 850 m\u00b2, eigene Forschungs- und Entwicklungsabteilung<br>\u2022 Werkzeugbau (Reparatur, Wartung\/Inspektion, Reinigung)<br>\u2022 Qualit\u00e4tssicherung in allen Entwicklungs- und Produktionsphasen<br>\u2022 leistungsstarke Logistik<br>\u2022 Kompetenzzentrum f\u00fcr Spezialmaschinen und Zusammenbau<\/p>\n","protected":false},"excerpt":{"rendered":"<p>Toluca Location M\u00e9xico\/LATAM MENSHEN Mexicana, S. de C.V. de R.L.Parque Industrial ExportecCircuito Ernesto Monroy C\u00e1rdenas, 109Municipio de Toluca, Estado de M\u00e9xicoFon +52 722 2734782Fax +52 722 2734783contact(at)menshenmex.comwww.menshen.com Gr\u00fcndungsjahr:1998 Produzierte Teile:Menshen LATAM ist immer auf der Suche nach Innovationen auf allen M\u00e4rkten und ist an der Entwicklung von Spritzgussteilen aus Kunststoff und der Montage beteiligt.Wir stellen [&hellip;]<\/p>\n","protected":false},"author":5,"featured_media":0,"parent":0,"menu_order":80,"comment_status":"closed","ping_status":"closed","template":"","meta":{"_acf_changed":false,"inline_featured_image":false,"_uag_custom_page_level_css":"","site-sidebar-layout":"default","site-content-layout":"default","ast-site-content-layout":"default","site-content-style":"default","site-sidebar-style":"default","ast-global-header-display":"","ast-banner-title-visibility":"","ast-main-header-display":"","ast-hfb-above-header-display":"","ast-hfb-below-header-display":"","ast-hfb-mobile-header-display":"","site-post-title":"disabled","ast-breadcrumbs-content":"","ast-featured-img":"disabled","footer-sml-layout":"","ast-disable-related-posts":"","theme-transparent-header-meta":"default","adv-header-id-meta":"","stick-header-meta":"","header-above-stick-meta":"","header-main-stick-meta":"","header-below-stick-meta":"","astra-migrate-meta-layouts":"set","ast-page-background-enabled":"default","ast-page-background-meta":{"desktop":{"background-color":"var(--ast-global-color-4)","background-image":"","background-repeat":"repeat","background-position":"center center","background-size":"auto","background-attachment":"scroll","background-type":"","background-media":"","overlay-type":"","overlay-color":"","overlay-opacity":"","overlay-gradient":""},"tablet":{"background-color":"","background-image":"","background-repeat":"repeat","background-position":"center center","background-size":"auto","background-attachment":"scroll","background-type":"","background-media":"","overlay-type":"","overlay-color":"","overlay-opacity":"","overlay-gradient":""},"mobile":{"background-color":"","background-image":"","background-repeat":"repeat","background-position":"center center","background-size":"auto","background-attachment":"scroll","background-type":"","background-media":"","overlay-type":"","overlay-color":"","overlay-opacity":"","overlay-gradient":""}},"ast-content-background-meta":{"desktop":{"background-color":"var(--ast-global-color-5)","background-image":"","background-repeat":"repeat","background-position":"center center","background-size":"auto","background-attachment":"scroll","background-type":"","background-media":"","overlay-type":"","overlay-color":"","overlay-opacity":"","overlay-gradient":""},"tablet":{"background-color":"var(--ast-global-color-5)","background-image":"","background-repeat":"repeat","background-position":"center center","background-size":"auto","background-attachment":"scroll","background-type":"","background-media":"","overlay-type":"","overlay-color":"","overlay-opacity":"","overlay-gradient":""},"mobile":{"background-color":"var(--ast-global-color-5)","background-image":"","background-repeat":"repeat","background-position":"center center","background-size":"auto","background-attachment":"scroll","background-type":"","background-media":"","overlay-type":"","overlay-color":"","overlay-opacity":"","overlay-gradient":""}},"footnotes":""},"class_list":["post-827","page","type-page","status-publish","hentry"],"acf":[],"uagb_featured_image_src":{"full":false,"thumbnail":false,"medium":false,"medium_large":false,"large":false,"1536x1536":false,"2048x2048":false,"woocommerce_thumbnail":false,"woocommerce_single":false,"woocommerce_gallery_thumbnail":false},"uagb_author_info":{"display_name":"Menshen","author_link":"https:\/\/menshen.com\/de\/author\/cnoeh\/"},"uagb_comment_info":0,"uagb_excerpt":"Toluca Location M\u00e9xico\/LATAM MENSHEN Mexicana, S. de C.V. de R.L.Parque Industrial ExportecCircuito Ernesto Monroy C\u00e1rdenas, 109Municipio de Toluca, Estado de M\u00e9xicoFon +52 722 2734782Fax +52 722 2734783contact(at)menshenmex.comwww.menshen.com Gr\u00fcndungsjahr:1998 Produzierte Teile:Menshen LATAM ist immer auf der Suche nach Innovationen auf allen M\u00e4rkten und ist an der Entwicklung von Spritzgussteilen aus Kunststoff und der Montage beteiligt.Wir stellen&hellip;","_links":{"self":[{"href":"https:\/\/menshen.com\/de\/wp-json\/wp\/v2\/pages\/827","targetHints":{"allow":["GET"]}}],"collection":[{"href":"https:\/\/menshen.com\/de\/wp-json\/wp\/v2\/pages"}],"about":[{"href":"https:\/\/menshen.com\/de\/wp-json\/wp\/v2\/types\/page"}],"author":[{"embeddable":true,"href":"https:\/\/menshen.com\/de\/wp-json\/wp\/v2\/users\/5"}],"replies":[{"embeddable":true,"href":"https:\/\/menshen.com\/de\/wp-json\/wp\/v2\/comments?post=827"}],"version-history":[{"count":8,"href":"https:\/\/menshen.com\/de\/wp-json\/wp\/v2\/pages\/827\/revisions"}],"predecessor-version":[{"id":12230,"href":"https:\/\/menshen.com\/de\/wp-json\/wp\/v2\/pages\/827\/revisions\/12230"}],"wp:attachment":[{"href":"https:\/\/menshen.com\/de\/wp-json\/wp\/v2\/media?parent=827"}],"curies":[{"name":"wp","href":"https:\/\/api.w.org\/{rel}","templated":true}]}}