{"id":848,"date":"2021-09-15T17:45:57","date_gmt":"2021-09-15T15:45:57","guid":{"rendered":"https:\/\/new.menshen.com\/?page_id=848"},"modified":"2024-01-16T12:50:39","modified_gmt":"2024-01-16T11:50:39","slug":"usa","status":"publish","type":"page","link":"https:\/\/menshen.com\/de\/usa\/","title":{"rendered":"USA"},"content":{"rendered":"\r\n<div id=\"men-block-block_75095af5f24ab0107f751c026069e089\" class=\"container px-0 men-block men-header\">\r\n    <div class=\"row\">\r\n        <div class=\"col\">\r\n            <div class=\"cover\">\r\n                                    <img loading=\"lazy\" decoding=\"async\" width=\"2560\" height=\"1008\" src=\"https:\/\/menshen.com\/wp-content\/uploads\/2024\/01\/menshen-header-world-map-locations-2024-01-1.jpg\" class=\"attachment-full size-full\" alt=\"\" srcset=\"https:\/\/menshen.com\/wp-content\/uploads\/2024\/01\/menshen-header-world-map-locations-2024-01-1.jpg 2560w, https:\/\/menshen.com\/wp-content\/uploads\/2024\/01\/menshen-header-world-map-locations-2024-01-1-300x118.jpg 300w, https:\/\/menshen.com\/wp-content\/uploads\/2024\/01\/menshen-header-world-map-locations-2024-01-1-1024x403.jpg 1024w, https:\/\/menshen.com\/wp-content\/uploads\/2024\/01\/menshen-header-world-map-locations-2024-01-1-768x302.jpg 768w, https:\/\/menshen.com\/wp-content\/uploads\/2024\/01\/menshen-header-world-map-locations-2024-01-1-1536x605.jpg 1536w, https:\/\/menshen.com\/wp-content\/uploads\/2024\/01\/menshen-header-world-map-locations-2024-01-1-2048x806.jpg 2048w, https:\/\/menshen.com\/wp-content\/uploads\/2024\/01\/menshen-header-world-map-locations-2024-01-1-600x236.jpg 600w\" sizes=\"auto, (max-width: 2560px) 100vw, 2560px\" \/>                \r\n                <div class=\"layer\" style=\"background-image: url('https:\/\/menshen.com\/wp-content\/themes\/menshen\/assets\/header-layer\/Verlauf_16.svg')\">\r\n                                    <\/div>\r\n            <\/div>\r\n\r\n            <div class=\"text\">\r\n                <h1>\r\n                    <strong>USA<\/strong><br>\r\n                                    <\/h1>\r\n            <\/div>\r\n        <\/div>\r\n    <\/div>\r\n<\/div>\r\n\n\n\n<div style=\"height:80px\" aria-hidden=\"true\" class=\"wp-block-spacer\"><\/div>\n\n\n\n<h2 class=\"wp-block-heading\">Waldwick<\/h2>\n\n\n\n<div class=\"wp-block-group p-4 men-max-w has-background is-layout-flow wp-block-group-is-layout-flow\" style=\"background-color:#f8f8f8\"><div class=\"wp-block-group__inner-container\">\n<div class=\"wp-block-columns is-layout-flex wp-container-core-columns-is-layout-28f84493 wp-block-columns-is-layout-flex\">\n<div class=\"wp-block-column is-layout-flow wp-block-column-is-layout-flow\">\n<p><strong>Headqaurter<\/strong><\/p>\n\n\n\n<p><strong>Menshen Packaging USA, Inc.<\/strong><\/p>\n\n\n\n<p><br>21 Industrial Park<br>Waldwick, NJ 07463<br>Fon +1 201 574 4935<br>info(at)menshenusa.com<br>www.menshenusa.com<\/p>\n<\/div>\n<\/div>\n<\/div><\/div>\n\n\n\n<div style=\"height:60px\" aria-hidden=\"true\" class=\"wp-block-spacer\"><\/div>\n\n\n\n<figure class=\"wp-block-video\"><video controls poster=\"https:\/\/new.menshen.com\/wp-content\/uploads\/2021\/09\/Standorte_USA.jpg\" src=\"https:\/\/new.menshen.com\/wp-content\/uploads\/2021\/09\/20210227_MENSHEN_Website_Video_USA_V02.mp4\"><\/video><\/figure>\n\n\n\n<p><strong>Gr\u00fcndungsjahr:<\/strong><br>1974<\/p>\n\n\n\n<p><strong>Produzierte Teile:<\/strong><\/p>\n\n\n\n<p>\u2022 Spritzgussteile aus Kunststoff \u2013 breites Sortiment an Standard- und Sonderverschl\u00fcssen, Weldspouts, Tubenverschl\u00fcssen, Verpackungssystemen und Speziall\u00f6sungen f\u00fcr verschiedene M\u00e4rkte und Anwendungen.<br>\u2022 Fertigungsvertr\u00e4ge, Toilettenreinigungsprodukte \u2013 Auswahl an Wasserkastentabletten, Toilettensitzreinigern, Urinalschutzsieben<\/p>\n\n\n\n<p>Spezifikation\/Spezialbereiche:<\/p>\n\n\n\n<p>\u2022 eigene Forschungs- und Entwicklungsabteilung<br>\u2022 Formerei (Reparatur, Wartung\/Inspektion, Reinigung, Prototypformen)<br>\u2022 Qualit\u00e4tssicherung in allen Entwicklungs- und Produktionsphasen<br>\u2022 leistungsstarke Logistik<br>\u2022 Labor f\u00fcr Toilettentests<\/p>\n","protected":false},"excerpt":{"rendered":"<p>Waldwick Headqaurter Menshen Packaging USA, Inc. 21 Industrial ParkWaldwick, NJ 07463Fon +1 201 574 4935info(at)menshenusa.comwww.menshenusa.com Gr\u00fcndungsjahr:1974 Produzierte Teile: \u2022 Spritzgussteile aus Kunststoff \u2013 breites Sortiment an Standard- und Sonderverschl\u00fcssen, Weldspouts, Tubenverschl\u00fcssen, Verpackungssystemen und Speziall\u00f6sungen f\u00fcr verschiedene M\u00e4rkte und Anwendungen.\u2022 Fertigungsvertr\u00e4ge, Toilettenreinigungsprodukte \u2013 Auswahl an Wasserkastentabletten, Toilettensitzreinigern, Urinalschutzsieben Spezifikation\/Spezialbereiche: \u2022 eigene Forschungs- und Entwicklungsabteilung\u2022 Formerei (Reparatur, [&hellip;]<\/p>\n","protected":false},"author":5,"featured_media":0,"parent":0,"menu_order":80,"comment_status":"closed","ping_status":"closed","template":"","meta":{"_acf_changed":false,"inline_featured_image":false,"_uag_custom_page_level_css":"","site-sidebar-layout":"default","site-content-layout":"default","ast-site-content-layout":"default","site-content-style":"default","site-sidebar-style":"default","ast-global-header-display":"","ast-banner-title-visibility":"","ast-main-header-display":"","ast-hfb-above-header-display":"","ast-hfb-below-header-display":"","ast-hfb-mobile-header-display":"","site-post-title":"disabled","ast-breadcrumbs-content":"","ast-featured-img":"disabled","footer-sml-layout":"","ast-disable-related-posts":"","theme-transparent-header-meta":"default","adv-header-id-meta":"","stick-header-meta":"","header-above-stick-meta":"","header-main-stick-meta":"","header-below-stick-meta":"","astra-migrate-meta-layouts":"set","ast-page-background-enabled":"default","ast-page-background-meta":{"desktop":{"background-color":"var(--ast-global-color-4)","background-image":"","background-repeat":"repeat","background-position":"center center","background-size":"auto","background-attachment":"scroll","background-type":"","background-media":"","overlay-type":"","overlay-color":"","overlay-opacity":"","overlay-gradient":""},"tablet":{"background-color":"","background-image":"","background-repeat":"repeat","background-position":"center center","background-size":"auto","background-attachment":"scroll","background-type":"","background-media":"","overlay-type":"","overlay-color":"","overlay-opacity":"","overlay-gradient":""},"mobile":{"background-color":"","background-image":"","background-repeat":"repeat","background-position":"center center","background-size":"auto","background-attachment":"scroll","background-type":"","background-media":"","overlay-type":"","overlay-color":"","overlay-opacity":"","overlay-gradient":""}},"ast-content-background-meta":{"desktop":{"background-color":"var(--ast-global-color-5)","background-image":"","background-repeat":"repeat","background-position":"center center","background-size":"auto","background-attachment":"scroll","background-type":"","background-media":"","overlay-type":"","overlay-color":"","overlay-opacity":"","overlay-gradient":""},"tablet":{"background-color":"var(--ast-global-color-5)","background-image":"","background-repeat":"repeat","background-position":"center center","background-size":"auto","background-attachment":"scroll","background-type":"","background-media":"","overlay-type":"","overlay-color":"","overlay-opacity":"","overlay-gradient":""},"mobile":{"background-color":"var(--ast-global-color-5)","background-image":"","background-repeat":"repeat","background-position":"center center","background-size":"auto","background-attachment":"scroll","background-type":"","background-media":"","overlay-type":"","overlay-color":"","overlay-opacity":"","overlay-gradient":""}},"footnotes":""},"class_list":["post-848","page","type-page","status-publish","hentry"],"acf":[],"uagb_featured_image_src":{"full":false,"thumbnail":false,"medium":false,"medium_large":false,"large":false,"1536x1536":false,"2048x2048":false,"woocommerce_thumbnail":false,"woocommerce_single":false,"woocommerce_gallery_thumbnail":false},"uagb_author_info":{"display_name":"Menshen","author_link":"https:\/\/menshen.com\/de\/author\/cnoeh\/"},"uagb_comment_info":0,"uagb_excerpt":"Waldwick Headqaurter Menshen Packaging USA, Inc. 21 Industrial ParkWaldwick, NJ 07463Fon +1 201 574 4935info(at)menshenusa.comwww.menshenusa.com Gr\u00fcndungsjahr:1974 Produzierte Teile: \u2022 Spritzgussteile aus Kunststoff \u2013 breites Sortiment an Standard- und Sonderverschl\u00fcssen, Weldspouts, Tubenverschl\u00fcssen, Verpackungssystemen und Speziall\u00f6sungen f\u00fcr verschiedene M\u00e4rkte und Anwendungen.\u2022 Fertigungsvertr\u00e4ge, Toilettenreinigungsprodukte \u2013 Auswahl an Wasserkastentabletten, Toilettensitzreinigern, Urinalschutzsieben Spezifikation\/Spezialbereiche: \u2022 eigene Forschungs- und Entwicklungsabteilung\u2022 Formerei (Reparatur,&hellip;","_links":{"self":[{"href":"https:\/\/menshen.com\/de\/wp-json\/wp\/v2\/pages\/848","targetHints":{"allow":["GET"]}}],"collection":[{"href":"https:\/\/menshen.com\/de\/wp-json\/wp\/v2\/pages"}],"about":[{"href":"https:\/\/menshen.com\/de\/wp-json\/wp\/v2\/types\/page"}],"author":[{"embeddable":true,"href":"https:\/\/menshen.com\/de\/wp-json\/wp\/v2\/users\/5"}],"replies":[{"embeddable":true,"href":"https:\/\/menshen.com\/de\/wp-json\/wp\/v2\/comments?post=848"}],"version-history":[{"count":7,"href":"https:\/\/menshen.com\/de\/wp-json\/wp\/v2\/pages\/848\/revisions"}],"predecessor-version":[{"id":12180,"href":"https:\/\/menshen.com\/de\/wp-json\/wp\/v2\/pages\/848\/revisions\/12180"}],"wp:attachment":[{"href":"https:\/\/menshen.com\/de\/wp-json\/wp\/v2\/media?parent=848"}],"curies":[{"name":"wp","href":"https:\/\/api.w.org\/{rel}","templated":true}]}}