{"id":89,"date":"2021-09-09T15:38:11","date_gmt":"2021-09-09T13:38:11","guid":{"rendered":"https:\/\/new.menshen.com\/?page_id=89"},"modified":"2026-01-20T15:09:25","modified_gmt":"2026-01-20T14:09:25","slug":"standorte","status":"publish","type":"page","link":"https:\/\/menshen.com\/de\/unternehmen\/standorte\/","title":{"rendered":"Standorte"},"content":{"rendered":"\r\n<div id=\"men-block-block_b68a51b38cc59122500556dbe7e13508\" class=\"container px-0 men-block men-header\">\r\n    <div class=\"row\">\r\n        <div class=\"col\">\r\n            <div class=\"cover\">\r\n                                    <img loading=\"lazy\" decoding=\"async\" width=\"2560\" height=\"1008\" src=\"https:\/\/menshen.com\/wp-content\/uploads\/2021\/09\/20210914_Menshen_Header_Geschichte_V2-scaled.jpg\" class=\"attachment-full size-full\" alt=\"\" srcset=\"https:\/\/menshen.com\/wp-content\/uploads\/2021\/09\/20210914_Menshen_Header_Geschichte_V2-scaled.jpg 2560w, https:\/\/menshen.com\/wp-content\/uploads\/2021\/09\/20210914_Menshen_Header_Geschichte_V2-300x118.jpg 300w, https:\/\/menshen.com\/wp-content\/uploads\/2021\/09\/20210914_Menshen_Header_Geschichte_V2-scaled-600x236.jpg 600w, https:\/\/menshen.com\/wp-content\/uploads\/2021\/09\/20210914_Menshen_Header_Geschichte_V2-1024x403.jpg 1024w, https:\/\/menshen.com\/wp-content\/uploads\/2021\/09\/20210914_Menshen_Header_Geschichte_V2-768x302.jpg 768w, https:\/\/menshen.com\/wp-content\/uploads\/2021\/09\/20210914_Menshen_Header_Geschichte_V2-1536x605.jpg 1536w, https:\/\/menshen.com\/wp-content\/uploads\/2021\/09\/20210914_Menshen_Header_Geschichte_V2-2048x806.jpg 2048w\" sizes=\"auto, (max-width: 2560px) 100vw, 2560px\" \/>                \r\n                <div class=\"layer\" style=\"background-image: url('https:\/\/menshen.com\/wp-content\/themes\/menshen\/assets\/header-layer\/Verlauf_06.svg')\">\r\n                                    <\/div>\r\n            <\/div>\r\n\r\n            <div class=\"text\">\r\n                <h1>\r\n                    <strong>Standorte<\/strong><br>\r\n                    F\u00fcr Sie vor Ort.                <\/h1>\r\n            <\/div>\r\n        <\/div>\r\n    <\/div>\r\n<\/div>\r\n\n\n\n<div style=\"height:80px\" aria-hidden=\"true\" class=\"wp-block-spacer\"><\/div>\n\n\n\n<p>Als weltweit agierende Unternehmensgruppe und einer der f\u00fchrenden Hersteller von Verschl\u00fcssen, Kunststoffl\u00f6sungen und Verpackungssystemen ist MENSHEN mit Stammsitz im sauerl\u00e4ndischen Finnentrop an insgesamt 14 Standorten in 11 L\u00e4ndern vertreten.<\/p>\n\n\n\n<ul class=\"wp-block-list men-mex-w\">\n<li><a href=\"https:\/\/menshen.com\/wp-content\/uploads\/2026\/01\/M01_PI_01_AP_01_Integrierte_Management_Politik_INT_DE_O.pdf\">Integrierte Management Politik DE als PDF<\/a><\/li>\n\n\n\n<li><a href=\"https:\/\/menshen.com\/wp-content\/uploads\/2026\/01\/M01_PI_01_AP_01_Integrated_Management_Policy_INT_EN_O.pdf\">Integrierte Management Politik EN als PDF<\/a><\/li>\n\n\n\n<li><a href=\"https:\/\/menshen.com\/wp-content\/uploads\/2026\/01\/M01_PI_01_AP_01_Integrated_Management_Policy_INT_CN_O.pdf\">Integrierte Management Politik CN als PDF<\/a><\/li>\n\n\n\n<li><a href=\"https:\/\/menshen.com\/wp-content\/uploads\/2026\/01\/M01_PI_01_AP_01_Integrated_Management_Policy_INT_CO_O.pdf\">Integrierte Management Politik CO als PDF<\/a><\/li>\n\n\n\n<li><a href=\"https:\/\/menshen.com\/wp-content\/uploads\/2026\/01\/M01_PI_01_AP_01_Integrated_Management_Policy_INT_ES_O.pdf\">Integrierte Management Politik ES als PDF<\/a><\/li>\n\n\n\n<li><a href=\"https:\/\/menshen.com\/wp-content\/uploads\/2026\/01\/M01_PI_01_AP_01_Integrated_Management_Policy_INT_MX_O.pdf\">Integrierte Management Politik MX als PDF<\/a><\/li>\n\n\n\n<li><a href=\"https:\/\/menshen.com\/wp-content\/uploads\/2026\/01\/M01_PI_01_AP_01_Integrated_Management_Policy_INT_RS_O.pdf\">Integrierte Management Politik RS als PDF<\/a><\/li>\n\n\n\n<li><a href=\"https:\/\/menshen.com\/wp-content\/uploads\/2026\/01\/M01_PI_01_AP_01_Integrated_Management_Policy_INT_RU_O.pdf\">Integrierte Management Politik RU als PDF<\/a><\/li>\n<\/ul>\n\n\n\n<ul class=\"wp-block-list men-mex-w\">\n<li><a href=\"https:\/\/menshen.com\/wp-content\/uploads\/2026\/01\/Integriertes_Managementhandbuch_INT_DE_T.pdf\">Integriertes Management Handbuch DE als PDF<\/a><\/li>\n\n\n\n<li><a href=\"https:\/\/menshen.com\/wp-content\/uploads\/2026\/01\/Integrated_Management_Manual_INT_EN_T.pdf\">Integriertes Management Handbuch EN als PDF<\/a><\/li>\n\n\n\n<li><a href=\"https:\/\/menshen.com\/wp-content\/uploads\/2026\/01\/Integrated_Management_Manual_INT_CN_T.pdf\">Integriertes Management Handbuch CN als PDF<\/a><\/li>\n\n\n\n<li><a href=\"https:\/\/menshen.com\/wp-content\/uploads\/2026\/01\/Manual_Gestion_Integrado_INT_CO_T.pdf\">Integriertes Management Handbuch CO als PDF<\/a><\/li>\n\n\n\n<li><a href=\"https:\/\/menshen.com\/wp-content\/uploads\/2026\/01\/Manual_de_gestion_integrado_INT_ES_T.pdf\">Integriertes Management Handbuch ES als PDF<\/a><\/li>\n\n\n\n<li><a href=\"https:\/\/menshen.com\/wp-content\/uploads\/2026\/01\/Manual_Gestion_Integrado_INT_MX_T.pdf\"><\/a><a href=\"https:\/\/menshen.com\/wp-content\/uploads\/2026\/01\/Integriertes_Managementhandbuch_INT_DE_T.pdf\" data-type=\"link\" data-id=\"https:\/\/menshen.com\/wp-content\/uploads\/2026\/01\/Integriertes_Managementhandbuch_INT_DE_T.pdf\">Integriertes Management Handbuch MX als PDF<\/a><\/li>\n\n\n\n<li><a href=\"https:\/\/menshen.com\/wp-content\/uploads\/2026\/01\/Integriertes_Managementhandbuch_INT_RS_T.pdf\">Integriertes Management Handbuch RS als PDF<\/a><\/li>\n\n\n\n<li><a href=\"https:\/\/menshen.com\/wp-content\/uploads\/2026\/01\/Integrated_Management_Manual_INT_RU_T.pdf\"><\/a><a href=\"https:\/\/menshen.com\/wp-content\/uploads\/2026\/01\/Integriertes_Managementhandbuch_INT_DE_T.pdf\" data-type=\"link\" data-id=\"https:\/\/menshen.com\/wp-content\/uploads\/2026\/01\/Integriertes_Managementhandbuch_INT_DE_T.pdf\">Integriertes Management Handbuch RU als PDF<\/a><\/li>\n<\/ul>\n\n\n\n<p>Rund 1.400 Mitarbeiter sind jederzeit und \u00fcberall gerne f\u00fcr Sie da. Lernen Sie unsere weltweiten MENSHEN Standorte kennen.<\/p>\n\n\n\n<h3 class=\"wp-block-heading\"><a href=\"https:\/\/new.menshen.com\/de\/china\/\" data-type=\"page\" data-id=\"800\">China<\/a><\/h3>\n\n\n\n<h3 class=\"wp-block-heading\"><a href=\"https:\/\/new.menshen.com\/de\/deutschland\/\" data-type=\"page\" data-id=\"806\">Deutschland<\/a><\/h3>\n\n\n\n<h3 class=\"wp-block-heading\"><a href=\"https:\/\/new.menshen.com\/de\/frankreich\/\" data-type=\"page\" data-id=\"820\">Frankreich<\/a><\/h3>\n\n\n\n<h3 class=\"wp-block-heading\"><a href=\"https:\/\/new.menshen.com\/de\/italien\/\">Italie<\/a>n<\/h3>\n\n\n\n<h3 class=\"wp-block-heading\"><a href=\"https:\/\/new.menshen.com\/de\/kolumbien\/\">Kolumbien<\/a><\/h3>\n\n\n\n<h3 class=\"wp-block-heading\"><a href=\"https:\/\/new.menshen.com\/de\/mexiko\/\" data-type=\"page\" data-id=\"827\">Mexiko<\/a><\/h3>\n\n\n\n<h3 class=\"wp-block-heading uag-hide-desktop uag-hide-tab uag-hide-mob\"><a href=\"https:\/\/new.menshen.com\/de\/russland\/\" data-type=\"page\" data-id=\"826\">Russland<\/a><\/h3>\n\n\n\n<h3 class=\"wp-block-heading\"><a href=\"https:\/\/new.menshen.com\/de\/schweiz\/\" data-type=\"page\" data-id=\"835\">Schweiz<\/a><\/h3>\n\n\n\n<h3 class=\"wp-block-heading\"><a href=\"https:\/\/new.menshen.com\/de\/serbien\/\" data-type=\"page\" data-id=\"6405\">Serbien<\/a><\/h3>\n\n\n\n<h3 class=\"wp-block-heading\"><a href=\"https:\/\/new.menshen.com\/de\/singapur\/\" data-type=\"page\" data-id=\"838\">Singapur<\/a><\/h3>\n\n\n\n<h3 class=\"wp-block-heading\"><a href=\"https:\/\/new.menshen.com\/de\/spanien\/\" data-type=\"page\" data-id=\"844\">Spanien<\/a><\/h3>\n\n\n\n<h3 class=\"wp-block-heading\"><a href=\"https:\/\/new.menshen.com\/de\/usa\/\" data-type=\"page\" data-id=\"848\">USA<\/a><\/h3>\n\n\n\n<h3 class=\"wp-block-heading\"><a href=\"https:\/\/new.menshen.com\/de\/vereinigtes-koenigreich\/\" data-type=\"page\">Vereinigtes K\u00f6nigreich<\/a><\/h3>\n\n\n\n<div style=\"height:80px\" aria-hidden=\"true\" class=\"wp-block-spacer\"><\/div>\n\n\n\n<div class=\"wp-block-columns is-layout-flex wp-container-core-columns-is-layout-28f84493 wp-block-columns-is-layout-flex\">\n<div class=\"wp-block-column is-layout-flow wp-block-column-is-layout-flow\" style=\"flex-basis:100%\">\n\t\t\t<div class=\"wp-block-uagb-post-grid uagb-post-grid  uagb-post__image-position-top uagb-post__image-enabled uagb-block-1c723387     uagb-post__items uagb-post__columns-3 is-grid uagb-post__columns-tablet-2 uagb-post__columns-mobile-1 uagb-post__equal-height\" data-total=\"16\" style=\"\">\n\n\t\t\t\t\t\t\t\t\t\t\t\t<article class=\"uagb-post__inner-wrap\">\t\t\t\t\t\t\t\t<div class='uagb-post__image'>\n\t\t\t\t\t\t\t\t\t<a href=\"https:\/\/menshen.com\/de\/corporate-social-responsibility\/spende-kinderhospiz-balthasar\/\" target=\"_self\" rel=\"bookmark noopener noreferrer\" class='uagb-image-ratio-inherit'><img loading=\"lazy\" decoding=\"async\" width=\"1024\" height=\"645\" src=\"https:\/\/menshen.com\/wp-content\/uploads\/2026\/03\/Kinderhospiz-Balthasar-Spende-1024x645.jpg\" class=\"attachment-large size-large\" alt=\"\" srcset=\"https:\/\/menshen.com\/wp-content\/uploads\/2026\/03\/Kinderhospiz-Balthasar-Spende-1024x645.jpg 1024w, https:\/\/menshen.com\/wp-content\/uploads\/2026\/03\/Kinderhospiz-Balthasar-Spende-300x189.jpg 300w, https:\/\/menshen.com\/wp-content\/uploads\/2026\/03\/Kinderhospiz-Balthasar-Spende-768x484.jpg 768w, https:\/\/menshen.com\/wp-content\/uploads\/2026\/03\/Kinderhospiz-Balthasar-Spende-600x378.jpg 600w, https:\/\/menshen.com\/wp-content\/uploads\/2026\/03\/Kinderhospiz-Balthasar-Spende.jpg 1501w\" sizes=\"auto, (max-width: 1024px) 100vw, 1024px\" \/>\t\t\t\t\t<\/a>\n\t\t\t\t\t\t\t<\/div>\n\t\t\t\t\t\t<h4 class=\"uagb-post__title uagb-post__text\">\n\t\t\t\t<a href=\"https:\/\/menshen.com\/de\/corporate-social-responsibility\/spende-kinderhospiz-balthasar\/\" target=\"_self\" rel=\"bookmark noopener noreferrer\">Honig f\u00fcr den guten Zweck: Spende ans Kinderhospiz Balthasar<\/a>\n\t\t\t<\/h4>\n\t\t\t\t\t\t<div class='uagb-post__text uagb-post-grid-byline'>\n\t\t\t\t\t\t\t<\/div>\n\t\t\t\t\t\t\t<div class='uagb-post__text uagb-post__excerpt'>\n\t\t\t\t\t<p>Honig f\u00fcr den guten Zweck: Spende ans Kinderhospiz Balthasar Am 27. Februar 2026 haben wir&#8230;\t\t\t\t<\/div>\n\t\t\t\t\t\t<div class=\"uagb-post__text uagb-post__cta wp-block-button\">\n\t\t\t\t<a class=\"wp-block-button__link uagb-text-link\" style=\"\" href=\"https:\/\/menshen.com\/de\/corporate-social-responsibility\/spende-kinderhospiz-balthasar\/\" target=\"_self\" rel=\"bookmark noopener noreferrer\">Weiterlesen<\/a>\n\t\t\t<\/div>\n\t\t\t\n\t\t\t\t\t\t\t\t\t<\/article>\n\t\t\t\t\t\t\t\t\t\t\t\t\t\t\t\t<article class=\"uagb-post__inner-wrap\">\t\t\t\t\t\t\t\t<div class='uagb-post__image'>\n\t\t\t\t\t\t\t\t\t<a href=\"https:\/\/menshen.com\/de\/sustainability\/investitionen-in-nachhaltiges-wachstum\/\" target=\"_self\" rel=\"bookmark noopener noreferrer\" class='uagb-image-ratio-inherit'><img loading=\"lazy\" decoding=\"async\" width=\"1024\" height=\"576\" src=\"https:\/\/menshen.com\/wp-content\/uploads\/2025\/11\/dp-menshen-investments-2025-11-featured-1024x576.jpg\" class=\"attachment-large size-large\" alt=\"\" srcset=\"https:\/\/menshen.com\/wp-content\/uploads\/2025\/11\/dp-menshen-investments-2025-11-featured-1024x576.jpg 1024w, https:\/\/menshen.com\/wp-content\/uploads\/2025\/11\/dp-menshen-investments-2025-11-featured-300x169.jpg 300w, https:\/\/menshen.com\/wp-content\/uploads\/2025\/11\/dp-menshen-investments-2025-11-featured-768x432.jpg 768w, https:\/\/menshen.com\/wp-content\/uploads\/2025\/11\/dp-menshen-investments-2025-11-featured-1536x864.jpg 1536w, https:\/\/menshen.com\/wp-content\/uploads\/2025\/11\/dp-menshen-investments-2025-11-featured-600x338.jpg 600w, https:\/\/menshen.com\/wp-content\/uploads\/2025\/11\/dp-menshen-investments-2025-11-featured.jpg 1920w\" sizes=\"auto, (max-width: 1024px) 100vw, 1024px\" \/>\t\t\t\t\t<\/a>\n\t\t\t\t\t\t\t<\/div>\n\t\t\t\t\t\t<h4 class=\"uagb-post__title uagb-post__text\">\n\t\t\t\t<a href=\"https:\/\/menshen.com\/de\/sustainability\/investitionen-in-nachhaltiges-wachstum\/\" target=\"_self\" rel=\"bookmark noopener noreferrer\">Investitionen in nachhaltiges Wachstum<\/a>\n\t\t\t<\/h4>\n\t\t\t\t\t\t<div class='uagb-post__text uagb-post-grid-byline'>\n\t\t\t\t\t\t\t<\/div>\n\t\t\t\t\t\t\t<div class='uagb-post__text uagb-post__excerpt'>\n\t\t\t\t\t<p>Wir investieren weiter in nachhaltiges Wachstum am Standort Deutschland Insgesamt drei neue Maschinen wurden k\u00fcrzlich&#8230;\t\t\t\t<\/div>\n\t\t\t\t\t\t<div class=\"uagb-post__text uagb-post__cta wp-block-button\">\n\t\t\t\t<a class=\"wp-block-button__link uagb-text-link\" style=\"\" href=\"https:\/\/menshen.com\/de\/sustainability\/investitionen-in-nachhaltiges-wachstum\/\" target=\"_self\" rel=\"bookmark noopener noreferrer\">Weiterlesen<\/a>\n\t\t\t<\/div>\n\t\t\t\n\t\t\t\t\t\t\t\t\t<\/article>\n\t\t\t\t\t\t\t\t\t\t\t\t\t\t\t\t<article class=\"uagb-post__inner-wrap\">\t\t\t\t\t\t\t\t<div class='uagb-post__image'>\n\t\t\t\t\t\t\t\t\t<a href=\"https:\/\/menshen.com\/de\/menschen\/neues-fuehrungskraefteteam-deutschland\/\" target=\"_self\" rel=\"bookmark noopener noreferrer\" class='uagb-image-ratio-inherit'><img loading=\"lazy\" decoding=\"async\" width=\"1024\" height=\"576\" src=\"https:\/\/menshen.com\/wp-content\/uploads\/2025\/09\/dp-menshen-post-featured-gerlt-2025-09-1024x576.jpg\" class=\"attachment-large size-large\" alt=\"\" srcset=\"https:\/\/menshen.com\/wp-content\/uploads\/2025\/09\/dp-menshen-post-featured-gerlt-2025-09-1024x576.jpg 1024w, https:\/\/menshen.com\/wp-content\/uploads\/2025\/09\/dp-menshen-post-featured-gerlt-2025-09-300x169.jpg 300w, https:\/\/menshen.com\/wp-content\/uploads\/2025\/09\/dp-menshen-post-featured-gerlt-2025-09-768x432.jpg 768w, https:\/\/menshen.com\/wp-content\/uploads\/2025\/09\/dp-menshen-post-featured-gerlt-2025-09-1536x864.jpg 1536w, https:\/\/menshen.com\/wp-content\/uploads\/2025\/09\/dp-menshen-post-featured-gerlt-2025-09-600x338.jpg 600w, https:\/\/menshen.com\/wp-content\/uploads\/2025\/09\/dp-menshen-post-featured-gerlt-2025-09.jpg 1920w\" sizes=\"auto, (max-width: 1024px) 100vw, 1024px\" \/>\t\t\t\t\t<\/a>\n\t\t\t\t\t\t\t<\/div>\n\t\t\t\t\t\t<h4 class=\"uagb-post__title uagb-post__text\">\n\t\t\t\t<a href=\"https:\/\/menshen.com\/de\/menschen\/neues-fuehrungskraefteteam-deutschland\/\" target=\"_self\" rel=\"bookmark noopener noreferrer\">Neues F\u00fchrungskr\u00e4fteteam Deutschland<\/a>\n\t\t\t<\/h4>\n\t\t\t\t\t\t<div class='uagb-post__text uagb-post-grid-byline'>\n\t\t\t\t\t\t\t<\/div>\n\t\t\t\t\t\t\t<div class='uagb-post__text uagb-post__excerpt'>\n\t\t\t\t\t<p>In einem 2-t\u00e4gigen F\u00fchrungsseminar hat das neue Team die Weichen gestellt, um auf die vielen&#8230;\t\t\t\t<\/div>\n\t\t\t\t\t\t<div class=\"uagb-post__text uagb-post__cta wp-block-button\">\n\t\t\t\t<a class=\"wp-block-button__link uagb-text-link\" style=\"\" href=\"https:\/\/menshen.com\/de\/menschen\/neues-fuehrungskraefteteam-deutschland\/\" target=\"_self\" rel=\"bookmark noopener noreferrer\">Weiterlesen<\/a>\n\t\t\t<\/div>\n\t\t\t\n\t\t\t\t\t\t\t\t\t<\/article>\n\t\t\t\t\t\t\t\t\t\t\t<\/div>\n\t\t\t<\/div>\n<\/div>\n","protected":false},"excerpt":{"rendered":"<p>Als weltweit agierende Unternehmensgruppe und einer der f\u00fchrenden Hersteller von Verschl\u00fcssen, Kunststoffl\u00f6sungen und Verpackungssystemen ist MENSHEN mit Stammsitz im sauerl\u00e4ndischen Finnentrop an insgesamt 14 Standorten in 11 L\u00e4ndern vertreten. Rund 1.400 Mitarbeiter sind jederzeit und \u00fcberall gerne f\u00fcr Sie da. Lernen Sie unsere weltweiten MENSHEN Standorte kennen. China Deutschland Frankreich Italien Kolumbien Mexiko Russland Schweiz [&hellip;]<\/p>\n","protected":false},"author":5,"featured_media":0,"parent":2,"menu_order":30,"comment_status":"closed","ping_status":"closed","template":"","meta":{"_acf_changed":false,"inline_featured_image":false,"_uag_custom_page_level_css":"","site-sidebar-layout":"default","site-content-layout":"default","ast-site-content-layout":"default","site-content-style":"default","site-sidebar-style":"default","ast-global-header-display":"","ast-banner-title-visibility":"","ast-main-header-display":"","ast-hfb-above-header-display":"","ast-hfb-below-header-display":"","ast-hfb-mobile-header-display":"","site-post-title":"disabled","ast-breadcrumbs-content":"","ast-featured-img":"disabled","footer-sml-layout":"","ast-disable-related-posts":"","theme-transparent-header-meta":"default","adv-header-id-meta":"","stick-header-meta":"","header-above-stick-meta":"","header-main-stick-meta":"","header-below-stick-meta":"","astra-migrate-meta-layouts":"set","ast-page-background-enabled":"default","ast-page-background-meta":{"desktop":{"background-color":"var(--ast-global-color-4)","background-image":"","background-repeat":"repeat","background-position":"center center","background-size":"auto","background-attachment":"scroll","background-type":"","background-media":"","overlay-type":"","overlay-color":"","overlay-opacity":"","overlay-gradient":""},"tablet":{"background-color":"","background-image":"","background-repeat":"repeat","background-position":"center center","background-size":"auto","background-attachment":"scroll","background-type":"","background-media":"","overlay-type":"","overlay-color":"","overlay-opacity":"","overlay-gradient":""},"mobile":{"background-color":"","background-image":"","background-repeat":"repeat","background-position":"center center","background-size":"auto","background-attachment":"scroll","background-type":"","background-media":"","overlay-type":"","overlay-color":"","overlay-opacity":"","overlay-gradient":""}},"ast-content-background-meta":{"desktop":{"background-color":"var(--ast-global-color-5)","background-image":"","background-repeat":"repeat","background-position":"center center","background-size":"auto","background-attachment":"scroll","background-type":"","background-media":"","overlay-type":"","overlay-color":"","overlay-opacity":"","overlay-gradient":""},"tablet":{"background-color":"var(--ast-global-color-5)","background-image":"","background-repeat":"repeat","background-position":"center center","background-size":"auto","background-attachment":"scroll","background-type":"","background-media":"","overlay-type":"","overlay-color":"","overlay-opacity":"","overlay-gradient":""},"mobile":{"background-color":"var(--ast-global-color-5)","background-image":"","background-repeat":"repeat","background-position":"center center","background-size":"auto","background-attachment":"scroll","background-type":"","background-media":"","overlay-type":"","overlay-color":"","overlay-opacity":"","overlay-gradient":""}},"footnotes":""},"class_list":["post-89","page","type-page","status-publish","hentry"],"acf":[],"uagb_featured_image_src":{"full":false,"thumbnail":false,"medium":false,"medium_large":false,"large":false,"1536x1536":false,"2048x2048":false,"woocommerce_thumbnail":false,"woocommerce_single":false,"woocommerce_gallery_thumbnail":false},"uagb_author_info":{"display_name":"Menshen","author_link":"https:\/\/menshen.com\/de\/author\/cnoeh\/"},"uagb_comment_info":0,"uagb_excerpt":"Als weltweit agierende Unternehmensgruppe und einer der f\u00fchrenden Hersteller von Verschl\u00fcssen, Kunststoffl\u00f6sungen und Verpackungssystemen ist MENSHEN mit Stammsitz im sauerl\u00e4ndischen Finnentrop an insgesamt 14 Standorten in 11 L\u00e4ndern vertreten. Rund 1.400 Mitarbeiter sind jederzeit und \u00fcberall gerne f\u00fcr Sie da. Lernen Sie unsere weltweiten MENSHEN Standorte kennen. China Deutschland Frankreich Italien Kolumbien Mexiko Russland Schweiz&hellip;","_links":{"self":[{"href":"https:\/\/menshen.com\/de\/wp-json\/wp\/v2\/pages\/89","targetHints":{"allow":["GET"]}}],"collection":[{"href":"https:\/\/menshen.com\/de\/wp-json\/wp\/v2\/pages"}],"about":[{"href":"https:\/\/menshen.com\/de\/wp-json\/wp\/v2\/types\/page"}],"author":[{"embeddable":true,"href":"https:\/\/menshen.com\/de\/wp-json\/wp\/v2\/users\/5"}],"replies":[{"embeddable":true,"href":"https:\/\/menshen.com\/de\/wp-json\/wp\/v2\/comments?post=89"}],"version-history":[{"count":6,"href":"https:\/\/menshen.com\/de\/wp-json\/wp\/v2\/pages\/89\/revisions"}],"predecessor-version":[{"id":14061,"href":"https:\/\/menshen.com\/de\/wp-json\/wp\/v2\/pages\/89\/revisions\/14061"}],"up":[{"embeddable":true,"href":"https:\/\/menshen.com\/de\/wp-json\/wp\/v2\/pages\/2"}],"wp:attachment":[{"href":"https:\/\/menshen.com\/de\/wp-json\/wp\/v2\/media?parent=89"}],"curies":[{"name":"wp","href":"https:\/\/api.w.org\/{rel}","templated":true}]}}