{"id":5473,"date":"2021-12-15T09:38:47","date_gmt":"2021-12-15T08:38:47","guid":{"rendered":"https:\/\/new.menshen.com\/cumplimiento\/"},"modified":"2025-11-26T16:47:13","modified_gmt":"2025-11-26T15:47:13","slug":"cumplimiento","status":"publish","type":"page","link":"https:\/\/menshen.com\/es\/empresa\/cumplimiento\/","title":{"rendered":"Cumplimiento"},"content":{"rendered":"\r\n<div id=\"men-block-block_93fca797edb8e849220f2dfbbbcb2e55\" class=\"container px-0 men-block men-header\">\r\n    <div class=\"row\">\r\n        <div class=\"col\">\r\n            <div class=\"cover\">\r\n                                    <img loading=\"lazy\" decoding=\"async\" width=\"2560\" height=\"1008\" src=\"https:\/\/menshen.com\/wp-content\/uploads\/2021\/09\/20210914_Menshen_Header_Geschichte_V2-scaled.jpg\" class=\"attachment-full size-full\" alt=\"\" srcset=\"https:\/\/menshen.com\/wp-content\/uploads\/2021\/09\/20210914_Menshen_Header_Geschichte_V2-scaled.jpg 2560w, https:\/\/menshen.com\/wp-content\/uploads\/2021\/09\/20210914_Menshen_Header_Geschichte_V2-300x118.jpg 300w, https:\/\/menshen.com\/wp-content\/uploads\/2021\/09\/20210914_Menshen_Header_Geschichte_V2-scaled-600x236.jpg 600w, https:\/\/menshen.com\/wp-content\/uploads\/2021\/09\/20210914_Menshen_Header_Geschichte_V2-1024x403.jpg 1024w, https:\/\/menshen.com\/wp-content\/uploads\/2021\/09\/20210914_Menshen_Header_Geschichte_V2-768x302.jpg 768w, https:\/\/menshen.com\/wp-content\/uploads\/2021\/09\/20210914_Menshen_Header_Geschichte_V2-1536x605.jpg 1536w, https:\/\/menshen.com\/wp-content\/uploads\/2021\/09\/20210914_Menshen_Header_Geschichte_V2-2048x806.jpg 2048w\" sizes=\"auto, (max-width: 2560px) 100vw, 2560px\" \/>                \r\n                <div class=\"layer\" style=\"background-image: url('https:\/\/menshen.com\/wp-content\/themes\/menshen\/assets\/header-layer\/Verlauf_05.svg')\">\r\n                                    <\/div>\r\n            <\/div>\r\n\r\n            <div class=\"text\">\r\n                <h1>\r\n                    <strong>Compliance<\/strong><br>\r\n                                    <\/h1>\r\n            <\/div>\r\n        <\/div>\r\n    <\/div>\r\n<\/div>\r\n\n\n\n<div style=\"height:100px\" aria-hidden=\"true\" class=\"wp-block-spacer\"><\/div>\n\n\n\n<h1 class=\"wp-block-heading\">Cumplimiento y C\u00f3digo de conducta <\/h1>\n\n\n\n<p>Responsabilidad empresarial e integridad son pilares irrevocables de nuestra filosof\u00eda de empresa. Adem\u00e1s, somos conscientes de nuestra responsabilidad social y \u00e9tica, asociada a nuestras acciones empresariales. De acuerdo con y en cumplimiento de las leyes, las normas y la regulaci\u00f3n aplicables a nivel internacional, as\u00ed como nuestras directrices internas en cuanto a acci\u00f3n, aspiramos a construir y a vivir en una cultura basada en la confianza tanto a nivel interno como externo. Dicho cumplimiento es en consecuencia, prioritario para la familia propietaria y para todos los empleados del grupo MENSHEN. Confiamos en el apoyo de nuestro clientes*, proveedores, socios* y otras partes interesadas, porque s\u00f3lo juntos podemos asegurar su completo cumplimiento.<\/p>\n\n\n\n<h2 class=\"wp-block-heading\">C\u00f3digo de conducta: Compromiso \u2013 A largo plazo \u2013 Seguridad<\/h2>\n\n\n\n<p>Nuestro c\u00f3digo de conducta, revisado por completo en 2021, nos permite cumplir nuestras propias expectativas y las de terceros, con las que trabajamos, porque respeto y confianza mutuos determinan la relaci\u00f3n entre nuestros socios y nosotros. De dicha manera, apoyamos el compromiso, la longevidad y la seguridad. No toleramos ninguna violaci\u00f3n de la ley y no toleramos de ninguna manera el acoso ni la discriminaci\u00f3n. Respetamos los derechos humanos, independientemente del pa\u00eds en el que operemos. Es responsabilidad de todos y cada uno de los empleados* cumplir las leyes vigentes. Nuestro C\u00f3digo de conducta nos ayuda a asegurar la obtenci\u00f3n de los m\u00e1s altos niveles de excelencia. Se ha desarrollado dicha pol\u00edtica y los valores que describe, en colaboraci\u00f3n con nuestros empleados* en todas las filiales y divisiones, y se han establecido y formulado con la estrecha cooperaci\u00f3n de nuestros directivos de conformidad. Refleja nuestro compromiso y los valores de nuestra empresa: responsabilidad, integridad, mutabilidad, actuaci\u00f3n, pero sobretodo, \u00a1nuestro aprecio y respeto por el mundo en el que vivimos y por todas y cada una de las personas!<\/p>\n\n\n\n<h2 class=\"wp-block-heading\">Directivos de conformidad como personas de contacto<\/h2>\n\n\n\n<p>Hemos nombrado a los directivos de conformidad, para que los empleados* y las personas interesadas puedan pedirles consejo o informarles del incumplimiento del C\u00f3digo de conducta. Animamos a que todos busquen ayuda tan pronto como les resulte necesaria y que informen de cualquier violaci\u00f3n, por inter\u00e9s propio, que hayan podido identificar. A nivel interno, el supervisor* o un directivo puede aconsejar o referirse al empleado* de la oficina en cuesti\u00f3n \u2013siempre hay alguien que pueda ayudar. A nivel externo, por favor contacten con la persona de la lista que presentamos a continuaci\u00f3n. Les podemos asegurar que todos los informes se tratan de forma confidencial.<\/p>\n\n\n\n<p>Se puede contactar in situ, a trav\u00e9s de otros canales o de forma an\u00f3nima. Pueden enviar por correo electr\u00f3nico, cualquier informaci\u00f3n, informe de anomal\u00edas y sugerencias para mejorar o si se han dado posibles violaciones de la ley, de la regulaci\u00f3n y de nuestras directrices internas, as\u00ed como informaci\u00f3n para perfeccionar las regulaciones\/directrices, a la siguiente direcci\u00f3n: <a href=\"mailto:compliance@menshen.com\">compliance@menshen.com<\/a><\/p>\n\n\n\n<h2 class=\"wp-block-heading\">A continuaci\u00f3n, les ofrecemos las versiones (en diferentes idiomas) de nuestro C\u00f3digo de conducta para que puedan descarg\u00e1rselo:<\/h2>\n\n\n\n<div class=\"wp-block-media-text alignwide is-stacked-on-mobile men-max-w\" style=\"grid-template-columns:22% auto\"><figure class=\"wp-block-media-text__media\"><img loading=\"lazy\" decoding=\"async\" width=\"212\" height=\"300\" src=\"https:\/\/new.menshen.com\/wp-content\/uploads\/2022\/02\/Code-of-Conduct_DE_klein.jpg\" alt=\"\" class=\"wp-image-4104 size-full\"\/><\/figure><div class=\"wp-block-media-text__content\">\n<ul class=\"wp-block-list\">\n<li><a href=\"https:\/\/new.menshen.com\/wp-content\/uploads\/2025\/04\/Menshen-Code-of-Conduct-2025-DE.pdf\">Code of Conduct como PDF, DE<\/a><\/li>\n\n\n\n<li><a href=\"https:\/\/new.menshen.com\/wp-content\/uploads\/2025\/04\/Menshen-Code-of-Conduct-2025-UK.pdf\">Code of Conduct como PDF, UK<\/a><\/li>\n\n\n\n<li><a href=\"https:\/\/new.menshen.com\/wp-content\/uploads\/2025\/05\/Menshen_CoC_2025_01_01_FR.pdf\">Code of Conduct como PDF, FR<\/a><\/li>\n\n\n\n<li><a href=\"https:\/\/new.menshen.com\/wp-content\/uploads\/2025\/05\/Menshen_CoC_2025_01_01_IT.pdf\">Code of Conduct como PDF, IT<\/a><\/li>\n\n\n\n<li><a href=\"https:\/\/new.menshen.com\/wp-content\/uploads\/2025\/05\/Menshen_CoC_2025_01_01_CN.pdf\">Code of Conduct como PDF, CN<\/a><\/li>\n\n\n\n<li><a href=\"https:\/\/new.menshen.com\/wp-content\/uploads\/2025\/05\/Menshen_CoC_2025_01_01_RS.pdf\">Code of Conduct como PDF, RS<\/a><\/li>\n\n\n\n<li><a href=\"https:\/\/new.menshen.com\/wp-content\/uploads\/2025\/05\/Menshen_CoC_2025_01_01_RU.pdf\">Code of Conduct como PDF, RU<\/a><\/li>\n\n\n\n<li><a href=\"https:\/\/new.menshen.com\/wp-content\/uploads\/2025\/07\/Menshen_CoC_2025_01_01_CO.pdf\">Code of Conduct como PDF, CO<\/a><\/li>\n\n\n\n<li><a href=\"https:\/\/new.menshen.com\/wp-content\/uploads\/2025\/07\/Menshen_CoC_2025_01_01_ES.pdf\">Code of Conduct como PDF, ES<\/a><\/li>\n\n\n\n<li><a href=\"https:\/\/new.menshen.com\/wp-content\/uploads\/2025\/07\/Menshen_CoC_2025_01_01_MX.pdf\">Code of Conduct como PDF, MX<\/a><\/li>\n<\/ul>\n<\/div><\/div>\n\n\n\n<p><\/p>\n\n\n\n<h2 class=\"wp-block-heading\"><a href=\"https:\/\/compliance.lukadgroup.com\/\" target=\"_blank\" rel=\"noreferrer noopener nofollow\">Informar de un caso de cumplimiento<\/a><\/h2>\n\n\n\n<p><strong>Informaci\u00f3n para Informantes como PDF<\/strong><\/p>\n\n\n\n<ul class=\"wp-block-list\">\n<li><strong><a href=\"https:\/\/new.menshen.com\/wp-content\/uploads\/2025\/11\/M01_PI_03_AP_23_Informacion_Informantes_Menshen_Iber_ES-2025-11.pdf\">Informacion Informantes Menshen Iber ES ES<\/a><\/strong><\/li>\n\n\n\n<li><strong><a href=\"https:\/\/new.menshen.com\/wp-content\/uploads\/2025\/11\/M01_PI_03_AP_23_Information_Informants_Menshen_Iber_EN-2025-11.pdf\">Information Informantes Menshen Iber ES EN<\/a><\/strong><\/li>\n<\/ul>\n\n\n\n<ul class=\"wp-block-list\">\n<li><a href=\"https:\/\/new.menshen.com\/wp-content\/uploads\/2025\/11\/M01_PI_03_AP_01_Information_Informants_INT_EN-2025-11.pdf\">Informaci\u00f3n para Informantes como PDF EN<\/a><\/li>\n\n\n\n<li><a href=\"https:\/\/new.menshen.com\/wp-content\/uploads\/2025\/11\/M01_PI_03_AP_01_Informationen_Hinweisgeber_INT_DE-2025-11.pdf\">Informaci\u00f3n para Informantes como PDF DE<\/a><\/li>\n\n\n\n<li><a href=\"https:\/\/new.menshen.com\/wp-content\/uploads\/2025\/11\/M01_PI_03_AP_01_Informacion_Informantes_INT_ES-2025-11.pdf\">Informaci\u00f3n para Informantes como PDF ES<\/a><\/li>\n\n\n\n<li><a href=\"https:\/\/new.menshen.com\/wp-content\/uploads\/2024\/05\/M01_PI_03_AP_01_Information_Informants_INT_CN.pdf\">Informaci\u00f3n para Informantes como PDF CN<\/a><\/li>\n\n\n\n<li><a href=\"https:\/\/new.menshen.com\/wp-content\/uploads\/2025\/11\/M01_PI_03_AP_01_Information_Informants_INT_RU-2025-11.pdf\">Informaci\u00f3n para Informantes como PDF RU<\/a><\/li>\n\n\n\n<li><a href=\"https:\/\/new.menshen.com\/wp-content\/uploads\/2024\/05\/M01_PI_03_AP_01_Information_Informants_INT_RS.pdf\">Informaci\u00f3n para Informantes como PDF RS<\/a><\/li>\n<\/ul>\n\n\n\n<p><\/p>\n\n\n\n<div style=\"height:60px\" aria-hidden=\"true\" class=\"wp-block-spacer\"><\/div>\n\n\n\n<div class=\"wp-block-columns is-layout-flex wp-container-core-columns-is-layout-28f84493 wp-block-columns-is-layout-flex\">\n<div class=\"wp-block-column men-max-w has-ast-global-color-4-background-color has-background is-layout-flow wp-block-column-is-layout-flow\">\n<h3 class=\"wp-block-heading\">Persona de contacto<\/h3>\n\n\n\n<figure class=\"wp-block-image size-full is-resized\"><img loading=\"lazy\" decoding=\"async\" width=\"900\" height=\"900\" src=\"https:\/\/new.menshen.com\/wp-content\/uploads\/2022\/03\/Kaldeberg_Hans-Peter_quadratisch_900x900-1.jpg\" alt=\"\" class=\"wp-image-4307\" style=\"width:209px;height:209px\" srcset=\"https:\/\/menshen.com\/wp-content\/uploads\/2022\/03\/Kaldeberg_Hans-Peter_quadratisch_900x900-1.jpg 900w, https:\/\/menshen.com\/wp-content\/uploads\/2022\/03\/Kaldeberg_Hans-Peter_quadratisch_900x900-1-300x300.jpg 300w, https:\/\/menshen.com\/wp-content\/uploads\/2022\/03\/Kaldeberg_Hans-Peter_quadratisch_900x900-1-150x150.jpg 150w, https:\/\/menshen.com\/wp-content\/uploads\/2022\/03\/Kaldeberg_Hans-Peter_quadratisch_900x900-1-768x768.jpg 768w, https:\/\/menshen.com\/wp-content\/uploads\/2022\/03\/Kaldeberg_Hans-Peter_quadratisch_900x900-1-600x600.jpg 600w, https:\/\/menshen.com\/wp-content\/uploads\/2022\/03\/Kaldeberg_Hans-Peter_quadratisch_900x900-1-100x100.jpg 100w\" sizes=\"auto, (max-width: 900px) 100vw, 900px\" \/><\/figure>\n\n\n\n<p><strong>Hans-Peter Kaldeberg<\/strong><br>CIMO Menshen Group<\/p>\n\n\n\n<p>Fon: +49 2721 518 250<br>Hans-Peter.Kaldeberg@menshen.com<\/p>\n<\/div>\n<\/div>\n\n\n\n<div style=\"height:80px\" aria-hidden=\"true\" class=\"wp-block-spacer\"><\/div>\n\n\n\n<div class=\"wp-block-columns is-layout-flex wp-container-core-columns-is-layout-28f84493 wp-block-columns-is-layout-flex\">\n<div class=\"wp-block-column is-layout-flow wp-block-column-is-layout-flow\" style=\"flex-basis:100%\">\n\t\t\t<div class=\"wp-block-uagb-post-grid uagb-post-grid  uagb-post__image-position-top uagb-post__image-enabled uagb-block-1c723387     uagb-post__items uagb-post__columns-3 is-grid uagb-post__columns-tablet-2 uagb-post__columns-mobile-1 uagb-post__equal-height\" data-total=\"7\" style=\"\">\n\n\t\t\t\t\t\t\t\t\t\t\t\t<article class=\"uagb-post__inner-wrap\">\t\t\t\t\t\t\t\t<div class='uagb-post__image'>\n\t\t\t\t\t\t\t\t\t<a href=\"https:\/\/menshen.com\/es\/innovacion\/exposicion-interna-produzca-sus-propias-bolsas-con-pico\/\" target=\"_self\" rel=\"bookmark noopener noreferrer\" class=\"uagb-image-ratio-inherit\"><img loading=\"lazy\" decoding=\"async\" width=\"1024\" height=\"576\" src=\"https:\/\/menshen.com\/wp-content\/uploads\/2024\/06\/dp-menshen-post-in-house-exhibition-2024-06-featured-1024x576.jpg\" class=\"attachment-large size-large\" alt=\"\" srcset=\"https:\/\/menshen.com\/wp-content\/uploads\/2024\/06\/dp-menshen-post-in-house-exhibition-2024-06-featured-1024x576.jpg 1024w, https:\/\/menshen.com\/wp-content\/uploads\/2024\/06\/dp-menshen-post-in-house-exhibition-2024-06-featured-300x169.jpg 300w, https:\/\/menshen.com\/wp-content\/uploads\/2024\/06\/dp-menshen-post-in-house-exhibition-2024-06-featured-768x432.jpg 768w, https:\/\/menshen.com\/wp-content\/uploads\/2024\/06\/dp-menshen-post-in-house-exhibition-2024-06-featured-1536x864.jpg 1536w, https:\/\/menshen.com\/wp-content\/uploads\/2024\/06\/dp-menshen-post-in-house-exhibition-2024-06-featured-600x338.jpg 600w, https:\/\/menshen.com\/wp-content\/uploads\/2024\/06\/dp-menshen-post-in-house-exhibition-2024-06-featured.jpg 1920w\" sizes=\"auto, (max-width: 1024px) 100vw, 1024px\" \/>\t\t\t\t\t<\/a>\n\t\t\t\t\t\t\t<\/div>\n\t\t\t\t\t\t<h4 class=\"uagb-post__title uagb-post__text\">\n\t\t\t\t<a href=\"https:\/\/menshen.com\/es\/innovacion\/exposicion-interna-produzca-sus-propias-bolsas-con-pico\/\" target=\"_self\" rel=\"bookmark noopener noreferrer\">Exposici\u00f3n interna: produzca sus propias bolsas con boquilla<\/a>\n\t\t\t<\/h4>\n\t\t\t\t\t\t<div class='uagb-post__text uagb-post-grid-byline'>\n\t\t\t\t\t\t\t<\/div>\n\t\t\t\t\t\t\t<div class='uagb-post__text uagb-post__excerpt'>\n\t\t\t\t\t<p>Descubra el potencial de ahorro que ofrece la producci\u00f3n propia de bolsas con boquilla. S\u00dcDPACK,&#8230;\t\t\t\t<\/div>\n\t\t\t\t\t\t<div class=\"uagb-post__text uagb-post__cta wp-block-button\">\n\t\t\t\t<a class=\"wp-block-button__link uagb-text-link\" style=\"\" href=\"https:\/\/menshen.com\/es\/innovacion\/exposicion-interna-produzca-sus-propias-bolsas-con-pico\/\" target=\"_self\" rel=\"bookmark noopener noreferrer\">Leer m\u00e1s<\/a>\n\t\t\t<\/div>\n\t\t\t\n\t\t\t\t\t\t\t\t\t<\/article>\n\t\t\t\t\t\t\t\t\t\t\t\t\t\t\t\t<article class=\"uagb-post__inner-wrap\">\t\t\t\t\t\t\t\t<div class='uagb-post__image'>\n\t\t\t\t\t\t\t\t\t<a href=\"https:\/\/menshen.com\/es\/boquillas\/envasado-plug-play-nuestros-innovadores-tapones-con-anclaje\/\" target=\"_self\" rel=\"bookmark noopener noreferrer\" class=\"uagb-image-ratio-inherit\"><img loading=\"lazy\" decoding=\"async\" width=\"1024\" height=\"546\" src=\"https:\/\/menshen.com\/wp-content\/uploads\/2024\/06\/menshen-tethered-featured-1024x546.jpg\" class=\"attachment-large size-large\" alt=\"\" srcset=\"https:\/\/menshen.com\/wp-content\/uploads\/2024\/06\/menshen-tethered-featured-1024x546.jpg 1024w, https:\/\/menshen.com\/wp-content\/uploads\/2024\/06\/menshen-tethered-featured-300x160.jpg 300w, https:\/\/menshen.com\/wp-content\/uploads\/2024\/06\/menshen-tethered-featured-768x410.jpg 768w, https:\/\/menshen.com\/wp-content\/uploads\/2024\/06\/menshen-tethered-featured-1536x819.jpg 1536w, https:\/\/menshen.com\/wp-content\/uploads\/2024\/06\/menshen-tethered-featured-600x320.jpg 600w, https:\/\/menshen.com\/wp-content\/uploads\/2024\/06\/menshen-tethered-featured.jpg 1920w\" sizes=\"auto, (max-width: 1024px) 100vw, 1024px\" \/>\t\t\t\t\t<\/a>\n\t\t\t\t\t\t\t<\/div>\n\t\t\t\t\t\t<h4 class=\"uagb-post__title uagb-post__text\">\n\t\t\t\t<a href=\"https:\/\/menshen.com\/es\/boquillas\/envasado-plug-play-nuestros-innovadores-tapones-con-anclaje\/\" target=\"_self\" rel=\"bookmark noopener noreferrer\">Envasado Plug &amp; Play: Nuestros innovadores tapones con anclaje<\/a>\n\t\t\t<\/h4>\n\t\t\t\t\t\t<div class='uagb-post__text uagb-post-grid-byline'>\n\t\t\t\t\t\t\t<\/div>\n\t\t\t\t\t\t\t<div class='uagb-post__text uagb-post__excerpt'>\n\t\t\t\t\t<p>En MENSHEN, nos dedicamos a crear soluciones de envasado que no s\u00f3lo mejoran la experiencia&#8230;\t\t\t\t<\/div>\n\t\t\t\t\t\t<div class=\"uagb-post__text uagb-post__cta wp-block-button\">\n\t\t\t\t<a class=\"wp-block-button__link uagb-text-link\" style=\"\" href=\"https:\/\/menshen.com\/es\/boquillas\/envasado-plug-play-nuestros-innovadores-tapones-con-anclaje\/\" target=\"_self\" rel=\"bookmark noopener noreferrer\">Leer m\u00e1s<\/a>\n\t\t\t<\/div>\n\t\t\t\n\t\t\t\t\t\t\t\t\t<\/article>\n\t\t\t\t\t\t\t\t\t\t\t\t\t\t\t\t<article class=\"uagb-post__inner-wrap\">\t\t\t\t\t\t\t\t<div class='uagb-post__image'>\n\t\t\t\t\t\t\t\t\t<a href=\"https:\/\/menshen.com\/es\/empresa\/menshen-galardonada-ihk-lider-del-mercado-mundial\/\" target=\"_self\" rel=\"bookmark noopener noreferrer\" class=\"uagb-image-ratio-inherit\"><img loading=\"lazy\" decoding=\"async\" width=\"1024\" height=\"576\" src=\"https:\/\/menshen.com\/wp-content\/uploads\/2024\/03\/menshen-post-awarded-ihk-world-market-leader-1920x1080-1-1024x576.jpg\" class=\"attachment-large size-large\" alt=\"\" srcset=\"https:\/\/menshen.com\/wp-content\/uploads\/2024\/03\/menshen-post-awarded-ihk-world-market-leader-1920x1080-1-1024x576.jpg 1024w, https:\/\/menshen.com\/wp-content\/uploads\/2024\/03\/menshen-post-awarded-ihk-world-market-leader-1920x1080-1-300x169.jpg 300w, https:\/\/menshen.com\/wp-content\/uploads\/2024\/03\/menshen-post-awarded-ihk-world-market-leader-1920x1080-1-768x432.jpg 768w, https:\/\/menshen.com\/wp-content\/uploads\/2024\/03\/menshen-post-awarded-ihk-world-market-leader-1920x1080-1-1536x864.jpg 1536w, https:\/\/menshen.com\/wp-content\/uploads\/2024\/03\/menshen-post-awarded-ihk-world-market-leader-1920x1080-1-600x338.jpg 600w, https:\/\/menshen.com\/wp-content\/uploads\/2024\/03\/menshen-post-awarded-ihk-world-market-leader-1920x1080-1.jpg 1920w\" sizes=\"auto, (max-width: 1024px) 100vw, 1024px\" \/>\t\t\t\t\t<\/a>\n\t\t\t\t\t\t\t<\/div>\n\t\t\t\t\t\t<h4 class=\"uagb-post__title uagb-post__text\">\n\t\t\t\t<a href=\"https:\/\/menshen.com\/es\/empresa\/menshen-galardonada-ihk-lider-del-mercado-mundial\/\" target=\"_self\" rel=\"bookmark noopener noreferrer\">Menshen galardonada IHK l\u00edder del mercado mundial<\/a>\n\t\t\t<\/h4>\n\t\t\t\t\t\t<div class='uagb-post__text uagb-post-grid-byline'>\n\t\t\t\t\t\t\t<\/div>\n\t\t\t\t\t\t\t<div class='uagb-post__text uagb-post__excerpt'>\n\t\t\t\t\t<p>Foto ceremonia de entrega de premios, fuente: IHK Arnsberg Hagen Siegen MENSHEN ha sido galardonada&#8230;\t\t\t\t<\/div>\n\t\t\t\t\t\t<div class=\"uagb-post__text uagb-post__cta wp-block-button\">\n\t\t\t\t<a class=\"wp-block-button__link uagb-text-link\" style=\"\" href=\"https:\/\/menshen.com\/es\/empresa\/menshen-galardonada-ihk-lider-del-mercado-mundial\/\" target=\"_self\" rel=\"bookmark noopener noreferrer\">Leer m\u00e1s<\/a>\n\t\t\t<\/div>\n\t\t\t\n\t\t\t\t\t\t\t\t\t<\/article>\n\t\t\t\t\t\t\t\t\t\t\t<\/div>\n\t\t\t<\/div>\n<\/div>\n","protected":false},"excerpt":{"rendered":"<p>Cumplimiento y C\u00f3digo de conducta Responsabilidad empresarial e integridad son pilares irrevocables de nuestra filosof\u00eda de empresa. Adem\u00e1s, somos conscientes de nuestra responsabilidad social y \u00e9tica, asociada a nuestras acciones empresariales. De acuerdo con y en cumplimiento de las leyes, las normas y la regulaci\u00f3n aplicables a nivel internacional, as\u00ed como nuestras directrices internas en [&hellip;]<\/p>\n","protected":false},"author":5,"featured_media":4430,"parent":5652,"menu_order":25,"comment_status":"closed","ping_status":"closed","template":"","meta":{"_acf_changed":false,"inline_featured_image":false,"_uag_custom_page_level_css":"","site-sidebar-layout":"default","site-content-layout":"default","ast-site-content-layout":"default","site-content-style":"default","site-sidebar-style":"default","ast-global-header-display":"","ast-banner-title-visibility":"","ast-main-header-display":"","ast-hfb-above-header-display":"","ast-hfb-below-header-display":"","ast-hfb-mobile-header-display":"","site-post-title":"disabled","ast-breadcrumbs-content":"","ast-featured-img":"disabled","footer-sml-layout":"","ast-disable-related-posts":"","theme-transparent-header-meta":"default","adv-header-id-meta":"","stick-header-meta":"","header-above-stick-meta":"","header-main-stick-meta":"","header-below-stick-meta":"","astra-migrate-meta-layouts":"set","ast-page-background-enabled":"default","ast-page-background-meta":{"desktop":{"background-color":"var(--ast-global-color-4)","background-image":"","background-repeat":"repeat","background-position":"center center","background-size":"auto","background-attachment":"scroll","background-type":"","background-media":"","overlay-type":"","overlay-color":"","overlay-opacity":"","overlay-gradient":""},"tablet":{"background-color":"","background-image":"","background-repeat":"repeat","background-position":"center center","background-size":"auto","background-attachment":"scroll","background-type":"","background-media":"","overlay-type":"","overlay-color":"","overlay-opacity":"","overlay-gradient":""},"mobile":{"background-color":"","background-image":"","background-repeat":"repeat","background-position":"center center","background-size":"auto","background-attachment":"scroll","background-type":"","background-media":"","overlay-type":"","overlay-color":"","overlay-opacity":"","overlay-gradient":""}},"ast-content-background-meta":{"desktop":{"background-color":"var(--ast-global-color-5)","background-image":"","background-repeat":"repeat","background-position":"center center","background-size":"auto","background-attachment":"scroll","background-type":"","background-media":"","overlay-type":"","overlay-color":"","overlay-opacity":"","overlay-gradient":""},"tablet":{"background-color":"var(--ast-global-color-5)","background-image":"","background-repeat":"repeat","background-position":"center center","background-size":"auto","background-attachment":"scroll","background-type":"","background-media":"","overlay-type":"","overlay-color":"","overlay-opacity":"","overlay-gradient":""},"mobile":{"background-color":"var(--ast-global-color-5)","background-image":"","background-repeat":"repeat","background-position":"center center","background-size":"auto","background-attachment":"scroll","background-type":"","background-media":"","overlay-type":"","overlay-color":"","overlay-opacity":"","overlay-gradient":""}},"footnotes":""},"class_list":["post-5473","page","type-page","status-publish","has-post-thumbnail","hentry"],"acf":[],"uagb_featured_image_src":{"full":["https:\/\/menshen.com\/wp-content\/uploads\/2021\/09\/Historie.jpg",960,540,false],"thumbnail":["https:\/\/menshen.com\/wp-content\/uploads\/2021\/09\/Historie-150x150.jpg",150,150,true],"medium":["https:\/\/menshen.com\/wp-content\/uploads\/2021\/09\/Historie-300x169.jpg",300,169,true],"medium_large":["https:\/\/menshen.com\/wp-content\/uploads\/2021\/09\/Historie-768x432.jpg",768,432,true],"large":["https:\/\/menshen.com\/wp-content\/uploads\/2021\/09\/Historie.jpg",960,540,false],"1536x1536":["https:\/\/menshen.com\/wp-content\/uploads\/2021\/09\/Historie.jpg",960,540,false],"2048x2048":["https:\/\/menshen.com\/wp-content\/uploads\/2021\/09\/Historie.jpg",960,540,false],"woocommerce_thumbnail":["https:\/\/menshen.com\/wp-content\/uploads\/2021\/09\/Historie-300x169.jpg",300,169,true],"woocommerce_single":["https:\/\/menshen.com\/wp-content\/uploads\/2021\/09\/Historie-600x338.jpg",600,338,true],"woocommerce_gallery_thumbnail":["https:\/\/menshen.com\/wp-content\/uploads\/2021\/09\/Historie-100x100.jpg",100,100,true]},"uagb_author_info":{"display_name":"Menshen","author_link":"https:\/\/menshen.com\/es\/author\/cnoeh\/"},"uagb_comment_info":0,"uagb_excerpt":"Cumplimiento y C\u00f3digo de conducta Responsabilidad empresarial e integridad son pilares irrevocables de nuestra filosof\u00eda de empresa. Adem\u00e1s, somos conscientes de nuestra responsabilidad social y \u00e9tica, asociada a nuestras acciones empresariales. De acuerdo con y en cumplimiento de las leyes, las normas y la regulaci\u00f3n aplicables a nivel internacional, as\u00ed como nuestras directrices internas en&hellip;","_links":{"self":[{"href":"https:\/\/menshen.com\/es\/wp-json\/wp\/v2\/pages\/5473","targetHints":{"allow":["GET"]}}],"collection":[{"href":"https:\/\/menshen.com\/es\/wp-json\/wp\/v2\/pages"}],"about":[{"href":"https:\/\/menshen.com\/es\/wp-json\/wp\/v2\/types\/page"}],"author":[{"embeddable":true,"href":"https:\/\/menshen.com\/es\/wp-json\/wp\/v2\/users\/5"}],"replies":[{"embeddable":true,"href":"https:\/\/menshen.com\/es\/wp-json\/wp\/v2\/comments?post=5473"}],"version-history":[{"count":5,"href":"https:\/\/menshen.com\/es\/wp-json\/wp\/v2\/pages\/5473\/revisions"}],"predecessor-version":[{"id":14007,"href":"https:\/\/menshen.com\/es\/wp-json\/wp\/v2\/pages\/5473\/revisions\/14007"}],"up":[{"embeddable":true,"href":"https:\/\/menshen.com\/es\/wp-json\/wp\/v2\/pages\/5652"}],"wp:featuredmedia":[{"embeddable":true,"href":"https:\/\/menshen.com\/es\/wp-json\/wp\/v2\/media\/4430"}],"wp:attachment":[{"href":"https:\/\/menshen.com\/es\/wp-json\/wp\/v2\/media?parent=5473"}],"curies":[{"name":"wp","href":"https:\/\/api.w.org\/{rel}","templated":true}]}}