{"id":5479,"date":"2021-09-09T15:38:11","date_gmt":"2021-09-09T13:38:11","guid":{"rendered":"https:\/\/new.menshen.com\/presencia-mundial\/"},"modified":"2026-01-20T15:59:11","modified_gmt":"2026-01-20T14:59:11","slug":"presencia-mundial","status":"publish","type":"page","link":"https:\/\/menshen.com\/es\/empresa\/presencia-mundial\/","title":{"rendered":"Presencia mundial"},"content":{"rendered":"\r\n<div id=\"men-block-block_543d9c66daaa5853b19f72e4aafaeca3\" class=\"container px-0 men-block men-header\">\r\n    <div class=\"row\">\r\n        <div class=\"col\">\r\n            <div class=\"cover\">\r\n                                    <img loading=\"lazy\" decoding=\"async\" width=\"2560\" height=\"1008\" src=\"https:\/\/menshen.com\/wp-content\/uploads\/2021\/09\/20210914_Menshen_Header_Geschichte_V2-scaled.jpg\" class=\"attachment-full size-full\" alt=\"\" srcset=\"https:\/\/menshen.com\/wp-content\/uploads\/2021\/09\/20210914_Menshen_Header_Geschichte_V2-scaled.jpg 2560w, https:\/\/menshen.com\/wp-content\/uploads\/2021\/09\/20210914_Menshen_Header_Geschichte_V2-300x118.jpg 300w, https:\/\/menshen.com\/wp-content\/uploads\/2021\/09\/20210914_Menshen_Header_Geschichte_V2-scaled-600x236.jpg 600w, https:\/\/menshen.com\/wp-content\/uploads\/2021\/09\/20210914_Menshen_Header_Geschichte_V2-1024x403.jpg 1024w, https:\/\/menshen.com\/wp-content\/uploads\/2021\/09\/20210914_Menshen_Header_Geschichte_V2-768x302.jpg 768w, https:\/\/menshen.com\/wp-content\/uploads\/2021\/09\/20210914_Menshen_Header_Geschichte_V2-1536x605.jpg 1536w, https:\/\/menshen.com\/wp-content\/uploads\/2021\/09\/20210914_Menshen_Header_Geschichte_V2-2048x806.jpg 2048w\" sizes=\"auto, (max-width: 2560px) 100vw, 2560px\" \/>                \r\n                <div class=\"layer\" style=\"background-image: url('https:\/\/menshen.com\/wp-content\/themes\/menshen\/assets\/header-layer\/Verlauf_06.svg')\">\r\n                                    <\/div>\r\n            <\/div>\r\n\r\n            <div class=\"text\">\r\n                <h1>\r\n                    <strong>Ubicaciones<\/strong><br>\r\n                    Para usted en el sitio.                <\/h1>\r\n            <\/div>\r\n        <\/div>\r\n    <\/div>\r\n<\/div>\r\n\n\n\n<div style=\"height:80px\" aria-hidden=\"true\" class=\"wp-block-spacer\"><\/div>\n\n\n\n<p>Como grupo global y uno de los productores l\u00edderes de cierres, soluciones pl\u00e1sticas y sistemas de envasado, MENSHEN, con su sede central en Finnetrop, en la regi\u00f3n de Sauerland, est\u00e1 presente en 14 ciudades de once pa\u00edses.<\/p>\n\n\n\n<ul class=\"wp-block-list\">\n<li><a href=\"https:\/\/menshen.com\/wp-content\/uploads\/2026\/01\/M01_PI_01_AP_01_Integrierte_Management_Politik_INT_DE_O.pdf\">Pol\u00edtica de gesti\u00f3n integrada DE como PDF<\/a><\/li>\n\n\n\n<li><a href=\"https:\/\/menshen.com\/wp-content\/uploads\/2026\/01\/M01_PI_01_AP_01_Integrated_Management_Policy_INT_EN_O.pdf\">Pol\u00edtica de gesti\u00f3n integrada EN como PDF<\/a><\/li>\n\n\n\n<li><a href=\"https:\/\/menshen.com\/wp-content\/uploads\/2026\/01\/M01_PI_01_AP_01_Integrated_Management_Policy_INT_CN_O.pdf\">Pol\u00edtica de gesti\u00f3n integrada CN como PDF<\/a><\/li>\n\n\n\n<li><a href=\"https:\/\/menshen.com\/wp-content\/uploads\/2026\/01\/M01_PI_01_AP_01_Integrated_Management_Policy_INT_CO_O.pdf\">Pol\u00edtica de gesti\u00f3n integrada CO como PDF<\/a><\/li>\n\n\n\n<li><a href=\"https:\/\/menshen.com\/wp-content\/uploads\/2026\/01\/M01_PI_01_AP_01_Integrated_Management_Policy_INT_ES_O.pdf\">Pol\u00edtica de gesti\u00f3n integrada ES como PDF<\/a><\/li>\n\n\n\n<li><a href=\"https:\/\/menshen.com\/wp-content\/uploads\/2026\/01\/M01_PI_01_AP_01_Integrated_Management_Policy_INT_MX_O.pdf\">Pol\u00edtica de gesti\u00f3n integrada MX como PDF<\/a><\/li>\n\n\n\n<li><a href=\"https:\/\/menshen.com\/wp-content\/uploads\/2026\/01\/M01_PI_01_AP_01_Integrated_Management_Policy_INT_RS_O.pdf\">Pol\u00edtica de gesti\u00f3n integrada RS como PDF<\/a><\/li>\n\n\n\n<li><a href=\"https:\/\/menshen.com\/wp-content\/uploads\/2026\/01\/M01_PI_01_AP_01_Integrated_Management_Policy_INT_RU_O.pdf\">Pol\u00edtica de gesti\u00f3n integrada RU como PDF<\/a><\/li>\n<\/ul>\n\n\n\n<ul class=\"wp-block-list\">\n<li><a href=\"https:\/\/menshen.com\/wp-content\/uploads\/2026\/01\/Integriertes_Managementhandbuch_INT_DE_T.pdf\">Manual de gesti\u00f3n integrada DE como PDF<\/a><\/li>\n\n\n\n<li><a href=\"https:\/\/menshen.com\/wp-content\/uploads\/2026\/01\/Integrated_Management_Manual_INT_EN_T.pdf\">Manual de gesti\u00f3n integrada EN como PDF<\/a><\/li>\n\n\n\n<li><a href=\"https:\/\/menshen.com\/wp-content\/uploads\/2026\/01\/Integrated_Management_Manual_INT_CN_T.pdf\">Manual de gesti\u00f3n integrada CN como PDF<\/a><\/li>\n\n\n\n<li><a href=\"https:\/\/menshen.com\/wp-content\/uploads\/2026\/01\/Manual_Gestion_Integrado_INT_CO_T.pdf\">Manual de gesti\u00f3n integrada CO como PDF<\/a><\/li>\n\n\n\n<li><a href=\"https:\/\/menshen.com\/wp-content\/uploads\/2026\/01\/Manual_de_gestion_integrado_INT_ES_T.pdf\">Manual de gesti\u00f3n integrada ES como PDF<\/a><\/li>\n\n\n\n<li><a href=\"https:\/\/menshen.com\/wp-content\/uploads\/2026\/01\/Manual_Gestion_Integrado_INT_MX_T.pdf\">Manual de gesti\u00f3n integrada MX como PDF<\/a><\/li>\n\n\n\n<li><a href=\"https:\/\/menshen.com\/wp-content\/uploads\/2026\/01\/Integriertes_Managementhandbuch_INT_RS_T.pdf\">Manual de gesti\u00f3n integrada RS como PDF<\/a><\/li>\n\n\n\n<li><a href=\"https:\/\/menshen.com\/wp-content\/uploads\/2026\/01\/Integrated_Management_Manual_INT_RU_T.pdf\">Manual de gesti\u00f3n integrada RU como PDF<\/a><\/li>\n<\/ul>\n\n\n\n<p>En torno a 1.400 empleados est\u00e1n a su alcance para ayudarle \u2013en cualquier momento y en cualquier lugar. Conozca la presencia de MENSHEN a nivel global.<\/p>\n\n\n\n<h3 class=\"wp-block-heading\"><a href=\"https:\/\/new.menshen.com\/es\/alemania\/\" data-type=\"page\" data-id=\"5915\">Alemania<\/a><\/h3>\n\n\n\n<h3 class=\"wp-block-heading\"><a href=\"https:\/\/new.menshen.com\/es\/china\/\" data-type=\"page\" data-id=\"800\">China<\/a><\/h3>\n\n\n\n<h3 class=\"wp-block-heading\"><a href=\"https:\/\/new.menshen.com\/es\/colombia\/\" data-type=\"page\" data-id=\"5921\">Colombia<\/a><\/h3>\n\n\n\n<h3 class=\"wp-block-heading\"><a href=\"https:\/\/new.menshen.com\/es\/espana\/\" data-type=\"page\" data-id=\"5932\">Espana<\/a><\/h3>\n\n\n\n<h3 class=\"wp-block-heading\"><a href=\"https:\/\/new.menshen.com\/es\/estados-unidos-de-america\/\" data-type=\"page\" data-id=\"5941\">Estados Unidos<\/a><\/h3>\n\n\n\n<h3 class=\"wp-block-heading\"><a href=\"https:\/\/new.menshen.com\/es\/francia\/\" data-type=\"page\" data-id=\"5912\">Francia<\/a><\/h3>\n\n\n\n<h3 class=\"wp-block-heading\"><a href=\"https:\/\/new.menshen.com\/es\/italia\/\">Italia<\/a><\/h3>\n\n\n\n<h3 class=\"wp-block-heading\"><a href=\"https:\/\/new.menshen.com\/es\/mejico\/\" data-type=\"page\" data-id=\"827\">M\u00e9jico<\/a><\/h3>\n\n\n\n<h3 class=\"wp-block-heading\"><a href=\"https:\/\/new.menshen.com\/es\/reino-unido\/\" data-type=\"page\" data-id=\"5938\">Reino Unido<\/a><\/h3>\n\n\n\n<h3 class=\"wp-block-heading uag-hide-desktop uag-hide-tab uag-hide-mob\"><a href=\"https:\/\/new.menshen.com\/es\/rusia\/\" data-type=\"page\" data-id=\"826\">Rusia<\/a><\/h3>\n\n\n\n<h3 class=\"wp-block-heading\"><a href=\"https:\/\/new.menshen.com\/es\/serbia\/\" data-type=\"page\" data-id=\"6407\">Serbia<\/a><\/h3>\n\n\n\n<h3 class=\"wp-block-heading\"><a href=\"https:\/\/new.menshen.com\/es\/suiza\/\" data-type=\"page\" data-id=\"835\">Suiza<\/a><\/h3>\n\n\n\n<h3 class=\"wp-block-heading\"><a href=\"https:\/\/new.menshen.com\/es\/singapur\/\" data-type=\"page\" data-id=\"838\">Singapur<\/a><\/h3>\n\n\n\n<div style=\"height:80px\" aria-hidden=\"true\" class=\"wp-block-spacer\"><\/div>\n\n\n\n<div class=\"wp-block-columns is-layout-flex wp-container-core-columns-is-layout-28f84493 wp-block-columns-is-layout-flex\">\n<div class=\"wp-block-column is-layout-flow wp-block-column-is-layout-flow\" style=\"flex-basis:100%\">\n\t\t\t<div class=\"wp-block-uagb-post-grid uagb-post-grid  uagb-post__image-position-top uagb-post__image-enabled uagb-block-1c723387     uagb-post__items uagb-post__columns-3 is-grid uagb-post__columns-tablet-2 uagb-post__columns-mobile-1 uagb-post__equal-height\" data-total=\"7\" style=\"\">\n\n\t\t\t\t\t\t\t\t\t\t\t\t<article class=\"uagb-post__inner-wrap\">\t\t\t\t\t\t\t\t<div class='uagb-post__image'>\n\t\t\t\t\t\t\t\t\t<a href=\"https:\/\/menshen.com\/es\/innovacion\/exposicion-interna-produzca-sus-propias-bolsas-con-pico\/\" target=\"_self\" rel=\"bookmark noopener noreferrer\" class='uagb-image-ratio-inherit'><img loading=\"lazy\" decoding=\"async\" width=\"1024\" height=\"576\" src=\"https:\/\/menshen.com\/wp-content\/uploads\/2024\/06\/dp-menshen-post-in-house-exhibition-2024-06-featured-1024x576.jpg\" class=\"attachment-large size-large\" alt=\"\" srcset=\"https:\/\/menshen.com\/wp-content\/uploads\/2024\/06\/dp-menshen-post-in-house-exhibition-2024-06-featured-1024x576.jpg 1024w, https:\/\/menshen.com\/wp-content\/uploads\/2024\/06\/dp-menshen-post-in-house-exhibition-2024-06-featured-300x169.jpg 300w, https:\/\/menshen.com\/wp-content\/uploads\/2024\/06\/dp-menshen-post-in-house-exhibition-2024-06-featured-768x432.jpg 768w, https:\/\/menshen.com\/wp-content\/uploads\/2024\/06\/dp-menshen-post-in-house-exhibition-2024-06-featured-1536x864.jpg 1536w, https:\/\/menshen.com\/wp-content\/uploads\/2024\/06\/dp-menshen-post-in-house-exhibition-2024-06-featured-600x338.jpg 600w, https:\/\/menshen.com\/wp-content\/uploads\/2024\/06\/dp-menshen-post-in-house-exhibition-2024-06-featured.jpg 1920w\" sizes=\"auto, (max-width: 1024px) 100vw, 1024px\" \/>\t\t\t\t\t<\/a>\n\t\t\t\t\t\t\t<\/div>\n\t\t\t\t\t\t<h4 class=\"uagb-post__title uagb-post__text\">\n\t\t\t\t<a href=\"https:\/\/menshen.com\/es\/innovacion\/exposicion-interna-produzca-sus-propias-bolsas-con-pico\/\" target=\"_self\" rel=\"bookmark noopener noreferrer\">Exposici\u00f3n interna: produzca sus propias bolsas con boquilla<\/a>\n\t\t\t<\/h4>\n\t\t\t\t\t\t<div class='uagb-post__text uagb-post-grid-byline'>\n\t\t\t\t\t\t\t<\/div>\n\t\t\t\t\t\t\t<div class='uagb-post__text uagb-post__excerpt'>\n\t\t\t\t\t<p>Descubra el potencial de ahorro que ofrece la producci\u00f3n propia de bolsas con boquilla. S\u00dcDPACK,&#8230;\t\t\t\t<\/div>\n\t\t\t\t\t\t<div class=\"uagb-post__text uagb-post__cta wp-block-button\">\n\t\t\t\t<a class=\"wp-block-button__link uagb-text-link\" style=\"\" href=\"https:\/\/menshen.com\/es\/innovacion\/exposicion-interna-produzca-sus-propias-bolsas-con-pico\/\" target=\"_self\" rel=\"bookmark noopener noreferrer\">Leer m\u00e1s<\/a>\n\t\t\t<\/div>\n\t\t\t\n\t\t\t\t\t\t\t\t\t<\/article>\n\t\t\t\t\t\t\t\t\t\t\t\t\t\t\t\t<article class=\"uagb-post__inner-wrap\">\t\t\t\t\t\t\t\t<div class='uagb-post__image'>\n\t\t\t\t\t\t\t\t\t<a href=\"https:\/\/menshen.com\/es\/boquillas\/envasado-plug-play-nuestros-innovadores-tapones-con-anclaje\/\" target=\"_self\" rel=\"bookmark noopener noreferrer\" class='uagb-image-ratio-inherit'><img loading=\"lazy\" decoding=\"async\" width=\"1024\" height=\"546\" src=\"https:\/\/menshen.com\/wp-content\/uploads\/2024\/06\/menshen-tethered-featured-1024x546.jpg\" class=\"attachment-large size-large\" alt=\"\" srcset=\"https:\/\/menshen.com\/wp-content\/uploads\/2024\/06\/menshen-tethered-featured-1024x546.jpg 1024w, https:\/\/menshen.com\/wp-content\/uploads\/2024\/06\/menshen-tethered-featured-300x160.jpg 300w, https:\/\/menshen.com\/wp-content\/uploads\/2024\/06\/menshen-tethered-featured-768x410.jpg 768w, https:\/\/menshen.com\/wp-content\/uploads\/2024\/06\/menshen-tethered-featured-1536x819.jpg 1536w, https:\/\/menshen.com\/wp-content\/uploads\/2024\/06\/menshen-tethered-featured-600x320.jpg 600w, https:\/\/menshen.com\/wp-content\/uploads\/2024\/06\/menshen-tethered-featured.jpg 1920w\" sizes=\"auto, (max-width: 1024px) 100vw, 1024px\" \/>\t\t\t\t\t<\/a>\n\t\t\t\t\t\t\t<\/div>\n\t\t\t\t\t\t<h4 class=\"uagb-post__title uagb-post__text\">\n\t\t\t\t<a href=\"https:\/\/menshen.com\/es\/boquillas\/envasado-plug-play-nuestros-innovadores-tapones-con-anclaje\/\" target=\"_self\" rel=\"bookmark noopener noreferrer\">Envasado Plug &amp; Play: Nuestros innovadores tapones con anclaje<\/a>\n\t\t\t<\/h4>\n\t\t\t\t\t\t<div class='uagb-post__text uagb-post-grid-byline'>\n\t\t\t\t\t\t\t<\/div>\n\t\t\t\t\t\t\t<div class='uagb-post__text uagb-post__excerpt'>\n\t\t\t\t\t<p>En MENSHEN, nos dedicamos a crear soluciones de envasado que no s\u00f3lo mejoran la experiencia&#8230;\t\t\t\t<\/div>\n\t\t\t\t\t\t<div class=\"uagb-post__text uagb-post__cta wp-block-button\">\n\t\t\t\t<a class=\"wp-block-button__link uagb-text-link\" style=\"\" href=\"https:\/\/menshen.com\/es\/boquillas\/envasado-plug-play-nuestros-innovadores-tapones-con-anclaje\/\" target=\"_self\" rel=\"bookmark noopener noreferrer\">Leer m\u00e1s<\/a>\n\t\t\t<\/div>\n\t\t\t\n\t\t\t\t\t\t\t\t\t<\/article>\n\t\t\t\t\t\t\t\t\t\t\t\t\t\t\t\t<article class=\"uagb-post__inner-wrap\">\t\t\t\t\t\t\t\t<div class='uagb-post__image'>\n\t\t\t\t\t\t\t\t\t<a href=\"https:\/\/menshen.com\/es\/empresa\/menshen-galardonada-ihk-lider-del-mercado-mundial\/\" target=\"_self\" rel=\"bookmark noopener noreferrer\" class='uagb-image-ratio-inherit'><img loading=\"lazy\" decoding=\"async\" width=\"1024\" height=\"576\" src=\"https:\/\/menshen.com\/wp-content\/uploads\/2024\/03\/menshen-post-awarded-ihk-world-market-leader-1920x1080-1-1024x576.jpg\" class=\"attachment-large size-large\" alt=\"\" srcset=\"https:\/\/menshen.com\/wp-content\/uploads\/2024\/03\/menshen-post-awarded-ihk-world-market-leader-1920x1080-1-1024x576.jpg 1024w, https:\/\/menshen.com\/wp-content\/uploads\/2024\/03\/menshen-post-awarded-ihk-world-market-leader-1920x1080-1-300x169.jpg 300w, https:\/\/menshen.com\/wp-content\/uploads\/2024\/03\/menshen-post-awarded-ihk-world-market-leader-1920x1080-1-768x432.jpg 768w, https:\/\/menshen.com\/wp-content\/uploads\/2024\/03\/menshen-post-awarded-ihk-world-market-leader-1920x1080-1-1536x864.jpg 1536w, https:\/\/menshen.com\/wp-content\/uploads\/2024\/03\/menshen-post-awarded-ihk-world-market-leader-1920x1080-1-600x338.jpg 600w, https:\/\/menshen.com\/wp-content\/uploads\/2024\/03\/menshen-post-awarded-ihk-world-market-leader-1920x1080-1.jpg 1920w\" sizes=\"auto, (max-width: 1024px) 100vw, 1024px\" \/>\t\t\t\t\t<\/a>\n\t\t\t\t\t\t\t<\/div>\n\t\t\t\t\t\t<h4 class=\"uagb-post__title uagb-post__text\">\n\t\t\t\t<a href=\"https:\/\/menshen.com\/es\/empresa\/menshen-galardonada-ihk-lider-del-mercado-mundial\/\" target=\"_self\" rel=\"bookmark noopener noreferrer\">Menshen galardonada IHK l\u00edder del mercado mundial<\/a>\n\t\t\t<\/h4>\n\t\t\t\t\t\t<div class='uagb-post__text uagb-post-grid-byline'>\n\t\t\t\t\t\t\t<\/div>\n\t\t\t\t\t\t\t<div class='uagb-post__text uagb-post__excerpt'>\n\t\t\t\t\t<p>Foto ceremonia de entrega de premios, fuente: IHK Arnsberg Hagen Siegen MENSHEN ha sido galardonada&#8230;\t\t\t\t<\/div>\n\t\t\t\t\t\t<div class=\"uagb-post__text uagb-post__cta wp-block-button\">\n\t\t\t\t<a class=\"wp-block-button__link uagb-text-link\" style=\"\" href=\"https:\/\/menshen.com\/es\/empresa\/menshen-galardonada-ihk-lider-del-mercado-mundial\/\" target=\"_self\" rel=\"bookmark noopener noreferrer\">Leer m\u00e1s<\/a>\n\t\t\t<\/div>\n\t\t\t\n\t\t\t\t\t\t\t\t\t<\/article>\n\t\t\t\t\t\t\t\t\t\t\t<\/div>\n\t\t\t<\/div>\n<\/div>\n","protected":false},"excerpt":{"rendered":"<p>Como grupo global y uno de los productores l\u00edderes de cierres, soluciones pl\u00e1sticas y sistemas de envasado, MENSHEN, con su sede central en Finnetrop, en la regi\u00f3n de Sauerland, est\u00e1 presente en 14 ciudades de once pa\u00edses. En torno a 1.400 empleados est\u00e1n a su alcance para ayudarle \u2013en cualquier momento y en cualquier lugar. [&hellip;]<\/p>\n","protected":false},"author":5,"featured_media":0,"parent":5652,"menu_order":30,"comment_status":"closed","ping_status":"closed","template":"","meta":{"_acf_changed":false,"inline_featured_image":false,"_uag_custom_page_level_css":"","site-sidebar-layout":"default","site-content-layout":"default","ast-site-content-layout":"default","site-content-style":"default","site-sidebar-style":"default","ast-global-header-display":"","ast-banner-title-visibility":"","ast-main-header-display":"","ast-hfb-above-header-display":"","ast-hfb-below-header-display":"","ast-hfb-mobile-header-display":"","site-post-title":"disabled","ast-breadcrumbs-content":"","ast-featured-img":"disabled","footer-sml-layout":"","ast-disable-related-posts":"","theme-transparent-header-meta":"default","adv-header-id-meta":"","stick-header-meta":"","header-above-stick-meta":"","header-main-stick-meta":"","header-below-stick-meta":"","astra-migrate-meta-layouts":"set","ast-page-background-enabled":"default","ast-page-background-meta":{"desktop":{"background-color":"var(--ast-global-color-4)","background-image":"","background-repeat":"repeat","background-position":"center center","background-size":"auto","background-attachment":"scroll","background-type":"","background-media":"","overlay-type":"","overlay-color":"","overlay-opacity":"","overlay-gradient":""},"tablet":{"background-color":"","background-image":"","background-repeat":"repeat","background-position":"center center","background-size":"auto","background-attachment":"scroll","background-type":"","background-media":"","overlay-type":"","overlay-color":"","overlay-opacity":"","overlay-gradient":""},"mobile":{"background-color":"","background-image":"","background-repeat":"repeat","background-position":"center center","background-size":"auto","background-attachment":"scroll","background-type":"","background-media":"","overlay-type":"","overlay-color":"","overlay-opacity":"","overlay-gradient":""}},"ast-content-background-meta":{"desktop":{"background-color":"var(--ast-global-color-5)","background-image":"","background-repeat":"repeat","background-position":"center center","background-size":"auto","background-attachment":"scroll","background-type":"","background-media":"","overlay-type":"","overlay-color":"","overlay-opacity":"","overlay-gradient":""},"tablet":{"background-color":"var(--ast-global-color-5)","background-image":"","background-repeat":"repeat","background-position":"center center","background-size":"auto","background-attachment":"scroll","background-type":"","background-media":"","overlay-type":"","overlay-color":"","overlay-opacity":"","overlay-gradient":""},"mobile":{"background-color":"var(--ast-global-color-5)","background-image":"","background-repeat":"repeat","background-position":"center center","background-size":"auto","background-attachment":"scroll","background-type":"","background-media":"","overlay-type":"","overlay-color":"","overlay-opacity":"","overlay-gradient":""}},"footnotes":""},"class_list":["post-5479","page","type-page","status-publish","hentry"],"acf":[],"uagb_featured_image_src":{"full":false,"thumbnail":false,"medium":false,"medium_large":false,"large":false,"1536x1536":false,"2048x2048":false,"woocommerce_thumbnail":false,"woocommerce_single":false,"woocommerce_gallery_thumbnail":false},"uagb_author_info":{"display_name":"Menshen","author_link":"https:\/\/menshen.com\/es\/author\/cnoeh\/"},"uagb_comment_info":0,"uagb_excerpt":"Como grupo global y uno de los productores l\u00edderes de cierres, soluciones pl\u00e1sticas y sistemas de envasado, MENSHEN, con su sede central en Finnetrop, en la regi\u00f3n de Sauerland, est\u00e1 presente en 14 ciudades de once pa\u00edses. En torno a 1.400 empleados est\u00e1n a su alcance para ayudarle \u2013en cualquier momento y en cualquier lugar.&hellip;","_links":{"self":[{"href":"https:\/\/menshen.com\/es\/wp-json\/wp\/v2\/pages\/5479","targetHints":{"allow":["GET"]}}],"collection":[{"href":"https:\/\/menshen.com\/es\/wp-json\/wp\/v2\/pages"}],"about":[{"href":"https:\/\/menshen.com\/es\/wp-json\/wp\/v2\/types\/page"}],"author":[{"embeddable":true,"href":"https:\/\/menshen.com\/es\/wp-json\/wp\/v2\/users\/5"}],"replies":[{"embeddable":true,"href":"https:\/\/menshen.com\/es\/wp-json\/wp\/v2\/comments?post=5479"}],"version-history":[{"count":4,"href":"https:\/\/menshen.com\/es\/wp-json\/wp\/v2\/pages\/5479\/revisions"}],"predecessor-version":[{"id":14071,"href":"https:\/\/menshen.com\/es\/wp-json\/wp\/v2\/pages\/5479\/revisions\/14071"}],"up":[{"embeddable":true,"href":"https:\/\/menshen.com\/es\/wp-json\/wp\/v2\/pages\/5652"}],"wp:attachment":[{"href":"https:\/\/menshen.com\/es\/wp-json\/wp\/v2\/media?parent=5479"}],"curies":[{"name":"wp","href":"https:\/\/api.w.org\/{rel}","templated":true}]}}