{"id":5685,"date":"2021-09-09T16:13:08","date_gmt":"2021-09-09T14:13:08","guid":{"rendered":"https:\/\/new.menshen.com\/?page_id=5685"},"modified":"2025-09-23T09:22:51","modified_gmt":"2025-09-23T07:22:51","slug":"soluciones-sistematicas","status":"publish","type":"page","link":"https:\/\/menshen.com\/es\/portafolio\/soluciones-sistematicas\/","title":{"rendered":"Soluciones sistem\u00e1ticas"},"content":{"rendered":"\r\n<div id=\"men-block-block_79acc25a0bf430e7f9f7ef0e83be4931\" class=\"container px-0 men-block men-header\">\r\n    <div class=\"row\">\r\n        <div class=\"col\">\r\n            <div class=\"cover\">\r\n                                    <img loading=\"lazy\" decoding=\"async\" width=\"1600\" height=\"639\" src=\"https:\/\/menshen.com\/wp-content\/uploads\/2021\/09\/Systemverpackungen.jpg\" class=\"attachment-full size-full\" alt=\"\" srcset=\"https:\/\/menshen.com\/wp-content\/uploads\/2021\/09\/Systemverpackungen.jpg 1600w, https:\/\/menshen.com\/wp-content\/uploads\/2021\/09\/Systemverpackungen-300x120.jpg 300w, https:\/\/menshen.com\/wp-content\/uploads\/2021\/09\/Systemverpackungen-600x240.jpg 600w, https:\/\/menshen.com\/wp-content\/uploads\/2021\/09\/Systemverpackungen-1024x409.jpg 1024w, https:\/\/menshen.com\/wp-content\/uploads\/2021\/09\/Systemverpackungen-768x307.jpg 768w, https:\/\/menshen.com\/wp-content\/uploads\/2021\/09\/Systemverpackungen-1536x613.jpg 1536w\" sizes=\"auto, (max-width: 1600px) 100vw, 1600px\" \/>                \r\n                <div class=\"layer\" style=\"background-image: url('https:\/\/menshen.com\/wp-content\/themes\/menshen\/assets\/header-layer\/Verlauf_16.svg')\">\r\n                                    <\/div>\r\n            <\/div>\r\n\r\n            <div class=\"text\">\r\n                <h1>\r\n                    <strong>Embalajes con sistema<\/strong><br>\r\n                                    <\/h1>\r\n            <\/div>\r\n        <\/div>\r\n    <\/div>\r\n<\/div>\r\n\n\n\n<div style=\"height:80px\" aria-hidden=\"true\" class=\"wp-block-spacer\"><\/div>\n\n\n\n<h2 class=\"wp-block-heading\">Sistemas de embalaje de MENSHEN<\/h2>\n\n\n\n<p>Los productos especiales y las necesidades individuales requieren embalajes innovadores y adaptados. Y MENSHEN le ofrece precisamente eso: embalajes completos excepcionales que resaltan la individualidad y singularidad de su producto, diferenci\u00e1ndolo as\u00ed de los productos de la competencia.<\/p>\n\n\n\n<p>Si necesita una soluci\u00f3n r\u00e1pida, le ofrecemos soluciones de embalaje disponibles en muy poco tiempo, pero que siguen teniendo un alto valor de reconocimiento. Tambi\u00e9n estaremos encantados de desarrollar embalajes completos personalizados para su producto y adaptados a sus deseos. \u00a1P\u00f3ngase en contacto con nosotros!<\/p>\n\n\n\n<div style=\"height:80px\" aria-hidden=\"true\" class=\"wp-block-spacer\"><\/div>\n\n\n\n<h2 class=\"wp-block-heading\">Soluciones completas de MENSHEN: envases completos de un solo proveedor<\/h2>\n\n\n\n<p>Encontrar una soluci\u00f3n de envasado completa para un producto no siempre es f\u00e1cil. A menudo se ha encontrado una botella o un frasco, pero el tap\u00f3n que gusta no encaja porque la abertura o la rosca son demasiado grandes o demasiado peque\u00f1as. O simplemente las proporciones no son las adecuadas. Por eso, MENSHEN le ofrece una amplia gama de envases completos. Se acab\u00f3 la laboriosa y dif\u00edcil b\u00fasqueda de los componentes de envasado adecuados, como botellas, tarros o tubos y los tapones correspondientes. Nuestros sistemas de envasado est\u00e1n perfectamente coordinados entre s\u00ed. De este modo, podr\u00e1 presentar su producto de forma atractiva y confiar en la estanqueidad y seguridad de su envase. \u00a1Ahorrar\u00e1 nervios, tiempo y dinero!<\/p>\n\n\n\n<div style=\"height:80px\" aria-hidden=\"true\" class=\"wp-block-spacer\"><\/div>\n\n\n\n<h2 class=\"wp-block-heading\">Soluciones integrales: un embalaje completo personalizado para su producto \u00fanico<\/h2>\n\n\n\n<p>La singularidad y el car\u00e1cter especial de su producto se resaltan mediante un embalaje completo atractivo, con un alto valor de reconocimiento y un toque personalizado. Con MENSHEN, cuenta con un socio que conoce perfectamente esta exigencia y sabe lo que es importante para que su producto, con el apoyo del embalaje, sea un \u00e9xito. Desarrollamos, tambi\u00e9n en colaboraci\u00f3n con usted, un embalaje completo \u00fanico en cuanto a aspecto y fiabilidad. Como soluci\u00f3n integral, MENSHEN le ofrece todo lo que necesita: desde el desarrollo, la producci\u00f3n, el montaje y el etiquetado de los componentes del embalaje hasta el control de calidad y el servicio posventa. Nosotros nos encargamos de todo y usted se beneficia del resultado.<\/p>\n\n\n\n<div style=\"height:80px\" aria-hidden=\"true\" class=\"wp-block-spacer\"><\/div>\n\n\n\n<p><\/p>\n\n\n\n<h3 class=\"wp-block-heading\">Su persona de contacto personal<\/h3>\n\n\n\n<figure class=\"wp-block-image size-full is-resized men-max-w\"><img loading=\"lazy\" decoding=\"async\" width=\"900\" height=\"900\" src=\"https:\/\/new.menshen.com\/wp-content\/uploads\/2022\/03\/Khayrullin_Ruslan_quadratisch_900x900.jpg\" alt=\"\" class=\"wp-image-4139\" style=\"width:209px;height:209px\" srcset=\"https:\/\/menshen.com\/wp-content\/uploads\/2022\/03\/Khayrullin_Ruslan_quadratisch_900x900.jpg 900w, https:\/\/menshen.com\/wp-content\/uploads\/2022\/03\/Khayrullin_Ruslan_quadratisch_900x900-300x300.jpg 300w, https:\/\/menshen.com\/wp-content\/uploads\/2022\/03\/Khayrullin_Ruslan_quadratisch_900x900-150x150.jpg 150w, https:\/\/menshen.com\/wp-content\/uploads\/2022\/03\/Khayrullin_Ruslan_quadratisch_900x900-768x768.jpg 768w, https:\/\/menshen.com\/wp-content\/uploads\/2022\/03\/Khayrullin_Ruslan_quadratisch_900x900-600x600.jpg 600w, https:\/\/menshen.com\/wp-content\/uploads\/2022\/03\/Khayrullin_Ruslan_quadratisch_900x900-100x100.jpg 100w\" sizes=\"auto, (max-width: 900px) 100vw, 900px\" \/><\/figure>\n\n\n\n<p><strong>Ruslan Khayrullin<\/strong><br>Business Development Officer Caps &amp; Closures<\/p>\n\n\n\n<p>Tel: <a href=\"tel:+4915162909396\">+4915162909396<\/a><br><a href=\"mailto:ruslan.khayrullin@menshen.com\">ruslan.khayrullin@menshen.com<\/a><\/p>\n\n\n\n<p><strong><a href=\"https:\/\/new.menshen.com\/wp-content\/uploads\/2025\/09\/250430_MENSHEN_Katalog_2025_v02-1.pdf\">Cat\u00e1logo de productos<\/a><\/strong><\/p>\n\n\n\n<div style=\"height:80px\" aria-hidden=\"true\" class=\"wp-block-spacer\"><\/div>\n\n\n\n<div class=\"wp-block-columns is-layout-flex wp-container-core-columns-is-layout-28f84493 wp-block-columns-is-layout-flex\">\n<div class=\"wp-block-column is-layout-flow wp-block-column-is-layout-flow\" style=\"flex-basis:100%\">\n\t\t\t<div class=\"wp-block-uagb-post-grid uagb-post-grid  uagb-post__image-position-top uagb-post__image-enabled uagb-block-1c723387     uagb-post__items uagb-post__columns-3 is-grid uagb-post__columns-tablet-2 uagb-post__columns-mobile-1 uagb-post__equal-height\" data-total=\"7\" style=\"\">\n\n\t\t\t\t\t\t\t\t\t\t\t\t<article class=\"uagb-post__inner-wrap\">\t\t\t\t\t\t\t\t<div class='uagb-post__image'>\n\t\t\t\t\t\t\t\t\t<a href=\"https:\/\/menshen.com\/es\/innovacion\/exposicion-interna-produzca-sus-propias-bolsas-con-pico\/\" target=\"_self\" rel=\"bookmark noopener noreferrer\" class='uagb-image-ratio-inherit'><img loading=\"lazy\" decoding=\"async\" width=\"1024\" height=\"576\" src=\"https:\/\/menshen.com\/wp-content\/uploads\/2024\/06\/dp-menshen-post-in-house-exhibition-2024-06-featured-1024x576.jpg\" class=\"attachment-large size-large\" alt=\"\" srcset=\"https:\/\/menshen.com\/wp-content\/uploads\/2024\/06\/dp-menshen-post-in-house-exhibition-2024-06-featured-1024x576.jpg 1024w, https:\/\/menshen.com\/wp-content\/uploads\/2024\/06\/dp-menshen-post-in-house-exhibition-2024-06-featured-300x169.jpg 300w, https:\/\/menshen.com\/wp-content\/uploads\/2024\/06\/dp-menshen-post-in-house-exhibition-2024-06-featured-768x432.jpg 768w, https:\/\/menshen.com\/wp-content\/uploads\/2024\/06\/dp-menshen-post-in-house-exhibition-2024-06-featured-1536x864.jpg 1536w, https:\/\/menshen.com\/wp-content\/uploads\/2024\/06\/dp-menshen-post-in-house-exhibition-2024-06-featured-600x338.jpg 600w, https:\/\/menshen.com\/wp-content\/uploads\/2024\/06\/dp-menshen-post-in-house-exhibition-2024-06-featured.jpg 1920w\" sizes=\"auto, (max-width: 1024px) 100vw, 1024px\" \/>\t\t\t\t\t<\/a>\n\t\t\t\t\t\t\t<\/div>\n\t\t\t\t\t\t<h4 class=\"uagb-post__title uagb-post__text\">\n\t\t\t\t<a href=\"https:\/\/menshen.com\/es\/innovacion\/exposicion-interna-produzca-sus-propias-bolsas-con-pico\/\" target=\"_self\" rel=\"bookmark noopener noreferrer\">Exposici\u00f3n interna: produzca sus propias bolsas con boquilla<\/a>\n\t\t\t<\/h4>\n\t\t\t\t\t\t<div class='uagb-post__text uagb-post-grid-byline'>\n\t\t\t\t\t\t\t<\/div>\n\t\t\t\t\t\t\t<div class='uagb-post__text uagb-post__excerpt'>\n\t\t\t\t\t<p>Descubra el potencial de ahorro que ofrece la producci\u00f3n propia de bolsas con boquilla. S\u00dcDPACK,&#8230;\t\t\t\t<\/div>\n\t\t\t\t\t\t<div class=\"uagb-post__text uagb-post__cta wp-block-button\">\n\t\t\t\t<a class=\"wp-block-button__link uagb-text-link\" style=\"\" href=\"https:\/\/menshen.com\/es\/innovacion\/exposicion-interna-produzca-sus-propias-bolsas-con-pico\/\" target=\"_self\" rel=\"bookmark noopener noreferrer\">Leer m\u00e1s<\/a>\n\t\t\t<\/div>\n\t\t\t\n\t\t\t\t\t\t\t\t\t<\/article>\n\t\t\t\t\t\t\t\t\t\t\t\t\t\t\t\t<article class=\"uagb-post__inner-wrap\">\t\t\t\t\t\t\t\t<div class='uagb-post__image'>\n\t\t\t\t\t\t\t\t\t<a href=\"https:\/\/menshen.com\/es\/boquillas\/envasado-plug-play-nuestros-innovadores-tapones-con-anclaje\/\" target=\"_self\" rel=\"bookmark noopener noreferrer\" class='uagb-image-ratio-inherit'><img loading=\"lazy\" decoding=\"async\" width=\"1024\" height=\"546\" src=\"https:\/\/menshen.com\/wp-content\/uploads\/2024\/06\/menshen-tethered-featured-1024x546.jpg\" class=\"attachment-large size-large\" alt=\"\" srcset=\"https:\/\/menshen.com\/wp-content\/uploads\/2024\/06\/menshen-tethered-featured-1024x546.jpg 1024w, https:\/\/menshen.com\/wp-content\/uploads\/2024\/06\/menshen-tethered-featured-300x160.jpg 300w, https:\/\/menshen.com\/wp-content\/uploads\/2024\/06\/menshen-tethered-featured-768x410.jpg 768w, https:\/\/menshen.com\/wp-content\/uploads\/2024\/06\/menshen-tethered-featured-1536x819.jpg 1536w, https:\/\/menshen.com\/wp-content\/uploads\/2024\/06\/menshen-tethered-featured-600x320.jpg 600w, https:\/\/menshen.com\/wp-content\/uploads\/2024\/06\/menshen-tethered-featured.jpg 1920w\" sizes=\"auto, (max-width: 1024px) 100vw, 1024px\" \/>\t\t\t\t\t<\/a>\n\t\t\t\t\t\t\t<\/div>\n\t\t\t\t\t\t<h4 class=\"uagb-post__title uagb-post__text\">\n\t\t\t\t<a href=\"https:\/\/menshen.com\/es\/boquillas\/envasado-plug-play-nuestros-innovadores-tapones-con-anclaje\/\" target=\"_self\" rel=\"bookmark noopener noreferrer\">Envasado Plug &amp; Play: Nuestros innovadores tapones con anclaje<\/a>\n\t\t\t<\/h4>\n\t\t\t\t\t\t<div class='uagb-post__text uagb-post-grid-byline'>\n\t\t\t\t\t\t\t<\/div>\n\t\t\t\t\t\t\t<div class='uagb-post__text uagb-post__excerpt'>\n\t\t\t\t\t<p>En MENSHEN, nos dedicamos a crear soluciones de envasado que no s\u00f3lo mejoran la experiencia&#8230;\t\t\t\t<\/div>\n\t\t\t\t\t\t<div class=\"uagb-post__text uagb-post__cta wp-block-button\">\n\t\t\t\t<a class=\"wp-block-button__link uagb-text-link\" style=\"\" href=\"https:\/\/menshen.com\/es\/boquillas\/envasado-plug-play-nuestros-innovadores-tapones-con-anclaje\/\" target=\"_self\" rel=\"bookmark noopener noreferrer\">Leer m\u00e1s<\/a>\n\t\t\t<\/div>\n\t\t\t\n\t\t\t\t\t\t\t\t\t<\/article>\n\t\t\t\t\t\t\t\t\t\t\t\t\t\t\t\t<article class=\"uagb-post__inner-wrap\">\t\t\t\t\t\t\t\t<div class='uagb-post__image'>\n\t\t\t\t\t\t\t\t\t<a href=\"https:\/\/menshen.com\/es\/empresa\/menshen-galardonada-ihk-lider-del-mercado-mundial\/\" target=\"_self\" rel=\"bookmark noopener noreferrer\" class='uagb-image-ratio-inherit'><img loading=\"lazy\" decoding=\"async\" width=\"1024\" height=\"576\" src=\"https:\/\/menshen.com\/wp-content\/uploads\/2024\/03\/menshen-post-awarded-ihk-world-market-leader-1920x1080-1-1024x576.jpg\" class=\"attachment-large size-large\" alt=\"\" srcset=\"https:\/\/menshen.com\/wp-content\/uploads\/2024\/03\/menshen-post-awarded-ihk-world-market-leader-1920x1080-1-1024x576.jpg 1024w, https:\/\/menshen.com\/wp-content\/uploads\/2024\/03\/menshen-post-awarded-ihk-world-market-leader-1920x1080-1-300x169.jpg 300w, https:\/\/menshen.com\/wp-content\/uploads\/2024\/03\/menshen-post-awarded-ihk-world-market-leader-1920x1080-1-768x432.jpg 768w, https:\/\/menshen.com\/wp-content\/uploads\/2024\/03\/menshen-post-awarded-ihk-world-market-leader-1920x1080-1-1536x864.jpg 1536w, https:\/\/menshen.com\/wp-content\/uploads\/2024\/03\/menshen-post-awarded-ihk-world-market-leader-1920x1080-1-600x338.jpg 600w, https:\/\/menshen.com\/wp-content\/uploads\/2024\/03\/menshen-post-awarded-ihk-world-market-leader-1920x1080-1.jpg 1920w\" sizes=\"auto, (max-width: 1024px) 100vw, 1024px\" \/>\t\t\t\t\t<\/a>\n\t\t\t\t\t\t\t<\/div>\n\t\t\t\t\t\t<h4 class=\"uagb-post__title uagb-post__text\">\n\t\t\t\t<a href=\"https:\/\/menshen.com\/es\/empresa\/menshen-galardonada-ihk-lider-del-mercado-mundial\/\" target=\"_self\" rel=\"bookmark noopener noreferrer\">Menshen galardonada IHK l\u00edder del mercado mundial<\/a>\n\t\t\t<\/h4>\n\t\t\t\t\t\t<div class='uagb-post__text uagb-post-grid-byline'>\n\t\t\t\t\t\t\t<\/div>\n\t\t\t\t\t\t\t<div class='uagb-post__text uagb-post__excerpt'>\n\t\t\t\t\t<p>Foto ceremonia de entrega de premios, fuente: IHK Arnsberg Hagen Siegen MENSHEN ha sido galardonada&#8230;\t\t\t\t<\/div>\n\t\t\t\t\t\t<div class=\"uagb-post__text uagb-post__cta wp-block-button\">\n\t\t\t\t<a class=\"wp-block-button__link uagb-text-link\" style=\"\" href=\"https:\/\/menshen.com\/es\/empresa\/menshen-galardonada-ihk-lider-del-mercado-mundial\/\" target=\"_self\" rel=\"bookmark noopener noreferrer\">Leer m\u00e1s<\/a>\n\t\t\t<\/div>\n\t\t\t\n\t\t\t\t\t\t\t\t\t<\/article>\n\t\t\t\t\t\t\t\t\t\t\t<\/div>\n\t\t\t<\/div>\n<\/div>\n","protected":false},"excerpt":{"rendered":"<p>Sistemas de embalaje de MENSHEN Los productos especiales y las necesidades individuales requieren embalajes innovadores y adaptados. Y MENSHEN le ofrece precisamente eso: embalajes completos excepcionales que resaltan la individualidad y singularidad de su producto, diferenci\u00e1ndolo as\u00ed de los productos de la competencia. Si necesita una soluci\u00f3n r\u00e1pida, le ofrecemos soluciones de embalaje disponibles en [&hellip;]<\/p>\n","protected":false},"author":5,"featured_media":0,"parent":5661,"menu_order":50,"comment_status":"closed","ping_status":"closed","template":"","meta":{"_acf_changed":false,"inline_featured_image":false,"_uag_custom_page_level_css":"","site-sidebar-layout":"default","site-content-layout":"default","ast-site-content-layout":"default","site-content-style":"default","site-sidebar-style":"default","ast-global-header-display":"","ast-banner-title-visibility":"","ast-main-header-display":"","ast-hfb-above-header-display":"","ast-hfb-below-header-display":"","ast-hfb-mobile-header-display":"","site-post-title":"disabled","ast-breadcrumbs-content":"","ast-featured-img":"","footer-sml-layout":"","ast-disable-related-posts":"","theme-transparent-header-meta":"default","adv-header-id-meta":"","stick-header-meta":"","header-above-stick-meta":"","header-main-stick-meta":"","header-below-stick-meta":"","astra-migrate-meta-layouts":"set","ast-page-background-enabled":"default","ast-page-background-meta":{"desktop":{"background-color":"var(--ast-global-color-4)","background-image":"","background-repeat":"repeat","background-position":"center center","background-size":"auto","background-attachment":"scroll","background-type":"","background-media":"","overlay-type":"","overlay-color":"","overlay-opacity":"","overlay-gradient":""},"tablet":{"background-color":"","background-image":"","background-repeat":"repeat","background-position":"center center","background-size":"auto","background-attachment":"scroll","background-type":"","background-media":"","overlay-type":"","overlay-color":"","overlay-opacity":"","overlay-gradient":""},"mobile":{"background-color":"","background-image":"","background-repeat":"repeat","background-position":"center center","background-size":"auto","background-attachment":"scroll","background-type":"","background-media":"","overlay-type":"","overlay-color":"","overlay-opacity":"","overlay-gradient":""}},"ast-content-background-meta":{"desktop":{"background-color":"var(--ast-global-color-5)","background-image":"","background-repeat":"repeat","background-position":"center center","background-size":"auto","background-attachment":"scroll","background-type":"","background-media":"","overlay-type":"","overlay-color":"","overlay-opacity":"","overlay-gradient":""},"tablet":{"background-color":"var(--ast-global-color-5)","background-image":"","background-repeat":"repeat","background-position":"center center","background-size":"auto","background-attachment":"scroll","background-type":"","background-media":"","overlay-type":"","overlay-color":"","overlay-opacity":"","overlay-gradient":""},"mobile":{"background-color":"var(--ast-global-color-5)","background-image":"","background-repeat":"repeat","background-position":"center center","background-size":"auto","background-attachment":"scroll","background-type":"","background-media":"","overlay-type":"","overlay-color":"","overlay-opacity":"","overlay-gradient":""}},"footnotes":""},"class_list":["post-5685","page","type-page","status-publish","hentry"],"acf":[],"uagb_featured_image_src":{"full":false,"thumbnail":false,"medium":false,"medium_large":false,"large":false,"1536x1536":false,"2048x2048":false,"woocommerce_thumbnail":false,"woocommerce_single":false,"woocommerce_gallery_thumbnail":false},"uagb_author_info":{"display_name":"Menshen","author_link":"https:\/\/menshen.com\/es\/author\/cnoeh\/"},"uagb_comment_info":0,"uagb_excerpt":"Sistemas de embalaje de MENSHEN Los productos especiales y las necesidades individuales requieren embalajes innovadores y adaptados. Y MENSHEN le ofrece precisamente eso: embalajes completos excepcionales que resaltan la individualidad y singularidad de su producto, diferenci\u00e1ndolo as\u00ed de los productos de la competencia. Si necesita una soluci\u00f3n r\u00e1pida, le ofrecemos soluciones de embalaje disponibles en&hellip;","_links":{"self":[{"href":"https:\/\/menshen.com\/es\/wp-json\/wp\/v2\/pages\/5685","targetHints":{"allow":["GET"]}}],"collection":[{"href":"https:\/\/menshen.com\/es\/wp-json\/wp\/v2\/pages"}],"about":[{"href":"https:\/\/menshen.com\/es\/wp-json\/wp\/v2\/types\/page"}],"author":[{"embeddable":true,"href":"https:\/\/menshen.com\/es\/wp-json\/wp\/v2\/users\/5"}],"replies":[{"embeddable":true,"href":"https:\/\/menshen.com\/es\/wp-json\/wp\/v2\/comments?post=5685"}],"version-history":[{"count":5,"href":"https:\/\/menshen.com\/es\/wp-json\/wp\/v2\/pages\/5685\/revisions"}],"predecessor-version":[{"id":13794,"href":"https:\/\/menshen.com\/es\/wp-json\/wp\/v2\/pages\/5685\/revisions\/13794"}],"up":[{"embeddable":true,"href":"https:\/\/menshen.com\/es\/wp-json\/wp\/v2\/pages\/5661"}],"wp:attachment":[{"href":"https:\/\/menshen.com\/es\/wp-json\/wp\/v2\/media?parent=5685"}],"curies":[{"name":"wp","href":"https:\/\/api.w.org\/{rel}","templated":true}]}}