{"id":5688,"date":"2021-09-09T16:10:37","date_gmt":"2021-09-09T14:10:37","guid":{"rendered":"https:\/\/new.menshen.com\/?page_id=5688"},"modified":"2025-09-23T09:24:15","modified_gmt":"2025-09-23T07:24:15","slug":"aplicadores-de-esponja","status":"publish","type":"page","link":"https:\/\/menshen.com\/es\/portafolio\/aplicadores-de-esponja\/","title":{"rendered":"Aplicadores de esponja"},"content":{"rendered":"\r\n<div id=\"men-block-block_6a4d8739efab7dc8a0d743b92b1f214f\" class=\"container px-0 men-block men-header\">\r\n    <div class=\"row\">\r\n        <div class=\"col\">\r\n            <div class=\"cover\">\r\n                                    <img loading=\"lazy\" decoding=\"async\" width=\"2560\" height=\"1008\" src=\"https:\/\/menshen.com\/wp-content\/uploads\/2021\/09\/Header_zugeschnitten-1-scaled.jpg\" class=\"attachment-full size-full\" alt=\"\" srcset=\"https:\/\/menshen.com\/wp-content\/uploads\/2021\/09\/Header_zugeschnitten-1-scaled.jpg 2560w, https:\/\/menshen.com\/wp-content\/uploads\/2021\/09\/Header_zugeschnitten-1-300x118.jpg 300w, https:\/\/menshen.com\/wp-content\/uploads\/2021\/09\/Header_zugeschnitten-1-scaled-600x236.jpg 600w, https:\/\/menshen.com\/wp-content\/uploads\/2021\/09\/Header_zugeschnitten-1-1024x403.jpg 1024w, https:\/\/menshen.com\/wp-content\/uploads\/2021\/09\/Header_zugeschnitten-1-768x302.jpg 768w, https:\/\/menshen.com\/wp-content\/uploads\/2021\/09\/Header_zugeschnitten-1-1536x605.jpg 1536w, https:\/\/menshen.com\/wp-content\/uploads\/2021\/09\/Header_zugeschnitten-1-2048x806.jpg 2048w\" sizes=\"auto, (max-width: 2560px) 100vw, 2560px\" \/>                \r\n                <div class=\"layer\" style=\"background-image: url('https:\/\/menshen.com\/wp-content\/themes\/menshen\/assets\/header-layer\/Verlauf_16.svg')\">\r\n                                    <\/div>\r\n            <\/div>\r\n\r\n            <div class=\"text\">\r\n                <h1>\r\n                    <strong>Aplicadores de esponja<\/strong><br>\r\n                    Todo terreno para una variedad de aplicaciones                <\/h1>\r\n            <\/div>\r\n        <\/div>\r\n    <\/div>\r\n<\/div>\r\n\n\n\n<div style=\"height:80px\" aria-hidden=\"true\" class=\"wp-block-spacer\"><\/div>\n\n\n\n<p>Los aplicadores de esponja son muy populares para la limpieza y el cuidado del calzado. Facilitan la aplicaci\u00f3n del producto y permiten distribuirlo convenientemente por la superficie. Adem\u00e1s, el usuario evita el contacto directo con el producto y no se ensucia las manos. Los aplicadores de esponja tambi\u00e9n son la opci\u00f3n ideal para otros usos, como por ejemplo, como \u00fatil soluci\u00f3n y substituto de las toallitas limpiadoras para gafas o como esponja para limpiar lentes de contacto, pantallas t\u00e1ctiles de c\u00e1maras, tel\u00e9fonos inteligentes o tabletas. Adem\u00e1s, contribuyen de forma \u00fatil a mejorar la sostenibilidad y la protecci\u00f3n del medioambiente porque su peque\u00f1a y manejable botella que se puede rellenar, substituye a toallitas de un solo uso en estuches individuales.<\/p>\n\n\n\n<div style=\"height:80px\" aria-hidden=\"true\" class=\"wp-block-spacer\"><\/div>\n\n\n\n<h2 class=\"wp-block-heading\">Productos que contienen l\u00edquido \u2013 porta esponjas con v\u00e1lvula, la mejor opci\u00f3n<\/h2>\n\n\n\n<p>Se ofrecen muchos productos de limpieza y cuidado en forma l\u00edquida. Por ello, el alto grado de ajuste y de eficacia del aplicador de esponja es esencial para asegurar que el l\u00edquido s\u00f3lo salga cuando sea necesario. Un cierre de alta precisi\u00f3n es por lo tanto, indispensable. Los aplicadores de esponja de MENSHEN satisfacen por completo todos los requisitos. Un sofisticado sistema evita que el l\u00edquido se vierta de forma no intencionada y asegura que s\u00f3lo pueda abrirse al aplicar una presi\u00f3n espec\u00edfica en la v\u00e1lvula que lleva especialmente integrada. Adem\u00e1s de resultar extremadamente limpio, se trata de una soluci\u00f3n muy precisa y econ\u00f3mica, ya que dicho sistema permite aplicar la dosis exacta de producto.<\/p>\n\n\n\n<div style=\"height:80px\" aria-hidden=\"true\" class=\"wp-block-spacer\"><\/div>\n\n\n\n<h2 class=\"wp-block-heading\">Los aplicadores de esponja MENSHEN para productos en formato pasta y en tubo<\/h2>\n\n\n\n<p>La mayor\u00eda de productos para el cuidado de la piel y del calzado se han ofrecido tradicionalmente en formato pasta, dado que las grasas que frecuentemente se utilizan para el cuidado de dichos art\u00edculos aguantan y resisten de forma \u00f3ptima en formato crema. El aplicador de esponja que vaya a utilizarse debe estar \u00f3ptimamente en consonancia con las diferentes viscosidades de dichos productos. MENSHEN ofrece una amplia variedad de tipos de esponja, aperturas de salida de producto y borras. Todo ello permite la limpieza, la extracci\u00f3n de la cantidad exacta y la f\u00e1cil aplicaci\u00f3n de su producto. Si se pone en contacto con nosotros, ser\u00e1 un placer recomendarle el tipo de aplicador de esponja que le ofrecer\u00e1 la soluci\u00f3n \u00f3ptima a su producto.<\/p>\n\n\n\n<div style=\"height:80px\" aria-hidden=\"true\" class=\"wp-block-spacer\"><\/div>\n\n\n\n<div class=\"inherit-container-width wp-block-group has-background is-layout-constrained wp-block-group-is-layout-constrained\" style=\"background-color:#f8f8f8\"><div class=\"wp-block-group__inner-container\">\n<div class=\"wp-block-columns is-layout-flex wp-container-core-columns-is-layout-28f84493 wp-block-columns-is-layout-flex\">\n<div class=\"wp-block-column px-3 is-layout-flow wp-block-column-is-layout-flow\" style=\"flex-basis:50%\">\n<h3 class=\"wp-block-heading\">Sus beneficios de un vistazo<\/h3>\n\n\n\n<div class=\"accordion accordion-flush\" id=\"accordionFlushExample\">\n    <div class=\"accordion-item\">\n        <h2 class=\"accordion-header\" id=\"flush-heading-1\">\n            <button class=\"accordion-button collapsed\" type=\"button\" data-bs-toggle=\"collapse\" data-bs-target=\"#flush-collapse-1\" aria-expanded=\"false\" aria-controls=\"flush-collapse-1\">\n                Tipos de esponja\n            <\/button>\n        <\/h2>\n        <div id=\"flush-collapse-1\" class=\"accordion-collapse collapse\" aria-labelledby=\"flush-heading-1\" data-bs-parent=\"#accordionFlushExample\">\n            <div class=\"accordion-body\">\n                Amplia selecci\u00f3n de diferentes tipos de esponjas y materiales.\n            <\/div>\n        <\/div>\n    <\/div>\n    <div class=\"accordion-item\">\n        <h2 class=\"accordion-header\" id=\"flush-heading-2\">\n            <button class=\"accordion-button collapsed\" type=\"button\" data-bs-toggle=\"collapse\" data-bs-target=\"#flush-collapse-2\" aria-expanded=\"false\" aria-controls=\"flush-collapse-2\">\n                Formas y tama\u00f1os de esponja\n            <\/button>\n        <\/h2>\n        <div id=\"flush-collapse-2\" class=\"accordion-collapse collapse\" aria-labelledby=\"flush-heading-2\" data-bs-parent=\"#accordionFlushExample\">\n            <div class=\"accordion-body\">\n                Formas redondas, ovaladas y cuadradas y disponibles en diferentes tama\u00f1os.\n            <\/div>\n        <\/div>\n    <\/div>\n    <div class=\"accordion-item\">\n        <h2 class=\"accordion-header\" id=\"flush-heading-3\">\n            <button class=\"accordion-button collapsed\" type=\"button\" data-bs-toggle=\"collapse\" data-bs-target=\"#flush-collapse-3\" aria-expanded=\"false\" aria-controls=\"flush-collapse-3\">\n                Diferentes flocados\n            <\/button>\n        <\/h2>\n        <div id=\"flush-collapse-3\" class=\"accordion-collapse collapse\" aria-labelledby=\"flush-heading-3\" data-bs-parent=\"#accordionFlushExample\">\n            <div class=\"accordion-body\">\n                Seg\u00fan la aplicaci\u00f3n, se recomienda un flocado adecuado de la esponja. Estamos encantados de ayudarle\n            <\/div>\n        <\/div>\n    <\/div>\n    <div class=\"accordion-item\">\n        <h2 class=\"accordion-header\" id=\"flush-heading-4\">\n            <button class=\"accordion-button collapsed\" type=\"button\" data-bs-toggle=\"collapse\" data-bs-target=\"#flush-collapse-4\" aria-expanded=\"false\" aria-controls=\"flush-collapse-4\">\n                Para botella y tubo\n            <\/button>\n        <\/h2>\n        <div id=\"flush-collapse-4\" class=\"accordion-collapse collapse\" aria-labelledby=\"flush-heading-4\" data-bs-parent=\"#accordionFlushExample\">\n            <div class=\"accordion-body\">\n                Gran surtido para diferentes tama\u00f1os de botellas y tubos.\n            <\/div>\n        <\/div>\n    <\/div>\n    <div class=\"accordion-item\">\n        <h2 class=\"accordion-header\" id=\"flush-heading-5\">\n            <button class=\"accordion-button collapsed\" type=\"button\" data-bs-toggle=\"collapse\" data-bs-target=\"#flush-collapse-5\" aria-expanded=\"false\" aria-controls=\"flush-collapse-5\">\n                L\u00edquido o pastoso\n            <\/button>\n        <\/h2>\n        <div id=\"flush-collapse-5\" class=\"accordion-collapse collapse\" aria-labelledby=\"flush-heading-5\" data-bs-parent=\"#accordionFlushExample\">\n            <div class=\"accordion-body\">\n                Le ofrecemos una gran selecci\u00f3n de diferentes aplicadores de esponja para productos de relleno pastosos y l\u00edquidos.\n            <\/div>\n        <\/div>\n    <\/div>\n    <div class=\"accordion-item\">\n        <h2 class=\"accordion-header\" id=\"flush-heading-6\">\n            <button class=\"accordion-button collapsed\" type=\"button\" data-bs-toggle=\"collapse\" data-bs-target=\"#flush-collapse-6\" aria-expanded=\"false\" aria-controls=\"flush-collapse-6\">\n                Aberturas de salida\n            <\/button>\n        <\/h2>\n        <div id=\"flush-collapse-6\" class=\"accordion-collapse collapse\" aria-labelledby=\"flush-heading-6\" data-bs-parent=\"#accordionFlushExample\">\n            <div class=\"accordion-body\">\n                En MENSHEN puedes conseguir aplicadores de esponja con o sin orificio central o ranura transversal\n            <\/div>\n        <\/div>\n    <\/div>\n    <div class=\"accordion-item\">\n        <h2 class=\"accordion-header\" id=\"flush-heading-7\">\n            <button class=\"accordion-button collapsed\" type=\"button\" data-bs-toggle=\"collapse\" data-bs-target=\"#flush-collapse-7\" aria-expanded=\"false\" aria-controls=\"flush-collapse-7\">\n                Tipo de archivo adjunto\n            <\/button>\n        <\/h2>\n        <div id=\"flush-collapse-7\" class=\"accordion-collapse collapse\" aria-labelledby=\"flush-heading-7\" data-bs-parent=\"#accordionFlushExample\">\n            <div class=\"accordion-body\">\n                Dependiendo de la botella o tubo utilizado, puede obtener aplicadores de esponja de nosotros para girar o rebotar.\n            <\/div>\n        <\/div>\n    <\/div>\n<\/div>\n<\/div>\n\n\n\n<div class=\"wp-block-column is-layout-flow wp-block-column-is-layout-flow\" style=\"flex-basis:5%\"><\/div>\n\n\n\n<div class=\"wp-block-column is-layout-flow wp-block-column-is-layout-flow\" style=\"flex-basis:45%\">\n<h3 class=\"wp-block-heading\">Persona de contacto<\/h3>\n\n\n\n<p><strong>Patricia Duran<\/strong><\/p>\n\n\n\n<p><a href=\"mailto:commercial@menshen.es\">commercial@menshen.es<\/a><br>Tel\u00e9fono: <a href=\"Tel.: +34 93 6803065\">+34 93 6803065<\/a><\/p>\n\n\n\n<h3 class=\"wp-block-heading\">Links y descargas<\/h3>\n\n\n\n<p><a href=\"https:\/\/new.menshen.com\/es\/productos\/\" data-type=\"page\" data-id=\"5691\"><strong>Buscador de producto<\/strong><\/a><\/p>\n\n\n\n<p><strong><a href=\"https:\/\/new.menshen.com\/wp-content\/uploads\/2025\/09\/250430_MENSHEN_Katalog_2025_v02-1.pdf\">Cat\u00e1logo de producto en PDF<\/a><\/strong><\/p>\n<\/div>\n<\/div>\n\n\n\n<p><\/p>\n<\/div><\/div>\n\n\n\n<div style=\"height:100px\" aria-hidden=\"true\" class=\"wp-block-spacer\"><\/div>\n\n\n\n<div class=\"wp-block-columns is-layout-flex wp-container-core-columns-is-layout-28f84493 wp-block-columns-is-layout-flex\">\n<div class=\"wp-block-column is-layout-flow wp-block-column-is-layout-flow\" style=\"flex-basis:100%\">\n\t\t\t<div class=\"wp-block-uagb-post-grid uagb-post-grid  uagb-post__image-position-top uagb-post__image-enabled uagb-block-1c723387     uagb-post__items uagb-post__columns-3 is-grid uagb-post__columns-tablet-2 uagb-post__columns-mobile-1 uagb-post__equal-height\" data-total=\"7\" style=\"\">\n\n\t\t\t\t\t\t\t\t\t\t\t\t<article class=\"uagb-post__inner-wrap\">\t\t\t\t\t\t\t\t<div class='uagb-post__image'>\n\t\t\t\t\t\t\t\t\t<a href=\"https:\/\/menshen.com\/es\/innovacion\/exposicion-interna-produzca-sus-propias-bolsas-con-pico\/\" target=\"_self\" rel=\"bookmark noopener noreferrer\" class='uagb-image-ratio-inherit'><img loading=\"lazy\" decoding=\"async\" width=\"1024\" height=\"576\" src=\"https:\/\/menshen.com\/wp-content\/uploads\/2024\/06\/dp-menshen-post-in-house-exhibition-2024-06-featured-1024x576.jpg\" class=\"attachment-large size-large\" alt=\"\" srcset=\"https:\/\/menshen.com\/wp-content\/uploads\/2024\/06\/dp-menshen-post-in-house-exhibition-2024-06-featured-1024x576.jpg 1024w, https:\/\/menshen.com\/wp-content\/uploads\/2024\/06\/dp-menshen-post-in-house-exhibition-2024-06-featured-300x169.jpg 300w, https:\/\/menshen.com\/wp-content\/uploads\/2024\/06\/dp-menshen-post-in-house-exhibition-2024-06-featured-768x432.jpg 768w, https:\/\/menshen.com\/wp-content\/uploads\/2024\/06\/dp-menshen-post-in-house-exhibition-2024-06-featured-1536x864.jpg 1536w, https:\/\/menshen.com\/wp-content\/uploads\/2024\/06\/dp-menshen-post-in-house-exhibition-2024-06-featured-600x338.jpg 600w, https:\/\/menshen.com\/wp-content\/uploads\/2024\/06\/dp-menshen-post-in-house-exhibition-2024-06-featured.jpg 1920w\" sizes=\"auto, (max-width: 1024px) 100vw, 1024px\" \/>\t\t\t\t\t<\/a>\n\t\t\t\t\t\t\t<\/div>\n\t\t\t\t\t\t<h4 class=\"uagb-post__title uagb-post__text\">\n\t\t\t\t<a href=\"https:\/\/menshen.com\/es\/innovacion\/exposicion-interna-produzca-sus-propias-bolsas-con-pico\/\" target=\"_self\" rel=\"bookmark noopener noreferrer\">Exposici\u00f3n interna: produzca sus propias bolsas con boquilla<\/a>\n\t\t\t<\/h4>\n\t\t\t\t\t\t<div class='uagb-post__text uagb-post-grid-byline'>\n\t\t\t\t\t\t\t<\/div>\n\t\t\t\t\t\t\t<div class='uagb-post__text uagb-post__excerpt'>\n\t\t\t\t\t<p>Descubra el potencial de ahorro que ofrece la producci\u00f3n propia de bolsas con boquilla. S\u00dcDPACK,&#8230;\t\t\t\t<\/div>\n\t\t\t\t\t\t<div class=\"uagb-post__text uagb-post__cta wp-block-button\">\n\t\t\t\t<a class=\"wp-block-button__link uagb-text-link\" style=\"\" href=\"https:\/\/menshen.com\/es\/innovacion\/exposicion-interna-produzca-sus-propias-bolsas-con-pico\/\" target=\"_self\" rel=\"bookmark noopener noreferrer\">Leer m\u00e1s<\/a>\n\t\t\t<\/div>\n\t\t\t\n\t\t\t\t\t\t\t\t\t<\/article>\n\t\t\t\t\t\t\t\t\t\t\t\t\t\t\t\t<article class=\"uagb-post__inner-wrap\">\t\t\t\t\t\t\t\t<div class='uagb-post__image'>\n\t\t\t\t\t\t\t\t\t<a href=\"https:\/\/menshen.com\/es\/boquillas\/envasado-plug-play-nuestros-innovadores-tapones-con-anclaje\/\" target=\"_self\" rel=\"bookmark noopener noreferrer\" class='uagb-image-ratio-inherit'><img loading=\"lazy\" decoding=\"async\" width=\"1024\" height=\"546\" src=\"https:\/\/menshen.com\/wp-content\/uploads\/2024\/06\/menshen-tethered-featured-1024x546.jpg\" class=\"attachment-large size-large\" alt=\"\" srcset=\"https:\/\/menshen.com\/wp-content\/uploads\/2024\/06\/menshen-tethered-featured-1024x546.jpg 1024w, https:\/\/menshen.com\/wp-content\/uploads\/2024\/06\/menshen-tethered-featured-300x160.jpg 300w, https:\/\/menshen.com\/wp-content\/uploads\/2024\/06\/menshen-tethered-featured-768x410.jpg 768w, https:\/\/menshen.com\/wp-content\/uploads\/2024\/06\/menshen-tethered-featured-1536x819.jpg 1536w, https:\/\/menshen.com\/wp-content\/uploads\/2024\/06\/menshen-tethered-featured-600x320.jpg 600w, https:\/\/menshen.com\/wp-content\/uploads\/2024\/06\/menshen-tethered-featured.jpg 1920w\" sizes=\"auto, (max-width: 1024px) 100vw, 1024px\" \/>\t\t\t\t\t<\/a>\n\t\t\t\t\t\t\t<\/div>\n\t\t\t\t\t\t<h4 class=\"uagb-post__title uagb-post__text\">\n\t\t\t\t<a href=\"https:\/\/menshen.com\/es\/boquillas\/envasado-plug-play-nuestros-innovadores-tapones-con-anclaje\/\" target=\"_self\" rel=\"bookmark noopener noreferrer\">Envasado Plug &amp; Play: Nuestros innovadores tapones con anclaje<\/a>\n\t\t\t<\/h4>\n\t\t\t\t\t\t<div class='uagb-post__text uagb-post-grid-byline'>\n\t\t\t\t\t\t\t<\/div>\n\t\t\t\t\t\t\t<div class='uagb-post__text uagb-post__excerpt'>\n\t\t\t\t\t<p>En MENSHEN, nos dedicamos a crear soluciones de envasado que no s\u00f3lo mejoran la experiencia&#8230;\t\t\t\t<\/div>\n\t\t\t\t\t\t<div class=\"uagb-post__text uagb-post__cta wp-block-button\">\n\t\t\t\t<a class=\"wp-block-button__link uagb-text-link\" style=\"\" href=\"https:\/\/menshen.com\/es\/boquillas\/envasado-plug-play-nuestros-innovadores-tapones-con-anclaje\/\" target=\"_self\" rel=\"bookmark noopener noreferrer\">Leer m\u00e1s<\/a>\n\t\t\t<\/div>\n\t\t\t\n\t\t\t\t\t\t\t\t\t<\/article>\n\t\t\t\t\t\t\t\t\t\t\t\t\t\t\t\t<article class=\"uagb-post__inner-wrap\">\t\t\t\t\t\t\t\t<div class='uagb-post__image'>\n\t\t\t\t\t\t\t\t\t<a href=\"https:\/\/menshen.com\/es\/empresa\/menshen-galardonada-ihk-lider-del-mercado-mundial\/\" target=\"_self\" rel=\"bookmark noopener noreferrer\" class='uagb-image-ratio-inherit'><img loading=\"lazy\" decoding=\"async\" width=\"1024\" height=\"576\" src=\"https:\/\/menshen.com\/wp-content\/uploads\/2024\/03\/menshen-post-awarded-ihk-world-market-leader-1920x1080-1-1024x576.jpg\" class=\"attachment-large size-large\" alt=\"\" srcset=\"https:\/\/menshen.com\/wp-content\/uploads\/2024\/03\/menshen-post-awarded-ihk-world-market-leader-1920x1080-1-1024x576.jpg 1024w, https:\/\/menshen.com\/wp-content\/uploads\/2024\/03\/menshen-post-awarded-ihk-world-market-leader-1920x1080-1-300x169.jpg 300w, https:\/\/menshen.com\/wp-content\/uploads\/2024\/03\/menshen-post-awarded-ihk-world-market-leader-1920x1080-1-768x432.jpg 768w, https:\/\/menshen.com\/wp-content\/uploads\/2024\/03\/menshen-post-awarded-ihk-world-market-leader-1920x1080-1-1536x864.jpg 1536w, https:\/\/menshen.com\/wp-content\/uploads\/2024\/03\/menshen-post-awarded-ihk-world-market-leader-1920x1080-1-600x338.jpg 600w, https:\/\/menshen.com\/wp-content\/uploads\/2024\/03\/menshen-post-awarded-ihk-world-market-leader-1920x1080-1.jpg 1920w\" sizes=\"auto, (max-width: 1024px) 100vw, 1024px\" \/>\t\t\t\t\t<\/a>\n\t\t\t\t\t\t\t<\/div>\n\t\t\t\t\t\t<h4 class=\"uagb-post__title uagb-post__text\">\n\t\t\t\t<a href=\"https:\/\/menshen.com\/es\/empresa\/menshen-galardonada-ihk-lider-del-mercado-mundial\/\" target=\"_self\" rel=\"bookmark noopener noreferrer\">Menshen galardonada IHK l\u00edder del mercado mundial<\/a>\n\t\t\t<\/h4>\n\t\t\t\t\t\t<div class='uagb-post__text uagb-post-grid-byline'>\n\t\t\t\t\t\t\t<\/div>\n\t\t\t\t\t\t\t<div class='uagb-post__text uagb-post__excerpt'>\n\t\t\t\t\t<p>Foto ceremonia de entrega de premios, fuente: IHK Arnsberg Hagen Siegen MENSHEN ha sido galardonada&#8230;\t\t\t\t<\/div>\n\t\t\t\t\t\t<div class=\"uagb-post__text uagb-post__cta wp-block-button\">\n\t\t\t\t<a class=\"wp-block-button__link uagb-text-link\" style=\"\" href=\"https:\/\/menshen.com\/es\/empresa\/menshen-galardonada-ihk-lider-del-mercado-mundial\/\" target=\"_self\" rel=\"bookmark noopener noreferrer\">Leer m\u00e1s<\/a>\n\t\t\t<\/div>\n\t\t\t\n\t\t\t\t\t\t\t\t\t<\/article>\n\t\t\t\t\t\t\t\t\t\t\t<\/div>\n\t\t\t<\/div>\n<\/div>\n","protected":false},"excerpt":{"rendered":"<p>Los aplicadores de esponja son muy populares para la limpieza y el cuidado del calzado. Facilitan la aplicaci\u00f3n del producto y permiten distribuirlo convenientemente por la superficie. Adem\u00e1s, el usuario evita el contacto directo con el producto y no se ensucia las manos. Los aplicadores de esponja tambi\u00e9n son la opci\u00f3n ideal para otros usos, [&hellip;]<\/p>\n","protected":false},"author":5,"featured_media":4443,"parent":5661,"menu_order":70,"comment_status":"closed","ping_status":"closed","template":"","meta":{"_acf_changed":false,"inline_featured_image":false,"_uag_custom_page_level_css":"","site-sidebar-layout":"default","site-content-layout":"default","ast-site-content-layout":"default","site-content-style":"default","site-sidebar-style":"default","ast-global-header-display":"","ast-banner-title-visibility":"","ast-main-header-display":"","ast-hfb-above-header-display":"","ast-hfb-below-header-display":"","ast-hfb-mobile-header-display":"","site-post-title":"disabled","ast-breadcrumbs-content":"","ast-featured-img":"disabled","footer-sml-layout":"","ast-disable-related-posts":"","theme-transparent-header-meta":"default","adv-header-id-meta":"","stick-header-meta":"","header-above-stick-meta":"","header-main-stick-meta":"","header-below-stick-meta":"","astra-migrate-meta-layouts":"set","ast-page-background-enabled":"default","ast-page-background-meta":{"desktop":{"background-color":"var(--ast-global-color-4)","background-image":"","background-repeat":"repeat","background-position":"center center","background-size":"auto","background-attachment":"scroll","background-type":"","background-media":"","overlay-type":"","overlay-color":"","overlay-opacity":"","overlay-gradient":""},"tablet":{"background-color":"","background-image":"","background-repeat":"repeat","background-position":"center center","background-size":"auto","background-attachment":"scroll","background-type":"","background-media":"","overlay-type":"","overlay-color":"","overlay-opacity":"","overlay-gradient":""},"mobile":{"background-color":"","background-image":"","background-repeat":"repeat","background-position":"center center","background-size":"auto","background-attachment":"scroll","background-type":"","background-media":"","overlay-type":"","overlay-color":"","overlay-opacity":"","overlay-gradient":""}},"ast-content-background-meta":{"desktop":{"background-color":"var(--ast-global-color-5)","background-image":"","background-repeat":"repeat","background-position":"center center","background-size":"auto","background-attachment":"scroll","background-type":"","background-media":"","overlay-type":"","overlay-color":"","overlay-opacity":"","overlay-gradient":""},"tablet":{"background-color":"var(--ast-global-color-5)","background-image":"","background-repeat":"repeat","background-position":"center center","background-size":"auto","background-attachment":"scroll","background-type":"","background-media":"","overlay-type":"","overlay-color":"","overlay-opacity":"","overlay-gradient":""},"mobile":{"background-color":"var(--ast-global-color-5)","background-image":"","background-repeat":"repeat","background-position":"center center","background-size":"auto","background-attachment":"scroll","background-type":"","background-media":"","overlay-type":"","overlay-color":"","overlay-opacity":"","overlay-gradient":""}},"footnotes":""},"class_list":["post-5688","page","type-page","status-publish","has-post-thumbnail","hentry"],"acf":[],"uagb_featured_image_src":{"full":["https:\/\/menshen.com\/wp-content\/uploads\/2021\/09\/Schwammauftraeger.jpg",960,540,false],"thumbnail":["https:\/\/menshen.com\/wp-content\/uploads\/2021\/09\/Schwammauftraeger-150x150.jpg",150,150,true],"medium":["https:\/\/menshen.com\/wp-content\/uploads\/2021\/09\/Schwammauftraeger-300x169.jpg",300,169,true],"medium_large":["https:\/\/menshen.com\/wp-content\/uploads\/2021\/09\/Schwammauftraeger-768x432.jpg",768,432,true],"large":["https:\/\/menshen.com\/wp-content\/uploads\/2021\/09\/Schwammauftraeger.jpg",960,540,false],"1536x1536":["https:\/\/menshen.com\/wp-content\/uploads\/2021\/09\/Schwammauftraeger.jpg",960,540,false],"2048x2048":["https:\/\/menshen.com\/wp-content\/uploads\/2021\/09\/Schwammauftraeger.jpg",960,540,false],"woocommerce_thumbnail":["https:\/\/menshen.com\/wp-content\/uploads\/2021\/09\/Schwammauftraeger-300x169.jpg",300,169,true],"woocommerce_single":["https:\/\/menshen.com\/wp-content\/uploads\/2021\/09\/Schwammauftraeger-600x338.jpg",600,338,true],"woocommerce_gallery_thumbnail":["https:\/\/menshen.com\/wp-content\/uploads\/2021\/09\/Schwammauftraeger-100x100.jpg",100,100,true]},"uagb_author_info":{"display_name":"Menshen","author_link":"https:\/\/menshen.com\/es\/author\/cnoeh\/"},"uagb_comment_info":0,"uagb_excerpt":"Los aplicadores de esponja son muy populares para la limpieza y el cuidado del calzado. Facilitan la aplicaci\u00f3n del producto y permiten distribuirlo convenientemente por la superficie. Adem\u00e1s, el usuario evita el contacto directo con el producto y no se ensucia las manos. Los aplicadores de esponja tambi\u00e9n son la opci\u00f3n ideal para otros usos,&hellip;","_links":{"self":[{"href":"https:\/\/menshen.com\/es\/wp-json\/wp\/v2\/pages\/5688","targetHints":{"allow":["GET"]}}],"collection":[{"href":"https:\/\/menshen.com\/es\/wp-json\/wp\/v2\/pages"}],"about":[{"href":"https:\/\/menshen.com\/es\/wp-json\/wp\/v2\/types\/page"}],"author":[{"embeddable":true,"href":"https:\/\/menshen.com\/es\/wp-json\/wp\/v2\/users\/5"}],"replies":[{"embeddable":true,"href":"https:\/\/menshen.com\/es\/wp-json\/wp\/v2\/comments?post=5688"}],"version-history":[{"count":5,"href":"https:\/\/menshen.com\/es\/wp-json\/wp\/v2\/pages\/5688\/revisions"}],"predecessor-version":[{"id":13798,"href":"https:\/\/menshen.com\/es\/wp-json\/wp\/v2\/pages\/5688\/revisions\/13798"}],"up":[{"embeddable":true,"href":"https:\/\/menshen.com\/es\/wp-json\/wp\/v2\/pages\/5661"}],"wp:featuredmedia":[{"embeddable":true,"href":"https:\/\/menshen.com\/es\/wp-json\/wp\/v2\/media\/4443"}],"wp:attachment":[{"href":"https:\/\/menshen.com\/es\/wp-json\/wp\/v2\/media?parent=5688"}],"curies":[{"name":"wp","href":"https:\/\/api.w.org\/{rel}","templated":true}]}}