{"id":5902,"date":"2021-09-15T16:55:19","date_gmt":"2021-09-15T14:55:19","guid":{"rendered":"https:\/\/new.menshen.com\/?page_id=5902"},"modified":"2024-01-16T12:49:43","modified_gmt":"2024-01-16T11:49:43","slug":"china","status":"publish","type":"page","link":"https:\/\/menshen.com\/es\/china\/","title":{"rendered":"China"},"content":{"rendered":"\r\n<div id=\"men-block-block_dd69dba67ff79a84894d2a8da58cb253\" class=\"container px-0 men-block men-header\">\r\n    <div class=\"row\">\r\n        <div class=\"col\">\r\n            <div class=\"cover\">\r\n                                    <img loading=\"lazy\" decoding=\"async\" width=\"2560\" height=\"1008\" src=\"https:\/\/menshen.com\/wp-content\/uploads\/2024\/01\/menshen-header-world-map-locations-2024-01-1.jpg\" class=\"attachment-full size-full\" alt=\"\" srcset=\"https:\/\/menshen.com\/wp-content\/uploads\/2024\/01\/menshen-header-world-map-locations-2024-01-1.jpg 2560w, https:\/\/menshen.com\/wp-content\/uploads\/2024\/01\/menshen-header-world-map-locations-2024-01-1-300x118.jpg 300w, https:\/\/menshen.com\/wp-content\/uploads\/2024\/01\/menshen-header-world-map-locations-2024-01-1-1024x403.jpg 1024w, https:\/\/menshen.com\/wp-content\/uploads\/2024\/01\/menshen-header-world-map-locations-2024-01-1-768x302.jpg 768w, https:\/\/menshen.com\/wp-content\/uploads\/2024\/01\/menshen-header-world-map-locations-2024-01-1-1536x605.jpg 1536w, https:\/\/menshen.com\/wp-content\/uploads\/2024\/01\/menshen-header-world-map-locations-2024-01-1-2048x806.jpg 2048w, https:\/\/menshen.com\/wp-content\/uploads\/2024\/01\/menshen-header-world-map-locations-2024-01-1-600x236.jpg 600w\" sizes=\"auto, (max-width: 2560px) 100vw, 2560px\" \/>                \r\n                <div class=\"layer\" style=\"background-image: url('https:\/\/menshen.com\/wp-content\/themes\/menshen\/assets\/header-layer\/Verlauf_16.svg')\">\r\n                                    <\/div>\r\n            <\/div>\r\n\r\n            <div class=\"text\">\r\n                <h1>\r\n                    <strong>China<\/strong><br>\r\n                                    <\/h1>\r\n            <\/div>\r\n        <\/div>\r\n    <\/div>\r\n<\/div>\r\n\n\n\n<div style=\"height:80px\" aria-hidden=\"true\" class=\"wp-block-spacer\"><\/div>\n\n\n\n<h2 class=\"wp-block-heading\">Shanghai + Guangzhou<\/h2>\n\n\n\n<div class=\"inherit-container-width wp-block-group p-4 men-max-w has-background is-layout-constrained wp-block-group-is-layout-constrained\" style=\"background-color:#f8f8f8\"><div class=\"wp-block-group__inner-container\">\n<div class=\"wp-block-columns is-layout-flex wp-container-core-columns-is-layout-28f84493 wp-block-columns-is-layout-flex\">\n<div class=\"wp-block-column is-layout-flow wp-block-column-is-layout-flow\">\n<p><strong>Oficina principal en China<\/strong><br>Ubicaci\u00f3n en Shanghai<br>MENSHEN Packaging (Shanghai) Co.,Ltd.<br>No.885, Minyi Rd., Xin Qiao Industry Zone<br>Songjiang District<br>Shanghai, China, 201612<\/p>\n\n\n\n<p>Tel\u00e9fono +86 21 67686000<br>Fax +86 21 37842798<br><a href=\"mailto:contact.china@menshen.com.cn\">contact.china(at)menshen.com.cn<\/a><br><a href=\"https:\/\/new.menshen.com\/\">www.menshen.com<\/a><\/p>\n<\/div>\n\n\n\n<div class=\"wp-block-column is-layout-flow wp-block-column-is-layout-flow\">\n<p><strong>Ubicaci\u00f3n en<\/strong> <strong>Guangzhou<br><\/strong>MENSHEN Packaging (Guangzhou) Co., Ltd.<br>No.12, Xiayuan Rd.<br>Xiayuan Village,  Yongning Street, Zengsheng District<br>Guangzhou, Guangdong, China 511358<\/p>\n\n\n\n<p><\/p>\n\n\n\n<p>Tel\u00e9fono +86 20 32082000<br>Fax +86 21 32083343<br><a href=\"mailto:contact.gz@menshen.com.cn\">contact.gz(at)menshen.com.cn<\/a><br><a href=\"https:\/\/new.menshen.com\/\">www.menshen.com<\/a><\/p>\n<\/div>\n<\/div>\n<\/div><\/div>\n\n\n\n<div style=\"height:60px\" aria-hidden=\"true\" class=\"wp-block-spacer\"><\/div>\n\n\n\n<figure class=\"wp-block-video\"><video controls poster=\"https:\/\/new.menshen.com\/wp-content\/uploads\/2021\/09\/Standorte_ChinaShanghai.jpg\" src=\"https:\/\/cdn.menshen-virtual-open-campus.com\/video\/Menshen_Selfies_China_Shanghai_v02.mp4\"><\/video><\/figure>\n\n\n\n<figure class=\"wp-block-video\"><video controls poster=\"https:\/\/new.menshen.com\/wp-content\/uploads\/2021\/09\/Standorte_ChinaGuangzhou.jpg\" src=\"https:\/\/cdn.menshen-virtual-open-campus.com\/video\/Menshen_Selfies_China_Guangzhou_v02.mp4\"><\/video><\/figure>\n\n\n\n<p><strong>Fundaci\u00f3n:<\/strong><br>1998<\/p>\n\n\n\n<p><strong>Productos que se fabrican:<br><\/strong>Piezas molde de inyecci\u00f3n, fabricadas en pl\u00e1stico, principalmente tapones para las siguientes filiales: cosm\u00e9tica, detergentes, productos de lavado y de limpieza, alimentos y bebidas, productos farmac\u00e9uticos.<\/p>\n\n\n\n<ul class=\"wp-block-list\">\n<li>Tapones y aplicadores de esponja para botellas y tubos (tapones de rosca, tapones dosificadores, tapones a presi\u00f3n, tapones con tapa abatible, tapones tipo torreta, tapones tubo y aplicadores de esponja).<\/li>\n\n\n\n<li>Boquillas para envase flexible.<\/li>\n<\/ul>\n\n\n\n<p><strong>Especificaciones\/zonas especiales:<\/strong><\/p>\n\n\n\n<ul class=\"wp-block-list\">\n<li>Producci\u00f3n en ambiente as\u00e9ptico seg\u00fan clase 100.000.<\/li>\n\n\n\n<li>Departamento propio de investigaci\u00f3n y desarrollo.<\/li>\n\n\n\n<li>Taller de moldes (reparaci\u00f3n, mantenimiento\/inspecci\u00f3n, limpieza).<\/li>\n\n\n\n<li>Garant\u00eda de calidad en todos los pasos del desarrollo y de producci\u00f3n.<\/li>\n\n\n\n<li>Log\u00edstica de alto rendimiento.<\/li>\n\n\n\n<li>Centro de conocimiento para maquinaria especializada y montaje.<\/li>\n<\/ul>\n","protected":false},"excerpt":{"rendered":"<p>Shanghai + Guangzhou Oficina principal en ChinaUbicaci\u00f3n en ShanghaiMENSHEN Packaging (Shanghai) Co.,Ltd.No.885, Minyi Rd., Xin Qiao Industry ZoneSongjiang DistrictShanghai, China, 201612 Tel\u00e9fono +86 21 67686000Fax +86 21 37842798contact.china(at)menshen.com.cnwww.menshen.com Ubicaci\u00f3n en GuangzhouMENSHEN Packaging (Guangzhou) Co., Ltd.No.12, Xiayuan Rd.Xiayuan Village, Yongning Street, Zengsheng DistrictGuangzhou, Guangdong, China 511358 Tel\u00e9fono +86 20 32082000Fax +86 21 32083343contact.gz(at)menshen.com.cnwww.menshen.com Fundaci\u00f3n:1998 Productos que [&hellip;]<\/p>\n","protected":false},"author":5,"featured_media":0,"parent":0,"menu_order":80,"comment_status":"closed","ping_status":"closed","template":"","meta":{"_acf_changed":false,"inline_featured_image":false,"_uag_custom_page_level_css":"","site-sidebar-layout":"default","site-content-layout":"default","ast-site-content-layout":"default","site-content-style":"default","site-sidebar-style":"default","ast-global-header-display":"","ast-banner-title-visibility":"","ast-main-header-display":"","ast-hfb-above-header-display":"","ast-hfb-below-header-display":"","ast-hfb-mobile-header-display":"","site-post-title":"disabled","ast-breadcrumbs-content":"","ast-featured-img":"disabled","footer-sml-layout":"","ast-disable-related-posts":"","theme-transparent-header-meta":"default","adv-header-id-meta":"","stick-header-meta":"","header-above-stick-meta":"","header-main-stick-meta":"","header-below-stick-meta":"","astra-migrate-meta-layouts":"set","ast-page-background-enabled":"default","ast-page-background-meta":{"desktop":{"background-color":"var(--ast-global-color-4)","background-image":"","background-repeat":"repeat","background-position":"center center","background-size":"auto","background-attachment":"scroll","background-type":"","background-media":"","overlay-type":"","overlay-color":"","overlay-opacity":"","overlay-gradient":""},"tablet":{"background-color":"","background-image":"","background-repeat":"repeat","background-position":"center center","background-size":"auto","background-attachment":"scroll","background-type":"","background-media":"","overlay-type":"","overlay-color":"","overlay-opacity":"","overlay-gradient":""},"mobile":{"background-color":"","background-image":"","background-repeat":"repeat","background-position":"center center","background-size":"auto","background-attachment":"scroll","background-type":"","background-media":"","overlay-type":"","overlay-color":"","overlay-opacity":"","overlay-gradient":""}},"ast-content-background-meta":{"desktop":{"background-color":"var(--ast-global-color-5)","background-image":"","background-repeat":"repeat","background-position":"center center","background-size":"auto","background-attachment":"scroll","background-type":"","background-media":"","overlay-type":"","overlay-color":"","overlay-opacity":"","overlay-gradient":""},"tablet":{"background-color":"var(--ast-global-color-5)","background-image":"","background-repeat":"repeat","background-position":"center center","background-size":"auto","background-attachment":"scroll","background-type":"","background-media":"","overlay-type":"","overlay-color":"","overlay-opacity":"","overlay-gradient":""},"mobile":{"background-color":"var(--ast-global-color-5)","background-image":"","background-repeat":"repeat","background-position":"center center","background-size":"auto","background-attachment":"scroll","background-type":"","background-media":"","overlay-type":"","overlay-color":"","overlay-opacity":"","overlay-gradient":""}},"footnotes":""},"class_list":["post-5902","page","type-page","status-publish","hentry"],"acf":[],"uagb_featured_image_src":{"full":false,"thumbnail":false,"medium":false,"medium_large":false,"large":false,"1536x1536":false,"2048x2048":false,"woocommerce_thumbnail":false,"woocommerce_single":false,"woocommerce_gallery_thumbnail":false},"uagb_author_info":{"display_name":"Menshen","author_link":"https:\/\/menshen.com\/es\/author\/cnoeh\/"},"uagb_comment_info":0,"uagb_excerpt":"Shanghai + Guangzhou Oficina principal en ChinaUbicaci\u00f3n en ShanghaiMENSHEN Packaging (Shanghai) Co.,Ltd.No.885, Minyi Rd., Xin Qiao Industry ZoneSongjiang DistrictShanghai, China, 201612 Tel\u00e9fono +86 21 67686000Fax +86 21 37842798contact.china(at)menshen.com.cnwww.menshen.com Ubicaci\u00f3n en GuangzhouMENSHEN Packaging (Guangzhou) Co., Ltd.No.12, Xiayuan Rd.Xiayuan Village, Yongning Street, Zengsheng DistrictGuangzhou, Guangdong, China 511358 Tel\u00e9fono +86 20 32082000Fax +86 21 32083343contact.gz(at)menshen.com.cnwww.menshen.com Fundaci\u00f3n:1998 Productos que&hellip;","_links":{"self":[{"href":"https:\/\/menshen.com\/es\/wp-json\/wp\/v2\/pages\/5902","targetHints":{"allow":["GET"]}}],"collection":[{"href":"https:\/\/menshen.com\/es\/wp-json\/wp\/v2\/pages"}],"about":[{"href":"https:\/\/menshen.com\/es\/wp-json\/wp\/v2\/types\/page"}],"author":[{"embeddable":true,"href":"https:\/\/menshen.com\/es\/wp-json\/wp\/v2\/users\/5"}],"replies":[{"embeddable":true,"href":"https:\/\/menshen.com\/es\/wp-json\/wp\/v2\/comments?post=5902"}],"version-history":[{"count":5,"href":"https:\/\/menshen.com\/es\/wp-json\/wp\/v2\/pages\/5902\/revisions"}],"predecessor-version":[{"id":12176,"href":"https:\/\/menshen.com\/es\/wp-json\/wp\/v2\/pages\/5902\/revisions\/12176"}],"wp:attachment":[{"href":"https:\/\/menshen.com\/es\/wp-json\/wp\/v2\/media?parent=5902"}],"curies":[{"name":"wp","href":"https:\/\/api.w.org\/{rel}","templated":true}]}}