{"id":5918,"date":"2022-08-12T11:44:59","date_gmt":"2022-08-12T09:44:59","guid":{"rendered":"https:\/\/new.menshen.com\/?page_id=5918"},"modified":"2024-01-16T12:49:44","modified_gmt":"2024-01-16T11:49:44","slug":"hungria","status":"publish","type":"page","link":"https:\/\/menshen.com\/es\/hungria\/","title":{"rendered":"Hungr\u00eda"},"content":{"rendered":"\r\n<div id=\"men-block-block_8fd641ae2fcc0230fa9834a55b6fa3d6\" class=\"container px-0 men-block men-header\">\r\n    <div class=\"row\">\r\n        <div class=\"col\">\r\n            <div class=\"cover\">\r\n                                    <img loading=\"lazy\" decoding=\"async\" width=\"2560\" height=\"1008\" src=\"https:\/\/menshen.com\/wp-content\/uploads\/2021\/09\/HEADER_zugeschnitten_2-scaled.jpg\" class=\"attachment-full size-full\" alt=\"\" srcset=\"https:\/\/menshen.com\/wp-content\/uploads\/2021\/09\/HEADER_zugeschnitten_2-scaled.jpg 2560w, https:\/\/menshen.com\/wp-content\/uploads\/2021\/09\/HEADER_zugeschnitten_2-300x118.jpg 300w, https:\/\/menshen.com\/wp-content\/uploads\/2021\/09\/HEADER_zugeschnitten_2-scaled-600x236.jpg 600w, https:\/\/menshen.com\/wp-content\/uploads\/2021\/09\/HEADER_zugeschnitten_2-1024x403.jpg 1024w, https:\/\/menshen.com\/wp-content\/uploads\/2021\/09\/HEADER_zugeschnitten_2-768x302.jpg 768w, https:\/\/menshen.com\/wp-content\/uploads\/2021\/09\/HEADER_zugeschnitten_2-1536x605.jpg 1536w, https:\/\/menshen.com\/wp-content\/uploads\/2021\/09\/HEADER_zugeschnitten_2-2048x806.jpg 2048w\" sizes=\"auto, (max-width: 2560px) 100vw, 2560px\" \/>                \r\n                <div class=\"layer\" style=\"background-image: url('https:\/\/menshen.com\/wp-content\/themes\/menshen\/assets\/header-layer\/Verlauf_16.svg')\">\r\n                                    <\/div>\r\n            <\/div>\r\n\r\n            <div class=\"text\">\r\n                <h1>\r\n                    <strong>Hungr\u00eda<\/strong><br>\r\n                                    <\/h1>\r\n            <\/div>\r\n        <\/div>\r\n    <\/div>\r\n<\/div>\r\n\n\n\n<div style=\"height:80px\" aria-hidden=\"true\" class=\"wp-block-spacer\"><\/div>\n\n\n\n<h2 class=\"wp-block-heading\">Budapest<\/h2>\n\n\n\n<div class=\"inherit-container-width wp-block-group p-4 men-max-w has-background is-layout-constrained wp-block-group-is-layout-constrained\" style=\"background-color:#f8f8f8\"><div class=\"wp-block-group__inner-container\">\n<div class=\"wp-block-columns is-layout-flex wp-container-core-columns-is-layout-28f84493 wp-block-columns-is-layout-flex\">\n<div class=\"wp-block-column is-layout-flow wp-block-column-is-layout-flow\">\n<p><strong>MIKROPAKK<\/strong><\/p>\n\n\n\n<p>J\u00e1szber\u00e9nyi \u00fat 82<br>H-1106 Budapest<br>Tel\u00e9fono +36 1 2605521<br>Fax +36 1 2609340<br>mikropakk(at)mikropakk.hu<br>www.mikropakk.hu<\/p>\n\n\n\n<p>Ubicaci\u00f3n Salgotarjan:<br>MENSHEN \/ MIKROPAKK<br>Patak ut 12<br>3104 Salgotarjan<\/p>\n<\/div>\n<\/div>\n<\/div><\/div>\n\n\n\n<div style=\"height:60px\" aria-hidden=\"true\" class=\"wp-block-spacer\"><\/div>\n\n\n\n<p><strong><strong>Fundaci\u00f3n<\/strong>:<\/strong><br>1991<\/p>\n\n\n\n<p><strong><strong>Productos que se fabrican:<\/strong><\/strong><br>Piezas de soldadura de inyecci\u00f3n fabricadas en pl\u00e1stico, principalmente para cosm\u00e9tica, alimentos, farmacia y segmentos electr\u00f3nicos. Desarrollo para la industria de aerosoles.<\/p>\n\n\n\n<p>\u2022 Tapones para botellas y tubos, para las industrias cosm\u00e9tica, de alimentos y farmac\u00e9utica.<br>\u2022 V\u00e1lvulas de aerosoles y sistemas 2k para la industria del poliuretano.<br>\u2022 Piezas de precisi\u00f3n para la industria electr\u00f3nica.<br>\u2022 Soluciones de acabado para envases por encargo.<\/p>\n\n\n\n<p><strong><strong>Especificaciones\/zonas especiales:<\/strong><\/strong><br>\u2022 Ambiente as\u00e9ptico seg\u00fan clase.<br>\u2022 Departamento propio de investigaci\u00f3n y desarrollo.<br>\u2022 Taller de herramientas (reparaci\u00f3n, mantenimiento, limpieza, reequipamiento).<br>\u2022 Taller de moldeado (moldeado por inyecci\u00f3n de pl\u00e1stico de un s\u00f3lo color y de dos colores, moldeado inserido, prototipos).<br>\u2022 Garant\u00eda de calidad (ISO 9001:2008)<\/p>\n","protected":false},"excerpt":{"rendered":"<p>Budapest MIKROPAKK J\u00e1szber\u00e9nyi \u00fat 82H-1106 BudapestTel\u00e9fono +36 1 2605521Fax +36 1 2609340mikropakk(at)mikropakk.huwww.mikropakk.hu Ubicaci\u00f3n Salgotarjan:MENSHEN \/ MIKROPAKKPatak ut 123104 Salgotarjan Fundaci\u00f3n:1991 Productos que se fabrican:Piezas de soldadura de inyecci\u00f3n fabricadas en pl\u00e1stico, principalmente para cosm\u00e9tica, alimentos, farmacia y segmentos electr\u00f3nicos. Desarrollo para la industria de aerosoles. \u2022 Tapones para botellas y tubos, para las industrias cosm\u00e9tica, [&hellip;]<\/p>\n","protected":false},"author":5,"featured_media":0,"parent":0,"menu_order":80,"comment_status":"closed","ping_status":"closed","template":"","meta":{"_acf_changed":false,"inline_featured_image":false,"_uag_custom_page_level_css":"","site-sidebar-layout":"default","site-content-layout":"default","ast-site-content-layout":"default","site-content-style":"default","site-sidebar-style":"default","ast-global-header-display":"","ast-banner-title-visibility":"","ast-main-header-display":"","ast-hfb-above-header-display":"","ast-hfb-below-header-display":"","ast-hfb-mobile-header-display":"","site-post-title":"disabled","ast-breadcrumbs-content":"","ast-featured-img":"disabled","footer-sml-layout":"","ast-disable-related-posts":"","theme-transparent-header-meta":"default","adv-header-id-meta":"","stick-header-meta":"","header-above-stick-meta":"","header-main-stick-meta":"","header-below-stick-meta":"","astra-migrate-meta-layouts":"default","ast-page-background-enabled":"default","ast-page-background-meta":{"desktop":{"background-color":"var(--ast-global-color-4)","background-image":"","background-repeat":"repeat","background-position":"center center","background-size":"auto","background-attachment":"scroll","background-type":"","background-media":"","overlay-type":"","overlay-color":"","overlay-opacity":"","overlay-gradient":""},"tablet":{"background-color":"","background-image":"","background-repeat":"repeat","background-position":"center center","background-size":"auto","background-attachment":"scroll","background-type":"","background-media":"","overlay-type":"","overlay-color":"","overlay-opacity":"","overlay-gradient":""},"mobile":{"background-color":"","background-image":"","background-repeat":"repeat","background-position":"center center","background-size":"auto","background-attachment":"scroll","background-type":"","background-media":"","overlay-type":"","overlay-color":"","overlay-opacity":"","overlay-gradient":""}},"ast-content-background-meta":{"desktop":{"background-color":"var(--ast-global-color-5)","background-image":"","background-repeat":"repeat","background-position":"center center","background-size":"auto","background-attachment":"scroll","background-type":"","background-media":"","overlay-type":"","overlay-color":"","overlay-opacity":"","overlay-gradient":""},"tablet":{"background-color":"var(--ast-global-color-5)","background-image":"","background-repeat":"repeat","background-position":"center center","background-size":"auto","background-attachment":"scroll","background-type":"","background-media":"","overlay-type":"","overlay-color":"","overlay-opacity":"","overlay-gradient":""},"mobile":{"background-color":"var(--ast-global-color-5)","background-image":"","background-repeat":"repeat","background-position":"center center","background-size":"auto","background-attachment":"scroll","background-type":"","background-media":"","overlay-type":"","overlay-color":"","overlay-opacity":"","overlay-gradient":""}},"footnotes":""},"class_list":["post-5918","page","type-page","status-publish","hentry"],"acf":[],"uagb_featured_image_src":{"full":false,"thumbnail":false,"medium":false,"medium_large":false,"large":false,"1536x1536":false,"2048x2048":false,"woocommerce_thumbnail":false,"woocommerce_single":false,"woocommerce_gallery_thumbnail":false},"uagb_author_info":{"display_name":"Menshen","author_link":"https:\/\/menshen.com\/es\/author\/cnoeh\/"},"uagb_comment_info":0,"uagb_excerpt":"Budapest MIKROPAKK J\u00e1szber\u00e9nyi \u00fat 82H-1106 BudapestTel\u00e9fono +36 1 2605521Fax +36 1 2609340mikropakk(at)mikropakk.huwww.mikropakk.hu Ubicaci\u00f3n Salgotarjan:MENSHEN \/ MIKROPAKKPatak ut 123104 Salgotarjan Fundaci\u00f3n:1991 Productos que se fabrican:Piezas de soldadura de inyecci\u00f3n fabricadas en pl\u00e1stico, principalmente para cosm\u00e9tica, alimentos, farmacia y segmentos electr\u00f3nicos. Desarrollo para la industria de aerosoles. \u2022 Tapones para botellas y tubos, para las industrias cosm\u00e9tica,&hellip;","_links":{"self":[{"href":"https:\/\/menshen.com\/es\/wp-json\/wp\/v2\/pages\/5918","targetHints":{"allow":["GET"]}}],"collection":[{"href":"https:\/\/menshen.com\/es\/wp-json\/wp\/v2\/pages"}],"about":[{"href":"https:\/\/menshen.com\/es\/wp-json\/wp\/v2\/types\/page"}],"author":[{"embeddable":true,"href":"https:\/\/menshen.com\/es\/wp-json\/wp\/v2\/users\/5"}],"replies":[{"embeddable":true,"href":"https:\/\/menshen.com\/es\/wp-json\/wp\/v2\/comments?post=5918"}],"version-history":[{"count":3,"href":"https:\/\/menshen.com\/es\/wp-json\/wp\/v2\/pages\/5918\/revisions"}],"predecessor-version":[{"id":6511,"href":"https:\/\/menshen.com\/es\/wp-json\/wp\/v2\/pages\/5918\/revisions\/6511"}],"wp:attachment":[{"href":"https:\/\/menshen.com\/es\/wp-json\/wp\/v2\/media?parent=5918"}],"curies":[{"name":"wp","href":"https:\/\/api.w.org\/{rel}","templated":true}]}}