{"id":5924,"date":"2021-09-15T17:37:47","date_gmt":"2021-09-15T15:37:47","guid":{"rendered":"https:\/\/new.menshen.com\/?page_id=5924"},"modified":"2024-01-16T12:49:45","modified_gmt":"2024-01-16T11:49:45","slug":"mejico","status":"publish","type":"page","link":"https:\/\/menshen.com\/es\/mejico\/","title":{"rendered":"M\u00e9jico"},"content":{"rendered":"\r\n<div id=\"men-block-block_01808bec5a85f3bdf1b2abd42c5dba75\" class=\"container px-0 men-block men-header\">\r\n    <div class=\"row\">\r\n        <div class=\"col\">\r\n            <div class=\"cover\">\r\n                                    <img loading=\"lazy\" decoding=\"async\" width=\"2560\" height=\"1008\" src=\"https:\/\/menshen.com\/wp-content\/uploads\/2024\/01\/menshen-header-world-map-locations-2024-01-1.jpg\" class=\"attachment-full size-full\" alt=\"\" srcset=\"https:\/\/menshen.com\/wp-content\/uploads\/2024\/01\/menshen-header-world-map-locations-2024-01-1.jpg 2560w, https:\/\/menshen.com\/wp-content\/uploads\/2024\/01\/menshen-header-world-map-locations-2024-01-1-300x118.jpg 300w, https:\/\/menshen.com\/wp-content\/uploads\/2024\/01\/menshen-header-world-map-locations-2024-01-1-1024x403.jpg 1024w, https:\/\/menshen.com\/wp-content\/uploads\/2024\/01\/menshen-header-world-map-locations-2024-01-1-768x302.jpg 768w, https:\/\/menshen.com\/wp-content\/uploads\/2024\/01\/menshen-header-world-map-locations-2024-01-1-1536x605.jpg 1536w, https:\/\/menshen.com\/wp-content\/uploads\/2024\/01\/menshen-header-world-map-locations-2024-01-1-2048x806.jpg 2048w, https:\/\/menshen.com\/wp-content\/uploads\/2024\/01\/menshen-header-world-map-locations-2024-01-1-600x236.jpg 600w\" sizes=\"auto, (max-width: 2560px) 100vw, 2560px\" \/>                \r\n                <div class=\"layer\" style=\"background-image: url('https:\/\/menshen.com\/wp-content\/themes\/menshen\/assets\/header-layer\/Verlauf_14.svg')\">\r\n                                    <\/div>\r\n            <\/div>\r\n\r\n            <div class=\"text\">\r\n                <h1>\r\n                    <strong>M\u00e9jico<\/strong><br>\r\n                                    <\/h1>\r\n            <\/div>\r\n        <\/div>\r\n    <\/div>\r\n<\/div>\r\n\n\n\n<div style=\"height:80px\" aria-hidden=\"true\" class=\"wp-block-spacer\"><\/div>\n\n\n\n<h2 class=\"wp-block-heading\">Toluca<\/h2>\n\n\n\n<div class=\"inherit-container-width wp-block-group p-4 men-max-w has-background is-layout-constrained wp-block-group-is-layout-constrained\" style=\"background-color:#f8f8f8\"><div class=\"wp-block-group__inner-container\">\n<div class=\"wp-block-columns is-layout-flex wp-container-core-columns-is-layout-28f84493 wp-block-columns-is-layout-flex\">\n<div class=\"wp-block-column is-layout-flow wp-block-column-is-layout-flow\">\n<p><strong><strong>Ubicaci\u00f3n<\/strong><\/strong> <strong>M\u00e9xico\/LATAM<\/strong><\/p>\n\n\n\n<p>MENSHEN Mexicana, S. de C.V. de R.L.<br>Parque Industrial Exportec<br>Circuito Ernesto Monroy C\u00e1rdenas, 109<br>Municipio de Toluca, Estado de M\u00e9xico<br>Tel\u00e9fono +52 722 2734782<br>Fax +52 722 2734783<br>contact(at)menshenmex.com<br>www.menshen.com<\/p>\n<\/div>\n<\/div>\n<\/div><\/div>\n\n\n\n<div style=\"height:60px\" aria-hidden=\"true\" class=\"wp-block-spacer\"><\/div>\n\n\n\n<figure class=\"wp-block-video\"><video controls poster=\"https:\/\/new.menshen.com\/wp-content\/uploads\/2021\/09\/Standorte_Mexiko.jpg\" src=\"https:\/\/cdn.menshen-virtual-open-campus.com\/video\/Menshen_Selfies_Mexico_v02.mp4\"><\/video><\/figure>\n\n\n\n<p><strong><strong>Fundaci\u00f3n<\/strong>:<\/strong><br>1998<\/p>\n\n\n\n<p><strong><strong>Productos que se fabrican:<\/strong><\/strong><br>Menshen LATAM siempre a la b\u00fasqueda de la innovaci\u00f3n en todos los mercados y del mejor desarrollo en piezas molde de inyecci\u00f3n fabricadas en pl\u00e1stico y montaje. Fabricamos tapones para filiales de: cosm\u00e9tica, detergentes, productos de lavado y productos de limpieza, alimentos y bebidas, y productos farmac\u00e9uticos.<\/p>\n\n\n\n<p>\u2022 Tapones (tapones de rosca, tapones dosificadores, tapones a presi\u00f3n, tapones con tapa abatible).<br>\u2022 Aplicadores de esponja.<br>\u2022 Somos pioneros en la fabricaci\u00f3n de boquillas para mercados cosm\u00e9ticos (NaturaSou Brasil)<br>\u2022 Boquilla esquinera, frontal y superior para todo tipo de filiales.<br>\u2022 Tap\u00f3n de seguridad anti choque y boquilla para envase flexible.<\/p>\n\n\n\n<p>No vendemos tapones \u2013ofrecemos una amplia gama de opciones para garantizar que sus marcas siempre est\u00e9n presentes en la mente del consumidor final.<\/p>\n\n\n\n<p><strong><strong>Actualmente exportamos a:<\/strong><\/strong><br>Am\u00e9rica Central \/ Paquist\u00e1n \/ India \/ Am\u00e9rica del Sur \/ Estados Unidos de Am\u00e9rica \/ El Caribe<\/p>\n\n\n\n<p><strong>Especificaciones\/zonas especiales:<\/strong><br>\u2022 Ambiente as\u00e9ptico 850 metros cuadrados<br>\u2022 Departamento propio de investigaci\u00f3n y desarrollo.<br>\u2022 Taller de moldes (reparaci\u00f3n, mantenimiento e inspecci\u00f3n, limpieza).<br>\u2022 Garant\u00eda de calidad en todos los pasos del desarrollo y de producci\u00f3n.<br>\u2022 Log\u00edstica de alto rendimiento.<br>\u2022 Centro de conocimiento para maquinaria especializada y montaje.<\/p>\n","protected":false},"excerpt":{"rendered":"<p>Toluca Ubicaci\u00f3n M\u00e9xico\/LATAM MENSHEN Mexicana, S. de C.V. de R.L.Parque Industrial ExportecCircuito Ernesto Monroy C\u00e1rdenas, 109Municipio de Toluca, Estado de M\u00e9xicoTel\u00e9fono +52 722 2734782Fax +52 722 2734783contact(at)menshenmex.comwww.menshen.com Fundaci\u00f3n:1998 Productos que se fabrican:Menshen LATAM siempre a la b\u00fasqueda de la innovaci\u00f3n en todos los mercados y del mejor desarrollo en piezas molde de inyecci\u00f3n fabricadas en [&hellip;]<\/p>\n","protected":false},"author":5,"featured_media":0,"parent":0,"menu_order":80,"comment_status":"closed","ping_status":"closed","template":"","meta":{"_acf_changed":false,"inline_featured_image":false,"_uag_custom_page_level_css":"","site-sidebar-layout":"default","site-content-layout":"default","ast-site-content-layout":"default","site-content-style":"default","site-sidebar-style":"default","ast-global-header-display":"","ast-banner-title-visibility":"","ast-main-header-display":"","ast-hfb-above-header-display":"","ast-hfb-below-header-display":"","ast-hfb-mobile-header-display":"","site-post-title":"disabled","ast-breadcrumbs-content":"","ast-featured-img":"disabled","footer-sml-layout":"","ast-disable-related-posts":"","theme-transparent-header-meta":"default","adv-header-id-meta":"","stick-header-meta":"","header-above-stick-meta":"","header-main-stick-meta":"","header-below-stick-meta":"","astra-migrate-meta-layouts":"set","ast-page-background-enabled":"default","ast-page-background-meta":{"desktop":{"background-color":"var(--ast-global-color-4)","background-image":"","background-repeat":"repeat","background-position":"center center","background-size":"auto","background-attachment":"scroll","background-type":"","background-media":"","overlay-type":"","overlay-color":"","overlay-opacity":"","overlay-gradient":""},"tablet":{"background-color":"","background-image":"","background-repeat":"repeat","background-position":"center center","background-size":"auto","background-attachment":"scroll","background-type":"","background-media":"","overlay-type":"","overlay-color":"","overlay-opacity":"","overlay-gradient":""},"mobile":{"background-color":"","background-image":"","background-repeat":"repeat","background-position":"center center","background-size":"auto","background-attachment":"scroll","background-type":"","background-media":"","overlay-type":"","overlay-color":"","overlay-opacity":"","overlay-gradient":""}},"ast-content-background-meta":{"desktop":{"background-color":"var(--ast-global-color-5)","background-image":"","background-repeat":"repeat","background-position":"center center","background-size":"auto","background-attachment":"scroll","background-type":"","background-media":"","overlay-type":"","overlay-color":"","overlay-opacity":"","overlay-gradient":""},"tablet":{"background-color":"var(--ast-global-color-5)","background-image":"","background-repeat":"repeat","background-position":"center center","background-size":"auto","background-attachment":"scroll","background-type":"","background-media":"","overlay-type":"","overlay-color":"","overlay-opacity":"","overlay-gradient":""},"mobile":{"background-color":"var(--ast-global-color-5)","background-image":"","background-repeat":"repeat","background-position":"center center","background-size":"auto","background-attachment":"scroll","background-type":"","background-media":"","overlay-type":"","overlay-color":"","overlay-opacity":"","overlay-gradient":""}},"footnotes":""},"class_list":["post-5924","page","type-page","status-publish","hentry"],"acf":[],"uagb_featured_image_src":{"full":false,"thumbnail":false,"medium":false,"medium_large":false,"large":false,"1536x1536":false,"2048x2048":false,"woocommerce_thumbnail":false,"woocommerce_single":false,"woocommerce_gallery_thumbnail":false},"uagb_author_info":{"display_name":"Menshen","author_link":"https:\/\/menshen.com\/es\/author\/cnoeh\/"},"uagb_comment_info":0,"uagb_excerpt":"Toluca Ubicaci\u00f3n M\u00e9xico\/LATAM MENSHEN Mexicana, S. de C.V. de R.L.Parque Industrial ExportecCircuito Ernesto Monroy C\u00e1rdenas, 109Municipio de Toluca, Estado de M\u00e9xicoTel\u00e9fono +52 722 2734782Fax +52 722 2734783contact(at)menshenmex.comwww.menshen.com Fundaci\u00f3n:1998 Productos que se fabrican:Menshen LATAM siempre a la b\u00fasqueda de la innovaci\u00f3n en todos los mercados y del mejor desarrollo en piezas molde de inyecci\u00f3n fabricadas en&hellip;","_links":{"self":[{"href":"https:\/\/menshen.com\/es\/wp-json\/wp\/v2\/pages\/5924","targetHints":{"allow":["GET"]}}],"collection":[{"href":"https:\/\/menshen.com\/es\/wp-json\/wp\/v2\/pages"}],"about":[{"href":"https:\/\/menshen.com\/es\/wp-json\/wp\/v2\/types\/page"}],"author":[{"embeddable":true,"href":"https:\/\/menshen.com\/es\/wp-json\/wp\/v2\/users\/5"}],"replies":[{"embeddable":true,"href":"https:\/\/menshen.com\/es\/wp-json\/wp\/v2\/comments?post=5924"}],"version-history":[{"count":4,"href":"https:\/\/menshen.com\/es\/wp-json\/wp\/v2\/pages\/5924\/revisions"}],"predecessor-version":[{"id":12233,"href":"https:\/\/menshen.com\/es\/wp-json\/wp\/v2\/pages\/5924\/revisions\/12233"}],"wp:attachment":[{"href":"https:\/\/menshen.com\/es\/wp-json\/wp\/v2\/media?parent=5924"}],"curies":[{"name":"wp","href":"https:\/\/api.w.org\/{rel}","templated":true}]}}