{"id":5932,"date":"2021-09-15T17:44:29","date_gmt":"2021-09-15T15:44:29","guid":{"rendered":"https:\/\/new.menshen.com\/?page_id=5932"},"modified":"2026-03-20T15:51:38","modified_gmt":"2026-03-20T14:51:38","slug":"espana","status":"publish","type":"page","link":"https:\/\/menshen.com\/es\/espana\/","title":{"rendered":"Espa\u00f1a"},"content":{"rendered":"\r\n<div id=\"men-block-block_eea20de52fffc6f1e2364d5174d79abb\" class=\"container px-0 men-block men-header\">\r\n    <div class=\"row\">\r\n        <div class=\"col\">\r\n            <div class=\"cover\">\r\n                                    <img loading=\"lazy\" decoding=\"async\" width=\"2560\" height=\"1008\" src=\"https:\/\/menshen.com\/wp-content\/uploads\/2024\/01\/menshen-header-world-map-locations-2024-01-1.jpg\" class=\"attachment-full size-full\" alt=\"\" srcset=\"https:\/\/menshen.com\/wp-content\/uploads\/2024\/01\/menshen-header-world-map-locations-2024-01-1.jpg 2560w, https:\/\/menshen.com\/wp-content\/uploads\/2024\/01\/menshen-header-world-map-locations-2024-01-1-300x118.jpg 300w, https:\/\/menshen.com\/wp-content\/uploads\/2024\/01\/menshen-header-world-map-locations-2024-01-1-1024x403.jpg 1024w, https:\/\/menshen.com\/wp-content\/uploads\/2024\/01\/menshen-header-world-map-locations-2024-01-1-768x302.jpg 768w, https:\/\/menshen.com\/wp-content\/uploads\/2024\/01\/menshen-header-world-map-locations-2024-01-1-1536x605.jpg 1536w, https:\/\/menshen.com\/wp-content\/uploads\/2024\/01\/menshen-header-world-map-locations-2024-01-1-2048x806.jpg 2048w, https:\/\/menshen.com\/wp-content\/uploads\/2024\/01\/menshen-header-world-map-locations-2024-01-1-600x236.jpg 600w\" sizes=\"auto, (max-width: 2560px) 100vw, 2560px\" \/>                \r\n                <div class=\"layer\" style=\"background-image: url('https:\/\/menshen.com\/wp-content\/themes\/menshen\/assets\/header-layer\/Verlauf_16.svg')\">\r\n                                    <\/div>\r\n            <\/div>\r\n\r\n            <div class=\"text\">\r\n                <h1>\r\n                    <strong>Espa\u00f1a<\/strong><br>\r\n                                    <\/h1>\r\n            <\/div>\r\n        <\/div>\r\n    <\/div>\r\n<\/div>\r\n\n\n\n<div style=\"height:80px\" aria-hidden=\"true\" class=\"wp-block-spacer\"><\/div>\n\n\n\n<h2 class=\"wp-block-heading\">Molins de Rei<\/h2>\n\n\n\n<div class=\"inherit-container-width wp-block-group p-4 men-max-w has-background is-layout-constrained wp-block-group-is-layout-constrained\" style=\"background-color:#f8f8f8\"><div class=\"wp-block-group__inner-container\">\n<div class=\"wp-block-columns is-layout-flex wp-container-core-columns-is-layout-28f84493 wp-block-columns-is-layout-flex\">\n<div class=\"wp-block-column is-layout-flow wp-block-column-is-layout-flow\">\n<p><strong><strong>Sede<\/strong><\/strong><\/p>\n\n\n\n<p>MENSHEN Iber S.L.U.<br>Pol\u00edgono Industrial El Pla<br>Avda. Barcelona, 237<br>08750 Molins de Rei<br>Tel\u00e9fono +34 93 6803065<br>Fax +34 93 6802501<br>comercial(at)menshen.es<br>www.menshen.com<\/p>\n<\/div>\n<\/div>\n<\/div><\/div>\n\n\n\n<div style=\"height:60px\" aria-hidden=\"true\" class=\"wp-block-spacer\"><\/div>\n\n\n\n<figure class=\"wp-block-video\"><video controls poster=\"https:\/\/new.menshen.com\/wp-content\/uploads\/2021\/09\/Standorte_SpanienBarcelona.jpg\" src=\"https:\/\/cdn.menshen-virtual-open-campus.com\/video\/Menshen_SPAIN_Barcelona_v02.mp4\"><\/video><\/figure>\n\n\n\n<p><strong><strong>Fundaci\u00f3n<\/strong>:<br><\/strong>1970<\/p>\n\n\n\n<p><strong><strong>Productos que se fabrican:<\/strong><br><\/strong>Piezas molde de inyecci\u00f3n, fabricadas en pl\u00e1stico para marcas l\u00edder a nivel mundial: cosm\u00e9tica, detergentes, productos de lavado y de limpieza, alimentos y bebidas, productos farmac\u00e9uticos, c\u00e1psulas.<\/p>\n\n\n\n<p>\u2022 Tapones y aplicadores de esponja para botellas y tubos (tapones de rosca, tapones dosificadores, tapones a presi\u00f3n, tapones con tapa abatible, tapones tipo torreta, tapones tubo).<br>\u2022 Boquillas para envase flexible.<br>\u2022 Tapones qu\u00edmicos.<br>\u2022 Envases para alimentaci\u00f3n.<\/p>\n\n\n\n<p><strong><strong>Especificaciones\/zonas especiales:<\/strong><\/strong><br><\/p>\n\n\n\n<p>\u2022 Departamento propio de investigaci\u00f3n y desarrollo.<br>\u2022 Centro de excelencia para productos de caf\u00e9, aplicaciones de un solo uso, aplicadores de esponja y productos para el cuidado del calzado.<br>\u2022 Taller de moldes (reparaci\u00f3n, mantenimiento\/inspecci\u00f3n, limpieza, taller de moldes prototipo).<br>\u2022 Garant\u00eda de calidad en todos los pasos de desarrollo, producci\u00f3n y cadena de suministro.<br>\u2022 Log\u00edstica de alto rendimiento.<br>\u2022 Centro de conocimiento para maquinaria especializada y montaje.<\/p>\n\n\n\n<div style=\"height:40px\" aria-hidden=\"true\" class=\"wp-block-spacer\"><\/div>\n\n\n\n<h3 class=\"wp-block-heading\"><strong>Apartado de subvenciones:<\/strong><\/h3>\n\n\n\n<div class=\"wp-block-columns is-layout-flex wp-container-core-columns-is-layout-28f84493 wp-block-columns-is-layout-flex\">\n<div class=\"wp-block-column is-layout-flow wp-block-column-is-layout-flow\">\n<figure class=\"wp-block-image size-large\"><img loading=\"lazy\" decoding=\"async\" width=\"1024\" height=\"722\" src=\"https:\/\/menshen.com\/wp-content\/uploads\/2026\/03\/chrome_36f3agN84a-1-1024x722.jpg\" alt=\"\" class=\"wp-image-14148\" srcset=\"https:\/\/menshen.com\/wp-content\/uploads\/2026\/03\/chrome_36f3agN84a-1-1024x722.jpg 1024w, https:\/\/menshen.com\/wp-content\/uploads\/2026\/03\/chrome_36f3agN84a-1-300x212.jpg 300w, https:\/\/menshen.com\/wp-content\/uploads\/2026\/03\/chrome_36f3agN84a-1-768x542.jpg 768w, https:\/\/menshen.com\/wp-content\/uploads\/2026\/03\/chrome_36f3agN84a-1-600x423.jpg 600w, https:\/\/menshen.com\/wp-content\/uploads\/2026\/03\/chrome_36f3agN84a-1.jpg 1160w\" sizes=\"auto, (max-width: 1024px) 100vw, 1024px\" \/><\/figure>\n<\/div>\n\n\n\n<div class=\"wp-block-column is-layout-flow wp-block-column-is-layout-flow\">\n<figure class=\"wp-block-image size-large\"><img loading=\"lazy\" decoding=\"async\" width=\"1024\" height=\"768\" src=\"https:\/\/new.menshen.com\/wp-content\/uploads\/2021\/12\/menshen-es-cartell-a3-p3-menshen-1024x768.jpg\" alt=\"\" class=\"wp-image-2993\" srcset=\"https:\/\/menshen.com\/wp-content\/uploads\/2021\/12\/menshen-es-cartell-a3-p3-menshen-1024x768.jpg 1024w, https:\/\/menshen.com\/wp-content\/uploads\/2021\/12\/menshen-es-cartell-a3-p3-menshen-300x225.jpg 300w, https:\/\/menshen.com\/wp-content\/uploads\/2021\/12\/menshen-es-cartell-a3-p3-menshen-768x576.jpg 768w, https:\/\/menshen.com\/wp-content\/uploads\/2021\/12\/menshen-es-cartell-a3-p3-menshen-600x450.jpg 600w, https:\/\/menshen.com\/wp-content\/uploads\/2021\/12\/menshen-es-cartell-a3-p3-menshen.jpg 1344w\" sizes=\"auto, (max-width: 1024px) 100vw, 1024px\" \/><\/figure>\n<\/div>\n<\/div>\n\n\n\n<div style=\"height:40px\" aria-hidden=\"true\" class=\"wp-block-spacer\"><\/div>\n\n\n\n<h4 class=\"wp-block-heading\">Expediente ICA012\/19\/00008<\/h4>\n\n\n\n<figure class=\"wp-block-image aligncenter size-full\"><img loading=\"lazy\" decoding=\"async\" width=\"838\" height=\"591\" src=\"https:\/\/new.menshen.com\/wp-content\/uploads\/2021\/12\/menshen-es-mejora-eficiencia.jpg\" alt=\"\" class=\"wp-image-2997\" srcset=\"https:\/\/menshen.com\/wp-content\/uploads\/2021\/12\/menshen-es-mejora-eficiencia.jpg 838w, https:\/\/menshen.com\/wp-content\/uploads\/2021\/12\/menshen-es-mejora-eficiencia-300x212.jpg 300w, https:\/\/menshen.com\/wp-content\/uploads\/2021\/12\/menshen-es-mejora-eficiencia-768x542.jpg 768w, https:\/\/menshen.com\/wp-content\/uploads\/2021\/12\/menshen-es-mejora-eficiencia-600x423.jpg 600w\" sizes=\"auto, (max-width: 838px) 100vw, 838px\" \/><\/figure>\n\n\n\n<p>MENSHEN IBER, S.L. ha recibido una ayuda para su proyecto de ahorra y eficiencia energ\u00e9tica \u00abMejora de la eficienca energ\u00e9tica en el proceso de fabricaci\u00f3n de c\u00e1psulas de caf\u00e9\u00bb, confinanciada por el Fondo Europeo de Desarrollo Regional (FEDER), coordinada por IDAE y gestionada por las autonomi\u00e1s, con cargo al Fondo Nacional de Eficiencia Energ\u00e9tica, con el objetivo de conseguir una econom\u00eda m\u00e1s limpia y sostenible. Se ha elaborado un proyecto de ahorro y eficienca energet\u00edca consistente la sustituci\u00f3n de una inyectora por un nuevo equipo multicapa de alta eficienca y bajo consumo en la fabricaci\u00f3n de c\u00e1psulas para Nespresso compatible.<\/p>\n\n\n\n<h4 class=\"wp-block-heading\">Expediente ICA012\/19\/00137<\/h4>\n\n\n\n<figure class=\"wp-block-image aligncenter size-full\"><img loading=\"lazy\" decoding=\"async\" width=\"840\" height=\"597\" src=\"https:\/\/new.menshen.com\/wp-content\/uploads\/2022\/05\/Spain_Subventions_137.jpg\" alt=\"\" class=\"wp-image-5321\" srcset=\"https:\/\/menshen.com\/wp-content\/uploads\/2022\/05\/Spain_Subventions_137.jpg 840w, https:\/\/menshen.com\/wp-content\/uploads\/2022\/05\/Spain_Subventions_137-300x213.jpg 300w, https:\/\/menshen.com\/wp-content\/uploads\/2022\/05\/Spain_Subventions_137-768x546.jpg 768w, https:\/\/menshen.com\/wp-content\/uploads\/2022\/05\/Spain_Subventions_137-600x426.jpg 600w\" sizes=\"auto, (max-width: 840px) 100vw, 840px\" \/><\/figure>\n\n\n\n<p>MENSHEN IBER, S.L. ha recibido una ayuda para su proyecto de ahorro y eficiencia energ\u00e9tica \u201cSUSTITUCI\u00d3N DE 2 INYECTORAS POR EQUIPOS DE ALTA EFICIENCIA Y BAJO CONSUMO\u201d, cofinanciada por el Fondo Europeo de Desarrollo Regional (FEDER), coordinada por IDAE y gestionada por las autonom\u00edas, con cargo al Fondo Nacional de Eficiencia Energ\u00e9tica, con el objetivo de conseguir una econom\u00eda m\u00e1s limpia y sostenible. Se ha elaborado un proyecto de ahorro y eficiencia energ\u00e9tica consistente en la sustituci\u00f3n de dos inyectoras antig\u00fcas y con un consumo elevado, por dos nuevos equipos de inyecci\u00f3n de \u00faltima tecnolog\u00eda y alta eficiencia, con un ahorro total de 24,7 tep\/a\u00f1o.<\/p>\n\n\n\n<h4 class=\"wp-block-heading\">Expediente ICA022\/21\/00158<\/h4>\n\n\n\n<figure class=\"wp-block-image aligncenter size-full\"><img loading=\"lazy\" decoding=\"async\" width=\"840\" height=\"592\" src=\"https:\/\/new.menshen.com\/wp-content\/uploads\/2022\/05\/Spain_Subventions_158.jpg\" alt=\"\" class=\"wp-image-5325\" srcset=\"https:\/\/menshen.com\/wp-content\/uploads\/2022\/05\/Spain_Subventions_158.jpg 840w, https:\/\/menshen.com\/wp-content\/uploads\/2022\/05\/Spain_Subventions_158-300x211.jpg 300w, https:\/\/menshen.com\/wp-content\/uploads\/2022\/05\/Spain_Subventions_158-768x541.jpg 768w, https:\/\/menshen.com\/wp-content\/uploads\/2022\/05\/Spain_Subventions_158-600x423.jpg 600w\" sizes=\"auto, (max-width: 840px) 100vw, 840px\" \/><\/figure>\n\n\n\n<p>MENSHEN IBER, S.L. ha recibido una ayuda para su proyecto de ahorro y eficiencia energ\u00e9tica \u201cIMPLANTACION DE TRES EQUIPOS DE INYECCION DE ELEVADA EFICIENCIA\u201d, cofinanciada por el Fondo Europeo de Desarrollo Regional (FEDER), coordinada por IDAE y gestionada por las autonom\u00edas, con cargo al Fondo Nacional de Eficiencia Energ\u00e9tica, con el objetivo de conseguir una econom\u00eda m\u00e1s limpia y sostenible. Se ha elaborado un proyecto de ahorro y eficiencia energ\u00e9tica consistente en la sustituci\u00f3n de tres inyectoras hidr\u00e1ulicas antiguas, con un consumo espec\u00edfico elevado, por tres nuevas inyectoras h\u00edbridas de \u00faltima tecnolog\u00eda y bajo consumo, con un ahorro total de 49,78 tep\/a\u00f1o.<\/p>\n\n\n\n<h4 class=\"wp-block-heading\">Expediente ICA022\/21\/00159<\/h4>\n\n\n\n<figure class=\"wp-block-image aligncenter size-full\"><img loading=\"lazy\" decoding=\"async\" width=\"840\" height=\"602\" src=\"https:\/\/new.menshen.com\/wp-content\/uploads\/2022\/05\/Spain_Subventions_159.jpg\" alt=\"\" class=\"wp-image-5329\" srcset=\"https:\/\/menshen.com\/wp-content\/uploads\/2022\/05\/Spain_Subventions_159.jpg 840w, https:\/\/menshen.com\/wp-content\/uploads\/2022\/05\/Spain_Subventions_159-300x215.jpg 300w, https:\/\/menshen.com\/wp-content\/uploads\/2022\/05\/Spain_Subventions_159-768x550.jpg 768w, https:\/\/menshen.com\/wp-content\/uploads\/2022\/05\/Spain_Subventions_159-600x430.jpg 600w\" sizes=\"auto, (max-width: 840px) 100vw, 840px\" \/><\/figure>\n\n\n\n<p>MENSHEN IBER, S.L. ha recibido una ayuda para su proyecto de ahorro y eficiencia energ\u00e9tica \u201cOptimizaci\u00f3n energ\u00e9tica del sistema de refrigeraci\u00f3n del proceso de inyecci\u00f3n\u201d, cofinanciada por el Fondo Europeo de Desarrollo Regional (FEDER), coordinada por IDAE y gestionada por las autonom\u00edas, con cargo al Fondo Nacional de Eficiencia Energ\u00e9tica, con el objetivo de conseguir una econom\u00eda m\u00e1s limpia y sostenible. Se ha elaborado un proyecto de ahorro y eficiencia energ\u00e9tica consistente en la sustituci\u00f3n de un equipo de refrigeraci\u00f3n por dos unidades de alta eficiencia y bajo consumo, junto con la implantaci\u00f3n de un sistema de control y regulaci\u00f3n de las bombas de impulsi\u00f3n de los circuitos primario y secundario de este sistema frigor\u00edfico, con un ahorro total de 51,93 tep\/a\u00f1o.<\/p>\n\n\n\n<h4 class=\"wp-block-heading\">Expediente ICA022\/21\/00183<\/h4>\n\n\n\n<figure class=\"wp-block-image aligncenter size-full\"><img decoding=\"async\" src=\"https:\/\/new.menshen.com\/wp-content\/uploads\/2022\/09\/Expediente-ICA183.jpg\" alt=\"\" class=\"wp-image-6305\"\/><\/figure>\n\n\n\n<p>MENSHEN IBER, S.L. ha recibido una ayuda para su proyecto de ahorro y eficiencia energ\u00e9tica \u201cMODERNIZACI\u00d3N DEL PARQUE DE INYECTORAS CON EQUIPOS DE ELEVADA EFICIENCIA ENERG\u00c9TICA\u201d, cofinanciada por el Fondo Europeo de Desarrollo Regional (FEDER), coordinada por IDAE y gestionada por las autonom\u00edas, con cargo al Fondo Nacional de Eficiencia Energ\u00e9tica, con el objetivo de conseguir una econom\u00eda m\u00e1s limpia y sostenible. Se ha elaborado un proyecto de ahorro y eficiencia energ\u00e9tica consistente en la sustituci\u00f3n de ocho m\u00e1quinas de inyecci\u00f3n, antiguas y poco eficientes, por ocho nuevas inyectoras de \u00faltima generaci\u00f3n, de alta eficiencia y bajo consumo, con un ahorro total de 123,35 tep\/a\u00f1o.<\/p>\n\n\n\n<h4 class=\"wp-block-heading\">Expedient: ACE085\/23\/000068<\/h4>\n\n\n\n<figure class=\"wp-block-image aligncenter size-full\"><img loading=\"lazy\" decoding=\"async\" width=\"800\" height=\"450\" src=\"https:\/\/new.menshen.com\/wp-content\/uploads\/2024\/02\/EficienciaEnergetica.jpg\" alt=\"\" class=\"wp-image-12375\" srcset=\"https:\/\/menshen.com\/wp-content\/uploads\/2024\/02\/EficienciaEnergetica.jpg 800w, https:\/\/menshen.com\/wp-content\/uploads\/2024\/02\/EficienciaEnergetica-300x169.jpg 300w, https:\/\/menshen.com\/wp-content\/uploads\/2024\/02\/EficienciaEnergetica-768x432.jpg 768w, https:\/\/menshen.com\/wp-content\/uploads\/2024\/02\/EficienciaEnergetica-600x338.jpg 600w\" sizes=\"auto, (max-width: 800px) 100vw, 800px\" \/><\/figure>\n","protected":false},"excerpt":{"rendered":"<p>Molins de Rei Sede MENSHEN Iber S.L.U.Pol\u00edgono Industrial El PlaAvda. Barcelona, 23708750 Molins de ReiTel\u00e9fono +34 93 6803065Fax +34 93 6802501comercial(at)menshen.eswww.menshen.com Fundaci\u00f3n:1970 Productos que se fabrican:Piezas molde de inyecci\u00f3n, fabricadas en pl\u00e1stico para marcas l\u00edder a nivel mundial: cosm\u00e9tica, detergentes, productos de lavado y de limpieza, alimentos y bebidas, productos farmac\u00e9uticos, c\u00e1psulas. \u2022 Tapones y [&hellip;]<\/p>\n","protected":false},"author":5,"featured_media":0,"parent":0,"menu_order":80,"comment_status":"closed","ping_status":"closed","template":"","meta":{"_acf_changed":false,"inline_featured_image":false,"_uag_custom_page_level_css":"","site-sidebar-layout":"default","site-content-layout":"default","ast-site-content-layout":"default","site-content-style":"default","site-sidebar-style":"default","ast-global-header-display":"","ast-banner-title-visibility":"","ast-main-header-display":"","ast-hfb-above-header-display":"","ast-hfb-below-header-display":"","ast-hfb-mobile-header-display":"","site-post-title":"disabled","ast-breadcrumbs-content":"","ast-featured-img":"disabled","footer-sml-layout":"","ast-disable-related-posts":"","theme-transparent-header-meta":"default","adv-header-id-meta":"","stick-header-meta":"","header-above-stick-meta":"","header-main-stick-meta":"","header-below-stick-meta":"","astra-migrate-meta-layouts":"set","ast-page-background-enabled":"default","ast-page-background-meta":{"desktop":{"background-color":"var(--ast-global-color-4)","background-image":"","background-repeat":"repeat","background-position":"center center","background-size":"auto","background-attachment":"scroll","background-type":"","background-media":"","overlay-type":"","overlay-color":"","overlay-opacity":"","overlay-gradient":""},"tablet":{"background-color":"","background-image":"","background-repeat":"repeat","background-position":"center center","background-size":"auto","background-attachment":"scroll","background-type":"","background-media":"","overlay-type":"","overlay-color":"","overlay-opacity":"","overlay-gradient":""},"mobile":{"background-color":"","background-image":"","background-repeat":"repeat","background-position":"center center","background-size":"auto","background-attachment":"scroll","background-type":"","background-media":"","overlay-type":"","overlay-color":"","overlay-opacity":"","overlay-gradient":""}},"ast-content-background-meta":{"desktop":{"background-color":"var(--ast-global-color-5)","background-image":"","background-repeat":"repeat","background-position":"center center","background-size":"auto","background-attachment":"scroll","background-type":"","background-media":"","overlay-type":"","overlay-color":"","overlay-opacity":"","overlay-gradient":""},"tablet":{"background-color":"var(--ast-global-color-5)","background-image":"","background-repeat":"repeat","background-position":"center center","background-size":"auto","background-attachment":"scroll","background-type":"","background-media":"","overlay-type":"","overlay-color":"","overlay-opacity":"","overlay-gradient":""},"mobile":{"background-color":"var(--ast-global-color-5)","background-image":"","background-repeat":"repeat","background-position":"center center","background-size":"auto","background-attachment":"scroll","background-type":"","background-media":"","overlay-type":"","overlay-color":"","overlay-opacity":"","overlay-gradient":""}},"footnotes":""},"class_list":["post-5932","page","type-page","status-publish","hentry"],"acf":[],"uagb_featured_image_src":{"full":false,"thumbnail":false,"medium":false,"medium_large":false,"large":false,"1536x1536":false,"2048x2048":false,"woocommerce_thumbnail":false,"woocommerce_single":false,"woocommerce_gallery_thumbnail":false},"uagb_author_info":{"display_name":"Menshen","author_link":"https:\/\/menshen.com\/es\/author\/cnoeh\/"},"uagb_comment_info":0,"uagb_excerpt":"Molins de Rei Sede MENSHEN Iber S.L.U.Pol\u00edgono Industrial El PlaAvda. Barcelona, 23708750 Molins de ReiTel\u00e9fono +34 93 6803065Fax +34 93 6802501comercial(at)menshen.eswww.menshen.com Fundaci\u00f3n:1970 Productos que se fabrican:Piezas molde de inyecci\u00f3n, fabricadas en pl\u00e1stico para marcas l\u00edder a nivel mundial: cosm\u00e9tica, detergentes, productos de lavado y de limpieza, alimentos y bebidas, productos farmac\u00e9uticos, c\u00e1psulas. \u2022 Tapones y&hellip;","_links":{"self":[{"href":"https:\/\/menshen.com\/es\/wp-json\/wp\/v2\/pages\/5932","targetHints":{"allow":["GET"]}}],"collection":[{"href":"https:\/\/menshen.com\/es\/wp-json\/wp\/v2\/pages"}],"about":[{"href":"https:\/\/menshen.com\/es\/wp-json\/wp\/v2\/types\/page"}],"author":[{"embeddable":true,"href":"https:\/\/menshen.com\/es\/wp-json\/wp\/v2\/users\/5"}],"replies":[{"embeddable":true,"href":"https:\/\/menshen.com\/es\/wp-json\/wp\/v2\/comments?post=5932"}],"version-history":[{"count":5,"href":"https:\/\/menshen.com\/es\/wp-json\/wp\/v2\/pages\/5932\/revisions"}],"predecessor-version":[{"id":14149,"href":"https:\/\/menshen.com\/es\/wp-json\/wp\/v2\/pages\/5932\/revisions\/14149"}],"wp:attachment":[{"href":"https:\/\/menshen.com\/es\/wp-json\/wp\/v2\/media?parent=5932"}],"curies":[{"name":"wp","href":"https:\/\/api.w.org\/{rel}","templated":true}]}}