{"id":5941,"date":"2021-09-15T17:45:57","date_gmt":"2021-09-15T15:45:57","guid":{"rendered":"https:\/\/new.menshen.com\/?page_id=5941"},"modified":"2024-01-16T12:49:44","modified_gmt":"2024-01-16T11:49:44","slug":"estados-unidos-de-america","status":"publish","type":"page","link":"https:\/\/menshen.com\/es\/estados-unidos-de-america\/","title":{"rendered":"Estados Unidos de Am\u00e9rica"},"content":{"rendered":"\r\n<div id=\"men-block-block_05c50c0353e97284662c6e28df0cf87b\" class=\"container px-0 men-block men-header\">\r\n    <div class=\"row\">\r\n        <div class=\"col\">\r\n            <div class=\"cover\">\r\n                                    <img loading=\"lazy\" decoding=\"async\" width=\"2560\" height=\"1008\" src=\"https:\/\/menshen.com\/wp-content\/uploads\/2024\/01\/menshen-header-world-map-locations-2024-01-1.jpg\" class=\"attachment-full size-full\" alt=\"\" srcset=\"https:\/\/menshen.com\/wp-content\/uploads\/2024\/01\/menshen-header-world-map-locations-2024-01-1.jpg 2560w, https:\/\/menshen.com\/wp-content\/uploads\/2024\/01\/menshen-header-world-map-locations-2024-01-1-300x118.jpg 300w, https:\/\/menshen.com\/wp-content\/uploads\/2024\/01\/menshen-header-world-map-locations-2024-01-1-1024x403.jpg 1024w, https:\/\/menshen.com\/wp-content\/uploads\/2024\/01\/menshen-header-world-map-locations-2024-01-1-768x302.jpg 768w, https:\/\/menshen.com\/wp-content\/uploads\/2024\/01\/menshen-header-world-map-locations-2024-01-1-1536x605.jpg 1536w, https:\/\/menshen.com\/wp-content\/uploads\/2024\/01\/menshen-header-world-map-locations-2024-01-1-2048x806.jpg 2048w, https:\/\/menshen.com\/wp-content\/uploads\/2024\/01\/menshen-header-world-map-locations-2024-01-1-600x236.jpg 600w\" sizes=\"auto, (max-width: 2560px) 100vw, 2560px\" \/>                \r\n                <div class=\"layer\" style=\"background-image: url('https:\/\/menshen.com\/wp-content\/themes\/menshen\/assets\/header-layer\/Verlauf_16.svg')\">\r\n                                    <\/div>\r\n            <\/div>\r\n\r\n            <div class=\"text\">\r\n                <h1>\r\n                    <strong>Estados Unidos de Am\u00e9rica<\/strong><br>\r\n                                    <\/h1>\r\n            <\/div>\r\n        <\/div>\r\n    <\/div>\r\n<\/div>\r\n\n\n\n<div style=\"height:80px\" aria-hidden=\"true\" class=\"wp-block-spacer\"><\/div>\n\n\n\n<h2 class=\"wp-block-heading\">Waldwick<\/h2>\n\n\n\n<div class=\"inherit-container-width wp-block-group p-4 men-max-w has-background is-layout-constrained wp-block-group-is-layout-constrained\" style=\"background-color:#f8f8f8\"><div class=\"wp-block-group__inner-container\">\n<div class=\"wp-block-columns is-layout-flex wp-container-core-columns-is-layout-28f84493 wp-block-columns-is-layout-flex\">\n<div class=\"wp-block-column is-layout-flow wp-block-column-is-layout-flow\">\n<p><strong><strong>Sede<\/strong><\/strong><\/p>\n\n\n\n<p><strong>Menshen Packaging USA, Inc.<\/strong><\/p>\n\n\n\n<p><br>21 Industrial Park<br>Waldwick, NJ 07463<br>Tel\u00e9fono +1 201 574 4935<br>info(at)menshenusa.com<br>www.menshenusa.com<\/p>\n<\/div>\n<\/div>\n<\/div><\/div>\n\n\n\n<div style=\"height:60px\" aria-hidden=\"true\" class=\"wp-block-spacer\"><\/div>\n\n\n\n<figure class=\"wp-block-video\"><video controls poster=\"https:\/\/new.menshen.com\/wp-content\/uploads\/2021\/09\/Standorte_USA.jpg\" src=\"https:\/\/new.menshen.com\/wp-content\/uploads\/2021\/09\/20210227_MENSHEN_Website_Video_USA_V02.mp4\"><\/video><\/figure>\n\n\n\n<p><strong><strong>Fundaci\u00f3n<\/strong>:<\/strong><br>1974<\/p>\n\n\n\n<p><strong><strong>Productos que se fabrican:<\/strong><\/strong><\/p>\n\n\n\n<p>\u2022 Moldes de inyecci\u00f3n de pl\u00e1stico: amplia gama de tapones est\u00e1ndar y especiales, cierres, boquillas, tapones tubo, sistemas de envasado y soluciones individuales para diferentes mercados y aplicaciones.<br>\u2022 Fabricaci\u00f3n por contrato, ba\u00f1o: variedad de pastillas para cisterna, limpiadores de inodoro, protecciones para orinal con bloqueo.<\/p>\n\n\n\n<p><strong>Especificaciones\/zonas especiales:<\/strong><\/p>\n\n\n\n<p>\u2022 Departamento propio de investigaci\u00f3n y desarrollo.<br>\u2022 Taller de moldes (reparaci\u00f3n, mantenimiento\/inspecci\u00f3n, limpieza, taller de moldes prototipo).<br>\u2022 Garant\u00eda de calidad en todos los pasos del desarrollo y de producci\u00f3n.<br>\u2022 Log\u00edstica de alto rendimiento.<br>\u2022 Laboratorio de ensayo para inodoros.<\/p>\n","protected":false},"excerpt":{"rendered":"<p>Waldwick Sede Menshen Packaging USA, Inc. 21 Industrial ParkWaldwick, NJ 07463Tel\u00e9fono +1 201 574 4935info(at)menshenusa.comwww.menshenusa.com Fundaci\u00f3n:1974 Productos que se fabrican: \u2022 Moldes de inyecci\u00f3n de pl\u00e1stico: amplia gama de tapones est\u00e1ndar y especiales, cierres, boquillas, tapones tubo, sistemas de envasado y soluciones individuales para diferentes mercados y aplicaciones.\u2022 Fabricaci\u00f3n por contrato, ba\u00f1o: variedad de pastillas [&hellip;]<\/p>\n","protected":false},"author":5,"featured_media":0,"parent":0,"menu_order":80,"comment_status":"closed","ping_status":"closed","template":"","meta":{"_acf_changed":false,"inline_featured_image":false,"_uag_custom_page_level_css":"","site-sidebar-layout":"default","site-content-layout":"default","ast-site-content-layout":"default","site-content-style":"default","site-sidebar-style":"default","ast-global-header-display":"","ast-banner-title-visibility":"","ast-main-header-display":"","ast-hfb-above-header-display":"","ast-hfb-below-header-display":"","ast-hfb-mobile-header-display":"","site-post-title":"disabled","ast-breadcrumbs-content":"","ast-featured-img":"disabled","footer-sml-layout":"","ast-disable-related-posts":"","theme-transparent-header-meta":"default","adv-header-id-meta":"","stick-header-meta":"","header-above-stick-meta":"","header-main-stick-meta":"","header-below-stick-meta":"","astra-migrate-meta-layouts":"set","ast-page-background-enabled":"default","ast-page-background-meta":{"desktop":{"background-color":"var(--ast-global-color-4)","background-image":"","background-repeat":"repeat","background-position":"center center","background-size":"auto","background-attachment":"scroll","background-type":"","background-media":"","overlay-type":"","overlay-color":"","overlay-opacity":"","overlay-gradient":""},"tablet":{"background-color":"","background-image":"","background-repeat":"repeat","background-position":"center center","background-size":"auto","background-attachment":"scroll","background-type":"","background-media":"","overlay-type":"","overlay-color":"","overlay-opacity":"","overlay-gradient":""},"mobile":{"background-color":"","background-image":"","background-repeat":"repeat","background-position":"center center","background-size":"auto","background-attachment":"scroll","background-type":"","background-media":"","overlay-type":"","overlay-color":"","overlay-opacity":"","overlay-gradient":""}},"ast-content-background-meta":{"desktop":{"background-color":"var(--ast-global-color-5)","background-image":"","background-repeat":"repeat","background-position":"center center","background-size":"auto","background-attachment":"scroll","background-type":"","background-media":"","overlay-type":"","overlay-color":"","overlay-opacity":"","overlay-gradient":""},"tablet":{"background-color":"var(--ast-global-color-5)","background-image":"","background-repeat":"repeat","background-position":"center center","background-size":"auto","background-attachment":"scroll","background-type":"","background-media":"","overlay-type":"","overlay-color":"","overlay-opacity":"","overlay-gradient":""},"mobile":{"background-color":"var(--ast-global-color-5)","background-image":"","background-repeat":"repeat","background-position":"center center","background-size":"auto","background-attachment":"scroll","background-type":"","background-media":"","overlay-type":"","overlay-color":"","overlay-opacity":"","overlay-gradient":""}},"footnotes":""},"class_list":["post-5941","page","type-page","status-publish","hentry"],"acf":[],"uagb_featured_image_src":{"full":false,"thumbnail":false,"medium":false,"medium_large":false,"large":false,"1536x1536":false,"2048x2048":false,"woocommerce_thumbnail":false,"woocommerce_single":false,"woocommerce_gallery_thumbnail":false},"uagb_author_info":{"display_name":"Menshen","author_link":"https:\/\/menshen.com\/es\/author\/cnoeh\/"},"uagb_comment_info":0,"uagb_excerpt":"Waldwick Sede Menshen Packaging USA, Inc. 21 Industrial ParkWaldwick, NJ 07463Tel\u00e9fono +1 201 574 4935info(at)menshenusa.comwww.menshenusa.com Fundaci\u00f3n:1974 Productos que se fabrican: \u2022 Moldes de inyecci\u00f3n de pl\u00e1stico: amplia gama de tapones est\u00e1ndar y especiales, cierres, boquillas, tapones tubo, sistemas de envasado y soluciones individuales para diferentes mercados y aplicaciones.\u2022 Fabricaci\u00f3n por contrato, ba\u00f1o: variedad de pastillas&hellip;","_links":{"self":[{"href":"https:\/\/menshen.com\/es\/wp-json\/wp\/v2\/pages\/5941","targetHints":{"allow":["GET"]}}],"collection":[{"href":"https:\/\/menshen.com\/es\/wp-json\/wp\/v2\/pages"}],"about":[{"href":"https:\/\/menshen.com\/es\/wp-json\/wp\/v2\/types\/page"}],"author":[{"embeddable":true,"href":"https:\/\/menshen.com\/es\/wp-json\/wp\/v2\/users\/5"}],"replies":[{"embeddable":true,"href":"https:\/\/menshen.com\/es\/wp-json\/wp\/v2\/comments?post=5941"}],"version-history":[{"count":5,"href":"https:\/\/menshen.com\/es\/wp-json\/wp\/v2\/pages\/5941\/revisions"}],"predecessor-version":[{"id":12182,"href":"https:\/\/menshen.com\/es\/wp-json\/wp\/v2\/pages\/5941\/revisions\/12182"}],"wp:attachment":[{"href":"https:\/\/menshen.com\/es\/wp-json\/wp\/v2\/media?parent=5941"}],"curies":[{"name":"wp","href":"https:\/\/api.w.org\/{rel}","templated":true}]}}