{"id":6056,"date":"2021-09-11T10:01:31","date_gmt":"2021-09-11T08:01:31","guid":{"rendered":"https:\/\/new.menshen.com\/?page_id=6056"},"modified":"2026-04-08T09:50:20","modified_gmt":"2026-04-08T07:50:20","slug":"imprimir","status":"publish","type":"page","link":"https:\/\/menshen.com\/es\/imprimir\/","title":{"rendered":"Aviso legal"},"content":{"rendered":"\n<div class=\"wp-block-columns is-layout-flex wp-container-core-columns-is-layout-28f84493 wp-block-columns-is-layout-flex\">\n<div class=\"wp-block-column is-layout-flow wp-block-column-is-layout-flow\" style=\"flex-basis:66.66%\">\n<p><strong>Informaci\u00f3n conforme al art\u00edculo 5 de la Ley alemana de Servicios Digitales (DDG)<\/strong><br><br><strong>Georg MENSHEN GmbH &amp; Co. KG<br><\/strong>Industriestra\u00dfe 26<br>57413 Finnentrop, Alemania<\/p>\n\n\n\n<p>Tel\u00e9fono: +49 (0) 27 21 \u2013 51 8 \u2013 0<br>Fax: +49 (0) 27 21 \u2013 51 8 \u2013 19 8<br>Correo electr\u00f3nico: <a href=\"mailto:contact@menshen.com\">contact@menshen.com<\/a><br>Sitio web: <a href=\"http:\/\/www.menshen.com\">www.menshen.com<\/a><\/p>\n\n\n\n<p><strong>Inscripci\u00f3n en el registro mercantil<\/strong> <br>Tribunal de registro: Juzgado de Primera Instancia de Siegen (<em>Amtsgericht Siegen<\/em>) <br>N\u00famero de registro: HRA 6895<\/p>\n\n\n\n<p><strong>Representaci\u00f3n<\/strong> <br>Socia con responsabilidad personal (<em>Pers\u00f6nlich haftende Gesellschafterin<\/em>): <br>Dorle Menshen GmbH (Juzgado de Primera Instancia de Siegen, HRB 5995)<\/p>\n\n\n\n<p>Directores gerentes de Dorle Menshen GmbH: <br>Lutz Menshen, J\u00f6rg Deutz, Jan Giessler<\/p>\n\n\n\n<p><strong>N\u00famero de identificaci\u00f3n a efectos del IVA<\/strong> <br>N\u00famero de identificaci\u00f3n a efectos del IVA conforme al art\u00edculo 27 a de la Ley alemana del Impuesto sobre el Valor A\u00f1adido (<em>Umsatzsteuergesetz<\/em>): <br>DE126181222<\/p>\n\n\n\n<p><strong>Responsable del contenido conforme al art\u00edculo 18, apartado 2, del Tratado Estatal sobre los Medios de Comunicaci\u00f3n de Alemania (MStV)<\/strong> <br>Eric Dauer <br>c\/o Georg MENSHEN GmbH &amp; Co. KG <br>Industriestra\u00dfe 26 <br>57413 Finnentrop, Alemania<\/p>\n\n\n\n<p><strong>Implementaci\u00f3n<\/strong> <br>Die Produktion GmbH<\/p>\n\n\n\n<h4 class=\"wp-block-heading\">Resoluci\u00f3n de litigios en materia de consumo \/ Junta arbitral universal <\/h4>\n\n\n\n<p>No estamos dispuestos ni obligados a participar en procedimientos de resoluci\u00f3n de litigios ante una junta arbitral de consumo.<\/p>\n\n\n\n<h4 class=\"wp-block-heading\">Responsabilidad sobre los contenidos <\/h4>\n\n\n\n<p>Como proveedores de servicios, somos responsables de nuestros propios contenidos en estas p\u00e1ginas de acuerdo con las leyes generales, conforme al art\u00edculo 7, apartado 1, de la DDG. Sin embargo, conforme a los art\u00edculos 8 a 10 de la DDG, no estamos obligados como proveedores de servicios a supervisar la informaci\u00f3n de terceros transmitida o almacenada, ni a investigar circunstancias que indiquen una actividad ilegal.<\/p>\n\n\n\n<h4 class=\"wp-block-heading\">Derechos de autor <\/h4>\n\n\n\n<p>Los contenidos y obras creados por los operadores de la p\u00e1gina en este sitio est\u00e1n sujetos a la ley alemana de derechos de autor. La reproducci\u00f3n, modificaci\u00f3n, distribuci\u00f3n y cualquier tipo de explotaci\u00f3n fuera de los l\u00edmites de los derechos de autor requieren el consentimiento previo por escrito del respectivo autor o creador.<\/p>\n<\/div>\n\n\n\n<div class=\"wp-block-column is-layout-flow wp-block-column-is-layout-flow\" style=\"flex-basis:33.33%\"><\/div>\n<\/div>\n","protected":false},"excerpt":{"rendered":"<p>Informaci\u00f3n conforme al art\u00edculo 5 de la Ley alemana de Servicios Digitales (DDG) Georg MENSHEN GmbH &amp; Co. KGIndustriestra\u00dfe 2657413 Finnentrop, Alemania Tel\u00e9fono: +49 (0) 27 21 \u2013 51 8 \u2013 0Fax: +49 (0) 27 21 \u2013 51 8 \u2013 19 8Correo electr\u00f3nico: contact@menshen.comSitio web: www.menshen.com Inscripci\u00f3n en el registro mercantil Tribunal de registro: Juzgado [&hellip;]<\/p>\n","protected":false},"author":5,"featured_media":0,"parent":0,"menu_order":90,"comment_status":"closed","ping_status":"closed","template":"","meta":{"_acf_changed":false,"inline_featured_image":false,"_uag_custom_page_level_css":"","site-sidebar-layout":"default","site-content-layout":"default","ast-site-content-layout":"default","site-content-style":"default","site-sidebar-style":"default","ast-global-header-display":"","ast-banner-title-visibility":"","ast-main-header-display":"","ast-hfb-above-header-display":"","ast-hfb-below-header-display":"","ast-hfb-mobile-header-display":"","site-post-title":"","ast-breadcrumbs-content":"","ast-featured-img":"","footer-sml-layout":"","ast-disable-related-posts":"","theme-transparent-header-meta":"default","adv-header-id-meta":"","stick-header-meta":"","header-above-stick-meta":"","header-main-stick-meta":"","header-below-stick-meta":"","astra-migrate-meta-layouts":"set","ast-page-background-enabled":"default","ast-page-background-meta":{"desktop":{"background-color":"var(--ast-global-color-4)","background-image":"","background-repeat":"repeat","background-position":"center center","background-size":"auto","background-attachment":"scroll","background-type":"","background-media":"","overlay-type":"","overlay-color":"","overlay-opacity":"","overlay-gradient":""},"tablet":{"background-color":"","background-image":"","background-repeat":"repeat","background-position":"center center","background-size":"auto","background-attachment":"scroll","background-type":"","background-media":"","overlay-type":"","overlay-color":"","overlay-opacity":"","overlay-gradient":""},"mobile":{"background-color":"","background-image":"","background-repeat":"repeat","background-position":"center center","background-size":"auto","background-attachment":"scroll","background-type":"","background-media":"","overlay-type":"","overlay-color":"","overlay-opacity":"","overlay-gradient":""}},"ast-content-background-meta":{"desktop":{"background-color":"var(--ast-global-color-5)","background-image":"","background-repeat":"repeat","background-position":"center center","background-size":"auto","background-attachment":"scroll","background-type":"","background-media":"","overlay-type":"","overlay-color":"","overlay-opacity":"","overlay-gradient":""},"tablet":{"background-color":"var(--ast-global-color-5)","background-image":"","background-repeat":"repeat","background-position":"center center","background-size":"auto","background-attachment":"scroll","background-type":"","background-media":"","overlay-type":"","overlay-color":"","overlay-opacity":"","overlay-gradient":""},"mobile":{"background-color":"var(--ast-global-color-5)","background-image":"","background-repeat":"repeat","background-position":"center center","background-size":"auto","background-attachment":"scroll","background-type":"","background-media":"","overlay-type":"","overlay-color":"","overlay-opacity":"","overlay-gradient":""}},"footnotes":""},"class_list":["post-6056","page","type-page","status-publish","hentry"],"acf":[],"uagb_featured_image_src":{"full":false,"thumbnail":false,"medium":false,"medium_large":false,"large":false,"1536x1536":false,"2048x2048":false,"woocommerce_thumbnail":false,"woocommerce_single":false,"woocommerce_gallery_thumbnail":false},"uagb_author_info":{"display_name":"Menshen","author_link":"https:\/\/menshen.com\/es\/author\/cnoeh\/"},"uagb_comment_info":0,"uagb_excerpt":"Informaci\u00f3n conforme al art\u00edculo 5 de la Ley alemana de Servicios Digitales (DDG) Georg MENSHEN GmbH &amp; Co. KGIndustriestra\u00dfe 2657413 Finnentrop, Alemania Tel\u00e9fono: +49 (0) 27 21 \u2013 51 8 \u2013 0Fax: +49 (0) 27 21 \u2013 51 8 \u2013 19 8Correo electr\u00f3nico: contact@menshen.comSitio web: www.menshen.com Inscripci\u00f3n en el registro mercantil Tribunal de registro: Juzgado&hellip;","_links":{"self":[{"href":"https:\/\/menshen.com\/es\/wp-json\/wp\/v2\/pages\/6056","targetHints":{"allow":["GET"]}}],"collection":[{"href":"https:\/\/menshen.com\/es\/wp-json\/wp\/v2\/pages"}],"about":[{"href":"https:\/\/menshen.com\/es\/wp-json\/wp\/v2\/types\/page"}],"author":[{"embeddable":true,"href":"https:\/\/menshen.com\/es\/wp-json\/wp\/v2\/users\/5"}],"replies":[{"embeddable":true,"href":"https:\/\/menshen.com\/es\/wp-json\/wp\/v2\/comments?post=6056"}],"version-history":[{"count":4,"href":"https:\/\/menshen.com\/es\/wp-json\/wp\/v2\/pages\/6056\/revisions"}],"predecessor-version":[{"id":14159,"href":"https:\/\/menshen.com\/es\/wp-json\/wp\/v2\/pages\/6056\/revisions\/14159"}],"wp:attachment":[{"href":"https:\/\/menshen.com\/es\/wp-json\/wp\/v2\/media?parent=6056"}],"curies":[{"name":"wp","href":"https:\/\/api.w.org\/{rel}","templated":true}]}}