{"id":13701,"date":"2025-08-28T10:00:57","date_gmt":"2025-08-28T08:00:57","guid":{"rendered":"https:\/\/new.menshen.com\/?page_id=13701"},"modified":"2025-08-28T13:46:34","modified_gmt":"2025-08-28T11:46:34","slug":"contact","status":"publish","type":"page","link":"https:\/\/menshen.com\/fr\/contact\/","title":{"rendered":"Contact"},"content":{"rendered":"\n<p>Nous vous remercions de l&rsquo;int\u00e9r\u00eat que vous portez \u00e0 notre entreprise et \u00e0 nos solutions. Vous pouvez nous contacter facilement et en toute s\u00e9curit\u00e9 \u00e0 tout moment via le formulaire ci-dessous. Vos informations seront utilis\u00e9es uniquement pour traiter votre demande et seront trait\u00e9es de mani\u00e8re confidentielle.<\/p>\n\n\n\n<p>Que vous ayez besoin d&rsquo;une demande sp\u00e9cifique, d&rsquo;informations compl\u00e9mentaires sur nos produits ou d&rsquo;un conseil personnalis\u00e9, notre \u00e9quipe est l\u00e0 pour vous aider. Nous sommes impatients de vous lire.<\/p>\n\n\n\n<div class=\"wp-block-group men-max-w is-layout-constrained wp-block-group-is-layout-constrained\"><div class=\"wp-block-group__inner-container\"><div class='fluentform ff-default fluentform_wrapper_5  ff_guten_block ff_guten_block-5 ffs_default_wrap'><form data-form_id=\"5\" id=\"fluentform_5\" class=\"frm-fluent-form fluent_form_5 ff-el-form-top ff_form_instance_5_1 ff-form-loading ff_has_v3_recptcha ffs_default\" data-form_instance=\"ff_form_instance_5_1\" method=\"POST\" data-recptcha_key=\"6Lfm7UAsAAAAANrSJDpwi8YmOIuLh5KIHcR5EiqD\" ><fieldset  style=\"border: none!important;margin: 0!important;padding: 0!important;background-color: transparent!important;box-shadow: none!important;outline: none!important; min-inline-size: 100%;\">\n                    <legend class=\"ff_screen_reader_title\" style=\"display: block; margin: 0!important;padding: 0!important;height: 0!important;text-indent: -999999px;width: 0!important;overflow:hidden;\">Contact Form FR<\/legend><input type='hidden' name='__fluent_form_embded_post_id' value='13701' \/><input type=\"hidden\" id=\"_fluentform_5_fluentformnonce\" name=\"_fluentform_5_fluentformnonce\" value=\"c1c524a72e\" \/><input type=\"hidden\" name=\"_wp_http_referer\" value=\"\/fr\/wp-json\/wp\/v2\/pages\/13701\" \/><div data-type=\"name-element\" data-name=\"names\" class=\" ff-field_container ff-name-field-wrapper\" ><div class='ff-t-container'><div class='ff-t-cell '><div class='ff-el-group'><div class=\"ff-el-input--label asterisk-right\"><label for='ff_5_names_first_name_' id='label_ff_5_names_first_name_' >Pr\u00e9nom<\/label><\/div><div class='ff-el-input--content'><input type=\"text\" name=\"names[first_name]\" id=\"ff_5_names_first_name_\" class=\"ff-el-form-control\" placeholder=\"Pr\u00e9nom\" aria-invalid=\"false\" aria-required=false><\/div><\/div><\/div><div class='ff-t-cell '><div class='ff-el-group'><div class=\"ff-el-input--label asterisk-right\"><label for='ff_5_names_last_name_' id='label_ff_5_names_last_name_' >Nom<\/label><\/div><div class='ff-el-input--content'><input type=\"text\" name=\"names[last_name]\" id=\"ff_5_names_last_name_\" class=\"ff-el-form-control\" placeholder=\"Nom\" aria-invalid=\"false\" aria-required=false><\/div><\/div><\/div><\/div><\/div><div class='ff-el-group'><div class=\"ff-el-input--label ff-el-is-required asterisk-right\"><label for='ff_5_email' id='label_ff_5_email' aria-label=\"E-mail\">E-mail<\/label><\/div><div class='ff-el-input--content'><input type=\"email\" name=\"email\" id=\"ff_5_email\" class=\"ff-el-form-control\" placeholder=\"Adresse e-mail\" data-name=\"email\"  aria-invalid=\"false\" aria-required=true><\/div><\/div><div class='ff-el-group'><div class=\"ff-el-input--label asterisk-right\"><label for='ff_5_input_text' id='label_ff_5_input_text' aria-label=\"Entreprise\">Entreprise<\/label><\/div><div class='ff-el-input--content'><input type=\"text\" name=\"input_text\" class=\"ff-el-form-control\" placeholder=\"Nom de l&#039;entreprise\" data-name=\"input_text\" id=\"ff_5_input_text\"  aria-invalid=\"false\" aria-required=false><\/div><\/div><div class='ff-el-group'><div class=\"ff-el-input--label ff-el-is-required asterisk-right\"><label for='ff_5_message' id='label_ff_5_message' aria-label=\"Votre message\">Votre message<\/label><\/div><div class='ff-el-input--content'><textarea aria-required=\"true\" aria-labelledby=\"label_ff_5_message\" name=\"message\" id=\"ff_5_message\" class=\"ff-el-form-control\" placeholder=\"Votre message\" rows=\"4\" cols=\"2\" data-name=\"message\" ><\/textarea><\/div><\/div><div class='ff-el-group'><div class='ff-el-input--content'><div class='ff-el-form-check ff-el-form-check-'><label class='ff-el-form-check-label' for='checkbox_44c63c112358734b0b3d3a941483bd54'><input  type=\"checkbox\" name=\"checkbox[]\" data-name=\"checkbox\" class=\"ff-el-form-check-input ff-el-form-check-checkbox\" value=\"data\"  id='checkbox_44c63c112358734b0b3d3a941483bd54' aria-label='J&#039;accepte que les informations que je fournisse via le formulaire de contact soient collect\u00e9es et trait\u00e9es pour r\u00e9pondre \u00e0 ma demande. Remarque : Vous pouvez r\u00e9voquer votre consentement \u00e0 tout moment en envoyant un e-mail \u00e0 contact@menshen.com.' aria-invalid='false' aria-required=true> <span>J&rsquo;accepte que les informations que je fournisse via le formulaire de contact soient collect\u00e9es et trait\u00e9es pour r\u00e9pondre \u00e0 ma demande. Remarque : Vous pouvez r\u00e9voquer votre consentement \u00e0 tout moment en envoyant un e-mail \u00e0 contact@menshen.com.<\/span><\/label><\/div><\/div><\/div><div class='ff-el-group'><div class='ff-el-input--content'><div class='ff-el-form-check ff-el-form-check-'><label class='ff-el-form-check-label' for='checkbox_1_94a260699b84ea3d81d0844a70a1512b'><input  type=\"checkbox\" name=\"checkbox_1[]\" data-name=\"checkbox_1\" class=\"ff-el-form-check-input ff-el-form-check-checkbox\" value=\"privacy\"  id='checkbox_1_94a260699b84ea3d81d0844a70a1512b' aria-label='Politique de confidentialit\u00e9 (https:\/\/new.menshen.com\/fr\/politique-de-confidentialite\/)' aria-invalid='false' aria-required=true> <span>Politique de confidentialit\u00e9 (https:\/\/new.menshen.com\/fr\/politique-de-confidentialite\/)<\/span><\/label><\/div><\/div><\/div><div class='ff-el-group ff-text-left ff_submit_btn_wrapper'><button type=\"submit\" class=\"ff-btn ff-btn-submit ff-btn-md ff_btn_style wpf_has_custom_css\"  aria-label=\"Envoyer la demande\">Envoyer la demande<\/button><\/div><\/fieldset><\/form><div id='fluentform_5_errors' class='ff-errors-in-stack ff_form_instance_5_1 ff-form-loading_errors ff_form_instance_5_1_errors'><\/div><\/div>            <script type=\"text\/javascript\">\n                window.fluent_form_ff_form_instance_5_1 = {\"id\":\"5\",\"settings\":{\"layout\":{\"labelPlacement\":\"top\",\"helpMessagePlacement\":\"with_label\",\"errorMessagePlacement\":\"inline\",\"cssClassName\":\"\",\"asteriskPlacement\":\"asterisk-right\"},\"restrictions\":{\"denyEmptySubmission\":{\"enabled\":false}}},\"form_instance\":\"ff_form_instance_5_1\",\"form_id_selector\":\"fluentform_5\",\"rules\":{\"names[first_name]\":{\"required\":{\"value\":false,\"message\":\"This field is required\",\"global\":false,\"global_message\":\"Dieses Feld ist erforderlich\"}},\"names[middle_name]\":{\"required\":{\"value\":false,\"message\":\"This field is required\",\"global\":false,\"global_message\":\"Dieses Feld ist erforderlich\"}},\"names[last_name]\":{\"required\":{\"value\":false,\"message\":\"This field is required\",\"global\":false,\"global_message\":\"Dieses Feld ist erforderlich\"}},\"email\":{\"required\":{\"value\":true,\"message\":\"Dieses Feld ist erforderlich\",\"global\":false,\"global_message\":\"Dieses Feld ist erforderlich\"},\"email\":{\"value\":true,\"message\":\"This field must contain a valid email\",\"global\":false,\"global_message\":\"Dieses Feld muss eine g\\u00fcltige E-Mail-Adresse enthalten\"}},\"input_text\":{\"required\":{\"value\":false,\"message\":\"Ce champ est requis\",\"global_message\":\"Dieses Feld ist erforderlich\",\"global\":true}},\"message\":{\"required\":{\"value\":true,\"message\":\"This field is required\",\"global\":false,\"global_message\":\"Dieses Feld ist erforderlich\"}},\"checkbox\":{\"required\":{\"value\":true,\"message\":\"Ce champ est requis\",\"global_message\":\"Dieses Feld ist erforderlich\",\"global\":true}},\"checkbox_1\":{\"required\":{\"value\":true,\"message\":\"Ce champ est requis\",\"global_message\":\"Dieses Feld ist erforderlich\",\"global\":true}},\"g-recaptcha-response\":[]},\"debounce_time\":300};\n                            <\/script>\n            <\/div><\/div>\n","protected":false},"excerpt":{"rendered":"<p>Nous vous remercions de l&rsquo;int\u00e9r\u00eat que vous portez \u00e0 notre entreprise et \u00e0 nos solutions. Vous pouvez nous contacter facilement et en toute s\u00e9curit\u00e9 \u00e0 tout moment via le formulaire ci-dessous. Vos informations seront utilis\u00e9es uniquement pour traiter votre demande et seront trait\u00e9es de mani\u00e8re confidentielle. Que vous ayez besoin d&rsquo;une demande sp\u00e9cifique, d&rsquo;informations compl\u00e9mentaires [&hellip;]<\/p>\n","protected":false},"author":5,"featured_media":0,"parent":0,"menu_order":85,"comment_status":"closed","ping_status":"closed","template":"","meta":{"_acf_changed":false,"inline_featured_image":false,"_uag_custom_page_level_css":"","site-sidebar-layout":"default","site-content-layout":"","ast-site-content-layout":"default","site-content-style":"default","site-sidebar-style":"default","ast-global-header-display":"","ast-banner-title-visibility":"","ast-main-header-display":"","ast-hfb-above-header-display":"","ast-hfb-below-header-display":"","ast-hfb-mobile-header-display":"","site-post-title":"","ast-breadcrumbs-content":"","ast-featured-img":"","footer-sml-layout":"","ast-disable-related-posts":"","theme-transparent-header-meta":"","adv-header-id-meta":"","stick-header-meta":"","header-above-stick-meta":"","header-main-stick-meta":"","header-below-stick-meta":"","astra-migrate-meta-layouts":"set","ast-page-background-enabled":"default","ast-page-background-meta":{"desktop":{"background-color":"var(--ast-global-color-4)","background-image":"","background-repeat":"repeat","background-position":"center center","background-size":"auto","background-attachment":"scroll","background-type":"","background-media":"","overlay-type":"","overlay-color":"","overlay-opacity":"","overlay-gradient":""},"tablet":{"background-color":"","background-image":"","background-repeat":"repeat","background-position":"center center","background-size":"auto","background-attachment":"scroll","background-type":"","background-media":"","overlay-type":"","overlay-color":"","overlay-opacity":"","overlay-gradient":""},"mobile":{"background-color":"","background-image":"","background-repeat":"repeat","background-position":"center center","background-size":"auto","background-attachment":"scroll","background-type":"","background-media":"","overlay-type":"","overlay-color":"","overlay-opacity":"","overlay-gradient":""}},"ast-content-background-meta":{"desktop":{"background-color":"var(--ast-global-color-5)","background-image":"","background-repeat":"repeat","background-position":"center center","background-size":"auto","background-attachment":"scroll","background-type":"","background-media":"","overlay-type":"","overlay-color":"","overlay-opacity":"","overlay-gradient":""},"tablet":{"background-color":"var(--ast-global-color-5)","background-image":"","background-repeat":"repeat","background-position":"center center","background-size":"auto","background-attachment":"scroll","background-type":"","background-media":"","overlay-type":"","overlay-color":"","overlay-opacity":"","overlay-gradient":""},"mobile":{"background-color":"var(--ast-global-color-5)","background-image":"","background-repeat":"repeat","background-position":"center center","background-size":"auto","background-attachment":"scroll","background-type":"","background-media":"","overlay-type":"","overlay-color":"","overlay-opacity":"","overlay-gradient":""}},"footnotes":""},"class_list":["post-13701","page","type-page","status-publish","hentry"],"acf":[],"uagb_featured_image_src":{"full":false,"thumbnail":false,"medium":false,"medium_large":false,"large":false,"1536x1536":false,"2048x2048":false,"woocommerce_thumbnail":false,"woocommerce_single":false,"woocommerce_gallery_thumbnail":false},"uagb_author_info":{"display_name":"Menshen","author_link":"https:\/\/menshen.com\/fr\/author\/cnoeh\/"},"uagb_comment_info":0,"uagb_excerpt":"Nous vous remercions de l&rsquo;int\u00e9r\u00eat que vous portez \u00e0 notre entreprise et \u00e0 nos solutions. Vous pouvez nous contacter facilement et en toute s\u00e9curit\u00e9 \u00e0 tout moment via le formulaire ci-dessous. Vos informations seront utilis\u00e9es uniquement pour traiter votre demande et seront trait\u00e9es de mani\u00e8re confidentielle. Que vous ayez besoin d&rsquo;une demande sp\u00e9cifique, d&rsquo;informations compl\u00e9mentaires\u2026","_links":{"self":[{"href":"https:\/\/menshen.com\/fr\/wp-json\/wp\/v2\/pages\/13701","targetHints":{"allow":["GET"]}}],"collection":[{"href":"https:\/\/menshen.com\/fr\/wp-json\/wp\/v2\/pages"}],"about":[{"href":"https:\/\/menshen.com\/fr\/wp-json\/wp\/v2\/types\/page"}],"author":[{"embeddable":true,"href":"https:\/\/menshen.com\/fr\/wp-json\/wp\/v2\/users\/5"}],"replies":[{"embeddable":true,"href":"https:\/\/menshen.com\/fr\/wp-json\/wp\/v2\/comments?post=13701"}],"version-history":[{"count":2,"href":"https:\/\/menshen.com\/fr\/wp-json\/wp\/v2\/pages\/13701\/revisions"}],"predecessor-version":[{"id":13704,"href":"https:\/\/menshen.com\/fr\/wp-json\/wp\/v2\/pages\/13701\/revisions\/13704"}],"wp:attachment":[{"href":"https:\/\/menshen.com\/fr\/wp-json\/wp\/v2\/media?parent=13701"}],"curies":[{"name":"wp","href":"https:\/\/api.w.org\/{rel}","templated":true}]}}