{"id":3674,"date":"2021-09-09T16:13:08","date_gmt":"2021-09-09T14:13:08","guid":{"rendered":"https:\/\/new.menshen.com\/?page_id=3674"},"modified":"2025-09-23T09:22:35","modified_gmt":"2025-09-23T07:22:35","slug":"systemes-demballage","status":"publish","type":"page","link":"https:\/\/menshen.com\/fr\/portefeuille\/systemes-demballage\/","title":{"rendered":"Syst\u00e8mes d\u2019emballage"},"content":{"rendered":"\r\n<div id=\"men-block-block_f08034c3fdb071018942112d1b710507\" class=\"container px-0 men-block men-header\">\r\n    <div class=\"row\">\r\n        <div class=\"col\">\r\n            <div class=\"cover\">\r\n                                    <img loading=\"lazy\" decoding=\"async\" width=\"1600\" height=\"639\" src=\"https:\/\/menshen.com\/wp-content\/uploads\/2021\/09\/Systemverpackungen.jpg\" class=\"attachment-full size-full\" alt=\"\" srcset=\"https:\/\/menshen.com\/wp-content\/uploads\/2021\/09\/Systemverpackungen.jpg 1600w, https:\/\/menshen.com\/wp-content\/uploads\/2021\/09\/Systemverpackungen-300x120.jpg 300w, https:\/\/menshen.com\/wp-content\/uploads\/2021\/09\/Systemverpackungen-600x240.jpg 600w, https:\/\/menshen.com\/wp-content\/uploads\/2021\/09\/Systemverpackungen-1024x409.jpg 1024w, https:\/\/menshen.com\/wp-content\/uploads\/2021\/09\/Systemverpackungen-768x307.jpg 768w, https:\/\/menshen.com\/wp-content\/uploads\/2021\/09\/Systemverpackungen-1536x613.jpg 1536w\" sizes=\"auto, (max-width: 1600px) 100vw, 1600px\" \/>                \r\n                <div class=\"layer\" style=\"background-image: url('https:\/\/menshen.com\/wp-content\/themes\/menshen\/assets\/header-layer\/Verlauf_16.svg')\">\r\n                                    <\/div>\r\n            <\/div>\r\n\r\n            <div class=\"text\">\r\n                <h1>\r\n                    <strong>Syst\u00e8mes d\u2019emballage<\/strong><br>\r\n                                    <\/h1>\r\n            <\/div>\r\n        <\/div>\r\n    <\/div>\r\n<\/div>\r\n\n\n\n<div style=\"height:80px\" aria-hidden=\"true\" class=\"wp-block-spacer\"><\/div>\n\n\n\n<h2 class=\"wp-block-heading\">Syst\u00e8mes d\u2019emballage de MENSHEN<\/h2>\n\n\n\n<p>Les produits sp\u00e9ciaux et les besoins individuels n\u00e9cessitent des emballages innovants et coordonn\u00e9s. C&rsquo;est exactement ce que MENSHEN propose : un excellent emballage qui mettra l&rsquo;accent sur l&rsquo;individualit\u00e9 et le caract\u00e8re unique de votre produit et le fera se d\u00e9marquer de la concurrence.<\/p>\n\n\n\n<p>Pour les demandes particuli\u00e8rement urgentes, nous proposons des solutions d&#8217;emballage standards qui sont disponibles rapidement mais qui ont toujours une valeur ajout\u00e9e. Nous serions \u00e9galement heureux de d\u00e9velopper une solution d&#8217;emballage globale personnalis\u00e9e, adapt\u00e9e \u00e0 votre produit et \u00e0 vos souhaits. Contactez-nous!<\/p>\n\n\n\n<div style=\"height:80px\" aria-hidden=\"true\" class=\"wp-block-spacer\"><\/div>\n\n\n\n<h2 class=\"wp-block-heading\">Solutions compl\u00e8tes MENSHEN \u2013 des packagings associ\u00e9s pour une solution compl\u00e8te<\/h2>\n\n\n\n<p>Trouver une solution d&#8217;emballage compl\u00e8te pour un produit n&rsquo;est pas toujours facile. Vous aurez souvent choisi un flacon ou un pot, mais le bouchage que vous aimez ne convient pas car le diam\u00e8tre ou le filetage est trop grand ou trop petit, ou les proportions globales ne sont tout simplement pas harmonieuses. C&rsquo;est pourquoi MENSHEN vous propose une large gamme de solutions d&#8217;emballage globales. Celles ci ont \u00e9t\u00e9 optimis\u00e9es et ajust\u00e9es, il n&rsquo;est plus n\u00e9cessaire de perdre du temps \u00e0 essayer de trouver des composants d&#8217;emballage appropri\u00e9s &#8211; flacons, pots ou tubes et bouchons correspondants. Cela vous permet de pr\u00e9senter votre produit et de assurer que votre emballage sera herm\u00e9tique et totalement s\u00fbr.<\/p>\n\n\n\n<div style=\"height:80px\" aria-hidden=\"true\" class=\"wp-block-spacer\"><\/div>\n\n\n\n<h2 class=\"wp-block-heading\">Un seul fournisseur : une solution sur mesure pour votre produit unique<\/h2>\n\n\n\n<p>Des solutions d&#8217;emballage globales attrayantes rehausseront l&rsquo;unicit\u00e9 et la particularit\u00e9 de vos produits, garantissant une valeur ajout\u00e9e et une apparence personnalis\u00e9e. Avec MENSHEN, vous avez un partenaire qui comprend toutes ces exigences et les facteurs importants qui feront le succ\u00e8s de votre produit gr\u00e2ce \u00e0 l&#8217;emballage ! Nous d\u00e9velopperons ensemble une solution d&#8217;emballage globale, unique et fiable. En tant que fournisseur global, nous sommes \u00e0 m\u00eame de vous fournir l\u2019ensemble de nos services : d\u00e9veloppement, production, assemblage, assurance qualit\u00e9, logistique.<\/p>\n\n\n\n<p>Nous nous occupons de tout \u2013 vous profitez du r\u00e9sultat !<\/p>\n\n\n\n<div style=\"height:80px\" aria-hidden=\"true\" class=\"wp-block-spacer\"><\/div>\n\n\n\n<h3 class=\"wp-block-heading\">Contact<\/h3>\n\n\n\n<p><strong>Laurent Jeansoul\u00e9<br><\/strong><a href=\"mailto:laurent.jeansoule@menshen.com\">laurent.jeansoule@menshen.com<\/a><br>Fon: <a href=\"tel:+33 6 72 48 85 21\">+33\u00a06 72 48 85 21<\/a><br><strong><a href=\"https:\/\/new.menshen.com\/wp-content\/uploads\/2025\/09\/250430_MENSHEN_Katalog_2025_v02-1.pdf\">Product Catalogue<\/a><\/strong><\/p>\n\n\n\n<div style=\"height:80px\" aria-hidden=\"true\" class=\"wp-block-spacer\"><\/div>\n\n\n\n<div class=\"wp-block-columns is-layout-flex wp-container-core-columns-is-layout-28f84493 wp-block-columns-is-layout-flex\">\n<div class=\"wp-block-column is-layout-flow wp-block-column-is-layout-flow\" style=\"flex-basis:100%\">\n\t\t\t<div class=\"wp-block-uagb-post-grid uagb-post-grid  uagb-post__image-position-top uagb-post__image-enabled uagb-block-1c723387     uagb-post__items uagb-post__columns-3 is-grid uagb-post__columns-tablet-2 uagb-post__columns-mobile-1 uagb-post__equal-height\" data-total=\"8\" style=\"\">\n\n\t\t\t\t\t\t\t\t\t\t\t\t<article class=\"uagb-post__inner-wrap\">\t\t\t\t\t\t\t\t<div class='uagb-post__image'>\n\t\t\t\t\t\t\t\t\t<a href=\"https:\/\/menshen.com\/fr\/innovation-fr\/exposition-interne-produisez-vos-propres-sachets-a-bec\/\" target=\"_self\" rel=\"bookmark noopener noreferrer\" class='uagb-image-ratio-inherit'><img loading=\"lazy\" decoding=\"async\" width=\"1024\" height=\"576\" src=\"https:\/\/menshen.com\/wp-content\/uploads\/2024\/06\/dp-menshen-post-in-house-exhibition-2024-06-featured-1024x576.jpg\" class=\"attachment-large size-large\" alt=\"\" srcset=\"https:\/\/menshen.com\/wp-content\/uploads\/2024\/06\/dp-menshen-post-in-house-exhibition-2024-06-featured-1024x576.jpg 1024w, https:\/\/menshen.com\/wp-content\/uploads\/2024\/06\/dp-menshen-post-in-house-exhibition-2024-06-featured-300x169.jpg 300w, https:\/\/menshen.com\/wp-content\/uploads\/2024\/06\/dp-menshen-post-in-house-exhibition-2024-06-featured-768x432.jpg 768w, https:\/\/menshen.com\/wp-content\/uploads\/2024\/06\/dp-menshen-post-in-house-exhibition-2024-06-featured-1536x864.jpg 1536w, https:\/\/menshen.com\/wp-content\/uploads\/2024\/06\/dp-menshen-post-in-house-exhibition-2024-06-featured-600x338.jpg 600w, https:\/\/menshen.com\/wp-content\/uploads\/2024\/06\/dp-menshen-post-in-house-exhibition-2024-06-featured.jpg 1920w\" sizes=\"auto, (max-width: 1024px) 100vw, 1024px\" \/>\t\t\t\t\t<\/a>\n\t\t\t\t\t\t\t<\/div>\n\t\t\t\t\t\t<h4 class=\"uagb-post__title uagb-post__text\">\n\t\t\t\t<a href=\"https:\/\/menshen.com\/fr\/innovation-fr\/exposition-interne-produisez-vos-propres-sachets-a-bec\/\" target=\"_self\" rel=\"bookmark noopener noreferrer\">Exposition interne\u00a0: Produisez vos propres sachets \u00e0 bec<\/a>\n\t\t\t<\/h4>\n\t\t\t\t\t\t<div class='uagb-post__text uagb-post-grid-byline'>\n\t\t\t\t\t\t\t<\/div>\n\t\t\t\t\t\t\t<div class='uagb-post__text uagb-post__excerpt'>\n\t\t\t\t\t<p>D\u00e9couvrez les potentiels d\u2019\u00e9conomie offerts par la fabrication en interne des sachets avec bouchon. S\u00dcDPACK,&nbsp;SN&nbsp;Maschinenbau&nbsp;et&nbsp;MENSHEN&nbsp;s\u2019allient&#8230;\t\t\t\t<\/div>\n\t\t\t\t\t\t<div class=\"uagb-post__text uagb-post__cta wp-block-button\">\n\t\t\t\t<a class=\"wp-block-button__link uagb-text-link\" style=\"\" href=\"https:\/\/menshen.com\/fr\/innovation-fr\/exposition-interne-produisez-vos-propres-sachets-a-bec\/\" target=\"_self\" rel=\"bookmark noopener noreferrer\">Lire la suite<\/a>\n\t\t\t<\/div>\n\t\t\t\n\t\t\t\t\t\t\t\t\t<\/article>\n\t\t\t\t\t\t\t\t\t\t\t\t\t\t\t\t<article class=\"uagb-post__inner-wrap\">\t\t\t\t\t\t\t\t<div class='uagb-post__image'>\n\t\t\t\t\t\t\t\t\t<a href=\"https:\/\/menshen.com\/fr\/weldspouts-fr\/plug-play-dans-lemballage-nos-bouchons-innovants\/\" target=\"_self\" rel=\"bookmark noopener noreferrer\" class='uagb-image-ratio-inherit'><img loading=\"lazy\" decoding=\"async\" width=\"1024\" height=\"546\" src=\"https:\/\/menshen.com\/wp-content\/uploads\/2024\/06\/menshen-tethered-featured-1024x546.jpg\" class=\"attachment-large size-large\" alt=\"\" srcset=\"https:\/\/menshen.com\/wp-content\/uploads\/2024\/06\/menshen-tethered-featured-1024x546.jpg 1024w, https:\/\/menshen.com\/wp-content\/uploads\/2024\/06\/menshen-tethered-featured-300x160.jpg 300w, https:\/\/menshen.com\/wp-content\/uploads\/2024\/06\/menshen-tethered-featured-768x410.jpg 768w, https:\/\/menshen.com\/wp-content\/uploads\/2024\/06\/menshen-tethered-featured-1536x819.jpg 1536w, https:\/\/menshen.com\/wp-content\/uploads\/2024\/06\/menshen-tethered-featured-600x320.jpg 600w, https:\/\/menshen.com\/wp-content\/uploads\/2024\/06\/menshen-tethered-featured.jpg 1920w\" sizes=\"auto, (max-width: 1024px) 100vw, 1024px\" \/>\t\t\t\t\t<\/a>\n\t\t\t\t\t\t\t<\/div>\n\t\t\t\t\t\t<h4 class=\"uagb-post__title uagb-post__text\">\n\t\t\t\t<a href=\"https:\/\/menshen.com\/fr\/weldspouts-fr\/plug-play-dans-lemballage-nos-bouchons-innovants\/\" target=\"_self\" rel=\"bookmark noopener noreferrer\">Plug &amp; Play dans l&#8217;emballage : Nos bouchons innovants !<\/a>\n\t\t\t<\/h4>\n\t\t\t\t\t\t<div class='uagb-post__text uagb-post-grid-byline'>\n\t\t\t\t\t\t\t<\/div>\n\t\t\t\t\t\t\t<div class='uagb-post__text uagb-post__excerpt'>\n\t\t\t\t\t<p>Chez MENSHEN, nous nous effor\u00e7ons de cr\u00e9er des solutions d&#8217;emballage qui non seulement am\u00e9liorent l&rsquo;exp\u00e9rience&#8230;\t\t\t\t<\/div>\n\t\t\t\t\t\t<div class=\"uagb-post__text uagb-post__cta wp-block-button\">\n\t\t\t\t<a class=\"wp-block-button__link uagb-text-link\" style=\"\" href=\"https:\/\/menshen.com\/fr\/weldspouts-fr\/plug-play-dans-lemballage-nos-bouchons-innovants\/\" target=\"_self\" rel=\"bookmark noopener noreferrer\">Lire la suite<\/a>\n\t\t\t<\/div>\n\t\t\t\n\t\t\t\t\t\t\t\t\t<\/article>\n\t\t\t\t\t\t\t\t\t\t\t\t\t\t\t\t<article class=\"uagb-post__inner-wrap\">\t\t\t\t\t\t\t\t<div class='uagb-post__image'>\n\t\t\t\t\t\t\t\t\t<a href=\"https:\/\/menshen.com\/fr\/entreprise\/menshen-recu-ihk-leader-du-marche-mondial\/\" target=\"_self\" rel=\"bookmark noopener noreferrer\" class='uagb-image-ratio-inherit'><img loading=\"lazy\" decoding=\"async\" width=\"1024\" height=\"576\" src=\"https:\/\/menshen.com\/wp-content\/uploads\/2024\/03\/menshen-post-awarded-ihk-world-market-leader-1920x1080-1-1024x576.jpg\" class=\"attachment-large size-large\" alt=\"\" srcset=\"https:\/\/menshen.com\/wp-content\/uploads\/2024\/03\/menshen-post-awarded-ihk-world-market-leader-1920x1080-1-1024x576.jpg 1024w, https:\/\/menshen.com\/wp-content\/uploads\/2024\/03\/menshen-post-awarded-ihk-world-market-leader-1920x1080-1-300x169.jpg 300w, https:\/\/menshen.com\/wp-content\/uploads\/2024\/03\/menshen-post-awarded-ihk-world-market-leader-1920x1080-1-768x432.jpg 768w, https:\/\/menshen.com\/wp-content\/uploads\/2024\/03\/menshen-post-awarded-ihk-world-market-leader-1920x1080-1-1536x864.jpg 1536w, https:\/\/menshen.com\/wp-content\/uploads\/2024\/03\/menshen-post-awarded-ihk-world-market-leader-1920x1080-1-600x338.jpg 600w, https:\/\/menshen.com\/wp-content\/uploads\/2024\/03\/menshen-post-awarded-ihk-world-market-leader-1920x1080-1.jpg 1920w\" sizes=\"auto, (max-width: 1024px) 100vw, 1024px\" \/>\t\t\t\t\t<\/a>\n\t\t\t\t\t\t\t<\/div>\n\t\t\t\t\t\t<h4 class=\"uagb-post__title uagb-post__text\">\n\t\t\t\t<a href=\"https:\/\/menshen.com\/fr\/entreprise\/menshen-recu-ihk-leader-du-marche-mondial\/\" target=\"_self\" rel=\"bookmark noopener noreferrer\">Menshen re\u00e7u IHK leader du march\u00e9 mondial<\/a>\n\t\t\t<\/h4>\n\t\t\t\t\t\t<div class='uagb-post__text uagb-post-grid-byline'>\n\t\t\t\t\t\t\t<\/div>\n\t\t\t\t\t\t\t<div class='uagb-post__text uagb-post__excerpt'>\n\t\t\t\t\t<p>Photo de la remise des prix, source : IHK Arnsberg Hagen Siegen MENSHEN a de&#8230;\t\t\t\t<\/div>\n\t\t\t\t\t\t<div class=\"uagb-post__text uagb-post__cta wp-block-button\">\n\t\t\t\t<a class=\"wp-block-button__link uagb-text-link\" style=\"\" href=\"https:\/\/menshen.com\/fr\/entreprise\/menshen-recu-ihk-leader-du-marche-mondial\/\" target=\"_self\" rel=\"bookmark noopener noreferrer\">Lire la suite<\/a>\n\t\t\t<\/div>\n\t\t\t\n\t\t\t\t\t\t\t\t\t<\/article>\n\t\t\t\t\t\t\t\t\t\t\t<\/div>\n\t\t\t<\/div>\n<\/div>\n","protected":false},"excerpt":{"rendered":"<p>Syst\u00e8mes d\u2019emballage de MENSHEN Les produits sp\u00e9ciaux et les besoins individuels n\u00e9cessitent des emballages innovants et coordonn\u00e9s. C&rsquo;est exactement ce que MENSHEN propose : un excellent emballage qui mettra l&rsquo;accent sur l&rsquo;individualit\u00e9 et le caract\u00e8re unique de votre produit et le fera se d\u00e9marquer de la concurrence. Pour les demandes particuli\u00e8rement urgentes, nous proposons des [&hellip;]<\/p>\n","protected":false},"author":5,"featured_media":0,"parent":3749,"menu_order":50,"comment_status":"closed","ping_status":"closed","template":"","meta":{"_acf_changed":false,"inline_featured_image":false,"_uag_custom_page_level_css":"","site-sidebar-layout":"default","site-content-layout":"default","ast-site-content-layout":"default","site-content-style":"default","site-sidebar-style":"default","ast-global-header-display":"","ast-banner-title-visibility":"","ast-main-header-display":"","ast-hfb-above-header-display":"","ast-hfb-below-header-display":"","ast-hfb-mobile-header-display":"","site-post-title":"disabled","ast-breadcrumbs-content":"","ast-featured-img":"","footer-sml-layout":"","ast-disable-related-posts":"","theme-transparent-header-meta":"default","adv-header-id-meta":"","stick-header-meta":"","header-above-stick-meta":"","header-main-stick-meta":"","header-below-stick-meta":"","astra-migrate-meta-layouts":"set","ast-page-background-enabled":"default","ast-page-background-meta":{"desktop":{"background-color":"var(--ast-global-color-4)","background-image":"","background-repeat":"repeat","background-position":"center center","background-size":"auto","background-attachment":"scroll","background-type":"","background-media":"","overlay-type":"","overlay-color":"","overlay-opacity":"","overlay-gradient":""},"tablet":{"background-color":"","background-image":"","background-repeat":"repeat","background-position":"center center","background-size":"auto","background-attachment":"scroll","background-type":"","background-media":"","overlay-type":"","overlay-color":"","overlay-opacity":"","overlay-gradient":""},"mobile":{"background-color":"","background-image":"","background-repeat":"repeat","background-position":"center center","background-size":"auto","background-attachment":"scroll","background-type":"","background-media":"","overlay-type":"","overlay-color":"","overlay-opacity":"","overlay-gradient":""}},"ast-content-background-meta":{"desktop":{"background-color":"var(--ast-global-color-5)","background-image":"","background-repeat":"repeat","background-position":"center center","background-size":"auto","background-attachment":"scroll","background-type":"","background-media":"","overlay-type":"","overlay-color":"","overlay-opacity":"","overlay-gradient":""},"tablet":{"background-color":"var(--ast-global-color-5)","background-image":"","background-repeat":"repeat","background-position":"center center","background-size":"auto","background-attachment":"scroll","background-type":"","background-media":"","overlay-type":"","overlay-color":"","overlay-opacity":"","overlay-gradient":""},"mobile":{"background-color":"var(--ast-global-color-5)","background-image":"","background-repeat":"repeat","background-position":"center center","background-size":"auto","background-attachment":"scroll","background-type":"","background-media":"","overlay-type":"","overlay-color":"","overlay-opacity":"","overlay-gradient":""}},"footnotes":""},"class_list":["post-3674","page","type-page","status-publish","hentry"],"acf":[],"uagb_featured_image_src":{"full":false,"thumbnail":false,"medium":false,"medium_large":false,"large":false,"1536x1536":false,"2048x2048":false,"woocommerce_thumbnail":false,"woocommerce_single":false,"woocommerce_gallery_thumbnail":false},"uagb_author_info":{"display_name":"Menshen","author_link":"https:\/\/menshen.com\/fr\/author\/cnoeh\/"},"uagb_comment_info":0,"uagb_excerpt":"Syst\u00e8mes d\u2019emballage de MENSHEN Les produits sp\u00e9ciaux et les besoins individuels n\u00e9cessitent des emballages innovants et coordonn\u00e9s. C&rsquo;est exactement ce que MENSHEN propose : un excellent emballage qui mettra l&rsquo;accent sur l&rsquo;individualit\u00e9 et le caract\u00e8re unique de votre produit et le fera se d\u00e9marquer de la concurrence. Pour les demandes particuli\u00e8rement urgentes, nous proposons des\u2026","_links":{"self":[{"href":"https:\/\/menshen.com\/fr\/wp-json\/wp\/v2\/pages\/3674","targetHints":{"allow":["GET"]}}],"collection":[{"href":"https:\/\/menshen.com\/fr\/wp-json\/wp\/v2\/pages"}],"about":[{"href":"https:\/\/menshen.com\/fr\/wp-json\/wp\/v2\/types\/page"}],"author":[{"embeddable":true,"href":"https:\/\/menshen.com\/fr\/wp-json\/wp\/v2\/users\/5"}],"replies":[{"embeddable":true,"href":"https:\/\/menshen.com\/fr\/wp-json\/wp\/v2\/comments?post=3674"}],"version-history":[{"count":4,"href":"https:\/\/menshen.com\/fr\/wp-json\/wp\/v2\/pages\/3674\/revisions"}],"predecessor-version":[{"id":13792,"href":"https:\/\/menshen.com\/fr\/wp-json\/wp\/v2\/pages\/3674\/revisions\/13792"}],"up":[{"embeddable":true,"href":"https:\/\/menshen.com\/fr\/wp-json\/wp\/v2\/pages\/3749"}],"wp:attachment":[{"href":"https:\/\/menshen.com\/fr\/wp-json\/wp\/v2\/media?parent=3674"}],"curies":[{"name":"wp","href":"https:\/\/api.w.org\/{rel}","templated":true}]}}