{"id":3689,"date":"2021-09-09T16:10:37","date_gmt":"2021-09-09T14:10:37","guid":{"rendered":"https:\/\/new.menshen.com\/?page_id=3689"},"modified":"2025-09-23T09:24:01","modified_gmt":"2025-09-23T07:24:01","slug":"applicateurs-mousse","status":"publish","type":"page","link":"https:\/\/menshen.com\/fr\/portefeuille\/applicateurs-mousse\/","title":{"rendered":"Applicateurs mousse"},"content":{"rendered":"\r\n<div id=\"men-block-block_31ecfee781c15d8d5dbb524dc4d3691f\" class=\"container px-0 men-block men-header\">\r\n    <div class=\"row\">\r\n        <div class=\"col\">\r\n            <div class=\"cover\">\r\n                                    <img loading=\"lazy\" decoding=\"async\" width=\"2560\" height=\"1008\" src=\"https:\/\/menshen.com\/wp-content\/uploads\/2021\/09\/Header_zugeschnitten-1-scaled.jpg\" class=\"attachment-full size-full\" alt=\"\" srcset=\"https:\/\/menshen.com\/wp-content\/uploads\/2021\/09\/Header_zugeschnitten-1-scaled.jpg 2560w, https:\/\/menshen.com\/wp-content\/uploads\/2021\/09\/Header_zugeschnitten-1-300x118.jpg 300w, https:\/\/menshen.com\/wp-content\/uploads\/2021\/09\/Header_zugeschnitten-1-scaled-600x236.jpg 600w, https:\/\/menshen.com\/wp-content\/uploads\/2021\/09\/Header_zugeschnitten-1-1024x403.jpg 1024w, https:\/\/menshen.com\/wp-content\/uploads\/2021\/09\/Header_zugeschnitten-1-768x302.jpg 768w, https:\/\/menshen.com\/wp-content\/uploads\/2021\/09\/Header_zugeschnitten-1-1536x605.jpg 1536w, https:\/\/menshen.com\/wp-content\/uploads\/2021\/09\/Header_zugeschnitten-1-2048x806.jpg 2048w\" sizes=\"auto, (max-width: 2560px) 100vw, 2560px\" \/>                \r\n                <div class=\"layer\" style=\"background-image: url('https:\/\/menshen.com\/wp-content\/themes\/menshen\/assets\/header-layer\/Verlauf_16.svg')\">\r\n                                    <\/div>\r\n            <\/div>\r\n\r\n            <div class=\"text\">\r\n                <h1>\r\n                    <strong>Applicateurs mousse<\/strong><br>\r\n                    des appareils polyvalents pour une large gamme d&rsquo;applications                <\/h1>\r\n            <\/div>\r\n        <\/div>\r\n    <\/div>\r\n<\/div>\r\n\n\n\n<div style=\"height:80px\" aria-hidden=\"true\" class=\"wp-block-spacer\"><\/div>\n\n\n\n<p>Les applicateurs mousse sont tr\u00e8s appr\u00e9ci\u00e9s pour le nettoyage et l&rsquo;entretien des chaussures. Ils facilitent l&rsquo;application du produit d\u2019entretien et permettent sa r\u00e9partition pratique et homog\u00e8ne en surface. De plus, l&rsquo;utilisateur \u00e9vite tout contact direct avec le produit ce qui \u00e9vite de salir les mains. Les applicateurs mousse conviennent parfaitement pour d&rsquo;autres utilisations, par exemple en substitut des chiffons de nettoyage de lunettes ou lentilles optiques et les \u00e9crans tactiles sur les appareils photo, les smartphones ou les tablettes. En outre, ils contribuent \u00e9galement \u00e0 am\u00e9liorer la durabilit\u00e9 et la protection de l&rsquo;environnement, car les lingettes jetables avec emballage individuel sont remplac\u00e9es par une petite bouteille pratique et rechargeable.<\/p>\n\n\n\n<div style=\"height:80px\" aria-hidden=\"true\" class=\"wp-block-spacer\"><\/div>\n\n\n\n<h2 class=\"wp-block-heading\" id=\"pour-les-produits-liquides-un-applicateur-mousse-avec-valve-est-le-meilleur-choix\">Pour les produits liquides &#8211; un applicateur mousse avec valve est le meilleur choix<\/h2>\n\n\n\n<p>De nombreux produits de nettoyage et d&rsquo;entretien se pr\u00e9sentent sous forme liquide. Le degr\u00e9 \u00e9lev\u00e9 d&rsquo;\u00e9tanch\u00e9it\u00e9 et de fiabilit\u00e9 de l&rsquo;applicateur mousse est essentiel pour garantir que le liquide ne s\u2019\u00e9coule qu&rsquo;en cas de besoin. Cela impose des exigences \u00e9lev\u00e9es sur l&rsquo;exactitude dimensionnelle et la pr\u00e9cision de la fermeture. Les applicateurs mousse MENSHEN r\u00e9pondent parfaitement \u00e0 ces exigences. Un syst\u00e8me sophistiqu\u00e9 emp\u00eache les fuites accidentelles de liquide et garantit qu&rsquo;il ne peut \u00eatre \u00e9vacu\u00e9 que lorsque la pression est sp\u00e9cifiquement appliqu\u00e9e \u00e0 une valve sp\u00e9cialement int\u00e9gr\u00e9e. En plus d&rsquo;\u00eatre tr\u00e8s propre, c&rsquo;est aussi une solution tr\u00e8s pr\u00e9cise et \u00e9conomique, car le syst\u00e8me peut doser avec pr\u00e9cision votre produit.<\/p>\n\n\n\n<div style=\"height:80px\" aria-hidden=\"true\" class=\"wp-block-spacer\"><\/div>\n\n\n\n<h2 class=\"wp-block-heading\" id=\"applicateurs-mousse-menshen-pour-produits-pateux-en-tubes\">Applicateurs mousse MENSHEN pour produits p\u00e2teux en tubes<\/h2>\n\n\n\n<p>Traditionnellement, les produits d&rsquo;entretien des chaussures et du cuir sont principalement fournis sous forme de p\u00e2tes, car elles peuvent mieux lier et retenir les corps gras et colorants qui sont souvent utilis\u00e9s pour l&rsquo;entretien. L&rsquo;applicateur mousse utilis\u00e9 doit \u00eatre parfaitement adapt\u00e9 aux diff\u00e9rentes viscosit\u00e9s de ces produits d&rsquo;entretien. MENSHEN propose une large gamme de diff\u00e9rents types de mousse, d&rsquo;orifices de sortie et de flocages. Cela permet un retrait propre et pr\u00e9cis et une application facile de votre produit de nettoyage. Si vous nous contactez, nous nous ferons un plaisir de vous conseiller sur l\u2019applicateur \u00e9ponge le plus adapt\u00e9 pour vos produits d&rsquo;entretien<\/p>\n\n\n\n<div style=\"height:80px\" aria-hidden=\"true\" class=\"wp-block-spacer\"><\/div>\n\n\n\n<div class=\"inherit-container-width wp-block-group has-background is-layout-constrained wp-block-group-is-layout-constrained\" style=\"background-color:#f8f8f8\"><div class=\"wp-block-group__inner-container\">\n<div class=\"wp-block-columns is-layout-flex wp-container-core-columns-is-layout-28f84493 wp-block-columns-is-layout-flex\">\n<div class=\"wp-block-column px-3 is-layout-flow wp-block-column-is-layout-flow\" style=\"flex-basis:50%\">\n<h3 class=\"wp-block-heading\" id=\"vos-avantages-en-un-coup-d-oeil\">Vos avantages en un coup d&rsquo;\u0153il<\/h3>\n\n\n\n<div class=\"accordion accordion-flush\" id=\"accordionFlushExample\">\n    <div class=\"accordion-item\">\n        <h2 class=\"accordion-header\" id=\"flush-heading-1\">\n            <button class=\"accordion-button collapsed\" type=\"button\" data-bs-toggle=\"collapse\" data-bs-target=\"#flush-collapse-1\" aria-expanded=\"false\" aria-controls=\"flush-collapse-1\">\n                Type de mousses :\n            <\/button>\n        <\/h2>\n        <div id=\"flush-collapse-1\" class=\"accordion-collapse collapse\" aria-labelledby=\"flush-heading-1\" data-bs-parent=\"#accordionFlushExample\">\n            <div class=\"accordion-body\">\n                Large choix de formes et diff\u00e9rentes mousses.\n            <\/div>\n        <\/div>\n    <\/div>\n    <div class=\"accordion-item\">\n        <h2 class=\"accordion-header\" id=\"flush-heading-2\">\n            <button class=\"accordion-button collapsed\" type=\"button\" data-bs-toggle=\"collapse\" data-bs-target=\"#flush-collapse-2\" aria-expanded=\"false\" aria-controls=\"flush-collapse-2\">\n                Formes et tailles de mousses :\n            <\/button>\n        <\/h2>\n        <div id=\"flush-collapse-2\" class=\"accordion-collapse collapse\" aria-labelledby=\"flush-heading-2\" data-bs-parent=\"#accordionFlushExample\">\n            <div class=\"accordion-body\">\n                \u2013 Formes rondes, ovales et triangulaires<br>\n\t\t\t\t&#8211; Disponibles en diff\u00e9rentes tailles\n            <\/div>\n        <\/div>\n    <\/div>\n    <div class=\"accordion-item\">\n        <h2 class=\"accordion-header\" id=\"flush-heading-3\">\n            <button class=\"accordion-button collapsed\" type=\"button\" data-bs-toggle=\"collapse\" data-bs-target=\"#flush-collapse-3\" aria-expanded=\"false\" aria-controls=\"flush-collapse-3\">\n                Diff\u00e9rents flocages :\n            <\/button>\n        <\/h2>\n        <div id=\"flush-collapse-3\" class=\"accordion-collapse collapse\" aria-labelledby=\"flush-heading-3\" data-bs-parent=\"#accordionFlushExample\">\n            <div class=\"accordion-body\">\n                Le flocage adapt\u00e9 depend de l\u2019application sp\u00e9cifique, nous pouvons vous conseiller.\n            <\/div>\n        <\/div>\n    <\/div>\n    <div class=\"accordion-item\">\n        <h2 class=\"accordion-header\" id=\"flush-heading-4\">\n            <button class=\"accordion-button collapsed\" type=\"button\" data-bs-toggle=\"collapse\" data-bs-target=\"#flush-collapse-4\" aria-expanded=\"false\" aria-controls=\"flush-collapse-4\">\n                Pour flacons et tubes :\n            <\/button>\n        <\/h2>\n        <div id=\"flush-collapse-4\" class=\"accordion-collapse collapse\" aria-labelledby=\"flush-heading-4\" data-bs-parent=\"#accordionFlushExample\">\n            <div class=\"accordion-body\">\n                Grande disponibilit\u00e9 pour diff\u00e9rentes contenances de flacons et formes de tubes.\n            <\/div>\n        <\/div>\n    <\/div>\n    <div class=\"accordion-item\">\n        <h2 class=\"accordion-header\" id=\"flush-heading-5\">\n            <button class=\"accordion-button collapsed\" type=\"button\" data-bs-toggle=\"collapse\" data-bs-target=\"#flush-collapse-5\" aria-expanded=\"false\" aria-controls=\"flush-collapse-5\">\n                Liquide ou p\u00e2tes :\n            <\/button>\n        <\/h2>\n        <div id=\"flush-collapse-5\" class=\"accordion-collapse collapse\" aria-labelledby=\"flush-heading-5\" data-bs-parent=\"#accordionFlushExample\">\n            <div class=\"accordion-body\">\n                Large gamme.\n            <\/div>\n        <\/div>\n    <\/div>\n    <div class=\"accordion-item\">\n        <h2 class=\"accordion-header\" id=\"flush-heading-6\">\n            <button class=\"accordion-button collapsed\" type=\"button\" data-bs-toggle=\"collapse\" data-bs-target=\"#flush-collapse-6\" aria-expanded=\"false\" aria-controls=\"flush-collapse-6\">\n                Orifice : \n            <\/button>\n        <\/h2>\n        <div id=\"flush-collapse-6\" class=\"accordion-collapse collapse\" aria-labelledby=\"flush-heading-6\" data-bs-parent=\"#accordionFlushExample\">\n            <div class=\"accordion-body\">\n                Nous proposons des applicateurs avec mousse pr\u00e9d\u00e9coup\u00e9e pour une meilleure restitution produit (en rond ou en croix) ou sans pr\u00e9d\u00e9coupe.\n            <\/div>\n        <\/div>\n    <\/div>\n    <div class=\"accordion-item\">\n        <h2 class=\"accordion-header\" id=\"flush-heading-7\">\n            <button class=\"accordion-button collapsed\" type=\"button\" data-bs-toggle=\"collapse\" data-bs-target=\"#flush-collapse-7\" aria-expanded=\"false\" aria-controls=\"flush-collapse-7\">\n                Fixation : \n            <\/button>\n        <\/h2>\n        <div id=\"flush-collapse-7\" class=\"accordion-collapse collapse\" aria-labelledby=\"flush-heading-7\" data-bs-parent=\"#accordionFlushExample\">\n            <div class=\"accordion-body\">\n                Selon le type de flacon ou tube, nous fournissons des applicateurs mousse pour contenant \u00e0 retourner ou agiter.\n            <\/div>\n        <\/div>\n    <\/div>\n<\/div>\n<\/div>\n\n\n\n<div class=\"wp-block-column is-layout-flow wp-block-column-is-layout-flow\" style=\"flex-basis:5%\"><\/div>\n\n\n\n<div class=\"wp-block-column is-layout-flow wp-block-column-is-layout-flow\" style=\"flex-basis:45%\">\n<h3 class=\"wp-block-heading\" id=\"contact\">Contact<\/h3>\n\n\n\n<p><strong>Laurent Jeansoul\u00e9<\/strong><\/p>\n\n\n\n<p><a href=\"mailto:laurent.jeansoule@menshen.com\">laurent.jeansoule@menshen.com<\/a><br>Tel.: <a href=\"tel:+33&nbsp;6 72 48 85 21\">+33&nbsp;6 72 48 85 21<\/a><\/p>\n\n\n\n<h3 class=\"wp-block-heading\" id=\"liens-et-telechargements\">Liens et t\u00e9l\u00e9chargements<\/h3>\n\n\n\n<p><a href=\"https:\/\/new.menshen.com\/products\/\"><strong>Product Finder<\/strong><\/a><\/p>\n\n\n\n<p><strong><a href=\"https:\/\/new.menshen.com\/wp-content\/uploads\/2025\/09\/250430_MENSHEN_Katalog_2025_v02-1.pdf\">Product Catalogue PDF<\/a><\/strong><\/p>\n<\/div>\n<\/div>\n\n\n\n<p><\/p>\n<\/div><\/div>\n\n\n\n<div style=\"height:100px\" aria-hidden=\"true\" class=\"wp-block-spacer\"><\/div>\n\n\n\n<div class=\"wp-block-columns is-layout-flex wp-container-core-columns-is-layout-28f84493 wp-block-columns-is-layout-flex\">\n<div class=\"wp-block-column is-layout-flow wp-block-column-is-layout-flow\" style=\"flex-basis:100%\">\n\t\t\t<div class=\"wp-block-uagb-post-grid uagb-post-grid  uagb-post__image-position-top uagb-post__image-enabled uagb-block-1c723387     uagb-post__items uagb-post__columns-3 is-grid uagb-post__columns-tablet-2 uagb-post__columns-mobile-1 uagb-post__equal-height\" data-total=\"8\" style=\"\">\n\n\t\t\t\t\t\t\t\t\t\t\t\t<article class=\"uagb-post__inner-wrap\">\t\t\t\t\t\t\t\t<div class='uagb-post__image'>\n\t\t\t\t\t\t\t\t\t<a href=\"https:\/\/menshen.com\/fr\/innovation-fr\/exposition-interne-produisez-vos-propres-sachets-a-bec\/\" target=\"_self\" rel=\"bookmark noopener noreferrer\" class='uagb-image-ratio-inherit'><img loading=\"lazy\" decoding=\"async\" width=\"1024\" height=\"576\" src=\"https:\/\/menshen.com\/wp-content\/uploads\/2024\/06\/dp-menshen-post-in-house-exhibition-2024-06-featured-1024x576.jpg\" class=\"attachment-large size-large\" alt=\"\" srcset=\"https:\/\/menshen.com\/wp-content\/uploads\/2024\/06\/dp-menshen-post-in-house-exhibition-2024-06-featured-1024x576.jpg 1024w, https:\/\/menshen.com\/wp-content\/uploads\/2024\/06\/dp-menshen-post-in-house-exhibition-2024-06-featured-300x169.jpg 300w, https:\/\/menshen.com\/wp-content\/uploads\/2024\/06\/dp-menshen-post-in-house-exhibition-2024-06-featured-768x432.jpg 768w, https:\/\/menshen.com\/wp-content\/uploads\/2024\/06\/dp-menshen-post-in-house-exhibition-2024-06-featured-1536x864.jpg 1536w, https:\/\/menshen.com\/wp-content\/uploads\/2024\/06\/dp-menshen-post-in-house-exhibition-2024-06-featured-600x338.jpg 600w, https:\/\/menshen.com\/wp-content\/uploads\/2024\/06\/dp-menshen-post-in-house-exhibition-2024-06-featured.jpg 1920w\" sizes=\"auto, (max-width: 1024px) 100vw, 1024px\" \/>\t\t\t\t\t<\/a>\n\t\t\t\t\t\t\t<\/div>\n\t\t\t\t\t\t<h4 class=\"uagb-post__title uagb-post__text\">\n\t\t\t\t<a href=\"https:\/\/menshen.com\/fr\/innovation-fr\/exposition-interne-produisez-vos-propres-sachets-a-bec\/\" target=\"_self\" rel=\"bookmark noopener noreferrer\">Exposition interne\u00a0: Produisez vos propres sachets \u00e0 bec<\/a>\n\t\t\t<\/h4>\n\t\t\t\t\t\t<div class='uagb-post__text uagb-post-grid-byline'>\n\t\t\t\t\t\t\t<\/div>\n\t\t\t\t\t\t\t<div class='uagb-post__text uagb-post__excerpt'>\n\t\t\t\t\t<p>D\u00e9couvrez les potentiels d\u2019\u00e9conomie offerts par la fabrication en interne des sachets avec bouchon. S\u00dcDPACK,&nbsp;SN&nbsp;Maschinenbau&nbsp;et&nbsp;MENSHEN&nbsp;s\u2019allient&#8230;\t\t\t\t<\/div>\n\t\t\t\t\t\t<div class=\"uagb-post__text uagb-post__cta wp-block-button\">\n\t\t\t\t<a class=\"wp-block-button__link uagb-text-link\" style=\"\" href=\"https:\/\/menshen.com\/fr\/innovation-fr\/exposition-interne-produisez-vos-propres-sachets-a-bec\/\" target=\"_self\" rel=\"bookmark noopener noreferrer\">Lire la suite<\/a>\n\t\t\t<\/div>\n\t\t\t\n\t\t\t\t\t\t\t\t\t<\/article>\n\t\t\t\t\t\t\t\t\t\t\t\t\t\t\t\t<article class=\"uagb-post__inner-wrap\">\t\t\t\t\t\t\t\t<div class='uagb-post__image'>\n\t\t\t\t\t\t\t\t\t<a href=\"https:\/\/menshen.com\/fr\/weldspouts-fr\/plug-play-dans-lemballage-nos-bouchons-innovants\/\" target=\"_self\" rel=\"bookmark noopener noreferrer\" class='uagb-image-ratio-inherit'><img loading=\"lazy\" decoding=\"async\" width=\"1024\" height=\"546\" src=\"https:\/\/menshen.com\/wp-content\/uploads\/2024\/06\/menshen-tethered-featured-1024x546.jpg\" class=\"attachment-large size-large\" alt=\"\" srcset=\"https:\/\/menshen.com\/wp-content\/uploads\/2024\/06\/menshen-tethered-featured-1024x546.jpg 1024w, https:\/\/menshen.com\/wp-content\/uploads\/2024\/06\/menshen-tethered-featured-300x160.jpg 300w, https:\/\/menshen.com\/wp-content\/uploads\/2024\/06\/menshen-tethered-featured-768x410.jpg 768w, https:\/\/menshen.com\/wp-content\/uploads\/2024\/06\/menshen-tethered-featured-1536x819.jpg 1536w, https:\/\/menshen.com\/wp-content\/uploads\/2024\/06\/menshen-tethered-featured-600x320.jpg 600w, https:\/\/menshen.com\/wp-content\/uploads\/2024\/06\/menshen-tethered-featured.jpg 1920w\" sizes=\"auto, (max-width: 1024px) 100vw, 1024px\" \/>\t\t\t\t\t<\/a>\n\t\t\t\t\t\t\t<\/div>\n\t\t\t\t\t\t<h4 class=\"uagb-post__title uagb-post__text\">\n\t\t\t\t<a href=\"https:\/\/menshen.com\/fr\/weldspouts-fr\/plug-play-dans-lemballage-nos-bouchons-innovants\/\" target=\"_self\" rel=\"bookmark noopener noreferrer\">Plug &amp; Play dans l&#8217;emballage : Nos bouchons innovants !<\/a>\n\t\t\t<\/h4>\n\t\t\t\t\t\t<div class='uagb-post__text uagb-post-grid-byline'>\n\t\t\t\t\t\t\t<\/div>\n\t\t\t\t\t\t\t<div class='uagb-post__text uagb-post__excerpt'>\n\t\t\t\t\t<p>Chez MENSHEN, nous nous effor\u00e7ons de cr\u00e9er des solutions d&#8217;emballage qui non seulement am\u00e9liorent l&rsquo;exp\u00e9rience&#8230;\t\t\t\t<\/div>\n\t\t\t\t\t\t<div class=\"uagb-post__text uagb-post__cta wp-block-button\">\n\t\t\t\t<a class=\"wp-block-button__link uagb-text-link\" style=\"\" href=\"https:\/\/menshen.com\/fr\/weldspouts-fr\/plug-play-dans-lemballage-nos-bouchons-innovants\/\" target=\"_self\" rel=\"bookmark noopener noreferrer\">Lire la suite<\/a>\n\t\t\t<\/div>\n\t\t\t\n\t\t\t\t\t\t\t\t\t<\/article>\n\t\t\t\t\t\t\t\t\t\t\t\t\t\t\t\t<article class=\"uagb-post__inner-wrap\">\t\t\t\t\t\t\t\t<div class='uagb-post__image'>\n\t\t\t\t\t\t\t\t\t<a href=\"https:\/\/menshen.com\/fr\/entreprise\/menshen-recu-ihk-leader-du-marche-mondial\/\" target=\"_self\" rel=\"bookmark noopener noreferrer\" class='uagb-image-ratio-inherit'><img loading=\"lazy\" decoding=\"async\" width=\"1024\" height=\"576\" src=\"https:\/\/menshen.com\/wp-content\/uploads\/2024\/03\/menshen-post-awarded-ihk-world-market-leader-1920x1080-1-1024x576.jpg\" class=\"attachment-large size-large\" alt=\"\" srcset=\"https:\/\/menshen.com\/wp-content\/uploads\/2024\/03\/menshen-post-awarded-ihk-world-market-leader-1920x1080-1-1024x576.jpg 1024w, https:\/\/menshen.com\/wp-content\/uploads\/2024\/03\/menshen-post-awarded-ihk-world-market-leader-1920x1080-1-300x169.jpg 300w, https:\/\/menshen.com\/wp-content\/uploads\/2024\/03\/menshen-post-awarded-ihk-world-market-leader-1920x1080-1-768x432.jpg 768w, https:\/\/menshen.com\/wp-content\/uploads\/2024\/03\/menshen-post-awarded-ihk-world-market-leader-1920x1080-1-1536x864.jpg 1536w, https:\/\/menshen.com\/wp-content\/uploads\/2024\/03\/menshen-post-awarded-ihk-world-market-leader-1920x1080-1-600x338.jpg 600w, https:\/\/menshen.com\/wp-content\/uploads\/2024\/03\/menshen-post-awarded-ihk-world-market-leader-1920x1080-1.jpg 1920w\" sizes=\"auto, (max-width: 1024px) 100vw, 1024px\" \/>\t\t\t\t\t<\/a>\n\t\t\t\t\t\t\t<\/div>\n\t\t\t\t\t\t<h4 class=\"uagb-post__title uagb-post__text\">\n\t\t\t\t<a href=\"https:\/\/menshen.com\/fr\/entreprise\/menshen-recu-ihk-leader-du-marche-mondial\/\" target=\"_self\" rel=\"bookmark noopener noreferrer\">Menshen re\u00e7u IHK leader du march\u00e9 mondial<\/a>\n\t\t\t<\/h4>\n\t\t\t\t\t\t<div class='uagb-post__text uagb-post-grid-byline'>\n\t\t\t\t\t\t\t<\/div>\n\t\t\t\t\t\t\t<div class='uagb-post__text uagb-post__excerpt'>\n\t\t\t\t\t<p>Photo de la remise des prix, source : IHK Arnsberg Hagen Siegen MENSHEN a de&#8230;\t\t\t\t<\/div>\n\t\t\t\t\t\t<div class=\"uagb-post__text uagb-post__cta wp-block-button\">\n\t\t\t\t<a class=\"wp-block-button__link uagb-text-link\" style=\"\" href=\"https:\/\/menshen.com\/fr\/entreprise\/menshen-recu-ihk-leader-du-marche-mondial\/\" target=\"_self\" rel=\"bookmark noopener noreferrer\">Lire la suite<\/a>\n\t\t\t<\/div>\n\t\t\t\n\t\t\t\t\t\t\t\t\t<\/article>\n\t\t\t\t\t\t\t\t\t\t\t<\/div>\n\t\t\t<\/div>\n<\/div>\n","protected":false},"excerpt":{"rendered":"<p>Les applicateurs mousse sont tr\u00e8s appr\u00e9ci\u00e9s pour le nettoyage et l&rsquo;entretien des chaussures. Ils facilitent l&rsquo;application du produit d\u2019entretien et permettent sa r\u00e9partition pratique et homog\u00e8ne en surface. De plus, l&rsquo;utilisateur \u00e9vite tout contact direct avec le produit ce qui \u00e9vite de salir les mains. Les applicateurs mousse conviennent parfaitement pour d&rsquo;autres utilisations, par exemple [&hellip;]<\/p>\n","protected":false},"author":5,"featured_media":3343,"parent":3749,"menu_order":70,"comment_status":"closed","ping_status":"closed","template":"","meta":{"_acf_changed":false,"inline_featured_image":false,"_uag_custom_page_level_css":"","site-sidebar-layout":"default","site-content-layout":"default","ast-site-content-layout":"default","site-content-style":"default","site-sidebar-style":"default","ast-global-header-display":"","ast-banner-title-visibility":"","ast-main-header-display":"","ast-hfb-above-header-display":"","ast-hfb-below-header-display":"","ast-hfb-mobile-header-display":"","site-post-title":"disabled","ast-breadcrumbs-content":"","ast-featured-img":"disabled","footer-sml-layout":"","ast-disable-related-posts":"","theme-transparent-header-meta":"default","adv-header-id-meta":"","stick-header-meta":"","header-above-stick-meta":"","header-main-stick-meta":"","header-below-stick-meta":"","astra-migrate-meta-layouts":"set","ast-page-background-enabled":"default","ast-page-background-meta":{"desktop":{"background-color":"var(--ast-global-color-4)","background-image":"","background-repeat":"repeat","background-position":"center center","background-size":"auto","background-attachment":"scroll","background-type":"","background-media":"","overlay-type":"","overlay-color":"","overlay-opacity":"","overlay-gradient":""},"tablet":{"background-color":"","background-image":"","background-repeat":"repeat","background-position":"center center","background-size":"auto","background-attachment":"scroll","background-type":"","background-media":"","overlay-type":"","overlay-color":"","overlay-opacity":"","overlay-gradient":""},"mobile":{"background-color":"","background-image":"","background-repeat":"repeat","background-position":"center center","background-size":"auto","background-attachment":"scroll","background-type":"","background-media":"","overlay-type":"","overlay-color":"","overlay-opacity":"","overlay-gradient":""}},"ast-content-background-meta":{"desktop":{"background-color":"var(--ast-global-color-5)","background-image":"","background-repeat":"repeat","background-position":"center center","background-size":"auto","background-attachment":"scroll","background-type":"","background-media":"","overlay-type":"","overlay-color":"","overlay-opacity":"","overlay-gradient":""},"tablet":{"background-color":"var(--ast-global-color-5)","background-image":"","background-repeat":"repeat","background-position":"center center","background-size":"auto","background-attachment":"scroll","background-type":"","background-media":"","overlay-type":"","overlay-color":"","overlay-opacity":"","overlay-gradient":""},"mobile":{"background-color":"var(--ast-global-color-5)","background-image":"","background-repeat":"repeat","background-position":"center center","background-size":"auto","background-attachment":"scroll","background-type":"","background-media":"","overlay-type":"","overlay-color":"","overlay-opacity":"","overlay-gradient":""}},"footnotes":""},"class_list":["post-3689","page","type-page","status-publish","has-post-thumbnail","hentry"],"acf":[],"uagb_featured_image_src":{"full":["https:\/\/menshen.com\/wp-content\/uploads\/2021\/09\/Schwammauftraeger.jpg",960,540,false],"thumbnail":["https:\/\/menshen.com\/wp-content\/uploads\/2021\/09\/Schwammauftraeger-150x150.jpg",150,150,true],"medium":["https:\/\/menshen.com\/wp-content\/uploads\/2021\/09\/Schwammauftraeger-300x169.jpg",300,169,true],"medium_large":["https:\/\/menshen.com\/wp-content\/uploads\/2021\/09\/Schwammauftraeger-768x432.jpg",768,432,true],"large":["https:\/\/menshen.com\/wp-content\/uploads\/2021\/09\/Schwammauftraeger.jpg",960,540,false],"1536x1536":["https:\/\/menshen.com\/wp-content\/uploads\/2021\/09\/Schwammauftraeger.jpg",960,540,false],"2048x2048":["https:\/\/menshen.com\/wp-content\/uploads\/2021\/09\/Schwammauftraeger.jpg",960,540,false],"woocommerce_thumbnail":["https:\/\/menshen.com\/wp-content\/uploads\/2021\/09\/Schwammauftraeger-300x169.jpg",300,169,true],"woocommerce_single":["https:\/\/menshen.com\/wp-content\/uploads\/2021\/09\/Schwammauftraeger-600x338.jpg",600,338,true],"woocommerce_gallery_thumbnail":["https:\/\/menshen.com\/wp-content\/uploads\/2021\/09\/Schwammauftraeger-100x100.jpg",100,100,true]},"uagb_author_info":{"display_name":"Menshen","author_link":"https:\/\/menshen.com\/fr\/author\/cnoeh\/"},"uagb_comment_info":0,"uagb_excerpt":"Les applicateurs mousse sont tr\u00e8s appr\u00e9ci\u00e9s pour le nettoyage et l&rsquo;entretien des chaussures. Ils facilitent l&rsquo;application du produit d\u2019entretien et permettent sa r\u00e9partition pratique et homog\u00e8ne en surface. De plus, l&rsquo;utilisateur \u00e9vite tout contact direct avec le produit ce qui \u00e9vite de salir les mains. Les applicateurs mousse conviennent parfaitement pour d&rsquo;autres utilisations, par exemple\u2026","_links":{"self":[{"href":"https:\/\/menshen.com\/fr\/wp-json\/wp\/v2\/pages\/3689","targetHints":{"allow":["GET"]}}],"collection":[{"href":"https:\/\/menshen.com\/fr\/wp-json\/wp\/v2\/pages"}],"about":[{"href":"https:\/\/menshen.com\/fr\/wp-json\/wp\/v2\/types\/page"}],"author":[{"embeddable":true,"href":"https:\/\/menshen.com\/fr\/wp-json\/wp\/v2\/users\/5"}],"replies":[{"embeddable":true,"href":"https:\/\/menshen.com\/fr\/wp-json\/wp\/v2\/comments?post=3689"}],"version-history":[{"count":5,"href":"https:\/\/menshen.com\/fr\/wp-json\/wp\/v2\/pages\/3689\/revisions"}],"predecessor-version":[{"id":13796,"href":"https:\/\/menshen.com\/fr\/wp-json\/wp\/v2\/pages\/3689\/revisions\/13796"}],"up":[{"embeddable":true,"href":"https:\/\/menshen.com\/fr\/wp-json\/wp\/v2\/pages\/3749"}],"wp:featuredmedia":[{"embeddable":true,"href":"https:\/\/menshen.com\/fr\/wp-json\/wp\/v2\/media\/3343"}],"wp:attachment":[{"href":"https:\/\/menshen.com\/fr\/wp-json\/wp\/v2\/media?parent=3689"}],"curies":[{"name":"wp","href":"https:\/\/api.w.org\/{rel}","templated":true}]}}