{"id":3839,"date":"2021-09-09T15:32:26","date_gmt":"2021-09-09T13:32:26","guid":{"rendered":"https:\/\/new.menshen.com\/?page_id=3839"},"modified":"2024-06-27T09:40:33","modified_gmt":"2024-06-27T07:40:33","slug":"qui-est-menchen","status":"publish","type":"page","link":"https:\/\/menshen.com\/fr\/societe\/qui-est-menchen\/","title":{"rendered":"Qui est Menshen"},"content":{"rendered":"\r\n<div id=\"men-block-block_6a3ac14482278b01198c48576f3774c0\" class=\"container px-0 men-block men-header\">\r\n    <div class=\"row\">\r\n        <div class=\"col\">\r\n            <div class=\"cover\">\r\n                                    <img loading=\"lazy\" decoding=\"async\" width=\"2560\" height=\"1008\" src=\"https:\/\/menshen.com\/wp-content\/uploads\/2024\/01\/menshen-header-world-map-locations-2024-01-1.jpg\" class=\"attachment-full size-full\" alt=\"\" srcset=\"https:\/\/menshen.com\/wp-content\/uploads\/2024\/01\/menshen-header-world-map-locations-2024-01-1.jpg 2560w, https:\/\/menshen.com\/wp-content\/uploads\/2024\/01\/menshen-header-world-map-locations-2024-01-1-300x118.jpg 300w, https:\/\/menshen.com\/wp-content\/uploads\/2024\/01\/menshen-header-world-map-locations-2024-01-1-1024x403.jpg 1024w, https:\/\/menshen.com\/wp-content\/uploads\/2024\/01\/menshen-header-world-map-locations-2024-01-1-768x302.jpg 768w, https:\/\/menshen.com\/wp-content\/uploads\/2024\/01\/menshen-header-world-map-locations-2024-01-1-1536x605.jpg 1536w, https:\/\/menshen.com\/wp-content\/uploads\/2024\/01\/menshen-header-world-map-locations-2024-01-1-2048x806.jpg 2048w, https:\/\/menshen.com\/wp-content\/uploads\/2024\/01\/menshen-header-world-map-locations-2024-01-1-600x236.jpg 600w\" sizes=\"auto, (max-width: 2560px) 100vw, 2560px\" \/>                \r\n                <div class=\"layer\" style=\"background-image: url('https:\/\/menshen.com\/wp-content\/themes\/menshen\/assets\/header-layer\/Verlauf_06.svg')\">\r\n                                    <\/div>\r\n            <\/div>\r\n\r\n            <div class=\"text\">\r\n                <h1>\r\n                    <strong>MENSHEN<\/strong><br>\r\n                    Emballage innovant durable                <\/h1>\r\n            <\/div>\r\n        <\/div>\r\n    <\/div>\r\n<\/div>\r\n\n\n\n<div style=\"height:80px\" aria-hidden=\"true\" class=\"wp-block-spacer\"><\/div>\n\n\n\n<figure class=\"wp-block-video\"><video controls src=\"https:\/\/menshen.b-cdn.net\/video\/20231213_Who_is_Menshen_v05_korr.mp4\"><\/video><\/figure>\n\n\n\n<div style=\"height:60px\" aria-hidden=\"true\" class=\"wp-block-spacer\"><\/div>\n\n\n\n<div style=\"height:60px\" aria-hidden=\"true\" class=\"wp-block-spacer\"><\/div>\n\n\n\n<div class=\"wp-block-columns is-layout-flex wp-container-core-columns-is-layout-28f84493 wp-block-columns-is-layout-flex\">\n<div class=\"wp-block-column is-layout-flow wp-block-column-is-layout-flow\" style=\"flex-basis:100%\">\n\t\t\t<div class=\"wp-block-uagb-post-grid uagb-post-grid  uagb-post__image-position-top uagb-post__image-enabled uagb-block-1c723387     uagb-post__items uagb-post__columns-3 is-grid uagb-post__columns-tablet-2 uagb-post__columns-mobile-1 uagb-post__equal-height\" data-total=\"8\" style=\"\">\n\n\t\t\t\t\t\t\t\t\t\t\t\t<article class=\"uagb-post__inner-wrap\">\t\t\t\t\t\t\t\t<div class='uagb-post__image'>\n\t\t\t\t\t\t\t\t\t<a href=\"https:\/\/menshen.com\/fr\/innovation-fr\/exposition-interne-produisez-vos-propres-sachets-a-bec\/\" target=\"_self\" rel=\"bookmark noopener noreferrer\" class='uagb-image-ratio-inherit'><img loading=\"lazy\" decoding=\"async\" width=\"1024\" height=\"576\" src=\"https:\/\/menshen.com\/wp-content\/uploads\/2024\/06\/dp-menshen-post-in-house-exhibition-2024-06-featured-1024x576.jpg\" class=\"attachment-large size-large\" alt=\"\" srcset=\"https:\/\/menshen.com\/wp-content\/uploads\/2024\/06\/dp-menshen-post-in-house-exhibition-2024-06-featured-1024x576.jpg 1024w, https:\/\/menshen.com\/wp-content\/uploads\/2024\/06\/dp-menshen-post-in-house-exhibition-2024-06-featured-300x169.jpg 300w, https:\/\/menshen.com\/wp-content\/uploads\/2024\/06\/dp-menshen-post-in-house-exhibition-2024-06-featured-768x432.jpg 768w, https:\/\/menshen.com\/wp-content\/uploads\/2024\/06\/dp-menshen-post-in-house-exhibition-2024-06-featured-1536x864.jpg 1536w, https:\/\/menshen.com\/wp-content\/uploads\/2024\/06\/dp-menshen-post-in-house-exhibition-2024-06-featured-600x338.jpg 600w, https:\/\/menshen.com\/wp-content\/uploads\/2024\/06\/dp-menshen-post-in-house-exhibition-2024-06-featured.jpg 1920w\" sizes=\"auto, (max-width: 1024px) 100vw, 1024px\" \/>\t\t\t\t\t<\/a>\n\t\t\t\t\t\t\t<\/div>\n\t\t\t\t\t\t<h4 class=\"uagb-post__title uagb-post__text\">\n\t\t\t\t<a href=\"https:\/\/menshen.com\/fr\/innovation-fr\/exposition-interne-produisez-vos-propres-sachets-a-bec\/\" target=\"_self\" rel=\"bookmark noopener noreferrer\">Exposition interne\u00a0: Produisez vos propres sachets \u00e0 bec<\/a>\n\t\t\t<\/h4>\n\t\t\t\t\t\t<div class='uagb-post__text uagb-post-grid-byline'>\n\t\t\t\t\t\t\t<\/div>\n\t\t\t\t\t\t\t<div class='uagb-post__text uagb-post__excerpt'>\n\t\t\t\t\t<p>D\u00e9couvrez les potentiels d\u2019\u00e9conomie offerts par la fabrication en interne des sachets avec bouchon. S\u00dcDPACK,&nbsp;SN&nbsp;Maschinenbau&nbsp;et&nbsp;MENSHEN&nbsp;s\u2019allient&#8230;\t\t\t\t<\/div>\n\t\t\t\t\t\t<div class=\"uagb-post__text uagb-post__cta wp-block-button\">\n\t\t\t\t<a class=\"wp-block-button__link uagb-text-link\" style=\"\" href=\"https:\/\/menshen.com\/fr\/innovation-fr\/exposition-interne-produisez-vos-propres-sachets-a-bec\/\" target=\"_self\" rel=\"bookmark noopener noreferrer\">Lire la suite<\/a>\n\t\t\t<\/div>\n\t\t\t\n\t\t\t\t\t\t\t\t\t<\/article>\n\t\t\t\t\t\t\t\t\t\t\t\t\t\t\t\t<article class=\"uagb-post__inner-wrap\">\t\t\t\t\t\t\t\t<div class='uagb-post__image'>\n\t\t\t\t\t\t\t\t\t<a href=\"https:\/\/menshen.com\/fr\/weldspouts-fr\/plug-play-dans-lemballage-nos-bouchons-innovants\/\" target=\"_self\" rel=\"bookmark noopener noreferrer\" class='uagb-image-ratio-inherit'><img loading=\"lazy\" decoding=\"async\" width=\"1024\" height=\"546\" src=\"https:\/\/menshen.com\/wp-content\/uploads\/2024\/06\/menshen-tethered-featured-1024x546.jpg\" class=\"attachment-large size-large\" alt=\"\" srcset=\"https:\/\/menshen.com\/wp-content\/uploads\/2024\/06\/menshen-tethered-featured-1024x546.jpg 1024w, https:\/\/menshen.com\/wp-content\/uploads\/2024\/06\/menshen-tethered-featured-300x160.jpg 300w, https:\/\/menshen.com\/wp-content\/uploads\/2024\/06\/menshen-tethered-featured-768x410.jpg 768w, https:\/\/menshen.com\/wp-content\/uploads\/2024\/06\/menshen-tethered-featured-1536x819.jpg 1536w, https:\/\/menshen.com\/wp-content\/uploads\/2024\/06\/menshen-tethered-featured-600x320.jpg 600w, https:\/\/menshen.com\/wp-content\/uploads\/2024\/06\/menshen-tethered-featured.jpg 1920w\" sizes=\"auto, (max-width: 1024px) 100vw, 1024px\" \/>\t\t\t\t\t<\/a>\n\t\t\t\t\t\t\t<\/div>\n\t\t\t\t\t\t<h4 class=\"uagb-post__title uagb-post__text\">\n\t\t\t\t<a href=\"https:\/\/menshen.com\/fr\/weldspouts-fr\/plug-play-dans-lemballage-nos-bouchons-innovants\/\" target=\"_self\" rel=\"bookmark noopener noreferrer\">Plug &amp; Play dans l&#8217;emballage : Nos bouchons innovants !<\/a>\n\t\t\t<\/h4>\n\t\t\t\t\t\t<div class='uagb-post__text uagb-post-grid-byline'>\n\t\t\t\t\t\t\t<\/div>\n\t\t\t\t\t\t\t<div class='uagb-post__text uagb-post__excerpt'>\n\t\t\t\t\t<p>Chez MENSHEN, nous nous effor\u00e7ons de cr\u00e9er des solutions d&#8217;emballage qui non seulement am\u00e9liorent l&rsquo;exp\u00e9rience&#8230;\t\t\t\t<\/div>\n\t\t\t\t\t\t<div class=\"uagb-post__text uagb-post__cta wp-block-button\">\n\t\t\t\t<a class=\"wp-block-button__link uagb-text-link\" style=\"\" href=\"https:\/\/menshen.com\/fr\/weldspouts-fr\/plug-play-dans-lemballage-nos-bouchons-innovants\/\" target=\"_self\" rel=\"bookmark noopener noreferrer\">Lire la suite<\/a>\n\t\t\t<\/div>\n\t\t\t\n\t\t\t\t\t\t\t\t\t<\/article>\n\t\t\t\t\t\t\t\t\t\t\t\t\t\t\t\t<article class=\"uagb-post__inner-wrap\">\t\t\t\t\t\t\t\t<div class='uagb-post__image'>\n\t\t\t\t\t\t\t\t\t<a href=\"https:\/\/menshen.com\/fr\/entreprise\/menshen-recu-ihk-leader-du-marche-mondial\/\" target=\"_self\" rel=\"bookmark noopener noreferrer\" class='uagb-image-ratio-inherit'><img loading=\"lazy\" decoding=\"async\" width=\"1024\" height=\"576\" src=\"https:\/\/menshen.com\/wp-content\/uploads\/2024\/03\/menshen-post-awarded-ihk-world-market-leader-1920x1080-1-1024x576.jpg\" class=\"attachment-large size-large\" alt=\"\" srcset=\"https:\/\/menshen.com\/wp-content\/uploads\/2024\/03\/menshen-post-awarded-ihk-world-market-leader-1920x1080-1-1024x576.jpg 1024w, https:\/\/menshen.com\/wp-content\/uploads\/2024\/03\/menshen-post-awarded-ihk-world-market-leader-1920x1080-1-300x169.jpg 300w, https:\/\/menshen.com\/wp-content\/uploads\/2024\/03\/menshen-post-awarded-ihk-world-market-leader-1920x1080-1-768x432.jpg 768w, https:\/\/menshen.com\/wp-content\/uploads\/2024\/03\/menshen-post-awarded-ihk-world-market-leader-1920x1080-1-1536x864.jpg 1536w, https:\/\/menshen.com\/wp-content\/uploads\/2024\/03\/menshen-post-awarded-ihk-world-market-leader-1920x1080-1-600x338.jpg 600w, https:\/\/menshen.com\/wp-content\/uploads\/2024\/03\/menshen-post-awarded-ihk-world-market-leader-1920x1080-1.jpg 1920w\" sizes=\"auto, (max-width: 1024px) 100vw, 1024px\" \/>\t\t\t\t\t<\/a>\n\t\t\t\t\t\t\t<\/div>\n\t\t\t\t\t\t<h4 class=\"uagb-post__title uagb-post__text\">\n\t\t\t\t<a href=\"https:\/\/menshen.com\/fr\/entreprise\/menshen-recu-ihk-leader-du-marche-mondial\/\" target=\"_self\" rel=\"bookmark noopener noreferrer\">Menshen re\u00e7u IHK leader du march\u00e9 mondial<\/a>\n\t\t\t<\/h4>\n\t\t\t\t\t\t<div class='uagb-post__text uagb-post-grid-byline'>\n\t\t\t\t\t\t\t<\/div>\n\t\t\t\t\t\t\t<div class='uagb-post__text uagb-post__excerpt'>\n\t\t\t\t\t<p>Photo de la remise des prix, source : IHK Arnsberg Hagen Siegen MENSHEN a de&#8230;\t\t\t\t<\/div>\n\t\t\t\t\t\t<div class=\"uagb-post__text uagb-post__cta wp-block-button\">\n\t\t\t\t<a class=\"wp-block-button__link uagb-text-link\" style=\"\" href=\"https:\/\/menshen.com\/fr\/entreprise\/menshen-recu-ihk-leader-du-marche-mondial\/\" target=\"_self\" rel=\"bookmark noopener noreferrer\">Lire la suite<\/a>\n\t\t\t<\/div>\n\t\t\t\n\t\t\t\t\t\t\t\t\t<\/article>\n\t\t\t\t\t\t\t\t\t\t\t<\/div>\n\t\t\t<\/div>\n<\/div>\n","protected":false},"excerpt":{"rendered":"","protected":false},"author":5,"featured_media":0,"parent":3747,"menu_order":10,"comment_status":"closed","ping_status":"closed","template":"","meta":{"_acf_changed":false,"inline_featured_image":false,"_uag_custom_page_level_css":"","site-sidebar-layout":"default","site-content-layout":"default","ast-site-content-layout":"default","site-content-style":"default","site-sidebar-style":"default","ast-global-header-display":"","ast-banner-title-visibility":"","ast-main-header-display":"","ast-hfb-above-header-display":"","ast-hfb-below-header-display":"","ast-hfb-mobile-header-display":"","site-post-title":"disabled","ast-breadcrumbs-content":"","ast-featured-img":"disabled","footer-sml-layout":"","ast-disable-related-posts":"","theme-transparent-header-meta":"default","adv-header-id-meta":"","stick-header-meta":"","header-above-stick-meta":"","header-main-stick-meta":"","header-below-stick-meta":"","astra-migrate-meta-layouts":"set","ast-page-background-enabled":"default","ast-page-background-meta":{"desktop":{"background-color":"var(--ast-global-color-4)","background-image":"","background-repeat":"repeat","background-position":"center center","background-size":"auto","background-attachment":"scroll","background-type":"","background-media":"","overlay-type":"","overlay-color":"","overlay-opacity":"","overlay-gradient":""},"tablet":{"background-color":"","background-image":"","background-repeat":"repeat","background-position":"center center","background-size":"auto","background-attachment":"scroll","background-type":"","background-media":"","overlay-type":"","overlay-color":"","overlay-opacity":"","overlay-gradient":""},"mobile":{"background-color":"","background-image":"","background-repeat":"repeat","background-position":"center center","background-size":"auto","background-attachment":"scroll","background-type":"","background-media":"","overlay-type":"","overlay-color":"","overlay-opacity":"","overlay-gradient":""}},"ast-content-background-meta":{"desktop":{"background-color":"var(--ast-global-color-5)","background-image":"","background-repeat":"repeat","background-position":"center center","background-size":"auto","background-attachment":"scroll","background-type":"","background-media":"","overlay-type":"","overlay-color":"","overlay-opacity":"","overlay-gradient":""},"tablet":{"background-color":"var(--ast-global-color-5)","background-image":"","background-repeat":"repeat","background-position":"center center","background-size":"auto","background-attachment":"scroll","background-type":"","background-media":"","overlay-type":"","overlay-color":"","overlay-opacity":"","overlay-gradient":""},"mobile":{"background-color":"var(--ast-global-color-5)","background-image":"","background-repeat":"repeat","background-position":"center center","background-size":"auto","background-attachment":"scroll","background-type":"","background-media":"","overlay-type":"","overlay-color":"","overlay-opacity":"","overlay-gradient":""}},"footnotes":""},"class_list":["post-3839","page","type-page","status-publish","hentry"],"acf":[],"uagb_featured_image_src":{"full":false,"thumbnail":false,"medium":false,"medium_large":false,"large":false,"1536x1536":false,"2048x2048":false,"woocommerce_thumbnail":false,"woocommerce_single":false,"woocommerce_gallery_thumbnail":false},"uagb_author_info":{"display_name":"Menshen","author_link":"https:\/\/menshen.com\/fr\/author\/cnoeh\/"},"uagb_comment_info":0,"uagb_excerpt":null,"_links":{"self":[{"href":"https:\/\/menshen.com\/fr\/wp-json\/wp\/v2\/pages\/3839","targetHints":{"allow":["GET"]}}],"collection":[{"href":"https:\/\/menshen.com\/fr\/wp-json\/wp\/v2\/pages"}],"about":[{"href":"https:\/\/menshen.com\/fr\/wp-json\/wp\/v2\/types\/page"}],"author":[{"embeddable":true,"href":"https:\/\/menshen.com\/fr\/wp-json\/wp\/v2\/users\/5"}],"replies":[{"embeddable":true,"href":"https:\/\/menshen.com\/fr\/wp-json\/wp\/v2\/comments?post=3839"}],"version-history":[{"count":11,"href":"https:\/\/menshen.com\/fr\/wp-json\/wp\/v2\/pages\/3839\/revisions"}],"predecessor-version":[{"id":12901,"href":"https:\/\/menshen.com\/fr\/wp-json\/wp\/v2\/pages\/3839\/revisions\/12901"}],"up":[{"embeddable":true,"href":"https:\/\/menshen.com\/fr\/wp-json\/wp\/v2\/pages\/3747"}],"wp:attachment":[{"href":"https:\/\/menshen.com\/fr\/wp-json\/wp\/v2\/media?parent=3839"}],"curies":[{"name":"wp","href":"https:\/\/api.w.org\/{rel}","templated":true}]}}