{"id":3847,"date":"2021-09-09T15:38:11","date_gmt":"2021-09-09T13:38:11","guid":{"rendered":"https:\/\/new.menshen.com\/?page_id=3847"},"modified":"2026-01-20T15:56:05","modified_gmt":"2026-01-20T14:56:05","slug":"emplacements","status":"publish","type":"page","link":"https:\/\/menshen.com\/fr\/societe\/emplacements\/","title":{"rendered":"Emplacements"},"content":{"rendered":"\r\n<div id=\"men-block-block_90160e24d4b5420fec04fccda8ab9fcf\" class=\"container px-0 men-block men-header\">\r\n    <div class=\"row\">\r\n        <div class=\"col\">\r\n            <div class=\"cover\">\r\n                                    <img loading=\"lazy\" decoding=\"async\" width=\"2560\" height=\"1008\" src=\"https:\/\/menshen.com\/wp-content\/uploads\/2021\/09\/20210914_Menshen_Header_Geschichte_V2-scaled.jpg\" class=\"attachment-full size-full\" alt=\"\" srcset=\"https:\/\/menshen.com\/wp-content\/uploads\/2021\/09\/20210914_Menshen_Header_Geschichte_V2-scaled.jpg 2560w, https:\/\/menshen.com\/wp-content\/uploads\/2021\/09\/20210914_Menshen_Header_Geschichte_V2-300x118.jpg 300w, https:\/\/menshen.com\/wp-content\/uploads\/2021\/09\/20210914_Menshen_Header_Geschichte_V2-scaled-600x236.jpg 600w, https:\/\/menshen.com\/wp-content\/uploads\/2021\/09\/20210914_Menshen_Header_Geschichte_V2-1024x403.jpg 1024w, https:\/\/menshen.com\/wp-content\/uploads\/2021\/09\/20210914_Menshen_Header_Geschichte_V2-768x302.jpg 768w, https:\/\/menshen.com\/wp-content\/uploads\/2021\/09\/20210914_Menshen_Header_Geschichte_V2-1536x605.jpg 1536w, https:\/\/menshen.com\/wp-content\/uploads\/2021\/09\/20210914_Menshen_Header_Geschichte_V2-2048x806.jpg 2048w\" sizes=\"auto, (max-width: 2560px) 100vw, 2560px\" \/>                \r\n                <div class=\"layer\" style=\"background-image: url('https:\/\/menshen.com\/wp-content\/themes\/menshen\/assets\/header-layer\/Verlauf_06.svg')\">\r\n                                    <\/div>\r\n            <\/div>\r\n\r\n            <div class=\"text\">\r\n                <h1>\r\n                    <strong>des sites <\/strong><br>\r\n                    pour vous sur place                <\/h1>\r\n            <\/div>\r\n        <\/div>\r\n    <\/div>\r\n<\/div>\r\n\n\n\n<div style=\"height:80px\" aria-hidden=\"true\" class=\"wp-block-spacer\"><\/div>\n\n\n\n<p>Groupe mondial et l\u2019un des principaux fabricants de bouchages plastiques et syst\u00e8me d\u2019emballage, le si\u00e8ge de MENSHEN se situe \u00e0 Finnentrop dans le Sauerland. Menshen est pr\u00e9sent sur 14 sites dans 11 pays.<\/p>\n\n\n\n<ul class=\"wp-block-list\">\n<li><a href=\"https:\/\/menshen.com\/wp-content\/uploads\/2026\/01\/M01_PI_01_AP_01_Integrierte_Management_Politik_INT_DE_O.pdf\">Politique de gestion int\u00e9gr\u00e9e DE au format PDF<\/a><\/li>\n\n\n\n<li><a href=\"https:\/\/menshen.com\/wp-content\/uploads\/2026\/01\/M01_PI_01_AP_01_Integrated_Management_Policy_INT_EN_O.pdf\">Politique de gestion int\u00e9gr\u00e9e EN au format PDF<\/a><\/li>\n\n\n\n<li><a href=\"https:\/\/menshen.com\/wp-content\/uploads\/2026\/01\/M01_PI_01_AP_01_Integrated_Management_Policy_INT_CN_O.pdf\">Politique de gestion int\u00e9gr\u00e9e CN au format PDF<\/a><\/li>\n\n\n\n<li><a href=\"https:\/\/menshen.com\/wp-content\/uploads\/2026\/01\/M01_PI_01_AP_01_Integrated_Management_Policy_INT_CO_O.pdf\">Politique de gestion int\u00e9gr\u00e9e CO au format PDF<\/a><\/li>\n\n\n\n<li><a href=\"https:\/\/menshen.com\/wp-content\/uploads\/2026\/01\/M01_PI_01_AP_01_Integrated_Management_Policy_INT_ES_O.pdf\">Politique de gestion int\u00e9gr\u00e9e ES au format PDF<\/a><\/li>\n\n\n\n<li><a href=\"https:\/\/menshen.com\/wp-content\/uploads\/2026\/01\/M01_PI_01_AP_01_Integrated_Management_Policy_INT_MX_O.pdf\">Politique de gestion int\u00e9gr\u00e9e MX au format PDF<\/a><\/li>\n\n\n\n<li><a href=\"https:\/\/menshen.com\/wp-content\/uploads\/2026\/01\/M01_PI_01_AP_01_Integrated_Management_Policy_INT_RS_O.pdf\">Politique de gestion int\u00e9gr\u00e9e RS au format PDF<\/a><\/li>\n\n\n\n<li><a href=\"https:\/\/menshen.com\/wp-content\/uploads\/2026\/01\/M01_PI_01_AP_01_Integrated_Management_Policy_INT_RU_O.pdf\">Politique de gestion int\u00e9gr\u00e9e RU au format PDF<\/a><\/li>\n<\/ul>\n\n\n\n<ul class=\"wp-block-list\">\n<li><a href=\"https:\/\/menshen.com\/wp-content\/uploads\/2026\/01\/Integriertes_Managementhandbuch_INT_DE_T.pdf\">Manuel de gestion int\u00e9gr\u00e9e DE au format PDF<\/a><\/li>\n\n\n\n<li><a href=\"https:\/\/menshen.com\/wp-content\/uploads\/2026\/01\/Integrated_Management_Manual_INT_EN_T.pdf\">Manuel de gestion int\u00e9gr\u00e9e EN au format PDF<\/a><\/li>\n\n\n\n<li><a href=\"https:\/\/menshen.com\/wp-content\/uploads\/2026\/01\/Integrated_Management_Manual_INT_CN_T.pdf\">Manuel de gestion int\u00e9gr\u00e9e CN au format PDF<\/a><\/li>\n\n\n\n<li><a href=\"https:\/\/menshen.com\/wp-content\/uploads\/2026\/01\/Manual_Gestion_Integrado_INT_CO_T.pdf\">Manuel de gestion int\u00e9gr\u00e9e CO au format PDF<\/a><\/li>\n\n\n\n<li><a href=\"https:\/\/menshen.com\/wp-content\/uploads\/2026\/01\/Manual_de_gestion_integrado_INT_ES_T.pdf\">Manuel de gestion int\u00e9gr\u00e9e ES au format PDF<\/a><\/li>\n\n\n\n<li><a href=\"https:\/\/menshen.com\/wp-content\/uploads\/2026\/01\/Manual_Gestion_Integrado_INT_MX_T.pdf\">Manuel de gestion int\u00e9gr\u00e9e MX au format PDF<\/a><\/li>\n\n\n\n<li><a href=\"https:\/\/menshen.com\/wp-content\/uploads\/2026\/01\/Integriertes_Managementhandbuch_INT_RS_T.pdf\">Manuel de gestion int\u00e9gr\u00e9e RS au format PDF<\/a><\/li>\n\n\n\n<li><a href=\"https:\/\/menshen.com\/wp-content\/uploads\/2026\/01\/Integrated_Management_Manual_INT_RU_T.pdf\">Manuel de gestion int\u00e9gr\u00e9e RU au format PDF<\/a><\/li>\n<\/ul>\n\n\n\n<p>Environ 1&nbsp;400 employ\u00e9s pevent vous aider \u00e0 tout moment, n\u2019importe o\u00f9. D\u00e9couvrez MENSHEN dans le monde entier :<\/p>\n\n\n\n<h3 class=\"wp-block-heading\"><a href=\"https:\/\/new.menshen.com\/fr\/chine\/\" data-type=\"page\">Chine<\/a><\/h3>\n\n\n\n<h3 class=\"wp-block-heading\"><a href=\"https:\/\/new.menshen.com\/fr\/allemagne\/\" data-type=\"page\">Allemagne<\/a><\/h3>\n\n\n\n<h3 class=\"wp-block-heading\"><a href=\"https:\/\/new.menshen.com\/fr\/france\/\" data-type=\"page\">France<\/a><\/h3>\n\n\n\n<h3 class=\"wp-block-heading\"><a href=\"https:\/\/new.menshen.com\/fr\/italie\/\">Italie<\/a><\/h3>\n\n\n\n<h3 class=\"wp-block-heading\"><a href=\"https:\/\/new.menshen.com\/fr\/colombie\/\">Colombie<\/a><\/h3>\n\n\n\n<h3 class=\"wp-block-heading\"><a href=\"https:\/\/new.menshen.com\/fr\/mexique\/\" data-type=\"page\">Mexique<\/a><\/h3>\n\n\n\n<h3 class=\"wp-block-heading uag-hide-desktop uag-hide-tab uag-hide-mob\"><a href=\"https:\/\/new.menshen.com\/fr\/russie\/\" data-type=\"page\">Russie<\/a><\/h3>\n\n\n\n<h3 class=\"wp-block-heading\"><a href=\"https:\/\/new.menshen.com\/fr\/serbie\/\" data-type=\"page\" data-id=\"6408\">Serbie<\/a><\/h3>\n\n\n\n<h3 class=\"wp-block-heading\"><a href=\"https:\/\/new.menshen.com\/fr\/suisse\/\" data-type=\"page\">Suisse<\/a><\/h3>\n\n\n\n<h3 class=\"wp-block-heading\"><a href=\"https:\/\/new.menshen.com\/fr\/singapour\/\" data-type=\"page\">Singapour<\/a><\/h3>\n\n\n\n<h3 class=\"wp-block-heading\"><a href=\"https:\/\/new.menshen.com\/fr\/espagne\/\" data-type=\"page\">Espagne<\/a><\/h3>\n\n\n\n<h3 class=\"wp-block-heading\"><a href=\"https:\/\/new.menshen.com\/fr\/usa\/\" data-type=\"page\">USA<\/a><\/h3>\n\n\n\n<h3 class=\"wp-block-heading\"><a href=\"https:\/\/new.menshen.com\/fr\/royaume-uni\/\">Grande Bretagne<\/a><\/h3>\n\n\n\n<div style=\"height:80px\" aria-hidden=\"true\" class=\"wp-block-spacer\"><\/div>\n\n\n\n<div class=\"wp-block-columns is-layout-flex wp-container-core-columns-is-layout-28f84493 wp-block-columns-is-layout-flex\">\n<div class=\"wp-block-column is-layout-flow wp-block-column-is-layout-flow\" style=\"flex-basis:100%\">\n\t\t\t<div class=\"wp-block-uagb-post-grid uagb-post-grid  uagb-post__image-position-top uagb-post__image-enabled uagb-block-1c723387     uagb-post__items uagb-post__columns-3 is-grid uagb-post__columns-tablet-2 uagb-post__columns-mobile-1 uagb-post__equal-height\" data-total=\"8\" style=\"\">\n\n\t\t\t\t\t\t\t\t\t\t\t\t<article class=\"uagb-post__inner-wrap\">\t\t\t\t\t\t\t\t<div class='uagb-post__image'>\n\t\t\t\t\t\t\t\t\t<a href=\"https:\/\/menshen.com\/fr\/innovation-fr\/exposition-interne-produisez-vos-propres-sachets-a-bec\/\" target=\"_self\" rel=\"bookmark noopener noreferrer\" class='uagb-image-ratio-inherit'><img loading=\"lazy\" decoding=\"async\" width=\"1024\" height=\"576\" src=\"https:\/\/menshen.com\/wp-content\/uploads\/2024\/06\/dp-menshen-post-in-house-exhibition-2024-06-featured-1024x576.jpg\" class=\"attachment-large size-large\" alt=\"\" srcset=\"https:\/\/menshen.com\/wp-content\/uploads\/2024\/06\/dp-menshen-post-in-house-exhibition-2024-06-featured-1024x576.jpg 1024w, https:\/\/menshen.com\/wp-content\/uploads\/2024\/06\/dp-menshen-post-in-house-exhibition-2024-06-featured-300x169.jpg 300w, https:\/\/menshen.com\/wp-content\/uploads\/2024\/06\/dp-menshen-post-in-house-exhibition-2024-06-featured-768x432.jpg 768w, https:\/\/menshen.com\/wp-content\/uploads\/2024\/06\/dp-menshen-post-in-house-exhibition-2024-06-featured-1536x864.jpg 1536w, https:\/\/menshen.com\/wp-content\/uploads\/2024\/06\/dp-menshen-post-in-house-exhibition-2024-06-featured-600x338.jpg 600w, https:\/\/menshen.com\/wp-content\/uploads\/2024\/06\/dp-menshen-post-in-house-exhibition-2024-06-featured.jpg 1920w\" sizes=\"auto, (max-width: 1024px) 100vw, 1024px\" \/>\t\t\t\t\t<\/a>\n\t\t\t\t\t\t\t<\/div>\n\t\t\t\t\t\t<h4 class=\"uagb-post__title uagb-post__text\">\n\t\t\t\t<a href=\"https:\/\/menshen.com\/fr\/innovation-fr\/exposition-interne-produisez-vos-propres-sachets-a-bec\/\" target=\"_self\" rel=\"bookmark noopener noreferrer\">Exposition interne\u00a0: Produisez vos propres sachets \u00e0 bec<\/a>\n\t\t\t<\/h4>\n\t\t\t\t\t\t<div class='uagb-post__text uagb-post-grid-byline'>\n\t\t\t\t\t\t\t<\/div>\n\t\t\t\t\t\t\t<div class='uagb-post__text uagb-post__excerpt'>\n\t\t\t\t\t<p>D\u00e9couvrez les potentiels d\u2019\u00e9conomie offerts par la fabrication en interne des sachets avec bouchon. S\u00dcDPACK,&nbsp;SN&nbsp;Maschinenbau&nbsp;et&nbsp;MENSHEN&nbsp;s\u2019allient&#8230;\t\t\t\t<\/div>\n\t\t\t\t\t\t<div class=\"uagb-post__text uagb-post__cta wp-block-button\">\n\t\t\t\t<a class=\"wp-block-button__link uagb-text-link\" style=\"\" href=\"https:\/\/menshen.com\/fr\/innovation-fr\/exposition-interne-produisez-vos-propres-sachets-a-bec\/\" target=\"_self\" rel=\"bookmark noopener noreferrer\">Lire la suite<\/a>\n\t\t\t<\/div>\n\t\t\t\n\t\t\t\t\t\t\t\t\t<\/article>\n\t\t\t\t\t\t\t\t\t\t\t\t\t\t\t\t<article class=\"uagb-post__inner-wrap\">\t\t\t\t\t\t\t\t<div class='uagb-post__image'>\n\t\t\t\t\t\t\t\t\t<a href=\"https:\/\/menshen.com\/fr\/weldspouts-fr\/plug-play-dans-lemballage-nos-bouchons-innovants\/\" target=\"_self\" rel=\"bookmark noopener noreferrer\" class='uagb-image-ratio-inherit'><img loading=\"lazy\" decoding=\"async\" width=\"1024\" height=\"546\" src=\"https:\/\/menshen.com\/wp-content\/uploads\/2024\/06\/menshen-tethered-featured-1024x546.jpg\" class=\"attachment-large size-large\" alt=\"\" srcset=\"https:\/\/menshen.com\/wp-content\/uploads\/2024\/06\/menshen-tethered-featured-1024x546.jpg 1024w, https:\/\/menshen.com\/wp-content\/uploads\/2024\/06\/menshen-tethered-featured-300x160.jpg 300w, https:\/\/menshen.com\/wp-content\/uploads\/2024\/06\/menshen-tethered-featured-768x410.jpg 768w, https:\/\/menshen.com\/wp-content\/uploads\/2024\/06\/menshen-tethered-featured-1536x819.jpg 1536w, https:\/\/menshen.com\/wp-content\/uploads\/2024\/06\/menshen-tethered-featured-600x320.jpg 600w, https:\/\/menshen.com\/wp-content\/uploads\/2024\/06\/menshen-tethered-featured.jpg 1920w\" sizes=\"auto, (max-width: 1024px) 100vw, 1024px\" \/>\t\t\t\t\t<\/a>\n\t\t\t\t\t\t\t<\/div>\n\t\t\t\t\t\t<h4 class=\"uagb-post__title uagb-post__text\">\n\t\t\t\t<a href=\"https:\/\/menshen.com\/fr\/weldspouts-fr\/plug-play-dans-lemballage-nos-bouchons-innovants\/\" target=\"_self\" rel=\"bookmark noopener noreferrer\">Plug &amp; Play dans l&#8217;emballage : Nos bouchons innovants !<\/a>\n\t\t\t<\/h4>\n\t\t\t\t\t\t<div class='uagb-post__text uagb-post-grid-byline'>\n\t\t\t\t\t\t\t<\/div>\n\t\t\t\t\t\t\t<div class='uagb-post__text uagb-post__excerpt'>\n\t\t\t\t\t<p>Chez MENSHEN, nous nous effor\u00e7ons de cr\u00e9er des solutions d&#8217;emballage qui non seulement am\u00e9liorent l&rsquo;exp\u00e9rience&#8230;\t\t\t\t<\/div>\n\t\t\t\t\t\t<div class=\"uagb-post__text uagb-post__cta wp-block-button\">\n\t\t\t\t<a class=\"wp-block-button__link uagb-text-link\" style=\"\" href=\"https:\/\/menshen.com\/fr\/weldspouts-fr\/plug-play-dans-lemballage-nos-bouchons-innovants\/\" target=\"_self\" rel=\"bookmark noopener noreferrer\">Lire la suite<\/a>\n\t\t\t<\/div>\n\t\t\t\n\t\t\t\t\t\t\t\t\t<\/article>\n\t\t\t\t\t\t\t\t\t\t\t\t\t\t\t\t<article class=\"uagb-post__inner-wrap\">\t\t\t\t\t\t\t\t<div class='uagb-post__image'>\n\t\t\t\t\t\t\t\t\t<a href=\"https:\/\/menshen.com\/fr\/entreprise\/menshen-recu-ihk-leader-du-marche-mondial\/\" target=\"_self\" rel=\"bookmark noopener noreferrer\" class='uagb-image-ratio-inherit'><img loading=\"lazy\" decoding=\"async\" width=\"1024\" height=\"576\" src=\"https:\/\/menshen.com\/wp-content\/uploads\/2024\/03\/menshen-post-awarded-ihk-world-market-leader-1920x1080-1-1024x576.jpg\" class=\"attachment-large size-large\" alt=\"\" srcset=\"https:\/\/menshen.com\/wp-content\/uploads\/2024\/03\/menshen-post-awarded-ihk-world-market-leader-1920x1080-1-1024x576.jpg 1024w, https:\/\/menshen.com\/wp-content\/uploads\/2024\/03\/menshen-post-awarded-ihk-world-market-leader-1920x1080-1-300x169.jpg 300w, https:\/\/menshen.com\/wp-content\/uploads\/2024\/03\/menshen-post-awarded-ihk-world-market-leader-1920x1080-1-768x432.jpg 768w, https:\/\/menshen.com\/wp-content\/uploads\/2024\/03\/menshen-post-awarded-ihk-world-market-leader-1920x1080-1-1536x864.jpg 1536w, https:\/\/menshen.com\/wp-content\/uploads\/2024\/03\/menshen-post-awarded-ihk-world-market-leader-1920x1080-1-600x338.jpg 600w, https:\/\/menshen.com\/wp-content\/uploads\/2024\/03\/menshen-post-awarded-ihk-world-market-leader-1920x1080-1.jpg 1920w\" sizes=\"auto, (max-width: 1024px) 100vw, 1024px\" \/>\t\t\t\t\t<\/a>\n\t\t\t\t\t\t\t<\/div>\n\t\t\t\t\t\t<h4 class=\"uagb-post__title uagb-post__text\">\n\t\t\t\t<a href=\"https:\/\/menshen.com\/fr\/entreprise\/menshen-recu-ihk-leader-du-marche-mondial\/\" target=\"_self\" rel=\"bookmark noopener noreferrer\">Menshen re\u00e7u IHK leader du march\u00e9 mondial<\/a>\n\t\t\t<\/h4>\n\t\t\t\t\t\t<div class='uagb-post__text uagb-post-grid-byline'>\n\t\t\t\t\t\t\t<\/div>\n\t\t\t\t\t\t\t<div class='uagb-post__text uagb-post__excerpt'>\n\t\t\t\t\t<p>Photo de la remise des prix, source : IHK Arnsberg Hagen Siegen MENSHEN a de&#8230;\t\t\t\t<\/div>\n\t\t\t\t\t\t<div class=\"uagb-post__text uagb-post__cta wp-block-button\">\n\t\t\t\t<a class=\"wp-block-button__link uagb-text-link\" style=\"\" href=\"https:\/\/menshen.com\/fr\/entreprise\/menshen-recu-ihk-leader-du-marche-mondial\/\" target=\"_self\" rel=\"bookmark noopener noreferrer\">Lire la suite<\/a>\n\t\t\t<\/div>\n\t\t\t\n\t\t\t\t\t\t\t\t\t<\/article>\n\t\t\t\t\t\t\t\t\t\t\t<\/div>\n\t\t\t<\/div>\n<\/div>\n","protected":false},"excerpt":{"rendered":"<p>Groupe mondial et l\u2019un des principaux fabricants de bouchages plastiques et syst\u00e8me d\u2019emballage, le si\u00e8ge de MENSHEN se situe \u00e0 Finnentrop dans le Sauerland. Menshen est pr\u00e9sent sur 14 sites dans 11 pays. Environ 1&nbsp;400 employ\u00e9s pevent vous aider \u00e0 tout moment, n\u2019importe o\u00f9. D\u00e9couvrez MENSHEN dans le monde entier : Chine Allemagne France Italie [&hellip;]<\/p>\n","protected":false},"author":5,"featured_media":0,"parent":3747,"menu_order":30,"comment_status":"closed","ping_status":"closed","template":"","meta":{"_acf_changed":false,"inline_featured_image":false,"_uag_custom_page_level_css":"","site-sidebar-layout":"default","site-content-layout":"default","ast-site-content-layout":"default","site-content-style":"default","site-sidebar-style":"default","ast-global-header-display":"","ast-banner-title-visibility":"","ast-main-header-display":"","ast-hfb-above-header-display":"","ast-hfb-below-header-display":"","ast-hfb-mobile-header-display":"","site-post-title":"disabled","ast-breadcrumbs-content":"","ast-featured-img":"disabled","footer-sml-layout":"","ast-disable-related-posts":"","theme-transparent-header-meta":"default","adv-header-id-meta":"","stick-header-meta":"","header-above-stick-meta":"","header-main-stick-meta":"","header-below-stick-meta":"","astra-migrate-meta-layouts":"set","ast-page-background-enabled":"default","ast-page-background-meta":{"desktop":{"background-color":"var(--ast-global-color-4)","background-image":"","background-repeat":"repeat","background-position":"center center","background-size":"auto","background-attachment":"scroll","background-type":"","background-media":"","overlay-type":"","overlay-color":"","overlay-opacity":"","overlay-gradient":""},"tablet":{"background-color":"","background-image":"","background-repeat":"repeat","background-position":"center center","background-size":"auto","background-attachment":"scroll","background-type":"","background-media":"","overlay-type":"","overlay-color":"","overlay-opacity":"","overlay-gradient":""},"mobile":{"background-color":"","background-image":"","background-repeat":"repeat","background-position":"center center","background-size":"auto","background-attachment":"scroll","background-type":"","background-media":"","overlay-type":"","overlay-color":"","overlay-opacity":"","overlay-gradient":""}},"ast-content-background-meta":{"desktop":{"background-color":"var(--ast-global-color-5)","background-image":"","background-repeat":"repeat","background-position":"center center","background-size":"auto","background-attachment":"scroll","background-type":"","background-media":"","overlay-type":"","overlay-color":"","overlay-opacity":"","overlay-gradient":""},"tablet":{"background-color":"var(--ast-global-color-5)","background-image":"","background-repeat":"repeat","background-position":"center center","background-size":"auto","background-attachment":"scroll","background-type":"","background-media":"","overlay-type":"","overlay-color":"","overlay-opacity":"","overlay-gradient":""},"mobile":{"background-color":"var(--ast-global-color-5)","background-image":"","background-repeat":"repeat","background-position":"center center","background-size":"auto","background-attachment":"scroll","background-type":"","background-media":"","overlay-type":"","overlay-color":"","overlay-opacity":"","overlay-gradient":""}},"footnotes":""},"class_list":["post-3847","page","type-page","status-publish","hentry"],"acf":[],"uagb_featured_image_src":{"full":false,"thumbnail":false,"medium":false,"medium_large":false,"large":false,"1536x1536":false,"2048x2048":false,"woocommerce_thumbnail":false,"woocommerce_single":false,"woocommerce_gallery_thumbnail":false},"uagb_author_info":{"display_name":"Menshen","author_link":"https:\/\/menshen.com\/fr\/author\/cnoeh\/"},"uagb_comment_info":0,"uagb_excerpt":"Groupe mondial et l\u2019un des principaux fabricants de bouchages plastiques et syst\u00e8me d\u2019emballage, le si\u00e8ge de MENSHEN se situe \u00e0 Finnentrop dans le Sauerland. Menshen est pr\u00e9sent sur 14 sites dans 11 pays. Environ 1&nbsp;400 employ\u00e9s pevent vous aider \u00e0 tout moment, n\u2019importe o\u00f9. D\u00e9couvrez MENSHEN dans le monde entier : Chine Allemagne France Italie\u2026","_links":{"self":[{"href":"https:\/\/menshen.com\/fr\/wp-json\/wp\/v2\/pages\/3847","targetHints":{"allow":["GET"]}}],"collection":[{"href":"https:\/\/menshen.com\/fr\/wp-json\/wp\/v2\/pages"}],"about":[{"href":"https:\/\/menshen.com\/fr\/wp-json\/wp\/v2\/types\/page"}],"author":[{"embeddable":true,"href":"https:\/\/menshen.com\/fr\/wp-json\/wp\/v2\/users\/5"}],"replies":[{"embeddable":true,"href":"https:\/\/menshen.com\/fr\/wp-json\/wp\/v2\/comments?post=3847"}],"version-history":[{"count":5,"href":"https:\/\/menshen.com\/fr\/wp-json\/wp\/v2\/pages\/3847\/revisions"}],"predecessor-version":[{"id":14067,"href":"https:\/\/menshen.com\/fr\/wp-json\/wp\/v2\/pages\/3847\/revisions\/14067"}],"up":[{"embeddable":true,"href":"https:\/\/menshen.com\/fr\/wp-json\/wp\/v2\/pages\/3747"}],"wp:attachment":[{"href":"https:\/\/menshen.com\/fr\/wp-json\/wp\/v2\/media?parent=3847"}],"curies":[{"name":"wp","href":"https:\/\/api.w.org\/{rel}","templated":true}]}}