{"id":3854,"date":"2021-09-15T16:55:19","date_gmt":"2021-09-15T14:55:19","guid":{"rendered":"https:\/\/new.menshen.com\/?page_id=3854"},"modified":"2024-01-16T12:50:19","modified_gmt":"2024-01-16T11:50:19","slug":"chine","status":"publish","type":"page","link":"https:\/\/menshen.com\/fr\/chine\/","title":{"rendered":"Chine"},"content":{"rendered":"\r\n<div id=\"men-block-block_2128faf5ece9f9fe5c77bdc284bcdb12\" class=\"container px-0 men-block men-header\">\r\n    <div class=\"row\">\r\n        <div class=\"col\">\r\n            <div class=\"cover\">\r\n                                    <img loading=\"lazy\" decoding=\"async\" width=\"2560\" height=\"1008\" src=\"https:\/\/menshen.com\/wp-content\/uploads\/2024\/01\/menshen-header-world-map-locations-2024-01-1.jpg\" class=\"attachment-full size-full\" alt=\"\" srcset=\"https:\/\/menshen.com\/wp-content\/uploads\/2024\/01\/menshen-header-world-map-locations-2024-01-1.jpg 2560w, https:\/\/menshen.com\/wp-content\/uploads\/2024\/01\/menshen-header-world-map-locations-2024-01-1-300x118.jpg 300w, https:\/\/menshen.com\/wp-content\/uploads\/2024\/01\/menshen-header-world-map-locations-2024-01-1-1024x403.jpg 1024w, https:\/\/menshen.com\/wp-content\/uploads\/2024\/01\/menshen-header-world-map-locations-2024-01-1-768x302.jpg 768w, https:\/\/menshen.com\/wp-content\/uploads\/2024\/01\/menshen-header-world-map-locations-2024-01-1-1536x605.jpg 1536w, https:\/\/menshen.com\/wp-content\/uploads\/2024\/01\/menshen-header-world-map-locations-2024-01-1-2048x806.jpg 2048w, https:\/\/menshen.com\/wp-content\/uploads\/2024\/01\/menshen-header-world-map-locations-2024-01-1-600x236.jpg 600w\" sizes=\"auto, (max-width: 2560px) 100vw, 2560px\" \/>                \r\n                <div class=\"layer\" style=\"background-image: url('https:\/\/menshen.com\/wp-content\/themes\/menshen\/assets\/header-layer\/Verlauf_16.svg')\">\r\n                                    <\/div>\r\n            <\/div>\r\n\r\n            <div class=\"text\">\r\n                <h1>\r\n                    <strong>Chine<\/strong><br>\r\n                                    <\/h1>\r\n            <\/div>\r\n        <\/div>\r\n    <\/div>\r\n<\/div>\r\n\n\n\n<div style=\"height:80px\" aria-hidden=\"true\" class=\"wp-block-spacer\"><\/div>\n\n\n\n<h2 class=\"wp-block-heading\" id=\"shanghai-guangzhou\">Shanghai + Guangzhou<\/h2>\n\n\n\n<div class=\"wp-block-group p-4 men-max-w has-background is-layout-flow wp-block-group-is-layout-flow\" style=\"background-color:#f8f8f8\"><div class=\"wp-block-group__inner-container\">\n<div class=\"wp-block-columns is-layout-flex wp-container-core-columns-is-layout-28f84493 wp-block-columns-is-layout-flex\">\n<div class=\"wp-block-column is-layout-flow wp-block-column-is-layout-flow\">\n<p><strong>Si\u00e8ge social Chine<\/strong><br>Standort Shanghai<br>MENSHEN Packaging (Shanghai) Co.,Ltd.<br>No.885, Minyi Rd., Xin Qiao Industry Zone<br>Songjiang District<br>Shanghai, China, 201612<\/p>\n\n\n\n<p>Fon +86 21 67686000<br>Fax +86 21 37842798<br><a href=\"mailto:contact.china@menshen.com.cn\">contact.china(at)menshen.com.cn<\/a><br><a href=\"https:\/\/new.menshen.com\/\">www.menshen.com<\/a><\/p>\n<\/div>\n\n\n\n<div class=\"wp-block-column is-layout-flow wp-block-column-is-layout-flow\">\n<p><strong>Localisation Guangzhou<br><\/strong>MENSHEN Packaging (Guangzhou) Co., Ltd.<br>No.12, Xiayuan Rd.<br>Xiayuan Village, Yongning Street, Zengcheng District<br>Guangzhou, Guangdong, China 511358<\/p>\n\n\n\n<p><\/p>\n\n\n\n<p>Fon +86 20 32082000<br>Fax +86 21 32083343<br><a href=\"mailto:contact.gz@menshen.com.cn\">contact.gz(at)menshen.com.cn<\/a><br><a href=\"https:\/\/new.menshen.com\/\">www.menshen.com<\/a><\/p>\n<\/div>\n<\/div>\n<\/div><\/div>\n\n\n\n<div style=\"height:60px\" aria-hidden=\"true\" class=\"wp-block-spacer\"><\/div>\n\n\n\n<figure class=\"wp-block-video\"><video controls poster=\"https:\/\/new.menshen.com\/wp-content\/uploads\/2021\/09\/Standorte_ChinaShanghai.jpg\" src=\"https:\/\/cdn.menshen-virtual-open-campus.com\/video\/Menshen_Selfies_China_Shanghai_v02.mp4\"><\/video><\/figure>\n\n\n\n<figure class=\"wp-block-video\"><video controls poster=\"https:\/\/new.menshen.com\/wp-content\/uploads\/2021\/09\/Standorte_ChinaGuangzhou.jpg\" src=\"https:\/\/cdn.menshen-virtual-open-campus.com\/video\/Menshen_Selfies_China_Guangzhou_v02.mp4\"><\/video><\/figure>\n\n\n\n<p><strong>Foundation:<\/strong><\/p>\n\n\n\n<p>1998<\/p>\n\n\n\n<p><strong>Quels produits sont fabriqu\u00e9s&nbsp;:<\/strong><\/p>\n\n\n\n<p>Pi\u00e8ces moul\u00e9es par injection en plastique, principalement des bouchons pour les branches suivantes&nbsp;: cosm\u00e9tiques, d\u00e9tergents, produits de nettoyage et de lavage, aliments et boissons, produits pharmaceutiques.<\/p>\n\n\n\n<ul class=\"wp-block-list\">\n<li>Bouchons et applicateur \u00e9ponge pour flacons et tubes (bouchons \u00e0 vis, bouchons doseurs, bouchons push-pull, bouchons flip-top, bouchons tourelle, bouchons tubes, applicateur \u00e9ponge<\/li>\n\n\n\n<li>Becs \u00e0 souder pour emballages souples<\/li>\n<\/ul>\n\n\n\n<p><strong>Sp\u00e9cification\/zones sp\u00e9ciales&nbsp;:<\/strong><\/p>\n\n\n\n<ul class=\"wp-block-list\">\n<li>Production en salle blanche conform\u00e9ment \u00e0 la classe 100 000<\/li>\n\n\n\n<li>Propre d\u00e9partement de recherche et d\u00e9veloppement<\/li>\n\n\n\n<li>Atelier de moulage (r\u00e9paration, maintenance\/inspection, nettoyage de l&rsquo;atelier de moulage)<\/li>\n\n\n\n<li>Assurance qualit\u00e9 \u00e0 toutes les \u00e9tapes du d\u00e9veloppement et production<\/li>\n\n\n\n<li>Logistique performante<\/li>\n\n\n\n<li>Centre de comp\u00e9tences pour les machines sp\u00e9ciales et l&rsquo;assemblage<\/li>\n<\/ul>\n","protected":false},"excerpt":{"rendered":"<p>Shanghai + Guangzhou Si\u00e8ge social ChineStandort ShanghaiMENSHEN Packaging (Shanghai) Co.,Ltd.No.885, Minyi Rd., Xin Qiao Industry ZoneSongjiang DistrictShanghai, China, 201612 Fon +86 21 67686000Fax +86 21 37842798contact.china(at)menshen.com.cnwww.menshen.com Localisation GuangzhouMENSHEN Packaging (Guangzhou) Co., Ltd.No.12, Xiayuan Rd.Xiayuan Village, Yongning Street, Zengcheng DistrictGuangzhou, Guangdong, China 511358 Fon +86 20 32082000Fax +86 21 32083343contact.gz(at)menshen.com.cnwww.menshen.com Foundation: 1998 Quels produits sont fabriqu\u00e9s&nbsp;: [&hellip;]<\/p>\n","protected":false},"author":5,"featured_media":0,"parent":0,"menu_order":80,"comment_status":"closed","ping_status":"closed","template":"","meta":{"_acf_changed":false,"inline_featured_image":false,"_uag_custom_page_level_css":"","site-sidebar-layout":"default","site-content-layout":"default","ast-site-content-layout":"default","site-content-style":"default","site-sidebar-style":"default","ast-global-header-display":"","ast-banner-title-visibility":"","ast-main-header-display":"","ast-hfb-above-header-display":"","ast-hfb-below-header-display":"","ast-hfb-mobile-header-display":"","site-post-title":"disabled","ast-breadcrumbs-content":"","ast-featured-img":"disabled","footer-sml-layout":"","ast-disable-related-posts":"","theme-transparent-header-meta":"default","adv-header-id-meta":"","stick-header-meta":"","header-above-stick-meta":"","header-main-stick-meta":"","header-below-stick-meta":"","astra-migrate-meta-layouts":"set","ast-page-background-enabled":"default","ast-page-background-meta":{"desktop":{"background-color":"var(--ast-global-color-4)","background-image":"","background-repeat":"repeat","background-position":"center center","background-size":"auto","background-attachment":"scroll","background-type":"","background-media":"","overlay-type":"","overlay-color":"","overlay-opacity":"","overlay-gradient":""},"tablet":{"background-color":"","background-image":"","background-repeat":"repeat","background-position":"center center","background-size":"auto","background-attachment":"scroll","background-type":"","background-media":"","overlay-type":"","overlay-color":"","overlay-opacity":"","overlay-gradient":""},"mobile":{"background-color":"","background-image":"","background-repeat":"repeat","background-position":"center center","background-size":"auto","background-attachment":"scroll","background-type":"","background-media":"","overlay-type":"","overlay-color":"","overlay-opacity":"","overlay-gradient":""}},"ast-content-background-meta":{"desktop":{"background-color":"var(--ast-global-color-5)","background-image":"","background-repeat":"repeat","background-position":"center center","background-size":"auto","background-attachment":"scroll","background-type":"","background-media":"","overlay-type":"","overlay-color":"","overlay-opacity":"","overlay-gradient":""},"tablet":{"background-color":"var(--ast-global-color-5)","background-image":"","background-repeat":"repeat","background-position":"center center","background-size":"auto","background-attachment":"scroll","background-type":"","background-media":"","overlay-type":"","overlay-color":"","overlay-opacity":"","overlay-gradient":""},"mobile":{"background-color":"var(--ast-global-color-5)","background-image":"","background-repeat":"repeat","background-position":"center center","background-size":"auto","background-attachment":"scroll","background-type":"","background-media":"","overlay-type":"","overlay-color":"","overlay-opacity":"","overlay-gradient":""}},"footnotes":""},"class_list":["post-3854","page","type-page","status-publish","hentry"],"acf":[],"uagb_featured_image_src":{"full":false,"thumbnail":false,"medium":false,"medium_large":false,"large":false,"1536x1536":false,"2048x2048":false,"woocommerce_thumbnail":false,"woocommerce_single":false,"woocommerce_gallery_thumbnail":false},"uagb_author_info":{"display_name":"Menshen","author_link":"https:\/\/menshen.com\/fr\/author\/cnoeh\/"},"uagb_comment_info":0,"uagb_excerpt":"Shanghai + Guangzhou Si\u00e8ge social ChineStandort ShanghaiMENSHEN Packaging (Shanghai) Co.,Ltd.No.885, Minyi Rd., Xin Qiao Industry ZoneSongjiang DistrictShanghai, China, 201612 Fon +86 21 67686000Fax +86 21 37842798contact.china(at)menshen.com.cnwww.menshen.com Localisation GuangzhouMENSHEN Packaging (Guangzhou) Co., Ltd.No.12, Xiayuan Rd.Xiayuan Village, Yongning Street, Zengcheng DistrictGuangzhou, Guangdong, China 511358 Fon +86 20 32082000Fax +86 21 32083343contact.gz(at)menshen.com.cnwww.menshen.com Foundation: 1998 Quels produits sont fabriqu\u00e9s&nbsp;:\u2026","_links":{"self":[{"href":"https:\/\/menshen.com\/fr\/wp-json\/wp\/v2\/pages\/3854","targetHints":{"allow":["GET"]}}],"collection":[{"href":"https:\/\/menshen.com\/fr\/wp-json\/wp\/v2\/pages"}],"about":[{"href":"https:\/\/menshen.com\/fr\/wp-json\/wp\/v2\/types\/page"}],"author":[{"embeddable":true,"href":"https:\/\/menshen.com\/fr\/wp-json\/wp\/v2\/users\/5"}],"replies":[{"embeddable":true,"href":"https:\/\/menshen.com\/fr\/wp-json\/wp\/v2\/comments?post=3854"}],"version-history":[{"count":7,"href":"https:\/\/menshen.com\/fr\/wp-json\/wp\/v2\/pages\/3854\/revisions"}],"predecessor-version":[{"id":12172,"href":"https:\/\/menshen.com\/fr\/wp-json\/wp\/v2\/pages\/3854\/revisions\/12172"}],"wp:attachment":[{"href":"https:\/\/menshen.com\/fr\/wp-json\/wp\/v2\/media?parent=3854"}],"curies":[{"name":"wp","href":"https:\/\/api.w.org\/{rel}","templated":true}]}}