{"id":3858,"date":"2022-02-02T22:27:58","date_gmt":"2022-02-02T21:27:58","guid":{"rendered":"https:\/\/new.menshen.com\/?page_id=3858"},"modified":"2024-01-16T12:50:20","modified_gmt":"2024-01-16T11:50:20","slug":"hongrie","status":"publish","type":"page","link":"https:\/\/menshen.com\/fr\/hongrie\/","title":{"rendered":"Hongrie"},"content":{"rendered":"\r\n<div id=\"men-block-block_680f6457997f2a3b4fbce0fde2497418\" class=\"container px-0 men-block men-header\">\r\n    <div class=\"row\">\r\n        <div class=\"col\">\r\n            <div class=\"cover\">\r\n                                    <img loading=\"lazy\" decoding=\"async\" width=\"2560\" height=\"1008\" src=\"https:\/\/menshen.com\/wp-content\/uploads\/2021\/09\/HEADER_zugeschnitten_2-scaled.jpg\" class=\"attachment-full size-full\" alt=\"\" srcset=\"https:\/\/menshen.com\/wp-content\/uploads\/2021\/09\/HEADER_zugeschnitten_2-scaled.jpg 2560w, https:\/\/menshen.com\/wp-content\/uploads\/2021\/09\/HEADER_zugeschnitten_2-300x118.jpg 300w, https:\/\/menshen.com\/wp-content\/uploads\/2021\/09\/HEADER_zugeschnitten_2-scaled-600x236.jpg 600w, https:\/\/menshen.com\/wp-content\/uploads\/2021\/09\/HEADER_zugeschnitten_2-1024x403.jpg 1024w, https:\/\/menshen.com\/wp-content\/uploads\/2021\/09\/HEADER_zugeschnitten_2-768x302.jpg 768w, https:\/\/menshen.com\/wp-content\/uploads\/2021\/09\/HEADER_zugeschnitten_2-1536x605.jpg 1536w, https:\/\/menshen.com\/wp-content\/uploads\/2021\/09\/HEADER_zugeschnitten_2-2048x806.jpg 2048w\" sizes=\"auto, (max-width: 2560px) 100vw, 2560px\" \/>                \r\n                <div class=\"layer\" style=\"background-image: url('https:\/\/menshen.com\/wp-content\/themes\/menshen\/assets\/header-layer\/Verlauf_16.svg')\">\r\n                                    <\/div>\r\n            <\/div>\r\n\r\n            <div class=\"text\">\r\n                <h1>\r\n                    <strong>Hongrie<\/strong><br>\r\n                                    <\/h1>\r\n            <\/div>\r\n        <\/div>\r\n    <\/div>\r\n<\/div>\r\n\n\n\n<div style=\"height:80px\" aria-hidden=\"true\" class=\"wp-block-spacer\"><\/div>\n\n\n\n<h2 class=\"wp-block-heading\" id=\"budapest\">Budapest<\/h2>\n\n\n\n<div class=\"inherit-container-width wp-block-group p-4 men-max-w has-background is-layout-constrained wp-block-group-is-layout-constrained\" style=\"background-color:#f8f8f8\"><div class=\"wp-block-group__inner-container\">\n<div class=\"wp-block-columns is-layout-flex wp-container-core-columns-is-layout-28f84493 wp-block-columns-is-layout-flex\">\n<div class=\"wp-block-column is-layout-flow wp-block-column-is-layout-flow\">\n<p><strong>MIKROPAKK<\/strong><\/p>\n\n\n\n<p>J\u00e1szber\u00e9nyi \u00fat 82<br>H-1106 Budapest<br>Fon +36 1 2605521<br>Fax +36 1 2609340<br>mikropakk(at)mikropakk.hu<br>www.mikropakk.hu<\/p>\n\n\n\n<p>Location Salgotarjan:<br>MENSHEN \/ MIKROPAKK<br>Patak ut 12<br>3104 Salgotarjan<\/p>\n<\/div>\n<\/div>\n<\/div><\/div>\n\n\n\n<div style=\"height:60px\" aria-hidden=\"true\" class=\"wp-block-spacer\"><\/div>\n\n\n\n<p><strong>Foundation:<\/strong><\/p>\n\n\n\n<p>1991<\/p>\n\n\n\n<p><strong>Quels produits sont fabriqu\u00e9s&nbsp;:<\/strong><\/p>\n\n\n\n<p>Pi\u00e8ces moul\u00e9es par injection en plastique, principalement pour les segments cosm\u00e9tique, alimentaire, pharmaceutique et \u00e9lectronique. D\u00e9veloppements pour l&rsquo;industrie des a\u00e9rosols.<\/p>\n\n\n\n<ul class=\"wp-block-list\">\n<li>Bouchons pour flacons et tubes pour les industries cosm\u00e9tique, alimentaire et pharmaceutique<\/li>\n\n\n\n<li>Valves a\u00e9rosols et syst\u00e8mes 2k pour l&rsquo;industrie du polyur\u00e9thane<\/li>\n\n\n\n<li>Pi\u00e8ces de pr\u00e9cision pour l&rsquo;industrie \u00e9lectronique<\/li>\n\n\n\n<li>Solutions d&#8217;emballage compl\u00e8tes sur mesure<\/li>\n<\/ul>\n\n\n\n<p><strong>Sp\u00e9cifications\/zones sp\u00e9ciales&nbsp;:<\/strong><\/p>\n\n\n\n<ul class=\"wp-block-list\">\n<li>Cabine salle blanche conforme \u00e0 la classe<\/li>\n\n\n\n<li>Propre d\u00e9partement de recherche et d\u00e9veloppement<\/li>\n\n\n\n<li>Atelier d&rsquo;outillage (r\u00e9paration, maintenance, nettoyage, remise \u00e0 neuf)<\/li>\n\n\n\n<li>Atelier de moulage (plastique unicolore et bicolore moulage par injection plastique couleur, moulage d&rsquo;inserts, prototypage)<\/li>\n\n\n\n<li>Assurance qualit\u00e9 (ISO 9001:2008)<\/li>\n<\/ul>\n","protected":false},"excerpt":{"rendered":"<p>Budapest MIKROPAKK J\u00e1szber\u00e9nyi \u00fat 82H-1106 BudapestFon +36 1 2605521Fax +36 1 2609340mikropakk(at)mikropakk.huwww.mikropakk.hu Location Salgotarjan:MENSHEN \/ MIKROPAKKPatak ut 123104 Salgotarjan Foundation: 1991 Quels produits sont fabriqu\u00e9s&nbsp;: Pi\u00e8ces moul\u00e9es par injection en plastique, principalement pour les segments cosm\u00e9tique, alimentaire, pharmaceutique et \u00e9lectronique. D\u00e9veloppements pour l&rsquo;industrie des a\u00e9rosols. Sp\u00e9cifications\/zones sp\u00e9ciales&nbsp;:<\/p>\n","protected":false},"author":5,"featured_media":0,"parent":0,"menu_order":80,"comment_status":"closed","ping_status":"closed","template":"","meta":{"_acf_changed":false,"inline_featured_image":false,"_uag_custom_page_level_css":"","site-sidebar-layout":"default","site-content-layout":"default","ast-site-content-layout":"default","site-content-style":"default","site-sidebar-style":"default","ast-global-header-display":"","ast-banner-title-visibility":"","ast-main-header-display":"","ast-hfb-above-header-display":"","ast-hfb-below-header-display":"","ast-hfb-mobile-header-display":"","site-post-title":"disabled","ast-breadcrumbs-content":"","ast-featured-img":"disabled","footer-sml-layout":"","ast-disable-related-posts":"","theme-transparent-header-meta":"default","adv-header-id-meta":"","stick-header-meta":"","header-above-stick-meta":"","header-main-stick-meta":"","header-below-stick-meta":"","astra-migrate-meta-layouts":"default","ast-page-background-enabled":"default","ast-page-background-meta":{"desktop":{"background-color":"var(--ast-global-color-4)","background-image":"","background-repeat":"repeat","background-position":"center center","background-size":"auto","background-attachment":"scroll","background-type":"","background-media":"","overlay-type":"","overlay-color":"","overlay-opacity":"","overlay-gradient":""},"tablet":{"background-color":"","background-image":"","background-repeat":"repeat","background-position":"center center","background-size":"auto","background-attachment":"scroll","background-type":"","background-media":"","overlay-type":"","overlay-color":"","overlay-opacity":"","overlay-gradient":""},"mobile":{"background-color":"","background-image":"","background-repeat":"repeat","background-position":"center center","background-size":"auto","background-attachment":"scroll","background-type":"","background-media":"","overlay-type":"","overlay-color":"","overlay-opacity":"","overlay-gradient":""}},"ast-content-background-meta":{"desktop":{"background-color":"var(--ast-global-color-5)","background-image":"","background-repeat":"repeat","background-position":"center center","background-size":"auto","background-attachment":"scroll","background-type":"","background-media":"","overlay-type":"","overlay-color":"","overlay-opacity":"","overlay-gradient":""},"tablet":{"background-color":"var(--ast-global-color-5)","background-image":"","background-repeat":"repeat","background-position":"center center","background-size":"auto","background-attachment":"scroll","background-type":"","background-media":"","overlay-type":"","overlay-color":"","overlay-opacity":"","overlay-gradient":""},"mobile":{"background-color":"var(--ast-global-color-5)","background-image":"","background-repeat":"repeat","background-position":"center center","background-size":"auto","background-attachment":"scroll","background-type":"","background-media":"","overlay-type":"","overlay-color":"","overlay-opacity":"","overlay-gradient":""}},"footnotes":""},"class_list":["post-3858","page","type-page","status-publish","hentry"],"acf":[],"uagb_featured_image_src":{"full":false,"thumbnail":false,"medium":false,"medium_large":false,"large":false,"1536x1536":false,"2048x2048":false,"woocommerce_thumbnail":false,"woocommerce_single":false,"woocommerce_gallery_thumbnail":false},"uagb_author_info":{"display_name":"Menshen","author_link":"https:\/\/menshen.com\/fr\/author\/cnoeh\/"},"uagb_comment_info":0,"uagb_excerpt":"Budapest MIKROPAKK J\u00e1szber\u00e9nyi \u00fat 82H-1106 BudapestFon +36 1 2605521Fax +36 1 2609340mikropakk(at)mikropakk.huwww.mikropakk.hu Location Salgotarjan:MENSHEN \/ MIKROPAKKPatak ut 123104 Salgotarjan Foundation: 1991 Quels produits sont fabriqu\u00e9s&nbsp;: Pi\u00e8ces moul\u00e9es par injection en plastique, principalement pour les segments cosm\u00e9tique, alimentaire, pharmaceutique et \u00e9lectronique. D\u00e9veloppements pour l&rsquo;industrie des a\u00e9rosols. Sp\u00e9cifications\/zones sp\u00e9ciales&nbsp;:","_links":{"self":[{"href":"https:\/\/menshen.com\/fr\/wp-json\/wp\/v2\/pages\/3858","targetHints":{"allow":["GET"]}}],"collection":[{"href":"https:\/\/menshen.com\/fr\/wp-json\/wp\/v2\/pages"}],"about":[{"href":"https:\/\/menshen.com\/fr\/wp-json\/wp\/v2\/types\/page"}],"author":[{"embeddable":true,"href":"https:\/\/menshen.com\/fr\/wp-json\/wp\/v2\/users\/5"}],"replies":[{"embeddable":true,"href":"https:\/\/menshen.com\/fr\/wp-json\/wp\/v2\/comments?post=3858"}],"version-history":[{"count":3,"href":"https:\/\/menshen.com\/fr\/wp-json\/wp\/v2\/pages\/3858\/revisions"}],"predecessor-version":[{"id":6509,"href":"https:\/\/menshen.com\/fr\/wp-json\/wp\/v2\/pages\/3858\/revisions\/6509"}],"wp:attachment":[{"href":"https:\/\/menshen.com\/fr\/wp-json\/wp\/v2\/media?parent=3858"}],"curies":[{"name":"wp","href":"https:\/\/api.w.org\/{rel}","templated":true}]}}