{"id":3860,"date":"2021-09-15T17:37:47","date_gmt":"2021-09-15T15:37:47","guid":{"rendered":"https:\/\/new.menshen.com\/?page_id=3860"},"modified":"2024-01-16T12:50:20","modified_gmt":"2024-01-16T11:50:20","slug":"mexique","status":"publish","type":"page","link":"https:\/\/menshen.com\/fr\/mexique\/","title":{"rendered":"Mexique"},"content":{"rendered":"\r\n<div id=\"men-block-block_98c35b3b2e3bf521fcf574017887e1e7\" class=\"container px-0 men-block men-header\">\r\n    <div class=\"row\">\r\n        <div class=\"col\">\r\n            <div class=\"cover\">\r\n                                    <img loading=\"lazy\" decoding=\"async\" width=\"2560\" height=\"1008\" src=\"https:\/\/menshen.com\/wp-content\/uploads\/2024\/01\/menshen-header-world-map-locations-2024-01-1.jpg\" class=\"attachment-full size-full\" alt=\"\" srcset=\"https:\/\/menshen.com\/wp-content\/uploads\/2024\/01\/menshen-header-world-map-locations-2024-01-1.jpg 2560w, https:\/\/menshen.com\/wp-content\/uploads\/2024\/01\/menshen-header-world-map-locations-2024-01-1-300x118.jpg 300w, https:\/\/menshen.com\/wp-content\/uploads\/2024\/01\/menshen-header-world-map-locations-2024-01-1-1024x403.jpg 1024w, https:\/\/menshen.com\/wp-content\/uploads\/2024\/01\/menshen-header-world-map-locations-2024-01-1-768x302.jpg 768w, https:\/\/menshen.com\/wp-content\/uploads\/2024\/01\/menshen-header-world-map-locations-2024-01-1-1536x605.jpg 1536w, https:\/\/menshen.com\/wp-content\/uploads\/2024\/01\/menshen-header-world-map-locations-2024-01-1-2048x806.jpg 2048w, https:\/\/menshen.com\/wp-content\/uploads\/2024\/01\/menshen-header-world-map-locations-2024-01-1-600x236.jpg 600w\" sizes=\"auto, (max-width: 2560px) 100vw, 2560px\" \/>                \r\n                <div class=\"layer\" style=\"background-image: url('https:\/\/menshen.com\/wp-content\/themes\/menshen\/assets\/header-layer\/Verlauf_14.svg')\">\r\n                                    <\/div>\r\n            <\/div>\r\n\r\n            <div class=\"text\">\r\n                <h1>\r\n                    <strong>Mexique<\/strong><br>\r\n                                    <\/h1>\r\n            <\/div>\r\n        <\/div>\r\n    <\/div>\r\n<\/div>\r\n\n\n\n<div style=\"height:80px\" aria-hidden=\"true\" class=\"wp-block-spacer\"><\/div>\n\n\n\n<h2 class=\"wp-block-heading\" id=\"toluca\">Toluca<\/h2>\n\n\n\n<div class=\"wp-block-group p-4 men-max-w has-background is-layout-flow wp-block-group-is-layout-flow\" style=\"background-color:#f8f8f8\"><div class=\"wp-block-group__inner-container\">\n<div class=\"wp-block-columns is-layout-flex wp-container-core-columns-is-layout-28f84493 wp-block-columns-is-layout-flex\">\n<div class=\"wp-block-column is-layout-flow wp-block-column-is-layout-flow\">\n<p><strong>Location M\u00e9xico\/LATAM<\/strong><\/p>\n\n\n\n<p>MENSHEN Mexicana, S. de C.V. de R.L.<\/p>\n\n\n\n<p><br>Parque Industrial Exportec<br>Circuito Ernesto Monroy C\u00e1rdenas, 109<br>Municipio de Toluca, Estado de M\u00e9xico<br>Fon +52 722 2734782<br>Fax +52 722 2734783<br>contact(at)menshenmex.com<br>www.menshen.com<\/p>\n<\/div>\n<\/div>\n<\/div><\/div>\n\n\n\n<div style=\"height:60px\" aria-hidden=\"true\" class=\"wp-block-spacer\"><\/div>\n\n\n\n<figure class=\"wp-block-video\"><video controls poster=\"https:\/\/new.menshen.com\/wp-content\/uploads\/2021\/09\/Standorte_Mexiko.jpg\" src=\"https:\/\/cdn.menshen-virtual-open-campus.com\/video\/Menshen_Selfies_Mexico_v02.mp4\"><\/video><\/figure>\n\n\n\n<p><strong>Foundation:<\/strong><\/p>\n\n\n\n<p>1998<\/p>\n\n\n\n<p><strong>Quels produits sont fabriqu\u00e9s&nbsp;:<\/strong><\/p>\n\n\n\n<p>Menshen LATAM est toujours \u00e0 la recherche d&rsquo;innovations sur tous les march\u00e9s et nos meilleurs d\u00e9veloppements concernent les pi\u00e8ces moul\u00e9es par injection en plastique et l&rsquo;assemblage. Nous fabriquons des bouchons pour des secteurs tels que&nbsp;: les cosm\u00e9tiques, les d\u00e9tergents, les produits de nettoyage et de lavage, l&rsquo;alimentation et les boissons , et produits pharmaceutiques.<\/p>\n\n\n\n<ul class=\"wp-block-list\">\n<li>Bouchons (bouchons \u00e0 vis, bouchons doseurs, bouchons push-pull, bouchons flip-top)<\/li>\n\n\n\n<li>Applicateurs \u00e9ponge<\/li>\n\n\n\n<li>Nous sommes pionniers dans la fabrication de becs \u00e0 souder sur les march\u00e9s cosm\u00e9tiques (NaturaSou Br\u00e9sil)<\/li>\n\n\n\n<li>Bec \u00e0 souder d&rsquo;angle, avant et sup\u00e9rieur pour tout type de branches<\/li>\n\n\n\n<li>Bouchon et bec anti-\u00e9touffement pour emballage souple<\/li>\n<\/ul>\n\n\n\n<p>Nous ne vendons pas de casquettes&nbsp;; nous offrons une gamme compl\u00e8te d&rsquo;options pour garantir que vos marques seront toujours dans l&rsquo;esprit du consommateur final.<\/p>\n\n\n\n<p>Exportations actuelles&nbsp;:<\/p>\n\n\n\n<p>Am\u00e9rique centrale\/Pakistan\/Inde\/Am\u00e9rique du Sud\/\u00c9tats-Unis\/Cara\u00efbes<\/p>\n\n\n\n<p><strong>Sp\u00e9cification\/zones sp\u00e9ciales&nbsp;:<\/strong><\/p>\n\n\n\n<ul class=\"wp-block-list\">\n<li>Salle blanche de 850&nbsp;m\u00b2<\/li>\n\n\n\n<li>Propre d\u00e9partement de recherche et d\u00e9veloppement<\/li>\n\n\n\n<li>Atelier de moulage (r\u00e9paration, maintenance et inspection, nettoyage)<\/li>\n\n\n\n<li>Assurance qualit\u00e9 \u00e0 toutes les \u00e9tapes de d\u00e9veloppement et de production<\/li>\n\n\n\n<li>Logistique performante<\/li>\n\n\n\n<li>Centre de comp\u00e9tences pour les machines sp\u00e9ciales et le montage<\/li>\n<\/ul>\n","protected":false},"excerpt":{"rendered":"<p>Toluca Location M\u00e9xico\/LATAM MENSHEN Mexicana, S. de C.V. de R.L. Parque Industrial ExportecCircuito Ernesto Monroy C\u00e1rdenas, 109Municipio de Toluca, Estado de M\u00e9xicoFon +52 722 2734782Fax +52 722 2734783contact(at)menshenmex.comwww.menshen.com Foundation: 1998 Quels produits sont fabriqu\u00e9s&nbsp;: Menshen LATAM est toujours \u00e0 la recherche d&rsquo;innovations sur tous les march\u00e9s et nos meilleurs d\u00e9veloppements concernent les pi\u00e8ces moul\u00e9es par [&hellip;]<\/p>\n","protected":false},"author":5,"featured_media":0,"parent":0,"menu_order":80,"comment_status":"closed","ping_status":"closed","template":"","meta":{"_acf_changed":false,"inline_featured_image":false,"_uag_custom_page_level_css":"","site-sidebar-layout":"default","site-content-layout":"default","ast-site-content-layout":"default","site-content-style":"default","site-sidebar-style":"default","ast-global-header-display":"","ast-banner-title-visibility":"","ast-main-header-display":"","ast-hfb-above-header-display":"","ast-hfb-below-header-display":"","ast-hfb-mobile-header-display":"","site-post-title":"disabled","ast-breadcrumbs-content":"","ast-featured-img":"disabled","footer-sml-layout":"","ast-disable-related-posts":"","theme-transparent-header-meta":"default","adv-header-id-meta":"","stick-header-meta":"","header-above-stick-meta":"","header-main-stick-meta":"","header-below-stick-meta":"","astra-migrate-meta-layouts":"set","ast-page-background-enabled":"default","ast-page-background-meta":{"desktop":{"background-color":"var(--ast-global-color-4)","background-image":"","background-repeat":"repeat","background-position":"center center","background-size":"auto","background-attachment":"scroll","background-type":"","background-media":"","overlay-type":"","overlay-color":"","overlay-opacity":"","overlay-gradient":""},"tablet":{"background-color":"","background-image":"","background-repeat":"repeat","background-position":"center center","background-size":"auto","background-attachment":"scroll","background-type":"","background-media":"","overlay-type":"","overlay-color":"","overlay-opacity":"","overlay-gradient":""},"mobile":{"background-color":"","background-image":"","background-repeat":"repeat","background-position":"center center","background-size":"auto","background-attachment":"scroll","background-type":"","background-media":"","overlay-type":"","overlay-color":"","overlay-opacity":"","overlay-gradient":""}},"ast-content-background-meta":{"desktop":{"background-color":"var(--ast-global-color-5)","background-image":"","background-repeat":"repeat","background-position":"center center","background-size":"auto","background-attachment":"scroll","background-type":"","background-media":"","overlay-type":"","overlay-color":"","overlay-opacity":"","overlay-gradient":""},"tablet":{"background-color":"var(--ast-global-color-5)","background-image":"","background-repeat":"repeat","background-position":"center center","background-size":"auto","background-attachment":"scroll","background-type":"","background-media":"","overlay-type":"","overlay-color":"","overlay-opacity":"","overlay-gradient":""},"mobile":{"background-color":"var(--ast-global-color-5)","background-image":"","background-repeat":"repeat","background-position":"center center","background-size":"auto","background-attachment":"scroll","background-type":"","background-media":"","overlay-type":"","overlay-color":"","overlay-opacity":"","overlay-gradient":""}},"footnotes":""},"class_list":["post-3860","page","type-page","status-publish","hentry"],"acf":[],"uagb_featured_image_src":{"full":false,"thumbnail":false,"medium":false,"medium_large":false,"large":false,"1536x1536":false,"2048x2048":false,"woocommerce_thumbnail":false,"woocommerce_single":false,"woocommerce_gallery_thumbnail":false},"uagb_author_info":{"display_name":"Menshen","author_link":"https:\/\/menshen.com\/fr\/author\/cnoeh\/"},"uagb_comment_info":0,"uagb_excerpt":"Toluca Location M\u00e9xico\/LATAM MENSHEN Mexicana, S. de C.V. de R.L. Parque Industrial ExportecCircuito Ernesto Monroy C\u00e1rdenas, 109Municipio de Toluca, Estado de M\u00e9xicoFon +52 722 2734782Fax +52 722 2734783contact(at)menshenmex.comwww.menshen.com Foundation: 1998 Quels produits sont fabriqu\u00e9s&nbsp;: Menshen LATAM est toujours \u00e0 la recherche d&rsquo;innovations sur tous les march\u00e9s et nos meilleurs d\u00e9veloppements concernent les pi\u00e8ces moul\u00e9es par\u2026","_links":{"self":[{"href":"https:\/\/menshen.com\/fr\/wp-json\/wp\/v2\/pages\/3860","targetHints":{"allow":["GET"]}}],"collection":[{"href":"https:\/\/menshen.com\/fr\/wp-json\/wp\/v2\/pages"}],"about":[{"href":"https:\/\/menshen.com\/fr\/wp-json\/wp\/v2\/types\/page"}],"author":[{"embeddable":true,"href":"https:\/\/menshen.com\/fr\/wp-json\/wp\/v2\/users\/5"}],"replies":[{"embeddable":true,"href":"https:\/\/menshen.com\/fr\/wp-json\/wp\/v2\/comments?post=3860"}],"version-history":[{"count":4,"href":"https:\/\/menshen.com\/fr\/wp-json\/wp\/v2\/pages\/3860\/revisions"}],"predecessor-version":[{"id":12235,"href":"https:\/\/menshen.com\/fr\/wp-json\/wp\/v2\/pages\/3860\/revisions\/12235"}],"wp:attachment":[{"href":"https:\/\/menshen.com\/fr\/wp-json\/wp\/v2\/media?parent=3860"}],"curies":[{"name":"wp","href":"https:\/\/api.w.org\/{rel}","templated":true}]}}