{"id":3865,"date":"2021-09-15T17:34:51","date_gmt":"2021-09-15T15:34:51","guid":{"rendered":"https:\/\/new.menshen.com\/?page_id=3865"},"modified":"2024-01-16T12:50:20","modified_gmt":"2024-01-16T11:50:20","slug":"royaume-uni","status":"publish","type":"page","link":"https:\/\/menshen.com\/fr\/royaume-uni\/","title":{"rendered":"Royaume-Uni"},"content":{"rendered":"\r\n<div id=\"men-block-block_b191b2805177e3a92a84152b81438922\" class=\"container px-0 men-block men-header\">\r\n    <div class=\"row\">\r\n        <div class=\"col\">\r\n            <div class=\"cover\">\r\n                                    <img loading=\"lazy\" decoding=\"async\" width=\"2560\" height=\"1008\" src=\"https:\/\/menshen.com\/wp-content\/uploads\/2024\/01\/menshen-header-world-map-locations-2024-01-1.jpg\" class=\"attachment-full size-full\" alt=\"\" srcset=\"https:\/\/menshen.com\/wp-content\/uploads\/2024\/01\/menshen-header-world-map-locations-2024-01-1.jpg 2560w, https:\/\/menshen.com\/wp-content\/uploads\/2024\/01\/menshen-header-world-map-locations-2024-01-1-300x118.jpg 300w, https:\/\/menshen.com\/wp-content\/uploads\/2024\/01\/menshen-header-world-map-locations-2024-01-1-1024x403.jpg 1024w, https:\/\/menshen.com\/wp-content\/uploads\/2024\/01\/menshen-header-world-map-locations-2024-01-1-768x302.jpg 768w, https:\/\/menshen.com\/wp-content\/uploads\/2024\/01\/menshen-header-world-map-locations-2024-01-1-1536x605.jpg 1536w, https:\/\/menshen.com\/wp-content\/uploads\/2024\/01\/menshen-header-world-map-locations-2024-01-1-2048x806.jpg 2048w, https:\/\/menshen.com\/wp-content\/uploads\/2024\/01\/menshen-header-world-map-locations-2024-01-1-600x236.jpg 600w\" sizes=\"auto, (max-width: 2560px) 100vw, 2560px\" \/>                \r\n                <div class=\"layer\" style=\"background-image: url('https:\/\/menshen.com\/wp-content\/themes\/menshen\/assets\/header-layer\/Verlauf_16.svg')\">\r\n                                    <\/div>\r\n            <\/div>\r\n\r\n            <div class=\"text\">\r\n                <h1>\r\n                    <strong>Royaume-Uni<\/strong><br>\r\n                                    <\/h1>\r\n            <\/div>\r\n        <\/div>\r\n    <\/div>\r\n<\/div>\r\n\n\n\n<div style=\"height:80px\" aria-hidden=\"true\" class=\"wp-block-spacer\"><\/div>\n\n\n\n<h2 class=\"wp-block-heading\" id=\"cardiff\">Cardiff<\/h2>\n\n\n\n<div class=\"inherit-container-width wp-block-group p-4 men-max-w has-background is-layout-constrained wp-block-group-is-layout-constrained\" style=\"background-color:#f8f8f8\"><div class=\"wp-block-group__inner-container\">\n<div class=\"wp-block-columns is-layout-flex wp-container-core-columns-is-layout-28f84493 wp-block-columns-is-layout-flex\">\n<div class=\"wp-block-column is-layout-flow wp-block-column-is-layout-flow\">\n<p><strong>MENSHEN Packaging UK Ltd.<\/strong><\/p>\n\n\n\n<p>Tec Marina<br>Terra Nova Way<br>Penarth<br>CF64 1SA<br>United Kingdom<br>Fon +44 2920 473147<br><a href=\"mailto:sales@menshen.co.uk\">sales@menshen.co.uk<\/a><br><a href=\"https:\/\/menshen.co.uk\/\" target=\"_blank\" rel=\"noreferrer noopener nofollow\">menshen.co.uk<\/a><\/p>\n<\/div>\n<\/div>\n<\/div><\/div>\n\n\n\n<div style=\"height:60px\" aria-hidden=\"true\" class=\"wp-block-spacer\"><\/div>\n\n\n\n<p>Georg MENSHEN GmbH &amp; amp; Co. KG a form\u00e9 un partenariat au Royaume-Uni au d\u00e9but des ann\u00e9es 90 pour fournir des fermetures.&amp;nbsp; Apr\u00e8s de nombreuses ann\u00e9es de croissance r\u00e9ussie sur le march\u00e9 britannique de l&#8217;emballage au Pays de Galles, en Angleterre, en \u00c9cosse et en Irlande&nbsp;; il a ensuite cr\u00e9\u00e9 sa propre division commerciale en 2006, Menshen Packaging UK Ltd.<\/p>\n\n\n\n<p>Avec des entrep\u00f4ts pour stocker les marchandises au Royaume-Uni, nous pouvons soutenir et fournir des solutions flexibles si n\u00e9cessaire pour nos clients.&amp;nbsp; Qu&rsquo;il s&rsquo;agisse d&rsquo;une grande organisation ou d&rsquo;une start-up, nous avons les connaissances et les comp\u00e9tences n\u00e9cessaires pour comprendre votre vision et concr\u00e9tiser le concept.<\/p>\n\n\n\n<p>Pour tous ceux qui nous contactent, notre objectif est de fournir une exp\u00e9rience personnalis\u00e9e, professionnelle et utile &#8211; nous sommes impatients de travailler avec vous&nbsp;!<\/p>\n\n\n\n<p>Nos repr\u00e9sentants peuvent r\u00e9pondre aux demandes de renseignements, \u00e0 l&rsquo;approvisionnement et \u00e0 l&rsquo;assistance dans&nbsp;:<\/p>\n\n\n\n<ul class=\"wp-block-list\">\n<li>Capsules standard<\/li>\n\n\n\n<li>Capsules chimiques<\/li>\n\n\n\n<li>Bouches \u00e0 souder (fermetures de sachets)<\/li>\n\n\n\n<li>Applicateurs \u00e9ponge &amp; Capsules<\/li>\n\n\n\n<li>Capsules de Caf\u00e9<\/li>\n\n\n\n<li>Dosage Mesur\u00e9<\/li>\n\n\n\n<li>Outillage \/ NPD \/ Qualit\u00e9<\/li>\n<\/ul>\n\n\n\n<p><strong>Contact:<\/strong><\/p>\n\n\n\n<p>Richard Price<br>Soraya Mosaid<\/p>\n\n\n\n<p><strong>Foundation:<\/strong><\/p>\n\n\n\n<p>1992<\/p>\n","protected":false},"excerpt":{"rendered":"<p>Cardiff MENSHEN Packaging UK Ltd. Tec MarinaTerra Nova WayPenarthCF64 1SAUnited KingdomFon +44 2920 473147sales@menshen.co.ukmenshen.co.uk Georg MENSHEN GmbH &amp; amp; Co. KG a form\u00e9 un partenariat au Royaume-Uni au d\u00e9but des ann\u00e9es 90 pour fournir des fermetures.&amp;nbsp; Apr\u00e8s de nombreuses ann\u00e9es de croissance r\u00e9ussie sur le march\u00e9 britannique de l&#8217;emballage au Pays de Galles, en Angleterre, [&hellip;]<\/p>\n","protected":false},"author":5,"featured_media":0,"parent":0,"menu_order":80,"comment_status":"closed","ping_status":"closed","template":"","meta":{"_acf_changed":false,"inline_featured_image":false,"_uag_custom_page_level_css":"","site-sidebar-layout":"default","site-content-layout":"default","ast-site-content-layout":"default","site-content-style":"default","site-sidebar-style":"default","ast-global-header-display":"","ast-banner-title-visibility":"","ast-main-header-display":"","ast-hfb-above-header-display":"","ast-hfb-below-header-display":"","ast-hfb-mobile-header-display":"","site-post-title":"disabled","ast-breadcrumbs-content":"","ast-featured-img":"disabled","footer-sml-layout":"","ast-disable-related-posts":"","theme-transparent-header-meta":"default","adv-header-id-meta":"","stick-header-meta":"","header-above-stick-meta":"","header-main-stick-meta":"","header-below-stick-meta":"","astra-migrate-meta-layouts":"set","ast-page-background-enabled":"default","ast-page-background-meta":{"desktop":{"background-color":"var(--ast-global-color-4)","background-image":"","background-repeat":"repeat","background-position":"center center","background-size":"auto","background-attachment":"scroll","background-type":"","background-media":"","overlay-type":"","overlay-color":"","overlay-opacity":"","overlay-gradient":""},"tablet":{"background-color":"","background-image":"","background-repeat":"repeat","background-position":"center center","background-size":"auto","background-attachment":"scroll","background-type":"","background-media":"","overlay-type":"","overlay-color":"","overlay-opacity":"","overlay-gradient":""},"mobile":{"background-color":"","background-image":"","background-repeat":"repeat","background-position":"center center","background-size":"auto","background-attachment":"scroll","background-type":"","background-media":"","overlay-type":"","overlay-color":"","overlay-opacity":"","overlay-gradient":""}},"ast-content-background-meta":{"desktop":{"background-color":"var(--ast-global-color-5)","background-image":"","background-repeat":"repeat","background-position":"center center","background-size":"auto","background-attachment":"scroll","background-type":"","background-media":"","overlay-type":"","overlay-color":"","overlay-opacity":"","overlay-gradient":""},"tablet":{"background-color":"var(--ast-global-color-5)","background-image":"","background-repeat":"repeat","background-position":"center center","background-size":"auto","background-attachment":"scroll","background-type":"","background-media":"","overlay-type":"","overlay-color":"","overlay-opacity":"","overlay-gradient":""},"mobile":{"background-color":"var(--ast-global-color-5)","background-image":"","background-repeat":"repeat","background-position":"center center","background-size":"auto","background-attachment":"scroll","background-type":"","background-media":"","overlay-type":"","overlay-color":"","overlay-opacity":"","overlay-gradient":""}},"footnotes":""},"class_list":["post-3865","page","type-page","status-publish","hentry"],"acf":[],"uagb_featured_image_src":{"full":false,"thumbnail":false,"medium":false,"medium_large":false,"large":false,"1536x1536":false,"2048x2048":false,"woocommerce_thumbnail":false,"woocommerce_single":false,"woocommerce_gallery_thumbnail":false},"uagb_author_info":{"display_name":"Menshen","author_link":"https:\/\/menshen.com\/fr\/author\/cnoeh\/"},"uagb_comment_info":0,"uagb_excerpt":"Cardiff MENSHEN Packaging UK Ltd. Tec MarinaTerra Nova WayPenarthCF64 1SAUnited KingdomFon +44 2920 473147sales@menshen.co.ukmenshen.co.uk Georg MENSHEN GmbH &amp; amp; Co. KG a form\u00e9 un partenariat au Royaume-Uni au d\u00e9but des ann\u00e9es 90 pour fournir des fermetures.&amp;nbsp; Apr\u00e8s de nombreuses ann\u00e9es de croissance r\u00e9ussie sur le march\u00e9 britannique de l&#8217;emballage au Pays de Galles, en Angleterre,\u2026","_links":{"self":[{"href":"https:\/\/menshen.com\/fr\/wp-json\/wp\/v2\/pages\/3865","targetHints":{"allow":["GET"]}}],"collection":[{"href":"https:\/\/menshen.com\/fr\/wp-json\/wp\/v2\/pages"}],"about":[{"href":"https:\/\/menshen.com\/fr\/wp-json\/wp\/v2\/types\/page"}],"author":[{"embeddable":true,"href":"https:\/\/menshen.com\/fr\/wp-json\/wp\/v2\/users\/5"}],"replies":[{"embeddable":true,"href":"https:\/\/menshen.com\/fr\/wp-json\/wp\/v2\/comments?post=3865"}],"version-history":[{"count":7,"href":"https:\/\/menshen.com\/fr\/wp-json\/wp\/v2\/pages\/3865\/revisions"}],"predecessor-version":[{"id":12184,"href":"https:\/\/menshen.com\/fr\/wp-json\/wp\/v2\/pages\/3865\/revisions\/12184"}],"wp:attachment":[{"href":"https:\/\/menshen.com\/fr\/wp-json\/wp\/v2\/media?parent=3865"}],"curies":[{"name":"wp","href":"https:\/\/api.w.org\/{rel}","templated":true}]}}